{"id":169,"date":"2022-08-29T11:51:01","date_gmt":"2022-08-29T10:51:01","guid":{"rendered":"http:\/\/loudgrandma.com\/nas-pruvodce-online-seznamovanim-ktere-aplikace-vyzkouset-jako-prvni\/"},"modified":"2022-08-29T11:51:01","modified_gmt":"2022-08-29T10:51:01","slug":"nas-pruvodce-online-seznamovanim-ktere-aplikace-vyzkouset-jako-prvni","status":"publish","type":"page","link":"http:\/\/loudgrandma.com\/cs\/","title":{"rendered":"N\u00e1\u0161 pr\u016fvodce online seznamov\u00e1n\u00edm: Kter\u00e9 aplikace vyzkou\u0161et jako prvn\u00ed"},"content":{"rendered":"<p>Online seznamky jsou tu, aby z\u016fstaly. Jsou nyn\u00ed sou\u010d\u00e1st\u00ed na\u0161ich ka\u017edodenn\u00edch \u017eivot\u016f, a\u0165 se n\u00e1m to l\u00edb\u00ed nebo ne. A zat\u00edmco existuje spousta placen\u00fdch mo\u017enost\u00ed, mnoho lid\u00ed st\u00e1le d\u00e1v\u00e1 p\u0159ednost tomu, aby se dr\u017eeli bezplatn\u00fdch. S ohledem na to jsme sestavili seznam n\u011bkter\u00fdch z nejlep\u0161\u00edch bezplatn\u00fdch seznamovac\u00edch aplikac\u00ed a web\u016f v okol\u00ed. Sna\u017eili jsme se, aby v\u011bci byly jednoduch\u00e9 &#8211; \u017e\u00e1dn\u00e9 triky, jen skv\u011bl\u00e9 funkce a solidn\u00ed matchmaking. Tak\u017ee bez dal\u0161\u00edch okolk\u016f je zde dev\u011bt nejlep\u0161\u00edch bezplatn\u00fdch seznamovac\u00edch web\u016f a aplikac\u00ed roku 2022.<\/p>\n<p>D\u011bl\u00e1me recenze na to, kter\u00e9 z nich jsou nejlep\u0161\u00ed a kter\u00e9 by lid\u00e9 m\u011bli vyzkou\u0161et v roce 2022. Pokud se v\u00e1m l\u00edb\u00ed n\u011bkter\u00fd z na\u0161eho seznamu, zkuste je pros\u00edm a dejte n\u00e1m v\u011bd\u011bt, jak se v\u00e1m da\u0159\u00ed.<\/p>\n<p><img loading=\"lazy\" class=\"aligncenter size-large wp-image-48\" src=\"http:\/\/loudgrandma.com\/wp-content\/uploads\/2022\/08\/dating-sea-1024x683.jpeg\" alt=\"\" width=\"1024\" height=\"683\" srcset=\"http:\/\/loudgrandma.com\/wp-content\/uploads\/2022\/08\/dating-sea-1024x683.jpeg 1024w, http:\/\/loudgrandma.com\/wp-content\/uploads\/2022\/08\/dating-sea-300x200.jpeg 300w, http:\/\/loudgrandma.com\/wp-content\/uploads\/2022\/08\/dating-sea-768x512.jpeg 768w, http:\/\/loudgrandma.com\/wp-content\/uploads\/2022\/08\/dating-sea.jpeg 1125w\" sizes=\"(max-width: 1024px) 100vw, 1024px\" \/><\/p>\n<h2>Bumble &#8211; Je to opravdu nejlep\u0161\u00ed pro \u017eeny?<\/h2>\n<p>S v\u00edce ne\u017e 50 miliony \u010dlen\u016f po cel\u00e9m sv\u011bt\u011b je Bumble jednou z nejpopul\u00e1rn\u011bj\u0161\u00edch online seznamovac\u00edch aplikac\u00ed. Ve skute\u010dnosti, podle Business Insider, Bumble je nejrychleji rostouc\u00ed aplikace mezi \u017eenami ve v\u011bku 18-34 let. A zat\u00edmco mnoho lid\u00ed je obezn\u00e1meno s Tinderem, dal\u0161\u00ed nesm\u00edrn\u011b \u00fasp\u011b\u0161nou seznamovac\u00ed aplikac\u00ed, Bumble je ve skute\u010dnosti star\u0161\u00ed. Bumble, kter\u00fd byl spu\u0161t\u011bn v roce 2012, za\u010dal \u017eivot jako spinoff OKCupid &#8211; seznamovac\u00ed aplikace zalo\u017een\u00e1 v roce 2004. Na rozd\u00edl od OKCupid se v\u0161ak Bumble zam\u011b\u0159uje v\u00fdhradn\u011b na \u017eensk\u00e9 u\u017eivatele.<\/p>\n<h3>Jak si stoj\u00ed v porovn\u00e1n\u00ed s ostatn\u00edmi?<\/h3>\n<p>Aplikace funguje podobn\u011b jako Tinder. U\u017eivatel\u00e9 pot\u00e1hnou prstem doprava, pokud se cht\u011bj\u00ed &#8222;shodovat&#8220;, a p\u0159ejedou doleva, pokud ne. Pokud oba p\u0159ejedete prstem doprava, uvid\u00edte profil toho druh\u00e9ho. Odtud m\u016f\u017eete poslat textovou zpr\u00e1vu, chat nebo po\u017e\u00e1dat o setk\u00e1n\u00ed.<\/p>\n<p>Na rozd\u00edl od Tinderu, kde jsou mu\u017ei povinni platit za zobrazen\u00ed profilu \u017eeny, Bumble je zcela zdarma. Za registraci nebo proch\u00e1zen\u00ed profil\u016f se neplat\u00ed \u017e\u00e1dn\u00e9 poplatky. D\u00edky tomu je obzvl\u00e1\u0161t\u011b atraktivn\u00ed pro mlad\u0161\u00ed generace, kter\u00e9 se \u010dasto c\u00edt\u00ed pod tlakem, aby platily za v\u011bci, kter\u00e9 se jim l\u00edb\u00ed.<\/p>\n<p>\u00dasp\u011bch Bumble spo\u010d\u00edv\u00e1 v tom, jak snadn\u00e9 je jeho pou\u017eit\u00ed. Na rozd\u00edl od Tinderu, kde jste nuceni \u010dekat, a\u017e v\u00e1m n\u011bkdo po\u0161le zpr\u00e1vu, Bumble v\u00e1m umo\u017en\u00ed okam\u017eit\u011b zah\u00e1jit konverzaci. Tak\u00e9 na rozd\u00edl od Tinderu, Bumble nevy\u017eaduje, abyste odhalili sv\u00e9 skute\u010dn\u00e9 jm\u00e9no. M\u00edsto toho si m\u016f\u017eete jednodu\u0161e vybrat p\u0159ezd\u00edvku, kter\u00e1 v\u00e1s bude reprezentovat.<\/p>\n<h3>Kompatibilita?<\/h3>\n<p>Zat\u00edmco Bumble je neuv\u011b\u0159iteln\u011b pohodln\u00fd, p\u0159ich\u00e1z\u00ed s ur\u010dit\u00fdmi omezen\u00edmi. Za prv\u00e9, aplikace je kompatibiln\u00ed pouze se za\u0159\u00edzen\u00edmi iOS. Podpora Androidu v\u0161ak brzy p\u0159ijde. Za druh\u00e9, Bumble vy\u017eaduje \u00fa\u010det na Facebooku pro p\u0159ihl\u00e1\u0161en\u00ed. Za t\u0159et\u00ed, nem\u016f\u017eete komunikovat s nik\u00fdm mimo va\u0161i m\u00edstn\u00ed oblast. A kone\u010dn\u011b, abyste mohli aplikaci pou\u017e\u00edvat, mus\u00edte b\u00fdt star\u0161\u00ed 21 let.<\/p>\n<h2>Match.com &#8211; Jeden z nejv\u011bt\u0161\u00edch na sv\u011bt\u011b<\/h2>\n<p>Match je jedn\u00edm z nejpopul\u00e1rn\u011bj\u0161\u00edch online seznamovac\u00edch web\u016f. S v\u00edce ne\u017e 30 miliony \u010dlen\u016f po cel\u00e9m sv\u011bt\u011b nen\u00ed divu, pro\u010d. Nicm\u00e9n\u011b, zat\u00edmco Match nab\u00edz\u00ed n\u011bkter\u00e9 skv\u011bl\u00e9 funkce, jako je \u017eiv\u00fd videochat a zas\u00edl\u00e1n\u00ed zpr\u00e1v, existuj\u00ed n\u011bkter\u00e9 v\u011bci o webu, d\u00edky nim\u017e je m\u00e9n\u011b ne\u017e ide\u00e1ln\u00ed pro p\u0159\u00edle\u017eitostn\u00e9 datov\u00e1n\u00ed. Zde je p\u011bt d\u016fvod\u016f, pro\u010d Match nen\u00ed perfektn\u00ed z\u00e1pas pro ka\u017ed\u00e9ho jednotliv\u00e9ho \u010dlov\u011bka.<\/p>\n<h3>Existuje mnoho poplatk\u016f<\/h3>\n<p>Pokud se rozhodnete p\u0159ipojit k Match, budete se muset zaregistrovat k placen\u00e9mu \u010dlenstv\u00ed. Pokud nechcete utr\u00e1cet pen\u00edze, budete muset po\u010dkat t\u0159i dny, ne\u017e si slu\u017ebu vyzkou\u0161\u00edte, ani\u017e byste museli cokoli platit. Pot\u00e9 si v\u0161ak budete muset vybrat mezi m\u011bs\u00ed\u010dn\u00edm p\u0159edplatn\u00fdm ($ 9.99), ro\u010dn\u00edm p\u0159edplatn\u00fdm ($ 19.99 za m\u011bs\u00edc) nebo celo\u017eivotn\u00edm p\u0159edplatn\u00fdm ($ 59.99).<\/p>\n<h3>M\u016f\u017eete vyhled\u00e1vat pouze lidi ve va\u0161\u00ed zemi<\/h3>\n<p>Kdy\u017e se p\u0159ihl\u00e1s\u00edte do aplikace Match, zobraz\u00ed se v\u00e1m mapa, ve kter\u00e9 m\u016f\u017eete vybrat zem\u011b, ve kter\u00fdch chcete vyhled\u00e1vat. To funguje docela dob\u0159e, a\u017e na to, \u017ee v\u00e1m neumo\u017e\u0148uje vyhled\u00e1vat mimo Spojen\u00e9 st\u00e1ty. Pokud hled\u00e1te l\u00e1sku v zahrani\u010d\u00ed, mo\u017en\u00e1 budete cht\u00edt zv\u00e1\u017eit jinou mo\u017enost.<\/p>\n<h3>Za kontaktov\u00e1n\u00ed n\u011bkoho jin\u00e9ho mus\u00edte zaplatit<\/h3>\n<p>I kdy\u017e m\u016f\u017eete pomoc\u00ed funkce zas\u00edl\u00e1n\u00ed zpr\u00e1v na webu pos\u00edlat zpr\u00e1vy lidem, se kter\u00fdmi jste se spojili, nebudete moci zah\u00e1jit konverzaci, pokud nezaplat\u00edte 4,95 USD m\u011bs\u00ed\u010dn\u011b. Zat\u00edmco tento poplatek je mnohem levn\u011bj\u0161\u00ed ne\u017e to, co \u00fa\u010dtuj\u00ed jin\u00e9 seznamovac\u00ed str\u00e1nky, je t\u011b\u017e\u0161\u00ed zah\u00e1jit smyslupln\u00e9 konverzace s potenci\u00e1ln\u00edmi shodami.<\/p>\n<h2>OKCupid &#8211; Nyn\u00ed zdarma!<\/h2>\n<p>Sv\u011bt online seznamov\u00e1n\u00ed byl ot\u0159esen, kdy\u017e OKCupid ozn\u00e1mil, \u017ee zm\u011bnil kurz a stane se zcela svobodn\u00fdm. Zat\u00edmco mnoho web\u016f \u00fa\u010dtuje m\u011bs\u00ed\u010dn\u00ed poplatek, OKCupid \u0159\u00edk\u00e1, \u017ee chce v\u0161em poskytnout p\u0159\u00edstup ke sv\u00fdm slu\u017eb\u00e1m. Jakmile je v\u00e1\u0161 profil nastaven na OKCupid, aplikace sleduje u\u017eivatele, jejich\u017e profily se v\u00e1m l\u00edbily, stejn\u011b jako ty, kte\u0159\u00ed se v\u00e1m l\u00edbili. M\u016f\u017eete se tak\u00e9 rozhodnout zobrazit lidi, kte\u0159\u00ed v\u00e1\u0161 profil ozna\u010dili jako To se mi l\u00edb\u00ed, a jakmile tak u\u010din\u00edte, budete moci zobrazit jejich profil a pos\u00edlat jim zpr\u00e1vy.<\/p>\n<p>D\u00edky \u010dist\u00e9mu rozhran\u00ed a snadn\u00e9 navigaci usnad\u0148uje OkCupid hled\u00e1n\u00ed z\u00e1pas\u016f. Profily m\u016f\u017eete proch\u00e1zet na z\u00e1klad\u011b polohy, v\u011bku, stavu vztahu, z\u00e1jm\u016f, kon\u00ed\u010dk\u016f, \u00farovn\u011b vzd\u011bl\u00e1n\u00ed, zam\u011bstn\u00e1n\u00ed, n\u00e1bo\u017eenstv\u00ed, etnick\u00e9ho p\u016fvodu, preferenc\u00ed kou\u0159en\u00ed, typu t\u011bla, v\u00fd\u0161ky, hmotnosti a dokonce i sexu\u00e1ln\u00ed orientace. U\u017eivatel\u00e9 mohou odes\u00edlat zpr\u00e1vy, prohl\u00ed\u017eet fotografie, nastavovat data a chatovat prost\u0159ednictv\u00edm textu nebo videa.<\/p>\n<h3>N\u00e1klady<\/h3>\n<p>S placenou verz\u00ed \u00fa\u010dtuje OKCupid 19 $ m\u011bs\u00ed\u010dn\u011b.<\/p>\n<p>S bezplatnou verz\u00ed to v\u0161ak nebudete moci ud\u011blat. M\u00edsto toho budete omezeni na pos\u00edl\u00e1n\u00ed zpr\u00e1v lidem, kte\u0159\u00ed v\u00e1s u\u017e maj\u00ed r\u00e1di. Pokud hled\u00e1te m\u00edsto, kde se m\u016f\u017eete setkat se spoustou r\u016fzn\u00fdch lid\u00ed a naj\u00edt l\u00e1sku, OKCupid st\u00e1le stoj\u00ed za to se pod\u00edvat. Ale pokud byste se rad\u011bji dr\u017eeli z\u00e1klad\u016f, pod\u00edvejte se na n\u00e1\u0161 seznam nejlep\u0161\u00edch bezplatn\u00fdch seznamovac\u00edch aplikac\u00ed.<\/p>\n<p>Platba v\u00e1m nav\u00edc umo\u017e\u0148uje zjistit, komu se v\u00e1\u0161 profil l\u00edbil, ani\u017e byste museli znovu platit. A pokud jste ochotni utratit dal\u0161\u00edch 9,95 dolar\u016f \/ m\u011bs\u00edc, m\u016f\u017eete se zbavit reklam v aplikaci.<\/p>\n<h2>Facebook Seznamka &#8211; jednoduch\u00e9 pou\u017eit\u00ed<\/h2>\n<p>Nejnov\u011bj\u0161\u00edm p\u0159\u00edr\u016fstkem do arzen\u00e1lu aplikac\u00ed Facebooku je Facebook Dating. Tato bezplatn\u00e1 slu\u017eba v\u00e1m umo\u017e\u0148uje nastavit seznamovac\u00ed profil, kter\u00fd nebude viditeln\u00fd pro nikoho jin\u00e9ho krom\u011b t\u011bch, kte\u0159\u00ed jsou \u010dleny Facebook Dating. M\u016f\u017eete si vybrat, zda chcete sv\u016fj profil nastavit jako ve\u0159ejn\u00fd nebo ho chcete nechat skryt\u00fd. Pokud se rozhodnete ji zve\u0159ejnit, budete moci p\u0159id\u00e1vat fotky, videa, ud\u00e1losti, m\u00edsta a dokonce se pod\u00edvat na profily sv\u00fdch z\u00e1pas\u016f.<\/p>\n<p>Sv\u016fj Facebook \u00fa\u010det m\u016f\u017eete tak\u00e9 pou\u017e\u00edt k automatick\u00e9mu vypl\u0148ov\u00e1n\u00ed informac\u00ed o sv\u00e9m profilu, jako je v\u011bk, pohlav\u00ed, poloha, rodinn\u00fd stav, vzd\u011bl\u00e1n\u00ed, pracovn\u00ed historie, z\u00e1jmy, n\u00e1bo\u017eenstv\u00ed, politick\u00e9 n\u00e1zory a obl\u00edben\u00fd televizn\u00ed po\u0159ad.<\/p>\n<h2>POF &#8211; \u017d\u00e1dn\u00e9 reklamy pro iOS nebo Android!<\/h2>\n<p>Bezplatn\u00e1 online seznamka Plenty Of Fish je jednou z nejpopul\u00e1rn\u011bj\u0161\u00edch mo\u017enost\u00ed, zejm\u00e9na mezi mileni\u00e1ly. Ale zat\u00edmco spousta lid\u00ed se p\u0159ihla\u0161uje ka\u017ed\u00fd den, mnoz\u00ed se nezdr\u017euj\u00ed dostate\u010dn\u011b dlouho, aby na\u0161li l\u00e1sku. Ve skute\u010dnosti, podle nejnov\u011bj\u0161\u00edch \u00fadaj\u016f spole\u010dnosti Statista, je ka\u017ed\u00fd m\u011bs\u00edc aktivn\u00ed jen n\u011bco m\u00e1lo p\u0159es polovinu \u010dlen\u016f POF.<\/p>\n<p>Zat\u00edmco bezplatn\u00e1 verze v\u00e1m umo\u017e\u0148uje prohl\u00ed\u017eet profily a odes\u00edlat zpr\u00e1vy, budete muset zaplatit za mnoho jin\u00e9ho. Pokud chcete vyd\u011blat n\u011bjak\u00e9 pen\u00edze nav\u00edc prost\u0159ednictv\u00edm bo\u010dn\u00edho shonu, Plenty of Fish nab\u00edz\u00ed n\u011bkolik zp\u016fsob\u016f, jak vyd\u011blat pen\u00edze prodejem pr\u00e9miov\u00fdch p\u0159edplatn\u00fdch. M\u016f\u017eete nap\u0159\u00edklad prodat m\u011bs\u00ed\u010dn\u00ed p\u0159edplatn\u00e9 za pouh\u00fdch 10 USD m\u011bs\u00ed\u010dn\u011b nebo si m\u016f\u017eete koupit ro\u010dn\u00ed bal\u00ed\u010dek za 99 USD. Z\u00edsk\u00e1te tak\u00e9 slevy na v\u00edce n\u00e1kup\u016f.<\/p>\n<h1>Co byste m\u011bli d\u011blat?<\/h1>\n<p>Pokud hled\u00e1te l\u00e1sku online, pravd\u011bpodobn\u011b jste sly\u0161eli, \u017ee placen\u00ed za seznamku m\u016f\u017ee usnadnit nalezen\u00ed n\u011bkoho kompatibiln\u00edho. Ale kolik to stoj\u00ed? A co za sv\u00e9 pen\u00edze dostanete? Po\u017e\u00e1dali jsme na\u0161e \u010dten\u00e1\u0159e, aby zv\u00e1\u017eili, zda stoj\u00ed za to zaplatit za seznamovac\u00ed aplikaci nebo web. Zde je to, co museli \u0159\u00edct.<\/p>\n<p>Online seznamov\u00e1n\u00ed by m\u011blo b\u00fdt stejn\u011b jako b\u011b\u017en\u00e9 rand\u011bn\u00ed &#8211; s v\u00fdjimkou nep\u0159\u00edjemnosti, \u017ee mus\u00edte mluvit se skute\u010dn\u00fdmi lidmi tv\u00e1\u0159\u00ed v tv\u00e1\u0159. A podle nov\u00e9ho pr\u016fzkumu si v\u011bt\u0161ina lid\u00ed mysl\u00ed, \u017ee je to pravda. Ve skute\u010dnosti jeden ze \u010dty\u0159 Ameri\u010dan\u016f \u0159\u00edk\u00e1, \u017ee je ochoten randit s n\u011bk\u00fdm, koho potkal online.<\/p>\n","protected":false},"excerpt":{"rendered":"<p>Online seznamky jsou tu, aby z\u016fstaly. Jsou nyn\u00ed sou\u010d\u00e1st\u00ed na\u0161ich ka\u017edodenn\u00edch \u017eivot\u016f, a\u0165 se n\u00e1m to l\u00edb\u00ed nebo ne. A zat\u00edmco existuje spousta placen\u00fdch mo\u017enost\u00ed, &hellip; <\/p>\n","protected":false},"author":1,"featured_media":0,"parent":0,"menu_order":0,"comment_status":"closed","ping_status":"closed","template":"","meta":[],"yoast_head":"<!-- This site is optimized with the Yoast SEO plugin v17.7.1 - https:\/\/yoast.com\/wordpress\/plugins\/seo\/ -->\n<title>N\u00e1\u0161 pr\u016fvodce online seznamov\u00e1n\u00edm: Kter\u00e9 aplikace vyzkou\u0161et jako prvn\u00ed - Loud Hookup Blog<\/title>\n<meta name=\"description\" content=\"Meta Popis\" \/>\n<meta name=\"robots\" content=\"index, follow, max-snippet:-1, max-image-preview:large, max-video-preview:-1\" \/>\n<link rel=\"canonical\" href=\"http:\/\/loudgrandma.com\/cs\/\" \/>\n<meta property=\"og:locale\" content=\"cs_CZ\" \/>\n<meta property=\"og:type\" content=\"article\" \/>\n<meta property=\"og:title\" content=\"N\u00e1\u0161 pr\u016fvodce online seznamov\u00e1n\u00edm: Kter\u00e9 aplikace vyzkou\u0161et jako prvn\u00ed - Loud Hookup Blog\" \/>\n<meta property=\"og:description\" content=\"Meta Popis\" \/>\n<meta property=\"og:url\" content=\"http:\/\/loudgrandma.com\/cs\/\" \/>\n<meta property=\"og:site_name\" content=\"Loud Hookup Blog\" \/>\n<meta property=\"og:image\" content=\"http:\/\/loudgrandma.com\/wp-content\/uploads\/2022\/08\/dating-sea-1024x683.jpeg\" \/>\n<meta name=\"twitter:card\" content=\"summary_large_image\" \/>\n<meta name=\"twitter:label1\" content=\"Odhadovan\u00e1 doba \u010dten\u00ed\" \/>\n\t<meta name=\"twitter:data1\" content=\"8 minut\" \/>\n<script type=\"application\/ld+json\" class=\"yoast-schema-graph\">{\"@context\":\"https:\/\/schema.org\",\"@graph\":[{\"@type\":\"WebSite\",\"@id\":\"https:\/\/loudgrandma.com\/#website\",\"url\":\"https:\/\/loudgrandma.com\/\",\"name\":\"Loud Hookup Blog\",\"description\":\"Finding Dates & More\",\"potentialAction\":[{\"@type\":\"SearchAction\",\"target\":{\"@type\":\"EntryPoint\",\"urlTemplate\":\"https:\/\/loudgrandma.com\/?s={search_term_string}\"},\"query-input\":\"required name=search_term_string\"}],\"inLanguage\":\"cs\"},{\"@type\":\"ImageObject\",\"@id\":\"http:\/\/loudgrandma.com\/cs\/#primaryimage\",\"inLanguage\":\"cs\",\"url\":\"http:\/\/loudgrandma.com\/wp-content\/uploads\/2022\/08\/dating-sea.jpeg\",\"contentUrl\":\"http:\/\/loudgrandma.com\/wp-content\/uploads\/2022\/08\/dating-sea.jpeg\",\"width\":1125,\"height\":750},{\"@type\":\"WebPage\",\"@id\":\"http:\/\/loudgrandma.com\/cs\/#webpage\",\"url\":\"http:\/\/loudgrandma.com\/cs\/\",\"name\":\"N\\u00e1\\u0161 pr\\u016fvodce online seznamov\\u00e1n\\u00edm: Kter\\u00e9 aplikace vyzkou\\u0161et jako prvn\\u00ed - Loud Hookup Blog\",\"isPartOf\":{\"@id\":\"https:\/\/loudgrandma.com\/#website\"},\"primaryImageOfPage\":{\"@id\":\"http:\/\/loudgrandma.com\/cs\/#primaryimage\"},\"datePublished\":\"2022-08-29T10:51:01+00:00\",\"dateModified\":\"2022-08-29T10:51:01+00:00\",\"description\":\"Meta Popis\",\"breadcrumb\":{\"@id\":\"http:\/\/loudgrandma.com\/cs\/#breadcrumb\"},\"inLanguage\":\"cs\",\"potentialAction\":[{\"@type\":\"ReadAction\",\"target\":[\"http:\/\/loudgrandma.com\/cs\/\"]}]},{\"@type\":\"BreadcrumbList\",\"@id\":\"http:\/\/loudgrandma.com\/cs\/#breadcrumb\",\"itemListElement\":[{\"@type\":\"ListItem\",\"position\":1,\"name\":\"Home\",\"item\":\"http:\/\/loudgrandma.com\/cs\/\"},{\"@type\":\"ListItem\",\"position\":2,\"name\":\"N\\u00e1\\u0161 pr\\u016fvodce online seznamov\\u00e1n\\u00edm: Kter\\u00e9 aplikace vyzkou\\u0161et jako prvn\\u00ed\"}]}]}<\/script>\n<!-- \/ Yoast SEO plugin. -->","yoast_head_json":{"title":"N\u00e1\u0161 pr\u016fvodce online seznamov\u00e1n\u00edm: Kter\u00e9 aplikace vyzkou\u0161et jako prvn\u00ed - Loud Hookup Blog","description":"Meta Popis","robots":{"index":"index","follow":"follow","max-snippet":"max-snippet:-1","max-image-preview":"max-image-preview:large","max-video-preview":"max-video-preview:-1"},"canonical":"http:\/\/loudgrandma.com\/cs\/","og_locale":"cs_CZ","og_type":"article","og_title":"N\u00e1\u0161 pr\u016fvodce online seznamov\u00e1n\u00edm: Kter\u00e9 aplikace vyzkou\u0161et jako prvn\u00ed - Loud Hookup Blog","og_description":"Meta Popis","og_url":"http:\/\/loudgrandma.com\/cs\/","og_site_name":"Loud Hookup Blog","og_image":[{"url":"http:\/\/loudgrandma.com\/wp-content\/uploads\/2022\/08\/dating-sea-1024x683.jpeg"}],"twitter_card":"summary_large_image","twitter_misc":{"Odhadovan\u00e1 doba \u010dten\u00ed":"8 minut"},"schema":{"@context":"https:\/\/schema.org","@graph":[{"@type":"WebSite","@id":"https:\/\/loudgrandma.com\/#website","url":"https:\/\/loudgrandma.com\/","name":"Loud Hookup Blog","description":"Finding Dates & More","potentialAction":[{"@type":"SearchAction","target":{"@type":"EntryPoint","urlTemplate":"https:\/\/loudgrandma.com\/?s={search_term_string}"},"query-input":"required name=search_term_string"}],"inLanguage":"cs"},{"@type":"ImageObject","@id":"http:\/\/loudgrandma.com\/cs\/#primaryimage","inLanguage":"cs","url":"http:\/\/loudgrandma.com\/wp-content\/uploads\/2022\/08\/dating-sea.jpeg","contentUrl":"http:\/\/loudgrandma.com\/wp-content\/uploads\/2022\/08\/dating-sea.jpeg","width":1125,"height":750},{"@type":"WebPage","@id":"http:\/\/loudgrandma.com\/cs\/#webpage","url":"http:\/\/loudgrandma.com\/cs\/","name":"N\u00e1\u0161 pr\u016fvodce online seznamov\u00e1n\u00edm: Kter\u00e9 aplikace vyzkou\u0161et jako prvn\u00ed - Loud Hookup Blog","isPartOf":{"@id":"https:\/\/loudgrandma.com\/#website"},"primaryImageOfPage":{"@id":"http:\/\/loudgrandma.com\/cs\/#primaryimage"},"datePublished":"2022-08-29T10:51:01+00:00","dateModified":"2022-08-29T10:51:01+00:00","description":"Meta Popis","breadcrumb":{"@id":"http:\/\/loudgrandma.com\/cs\/#breadcrumb"},"inLanguage":"cs","potentialAction":[{"@type":"ReadAction","target":["http:\/\/loudgrandma.com\/cs\/"]}]},{"@type":"BreadcrumbList","@id":"http:\/\/loudgrandma.com\/cs\/#breadcrumb","itemListElement":[{"@type":"ListItem","position":1,"name":"Home","item":"http:\/\/loudgrandma.com\/cs\/"},{"@type":"ListItem","position":2,"name":"N\u00e1\u0161 pr\u016fvodce online seznamov\u00e1n\u00edm: Kter\u00e9 aplikace vyzkou\u0161et jako prvn\u00ed"}]}]}},"_links":{"self":[{"href":"http:\/\/loudgrandma.com\/cs\/wp-json\/wp\/v2\/pages\/169"}],"collection":[{"href":"http:\/\/loudgrandma.com\/cs\/wp-json\/wp\/v2\/pages"}],"about":[{"href":"http:\/\/loudgrandma.com\/cs\/wp-json\/wp\/v2\/types\/page"}],"author":[{"embeddable":true,"href":"http:\/\/loudgrandma.com\/cs\/wp-json\/wp\/v2\/users\/1"}],"replies":[{"embeddable":true,"href":"http:\/\/loudgrandma.com\/cs\/wp-json\/wp\/v2\/comments?post=169"}],"version-history":[{"count":0,"href":"http:\/\/loudgrandma.com\/cs\/wp-json\/wp\/v2\/pages\/169\/revisions"}],"wp:attachment":[{"href":"http:\/\/loudgrandma.com\/cs\/wp-json\/wp\/v2\/media?parent=169"}],"curies":[{"name":"wp","href":"https:\/\/api.w.org\/{rel}","templated":true}]}}