{"id":170,"date":"2022-08-29T13:38:43","date_gmt":"2022-08-29T12:38:43","guid":{"rendered":"http:\/\/loudgrandma.com\/chyby-ktere-udelate-pri-seznamovani-online\/"},"modified":"2022-08-29T13:38:43","modified_gmt":"2022-08-29T12:38:43","slug":"chyby-ktere-udelate-pri-seznamovani-online","status":"publish","type":"page","link":"http:\/\/loudgrandma.com\/cs\/chyby-ktere-udelate-pri-seznamovani-online\/","title":{"rendered":"Chyby, kter\u00e9 ud\u011bl\u00e1te p\u0159i seznamov\u00e1n\u00ed online"},"content":{"rendered":"<p>Seznamovac\u00ed str\u00e1nky pro dosp\u011bl\u00e9 jsou st\u00e1le popul\u00e1rn\u011bj\u0161\u00ed mezi nezadan\u00fdmi, kte\u0159\u00ed se cht\u011bj\u00ed setkat s n\u011bk\u00fdm zvl\u00e1\u0161tn\u00edm. Ale jen proto, \u017ee seznamovac\u00ed str\u00e1nky pro dosp\u011bl\u00e9 rostou v popularit\u011b, nemus\u00ed nutn\u011b znamenat, \u017ee jsou bezpe\u010dn\u00e9.<\/p>\n<p>Existuje spousta podvod\u016f a fale\u0161n\u00fdch profil\u016f na seznamk\u00e1ch pro dosp\u011bl\u00e9, tak\u017ee je d\u016fle\u017eit\u00e9 d\u016fkladn\u011b prozkoumat ka\u017ed\u00fd profil p\u0159ed osobn\u00edm setk\u00e1n\u00edm. Pod\u00edvejte se na recenze a hodnocen\u00ed od ostatn\u00edch \u010dlen\u016f a v\u017edy ov\u011b\u0159te, zda jsou fotografie skute\u010dn\u00e9. Tak\u00e9 nikdy nepos\u00edlejte pen\u00edze, dokud se nesetk\u00e1te osobn\u011b.<\/p>\n<p>Je tak\u00e9 d\u016fle\u017eit\u00e9 si uv\u011bdomit, \u017ee zat\u00edmco <a href=\"http:\/\/loudgrandma.com\/cs\/jak-najit-lasku-se-seznamovacimi-aplikacemi\/\">seznamovac\u00ed str\u00e1nky pro dosp\u011bl\u00e9<\/a> jsou pohodln\u00e9, nejsou v\u017edy nejbezpe\u010dn\u011bj\u0161\u00ed volbou. Existuj\u00ed rizika, v\u010detn\u011b kr\u00e1de\u017ee identity a podvodu. Tak\u017ee, pokud se rozhodnete p\u0159ipojit k seznamce pro dosp\u011bl\u00e9, bu\u010fte opatrn\u00ed a vyb\u00edrejte moud\u0159e.<\/p>\n<p>P\u0159ipojen\u00ed jsou z\u00e1bavn\u00e1, snadn\u00e1 a rychl\u00e1. Ale nejsou v\u017edy \u00fa\u010dinn\u00e9. Kdy\u017e se to ud\u011bl\u00e1 spr\u00e1vn\u011b, p\u0159ipojen\u00ed m\u016f\u017ee v\u00e9st k dlouhodob\u00fdm vztah\u016fm, ale pokud hled\u00e1te jen rychl\u00fd flirt, pak byste mohli skon\u010dit zklaman\u00ed. Zde je n\u00e1vod, jak se vyhnout b\u011b\u017en\u00fdm chyb\u00e1m a p\u0159ist\u00e1t si hork\u00e9 rande.<\/p>\n<h2>P\u011bt rychl\u00fdch tip\u016f &#8211; \u010ceho se vyhnout<\/h2>\n<p>1. Nesp\u011bchejte do ni\u010deho. P\u0159ipojen\u00ed maj\u00ed b\u00fdt p\u0159\u00edle\u017eitostn\u00e1, tak\u017ee neo\u010dek\u00e1vejte, \u017ee se setk\u00e1te s n\u011bk\u00fdm, kdo se chce usadit po setk\u00e1n\u00ed na n\u011bkolik hodin. M\u00edsto toho se pokuste nastavit data na n\u011bkolik t\u00fddn\u016f nebo m\u011bs\u00edc\u016f.<\/p>\n<p>2. Ujist\u011bte se, \u017ee jste oba pohodln\u00ed. Pokud se chyst\u00e1te na rande naslepo, ujist\u011bte se, \u017ee se c\u00edt\u00edte v bezpe\u010d\u00ed a dostate\u010dn\u011b sebev\u011bdom\u011b, abyste mohli otev\u0159en\u011b mluvit o sexu. Pokud jste nerv\u00f3zn\u00ed, \u0159ekn\u011bte to sv\u00e9mu partnerovi p\u0159edem.<\/p>\n<p>3. Vezm\u011bte v\u011bci pomalu. P\u0159ipojen\u00ed jsou obvykle kr\u00e1tkodob\u00e1, tak\u017ee neo\u010dek\u00e1vejte, \u017ee se vztah vyvine po n\u011bkolika datech. Dejte si navz\u00e1jem prostor, abyste mohli spole\u010dn\u011b r\u016fst.<\/p>\n<p>4. Mluvte d\u00e1l. Jakmile se rozhodnete pokra\u010dovat v p\u0159ipojen\u00ed, nep\u0159est\u00e1vejte komunikovat. Mluvte o sv\u00fdch z\u00e1jmech, kon\u00ed\u010dc\u00edch a c\u00edlech.<\/p>\n<p>5. M\u011bjte realistick\u00e1 o\u010dek\u00e1v\u00e1n\u00ed. P\u0159ipojen\u00ed jsou ur\u010dena pro z\u00e1bavu, ne pro z\u00e1vazek. Tak\u017ee pokud hled\u00e1te skute\u010dn\u00fd vztah, pod\u00edvejte se jinam.<\/p>\n<h2>A co kdy\u017e chcete jen p\u0159\u00edle\u017eitostn\u00fd sex?<\/h2>\n<p>Seznamovac\u00ed str\u00e1nky pro dosp\u011bl\u00e9 jsou st\u00e1le popul\u00e1rn\u011bj\u0161\u00ed mezi nezadan\u00fdmi, kte\u0159\u00ed hledaj\u00ed l\u00e1sku, sex a spole\u010dnost. Tyto typy webov\u00fdch str\u00e1nek nab\u00edzej\u00ed \u010dlen\u016fm p\u0159\u00edle\u017eitost setkat se s ostatn\u00edmi na z\u00e1klad\u011b spole\u010dn\u00fdch z\u00e1jm\u016f a preferenc\u00ed, sp\u00ed\u0161e ne\u017e se spol\u00e9hat pouze na fyzickou p\u0159ita\u017elivost.<\/p>\n<p>Dnes je k dispozici n\u011bkolik r\u016fzn\u00fdch typ\u016f seznamovac\u00edch web\u016f pro dosp\u011bl\u00e9, v\u010detn\u011b specializovan\u00fdch str\u00e1nek, b\u011b\u017en\u00fdch str\u00e1nek a str\u00e1nek pro obecn\u00e9 \u00fa\u010dely. Specializovan\u00e9 str\u00e1nky maj\u00ed tendenci se zam\u011b\u0159ovat na konkr\u00e9tn\u00ed t\u00e9mata, zat\u00edmco hlavn\u00ed str\u00e1nky se staraj\u00ed o \u0161ir\u0161\u00ed \u0161k\u00e1lu demografick\u00fdch \u00fadaj\u016f. Str\u00e1nky pro obecn\u00e9 \u00fa\u010dely jsou obvykle zam\u011b\u0159eny na setk\u00e1n\u00ed s nov\u00fdmi lidmi a hled\u00e1n\u00ed romantiky. Bez ohledu na to, zda si vyberete v\u00fdklenek nebo hlavn\u00ed web, je d\u016fle\u017eit\u00e9 si uv\u011bdomit, \u017ee sout\u011b\u017e\u00edte s ostatn\u00edmi \u010dleny o pozornost. Ujist\u011bte se, \u017ee v\u00e1\u0161 profil vy\u010dn\u00edv\u00e1 z davu a obsahuje fotografie, kter\u00e9 p\u0159esn\u011b reprezentuj\u00ed v\u00e1s. Sna\u017ete se tak\u00e9 vyhnout zve\u0159ej\u0148ov\u00e1n\u00ed osobn\u00edch \u00fadaj\u016f, kter\u00e9 by mohly ohrozit va\u0161i bezpe\u010dnost. Je tak\u00e9 d\u016fle\u017eit\u00e9 zv\u00e1\u017eit typ vztahu, kter\u00fd douf\u00e1te, \u017ee vybudujete s n\u011bk\u00fdm, koho potk\u00e1te na seznamce pro dosp\u011bl\u00e9. N\u011bkter\u00e9 weby umo\u017e\u0148uj\u00ed \u010dlen\u016fm vytv\u00e1\u0159et profily, kter\u00e9 se popisuj\u00ed jako svobodn\u00ed, \u017eenat\u00ed, rozveden\u00ed nebo v z\u00e1vazn\u00e9m vztahu. Jin\u00e9 vy\u017eaduj\u00ed, aby \u010dlenov\u00e9 vybrali kategorii, kter\u00e1 ozna\u010duje jejich aktu\u00e1ln\u00ed stav.<\/p>\n<h2>Bezpe\u010dnost<\/h2>\n<p>Bez ohledu na typ vztahu, kter\u00fd hled\u00e1te, je v\u017edy moudr\u00e9 nastavit o\u010dek\u00e1v\u00e1n\u00ed brzy. Mnoho lid\u00ed se c\u00edt\u00ed nep\u0159\u00edjemn\u011b diskutovat o sv\u00e9m rodinn\u00e9m stavu nebo minul\u00fdch vztaz\u00edch, tak\u017ee je nejlep\u0161\u00ed stanovit z\u00e1kladn\u00ed pravidla p\u0159edem. Pokud m\u00e1te nap\u0159\u00edklad z\u00e1jem o p\u0159\u00edle\u017eitostn\u00e9 p\u0159ipojen\u00ed, m\u016f\u017eete \u0159\u00edci, \u017ee jste otev\u0159eni v\u0161emu krom\u011b dlouhodob\u00fdch z\u00e1vazk\u016f. Chcete-li se chr\u00e1nit, d\u00e1vejte si pozor na zpr\u00e1vy, kter\u00e9 se zdaj\u00ed b\u00fdt p\u0159\u00edli\u0161 dobr\u00e9 na to, aby byly pravdiv\u00e9. Neposkytujte osobn\u00ed \u00fadaje, dokud v\u00e1m to nebude p\u0159\u00edjemn\u00e9, a nikdy nepos\u00edlejte pen\u00edze bankovn\u00edm p\u0159evodem nebo d\u00e1rkov\u00fdmi kartami. M\u00edsto toho pla\u0165te prost\u0159ednictv\u00edm renomovan\u00e9 platebn\u00ed slu\u017eby, jako je PayPal nebo Venmo.<\/p>\n","protected":false},"excerpt":{"rendered":"<p>Seznamovac\u00ed str\u00e1nky pro dosp\u011bl\u00e9 jsou st\u00e1le popul\u00e1rn\u011bj\u0161\u00ed mezi nezadan\u00fdmi, kte\u0159\u00ed se cht\u011bj\u00ed setkat s n\u011bk\u00fdm zvl\u00e1\u0161tn\u00edm. Ale jen proto, \u017ee seznamovac\u00ed str\u00e1nky pro dosp\u011bl\u00e9 rostou &hellip; <\/p>\n","protected":false},"author":1,"featured_media":0,"parent":0,"menu_order":0,"comment_status":"closed","ping_status":"closed","template":"","meta":[],"yoast_head":"<!-- This site is optimized with the Yoast SEO plugin v17.7.1 - https:\/\/yoast.com\/wordpress\/plugins\/seo\/ -->\n<title>Chyby, kter\u00e9 ud\u011bl\u00e1te p\u0159i seznamov\u00e1n\u00ed online - Loud Hookup Blog<\/title>\n<meta name=\"robots\" content=\"index, follow, max-snippet:-1, max-image-preview:large, max-video-preview:-1\" \/>\n<link rel=\"canonical\" href=\"http:\/\/loudgrandma.com\/cs\/chyby-ktere-udelate-pri-seznamovani-online\/\" \/>\n<meta property=\"og:locale\" content=\"cs_CZ\" \/>\n<meta property=\"og:type\" content=\"article\" \/>\n<meta property=\"og:title\" content=\"Chyby, kter\u00e9 ud\u011bl\u00e1te p\u0159i seznamov\u00e1n\u00ed online - Loud Hookup Blog\" \/>\n<meta property=\"og:description\" content=\"Seznamovac\u00ed str\u00e1nky pro dosp\u011bl\u00e9 jsou st\u00e1le popul\u00e1rn\u011bj\u0161\u00ed mezi nezadan\u00fdmi, kte\u0159\u00ed se cht\u011bj\u00ed setkat s n\u011bk\u00fdm zvl\u00e1\u0161tn\u00edm. Ale jen proto, \u017ee seznamovac\u00ed str\u00e1nky pro dosp\u011bl\u00e9 rostou &hellip;\" \/>\n<meta property=\"og:url\" content=\"http:\/\/loudgrandma.com\/cs\/chyby-ktere-udelate-pri-seznamovani-online\/\" \/>\n<meta property=\"og:site_name\" content=\"Loud Hookup Blog\" \/>\n<meta name=\"twitter:card\" content=\"summary_large_image\" \/>\n<meta name=\"twitter:label1\" content=\"Odhadovan\u00e1 doba \u010dten\u00ed\" \/>\n\t<meta name=\"twitter:data1\" content=\"4 minuty\" \/>\n<script type=\"application\/ld+json\" class=\"yoast-schema-graph\">{\"@context\":\"https:\/\/schema.org\",\"@graph\":[{\"@type\":\"WebSite\",\"@id\":\"https:\/\/loudgrandma.com\/#website\",\"url\":\"https:\/\/loudgrandma.com\/\",\"name\":\"Loud Hookup Blog\",\"description\":\"Finding Dates & More\",\"potentialAction\":[{\"@type\":\"SearchAction\",\"target\":{\"@type\":\"EntryPoint\",\"urlTemplate\":\"https:\/\/loudgrandma.com\/?s={search_term_string}\"},\"query-input\":\"required name=search_term_string\"}],\"inLanguage\":\"cs\"},{\"@type\":\"WebPage\",\"@id\":\"http:\/\/loudgrandma.com\/cs\/chyby-ktere-udelate-pri-seznamovani-online\/#webpage\",\"url\":\"http:\/\/loudgrandma.com\/cs\/chyby-ktere-udelate-pri-seznamovani-online\/\",\"name\":\"Chyby, kter\\u00e9 ud\\u011bl\\u00e1te p\\u0159i seznamov\\u00e1n\\u00ed online - Loud Hookup Blog\",\"isPartOf\":{\"@id\":\"https:\/\/loudgrandma.com\/#website\"},\"datePublished\":\"2022-08-29T12:38:43+00:00\",\"dateModified\":\"2022-08-29T12:38:43+00:00\",\"breadcrumb\":{\"@id\":\"http:\/\/loudgrandma.com\/cs\/chyby-ktere-udelate-pri-seznamovani-online\/#breadcrumb\"},\"inLanguage\":\"cs\",\"potentialAction\":[{\"@type\":\"ReadAction\",\"target\":[\"http:\/\/loudgrandma.com\/cs\/chyby-ktere-udelate-pri-seznamovani-online\/\"]}]},{\"@type\":\"BreadcrumbList\",\"@id\":\"http:\/\/loudgrandma.com\/cs\/chyby-ktere-udelate-pri-seznamovani-online\/#breadcrumb\",\"itemListElement\":[{\"@type\":\"ListItem\",\"position\":1,\"name\":\"Home\",\"item\":\"http:\/\/loudgrandma.com\/cs\/\"},{\"@type\":\"ListItem\",\"position\":2,\"name\":\"Chyby, kter\\u00e9 ud\\u011bl\\u00e1te p\\u0159i seznamov\\u00e1n\\u00ed online\"}]}]}<\/script>\n<!-- \/ Yoast SEO plugin. -->","yoast_head_json":{"title":"Chyby, kter\u00e9 ud\u011bl\u00e1te p\u0159i seznamov\u00e1n\u00ed online - Loud Hookup Blog","robots":{"index":"index","follow":"follow","max-snippet":"max-snippet:-1","max-image-preview":"max-image-preview:large","max-video-preview":"max-video-preview:-1"},"canonical":"http:\/\/loudgrandma.com\/cs\/chyby-ktere-udelate-pri-seznamovani-online\/","og_locale":"cs_CZ","og_type":"article","og_title":"Chyby, kter\u00e9 ud\u011bl\u00e1te p\u0159i seznamov\u00e1n\u00ed online - Loud Hookup Blog","og_description":"Seznamovac\u00ed str\u00e1nky pro dosp\u011bl\u00e9 jsou st\u00e1le popul\u00e1rn\u011bj\u0161\u00ed mezi nezadan\u00fdmi, kte\u0159\u00ed se cht\u011bj\u00ed setkat s n\u011bk\u00fdm zvl\u00e1\u0161tn\u00edm. Ale jen proto, \u017ee seznamovac\u00ed str\u00e1nky pro dosp\u011bl\u00e9 rostou &hellip;","og_url":"http:\/\/loudgrandma.com\/cs\/chyby-ktere-udelate-pri-seznamovani-online\/","og_site_name":"Loud Hookup Blog","twitter_card":"summary_large_image","twitter_misc":{"Odhadovan\u00e1 doba \u010dten\u00ed":"4 minuty"},"schema":{"@context":"https:\/\/schema.org","@graph":[{"@type":"WebSite","@id":"https:\/\/loudgrandma.com\/#website","url":"https:\/\/loudgrandma.com\/","name":"Loud Hookup Blog","description":"Finding Dates & More","potentialAction":[{"@type":"SearchAction","target":{"@type":"EntryPoint","urlTemplate":"https:\/\/loudgrandma.com\/?s={search_term_string}"},"query-input":"required name=search_term_string"}],"inLanguage":"cs"},{"@type":"WebPage","@id":"http:\/\/loudgrandma.com\/cs\/chyby-ktere-udelate-pri-seznamovani-online\/#webpage","url":"http:\/\/loudgrandma.com\/cs\/chyby-ktere-udelate-pri-seznamovani-online\/","name":"Chyby, kter\u00e9 ud\u011bl\u00e1te p\u0159i seznamov\u00e1n\u00ed online - Loud Hookup Blog","isPartOf":{"@id":"https:\/\/loudgrandma.com\/#website"},"datePublished":"2022-08-29T12:38:43+00:00","dateModified":"2022-08-29T12:38:43+00:00","breadcrumb":{"@id":"http:\/\/loudgrandma.com\/cs\/chyby-ktere-udelate-pri-seznamovani-online\/#breadcrumb"},"inLanguage":"cs","potentialAction":[{"@type":"ReadAction","target":["http:\/\/loudgrandma.com\/cs\/chyby-ktere-udelate-pri-seznamovani-online\/"]}]},{"@type":"BreadcrumbList","@id":"http:\/\/loudgrandma.com\/cs\/chyby-ktere-udelate-pri-seznamovani-online\/#breadcrumb","itemListElement":[{"@type":"ListItem","position":1,"name":"Home","item":"http:\/\/loudgrandma.com\/cs\/"},{"@type":"ListItem","position":2,"name":"Chyby, kter\u00e9 ud\u011bl\u00e1te p\u0159i seznamov\u00e1n\u00ed online"}]}]}},"_links":{"self":[{"href":"http:\/\/loudgrandma.com\/cs\/wp-json\/wp\/v2\/pages\/170"}],"collection":[{"href":"http:\/\/loudgrandma.com\/cs\/wp-json\/wp\/v2\/pages"}],"about":[{"href":"http:\/\/loudgrandma.com\/cs\/wp-json\/wp\/v2\/types\/page"}],"author":[{"embeddable":true,"href":"http:\/\/loudgrandma.com\/cs\/wp-json\/wp\/v2\/users\/1"}],"replies":[{"embeddable":true,"href":"http:\/\/loudgrandma.com\/cs\/wp-json\/wp\/v2\/comments?post=170"}],"version-history":[{"count":0,"href":"http:\/\/loudgrandma.com\/cs\/wp-json\/wp\/v2\/pages\/170\/revisions"}],"wp:attachment":[{"href":"http:\/\/loudgrandma.com\/cs\/wp-json\/wp\/v2\/media?parent=170"}],"curies":[{"name":"wp","href":"https:\/\/api.w.org\/{rel}","templated":true}]}}