{"id":167,"date":"2022-08-29T13:38:43","date_gmt":"2022-08-29T12:38:43","guid":{"rendered":"http:\/\/loudgrandma.com\/fejl-du-begaar-naar-du-dater-online\/"},"modified":"2022-08-29T13:38:43","modified_gmt":"2022-08-29T12:38:43","slug":"fejl-du-begaar-naar-du-dater-online","status":"publish","type":"page","link":"http:\/\/loudgrandma.com\/da\/fejl-du-begaar-naar-du-dater-online\/","title":{"rendered":"Fejl, du beg\u00e5r, n\u00e5r du dater online"},"content":{"rendered":"<p>Voksne dating sites bliver stadig mere popul\u00e6re blandt singler, der \u00f8nsker at m\u00f8de nogen speciel. Men bare fordi voksne datingsider vokser i popularitet, betyder det ikke n\u00f8dvendigvis, at de er sikre.<\/p>\n<p>Der er masser af svindel og falske profiler p\u00e5 datingsider for voksne, s\u00e5 det er vigtigt at unders\u00f8ge hver profil grundigt, f\u00f8r du m\u00f8des personligt. Se efter anmeldelser og vurderinger fra andre medlemmer, og kontroller altid, at billederne er \u00e6gte. Send heller aldrig penge, f\u00f8r du har m\u00f8dt personligt.<\/p>\n<p>Det er ogs\u00e5 vigtigt at huske, at selvom <a href=\"http:\/\/loudgrandma.com\/da\/saadan-finder-du-kaerlighed-med-datingapps\/\">datingsider for voksne<\/a> er praktiske, er de ikke altid den sikreste l\u00f8sning. Der er risici involveret, herunder identitetstyveri og svig. S\u00e5 hvis du beslutter dig for at deltage i en voksen dating site, skal du v\u00e6re forsigtig og v\u00e6lge klogt.<\/p>\n<p>Tilslutninger er sjove, nemme og hurtige. Men de er ikke altid effektive. N\u00e5r det g\u00f8res rigtigt, kan tilslutninger f\u00f8re til langsigtede forhold, men hvis du bare leder efter en hurtig fling, kan du ende med at blive skuffet. S\u00e5dan undg\u00e5r du almindelige fejl og lander dig selv en varm dato.<\/p>\n<h2>Fem hurtige tips &#8211; hvad du skal undg\u00e5<\/h2>\n<p>1. Skynd dig ikke ind i noget. Tilslutninger er beregnet til at v\u00e6re afslappede, s\u00e5 forvent ikke at m\u00f8de nogen, der \u00f8nsker at sl\u00e5 sig ned efter at have m\u00f8dt i et par timer. Pr\u00f8v i stedet at oprette datoer over flere uger eller m\u00e5neder.<\/p>\n<p>2. S\u00f8rg for, at I begge har det godt. Hvis du skal p\u00e5 en blind date, skal du s\u00f8rge for at f\u00f8le dig sikker og selvsikker nok til at tale \u00e5bent om sex. Hvis du er nerv\u00f8s, skal du fort\u00e6lle det til din partner p\u00e5 forh\u00e5nd.<\/p>\n<p>3. Tag tingene langsomt. Tilslutninger er normalt kortvarige, s\u00e5 forvent ikke, at et forhold udvikler sig efter blot et par datoer. Giv hinanden plads til at vokse sammen.<\/p>\n<p>4. Bliv ved med at tale. N\u00e5r du beslutter dig for at forf\u00f8lge en tilslutning, skal du ikke stoppe med at kommunikere. Tal om dine interesser, hobbyer og m\u00e5l.<\/p>\n<p>5. Hav realistiske forventninger. Tilslutninger er beregnet til sjov, ikke engagement. S\u00e5 hvis du leder efter et rigtigt forhold, skal du kigge andre steder.<\/p>\n<h2>Hvad med om du bare vil have afslappet sex?<\/h2>\n<p>Datingsider for voksne bliver stadig mere popul\u00e6re blandt singler, der leder efter k\u00e6rlighed, sex og kammeratskab. Disse typer websteder giver medlemmerne mulighed for at m\u00f8de andre baseret p\u00e5 gensidige interesser og pr\u00e6ferencer i stedet for udelukkende at stole p\u00e5 fysisk tiltr\u00e6kning.<\/p>\n<p>Der er flere forskellige typer voksne datingwebsteder tilg\u00e6ngelige i dag, herunder nichesider, mainstream-websteder og generelle websteder. Nichewebsteder har en tendens til at fokusere p\u00e5 specifikke emner, mens almindelige websteder im\u00f8dekommer en bredere vifte af demografi. Websteder til generelle form\u00e5l er normalt rettet mod at m\u00f8de nye mennesker og finde romantik. Uanset om du v\u00e6lger et niche- eller mainstream-websted, er det vigtigt at huske, at du konkurrerer mod andre medlemmer om opm\u00e6rksomhed. S\u00f8rg for, at din profil skiller sig ud fra m\u00e6ngden og indeholder billeder, der n\u00f8jagtigt repr\u00e6senterer dig selv. Pr\u00f8v ogs\u00e5 at undg\u00e5 at sende personlige oplysninger, der kan kompromittere din sikkerhed. Det er ogs\u00e5 vigtigt at overveje, hvilken type forhold du h\u00e5ber at opbygge med en person, du m\u00f8der p\u00e5 en voksen datingside. Nogle websteder giver medlemmer mulighed for at oprette profiler, der beskriver sig selv som single, gift, skilt eller i et engageret forhold. Andre kr\u00e6ver, at medlemmer v\u00e6lger en kategori for at angive deres aktuelle status.<\/p>\n<h2>Sikkerhed<\/h2>\n<p>Uanset hvilken type forhold du s\u00f8ger, er det altid klogt at s\u00e6tte forventninger tidligt. Mange mennesker f\u00f8ler sig utilpas ved at diskutere deres civilstand eller tidligere forhold, s\u00e5 det er bedst at fastl\u00e6gge grundregler p\u00e5 forh\u00e5nd. For eksempel, hvis du er interesseret i afslappede tilslutninger, kan du sige, at du er \u00e5ben for alt undtagen langsigtede forpligtelser. For at beskytte dig selv skal du v\u00e6re forsigtig med meddelelser, der virker for gode til at v\u00e6re sande. Giv ikke personlige oplysninger, f\u00f8r du er tryg ved at g\u00f8re det, og send aldrig penge via bankoverf\u00f8rsel eller gavekort. Betal i stedet via en velrenommeret betalingstjeneste som PayPal eller Venmo.<\/p>\n","protected":false},"excerpt":{"rendered":"<p>Voksne dating sites bliver stadig mere popul\u00e6re blandt singler, der \u00f8nsker at m\u00f8de nogen speciel. Men bare fordi voksne datingsider vokser i popularitet, betyder det &hellip; <\/p>\n","protected":false},"author":1,"featured_media":0,"parent":0,"menu_order":0,"comment_status":"closed","ping_status":"closed","template":"","meta":[],"yoast_head":"<!-- This site is optimized with the Yoast SEO plugin v17.7.1 - https:\/\/yoast.com\/wordpress\/plugins\/seo\/ -->\n<title>Fejl, du beg\u00e5r, n\u00e5r du dater online - Loud Hookup Blog<\/title>\n<meta name=\"robots\" content=\"index, follow, max-snippet:-1, max-image-preview:large, max-video-preview:-1\" \/>\n<link rel=\"canonical\" href=\"http:\/\/loudgrandma.com\/da\/fejl-du-begaar-naar-du-dater-online\/\" \/>\n<meta property=\"og:locale\" content=\"da_DK\" \/>\n<meta property=\"og:type\" content=\"article\" \/>\n<meta property=\"og:title\" content=\"Fejl, du beg\u00e5r, n\u00e5r du dater online - Loud Hookup Blog\" \/>\n<meta property=\"og:description\" content=\"Voksne dating sites bliver stadig mere popul\u00e6re blandt singler, der \u00f8nsker at m\u00f8de nogen speciel. Men bare fordi voksne datingsider vokser i popularitet, betyder det &hellip;\" \/>\n<meta property=\"og:url\" content=\"http:\/\/loudgrandma.com\/da\/fejl-du-begaar-naar-du-dater-online\/\" \/>\n<meta property=\"og:site_name\" content=\"Loud Hookup Blog\" \/>\n<meta name=\"twitter:card\" content=\"summary_large_image\" \/>\n<meta name=\"twitter:label1\" content=\"Estimeret l\u00e6setid\" \/>\n\t<meta name=\"twitter:data1\" content=\"4 minutter\" \/>\n<script type=\"application\/ld+json\" class=\"yoast-schema-graph\">{\"@context\":\"https:\/\/schema.org\",\"@graph\":[{\"@type\":\"WebSite\",\"@id\":\"https:\/\/loudgrandma.com\/#website\",\"url\":\"https:\/\/loudgrandma.com\/\",\"name\":\"Loud Hookup Blog\",\"description\":\"Finding Dates & More\",\"potentialAction\":[{\"@type\":\"SearchAction\",\"target\":{\"@type\":\"EntryPoint\",\"urlTemplate\":\"https:\/\/loudgrandma.com\/?s={search_term_string}\"},\"query-input\":\"required name=search_term_string\"}],\"inLanguage\":\"da-DK\"},{\"@type\":\"WebPage\",\"@id\":\"http:\/\/loudgrandma.com\/da\/fejl-du-begaar-naar-du-dater-online\/#webpage\",\"url\":\"http:\/\/loudgrandma.com\/da\/fejl-du-begaar-naar-du-dater-online\/\",\"name\":\"Fejl, du beg\\u00e5r, n\\u00e5r du dater online - Loud Hookup Blog\",\"isPartOf\":{\"@id\":\"https:\/\/loudgrandma.com\/#website\"},\"datePublished\":\"2022-08-29T12:38:43+00:00\",\"dateModified\":\"2022-08-29T12:38:43+00:00\",\"breadcrumb\":{\"@id\":\"http:\/\/loudgrandma.com\/da\/fejl-du-begaar-naar-du-dater-online\/#breadcrumb\"},\"inLanguage\":\"da-DK\",\"potentialAction\":[{\"@type\":\"ReadAction\",\"target\":[\"http:\/\/loudgrandma.com\/da\/fejl-du-begaar-naar-du-dater-online\/\"]}]},{\"@type\":\"BreadcrumbList\",\"@id\":\"http:\/\/loudgrandma.com\/da\/fejl-du-begaar-naar-du-dater-online\/#breadcrumb\",\"itemListElement\":[{\"@type\":\"ListItem\",\"position\":1,\"name\":\"Home\",\"item\":\"http:\/\/loudgrandma.com\/da\/\"},{\"@type\":\"ListItem\",\"position\":2,\"name\":\"Fejl, du beg\\u00e5r, n\\u00e5r du dater online\"}]}]}<\/script>\n<!-- \/ Yoast SEO plugin. -->","yoast_head_json":{"title":"Fejl, du beg\u00e5r, n\u00e5r du dater online - Loud Hookup Blog","robots":{"index":"index","follow":"follow","max-snippet":"max-snippet:-1","max-image-preview":"max-image-preview:large","max-video-preview":"max-video-preview:-1"},"canonical":"http:\/\/loudgrandma.com\/da\/fejl-du-begaar-naar-du-dater-online\/","og_locale":"da_DK","og_type":"article","og_title":"Fejl, du beg\u00e5r, n\u00e5r du dater online - Loud Hookup Blog","og_description":"Voksne dating sites bliver stadig mere popul\u00e6re blandt singler, der \u00f8nsker at m\u00f8de nogen speciel. Men bare fordi voksne datingsider vokser i popularitet, betyder det &hellip;","og_url":"http:\/\/loudgrandma.com\/da\/fejl-du-begaar-naar-du-dater-online\/","og_site_name":"Loud Hookup Blog","twitter_card":"summary_large_image","twitter_misc":{"Estimeret l\u00e6setid":"4 minutter"},"schema":{"@context":"https:\/\/schema.org","@graph":[{"@type":"WebSite","@id":"https:\/\/loudgrandma.com\/#website","url":"https:\/\/loudgrandma.com\/","name":"Loud Hookup Blog","description":"Finding Dates & More","potentialAction":[{"@type":"SearchAction","target":{"@type":"EntryPoint","urlTemplate":"https:\/\/loudgrandma.com\/?s={search_term_string}"},"query-input":"required name=search_term_string"}],"inLanguage":"da-DK"},{"@type":"WebPage","@id":"http:\/\/loudgrandma.com\/da\/fejl-du-begaar-naar-du-dater-online\/#webpage","url":"http:\/\/loudgrandma.com\/da\/fejl-du-begaar-naar-du-dater-online\/","name":"Fejl, du beg\u00e5r, n\u00e5r du dater online - Loud Hookup Blog","isPartOf":{"@id":"https:\/\/loudgrandma.com\/#website"},"datePublished":"2022-08-29T12:38:43+00:00","dateModified":"2022-08-29T12:38:43+00:00","breadcrumb":{"@id":"http:\/\/loudgrandma.com\/da\/fejl-du-begaar-naar-du-dater-online\/#breadcrumb"},"inLanguage":"da-DK","potentialAction":[{"@type":"ReadAction","target":["http:\/\/loudgrandma.com\/da\/fejl-du-begaar-naar-du-dater-online\/"]}]},{"@type":"BreadcrumbList","@id":"http:\/\/loudgrandma.com\/da\/fejl-du-begaar-naar-du-dater-online\/#breadcrumb","itemListElement":[{"@type":"ListItem","position":1,"name":"Home","item":"http:\/\/loudgrandma.com\/da\/"},{"@type":"ListItem","position":2,"name":"Fejl, du beg\u00e5r, n\u00e5r du dater online"}]}]}},"_links":{"self":[{"href":"http:\/\/loudgrandma.com\/da\/wp-json\/wp\/v2\/pages\/167"}],"collection":[{"href":"http:\/\/loudgrandma.com\/da\/wp-json\/wp\/v2\/pages"}],"about":[{"href":"http:\/\/loudgrandma.com\/da\/wp-json\/wp\/v2\/types\/page"}],"author":[{"embeddable":true,"href":"http:\/\/loudgrandma.com\/da\/wp-json\/wp\/v2\/users\/1"}],"replies":[{"embeddable":true,"href":"http:\/\/loudgrandma.com\/da\/wp-json\/wp\/v2\/comments?post=167"}],"version-history":[{"count":0,"href":"http:\/\/loudgrandma.com\/da\/wp-json\/wp\/v2\/pages\/167\/revisions"}],"wp:attachment":[{"href":"http:\/\/loudgrandma.com\/da\/wp-json\/wp\/v2\/media?parent=167"}],"curies":[{"name":"wp","href":"https:\/\/api.w.org\/{rel}","templated":true}]}}