{"id":173,"date":"2022-08-29T11:51:01","date_gmt":"2022-08-29T10:51:01","guid":{"rendered":"http:\/\/loudgrandma.com\/vores-guide-til-online-dating-hvilke-apps-du-skal-proeve-foerst\/"},"modified":"2022-08-29T11:51:01","modified_gmt":"2022-08-29T10:51:01","slug":"vores-guide-til-online-dating-hvilke-apps-du-skal-proeve-foerst","status":"publish","type":"page","link":"http:\/\/loudgrandma.com\/da\/","title":{"rendered":"Vores guide til online dating: Hvilke apps du skal pr\u00f8ve f\u00f8rst"},"content":{"rendered":"<p>Online dating sites er kommet for at blive. De er en del af vores hverdag nu, uanset om vi kan lide det eller ej. Og selvom der er masser af betalte muligheder derude, foretr\u00e6kker mange mennesker stadig at holde sig til de gratis. Med det i tankerne har vi sammensat en liste over nogle af de bedste gratis datingapps og websteder rundt. Vi fors\u00f8gte at holde tingene enkle &#8211; ingen gimmicks, bare fantastiske funktioner og solid matchmaking. S\u00e5 uden videre er her de ni bedste gratis datingsider og apps i 2022.<\/p>\n<p>Vi har lavet anmeldelser af, hvilke der er de bedste, og hvilke folk skal pr\u00f8ve i 2022. Hvis du kan lide nogen p\u00e5 vores liste, s\u00e5 pr\u00f8v dem og lad os vide, hvordan du kommer videre.<\/p>\n<p><img loading=\"lazy\" class=\"aligncenter size-large wp-image-48\" src=\"http:\/\/loudgrandma.com\/wp-content\/uploads\/2022\/08\/dating-sea-1024x683.jpeg\" alt=\"\" width=\"1024\" height=\"683\" srcset=\"http:\/\/loudgrandma.com\/wp-content\/uploads\/2022\/08\/dating-sea-1024x683.jpeg 1024w, http:\/\/loudgrandma.com\/wp-content\/uploads\/2022\/08\/dating-sea-300x200.jpeg 300w, http:\/\/loudgrandma.com\/wp-content\/uploads\/2022\/08\/dating-sea-768x512.jpeg 768w, http:\/\/loudgrandma.com\/wp-content\/uploads\/2022\/08\/dating-sea.jpeg 1125w\" sizes=\"(max-width: 1024px) 100vw, 1024px\" \/><\/p>\n<h2>Bumble &#8211; er det virkelig det bedste for kvinder?<\/h2>\n<p>Med over 50 millioner medlemmer over hele verden er Bumble en af de mest popul\u00e6re online dating apps derude. Faktisk er Bumble if\u00f8lge Business Insider den hurtigst voksende app blandt kvinder i alderen 18-34 \u00e5r. Og mens mange mennesker er bekendt med Tinder, en anden enormt succesrig datingapp, er Bumble faktisk \u00e6ldre. Bumble blev lanceret i 2012 og begyndte livet som et spinoff af OKCupid \u2013 en datingapp grundlagt i 2004. Men i mods\u00e6tning til OKCupid fokuserer Bumble udelukkende p\u00e5 kvindelige brugere.<\/p>\n<h3>Hvordan kan det sammenlignes med andre?<\/h3>\n<p>Appen fungerer p\u00e5 samme m\u00e5de som Tinder. Brugere stryger til h\u00f8jre, hvis de vil &#8220;matche&#8221;, og stryg til venstre, hvis de ikke g\u00f8r det. Hvis I begge stryger til h\u00f8jre, kan I se hinandens profil. Herfra kan du sende en sms, chatte eller anmode om at m\u00f8des.<\/p>\n<p>I mods\u00e6tning til Tinder, hvor m\u00e6nd skal betale for at se en kvindes profil, er Bumble helt gratis. Der er ingen gebyrer for at tilmelde dig eller gennemse profiler. Dette g\u00f8r det is\u00e6r attraktivt for yngre generationer, som ofte f\u00f8ler sig presset til at betale for ting, de nyder.<\/p>\n<p>Bumbles succes ligger i, hvor let det er at bruge. I mods\u00e6tning til Tinder, hvor du er tvunget til at vente p\u00e5, at nogen sender dig en besked, giver Bumble dig mulighed for at starte samtaler med det samme. Ogs\u00e5 i mods\u00e6tning til Tinder kr\u00e6ver Bumble ikke, at du afsl\u00f8rer dit rigtige navn. I stedet kan du blot v\u00e6lge et kaldenavn til at repr\u00e6sentere dig selv.<\/p>\n<h3>Kompatibilitet?<\/h3>\n<p>Selvom Bumble er utrolig praktisk, kommer det med nogle begr\u00e6nsninger. For det f\u00f8rste er appen kun kompatibel med iOS-enheder. Android-support kommer dog snart. For det andet kr\u00e6ver Bumble en Facebook-konto for at logge ind. For det tredje kan du ikke interagere med nogen uden for dit lokalomr\u00e5de. Endelig skal du v\u00e6re 21 \u00e5r eller \u00e6ldre for at bruge appen.<\/p>\n<h2>Match.com &#8211; En af de st\u00f8rste i verden<\/h2>\n<p>Match er en af de mest popul\u00e6re online dating sites. Med over 30 millioner medlemmer over hele verden er det ikke underligt hvorfor. Selvom Match tilbyder nogle fantastiske funktioner som live videochat og messaging, er der dog nogle ting ved webstedet, der g\u00f8r det mindre end ideelt til afslappet dating. Her er fem grunde til, at Match ikke er det perfekte match for hver enkelt person.<\/p>\n<h3>Der er mange gebyrer<\/h3>\n<p>Hvis du beslutter dig for at deltage i Match, skal du tilmelde dig et betalt medlemskab. Hvis du ikke vil bruge penge, skal du vente tre dage p\u00e5 at pr\u00f8ve tjenesten uden at betale noget. Derefter skal du dog v\u00e6lge mellem et m\u00e5nedligt abonnement ($ 9.99), et \u00e5rligt abonnement ($ 19.99 pr. M\u00e5ned) eller et livstidsabonnement ($ 59.99).<\/p>\n<h3>Du kan kun s\u00f8ge efter personer i dit land<\/h3>\n<p>N\u00e5r du logger ind p\u00e5 Match, f\u00e5r du vist et kort, hvor du kan v\u00e6lge de lande, du vil s\u00f8ge i. Dette fungerer ret godt, bortset fra at det ikke tillader dig at s\u00f8ge uden for USA. Hvis du \u00f8nsker at finde k\u00e6rlighed i udlandet, kan du overveje en anden mulighed.<\/p>\n<h3>Du skal betale for at kontakte en anden<\/h3>\n<p>Selvom du kan bruge webstedets beskedfunktion til at sende beskeder til personer, du har matchet med, kan du ikke starte samtaler, medmindre du betaler $ 4.95 pr. M\u00e5ned. Selvom dette gebyr er meget billigere end hvad andre datingsider opkr\u00e6ver, g\u00f8r det det sv\u00e6rere at starte meningsfulde samtaler med potentielle matches.<\/p>\n<h2>OKCupid &#8211; Nu gratis!<\/h2>\n<p>Online dating verden blev rystet, da OKCupid meddelte, at det havde \u00e6ndret kurs og ville blive helt gratis. Mens mange sider opkr\u00e6ver et m\u00e5nedligt gebyr, siger OKCupid, at de \u00f8nsker at give alle adgang til deres tjenester. N\u00e5r din profil er oprettet p\u00e5 OKCupid, sporer appen brugere, hvis profiler du har \u00f8nsket, samt dem, der har kunnet lide din. Du kan ogs\u00e5 v\u00e6lge at se personer, der synes godt om din profil, og n\u00e5r du g\u00f8r det, kan du se deres profil og sende dem beskeder.<\/p>\n<p>Med en ren gr\u00e6nseflade og nem navigation g\u00f8r OkCupid det nemt at finde matches. Du kan gennemse profiler baseret p\u00e5 placering, alder, forholdsstatus, interesser, hobbyer, uddannelsesniveau, job, religion, etnicitet, rygepr\u00e6ferencer, kropstype, h\u00f8jde, v\u00e6gt og endda seksuel orientering. Brugere kan sende beskeder, se fotos, oprette datoer og chatte via tekst eller video.<\/p>\n<h3>Omkostninger<\/h3>\n<p>Med den betalte version opkr\u00e6ver OKCupid $19 pr. m\u00e5ned.<\/p>\n<p>Med den gratis version vil du dog ikke v\u00e6re i stand til at g\u00f8re det. I stedet vil du v\u00e6re begr\u00e6nset til at sende beskeder til folk, der allerede kan lide dig. Hvis du leder efter et sted, hvor du kan m\u00f8de mange forskellige mennesker og finde k\u00e6rligheden, er OKCupid stadig v\u00e6rd at tjekke ud. Men hvis du hellere vil holde dig til det grundl\u00e6ggende, s\u00e5 tjek vores liste over de bedste gratis dating apps.<\/p>\n<p>Derudover giver betaling dig mulighed for at se, hvem der har \u00f8nsket din profil uden at skulle betale igen. Og hvis du er villig til at bruge yderligere $ 9.95 \/ m\u00e5ned, kan du slippe af med annoncer i appen.<\/p>\n<h2>Facebook Dating &#8211; Enkel at bruge<\/h2>\n<p>Den seneste tilf\u00f8jelse til Facebooks arsenal af apps er Facebook Dating. Denne gratis service giver dig mulighed for at oprette en datingprofil, der ikke vil v\u00e6re synlig for andre end dem, der er medlemmer af Facebook Dating. Du kan v\u00e6lge, om du vil offentligg\u00f8re din profil eller holde den skjult. Hvis du beslutter dig for at g\u00f8re det offentligt, kan du tilf\u00f8je billeder, videoer, begivenheder, steder og endda tjekke dine matches profiler.<\/p>\n<p>Du kan ogs\u00e5 bruge din Facebook-konto til automatisk at udfylde dine profiloplysninger, f.eks. din alder, k\u00f8n, placering, forholdsstatus, uddannelse, arbejdshistorie, interesser, religion, politiske synspunkter og foretrukne tv-udsendelse.<\/p>\n<h2>POF &#8211; Ingen annoncer til iOS eller Android!<\/h2>\n<p>Den gratis online dating site Plenty Of Fish er en af de mest popul\u00e6re muligheder derude, is\u00e6r blandt \u00e5rtusinder. Men mens masser af mennesker tilmelder sig hver dag, bliver mange ikke h\u00e6ngende l\u00e6nge nok til at finde k\u00e6rligheden. Faktisk er lidt over halvdelen af POF-medlemmerne if\u00f8lge de seneste data fra Statista aktive hver m\u00e5ned.<\/p>\n<p>Mens den gratis version giver dig mulighed for at se profiler og sende beskeder, skal du betale for at g\u00f8re meget andet. Hvis du \u00f8nsker at tjene nogle ekstra penge via sidestr\u00f8mmen, tilbyder Plenty of Fish dog flere m\u00e5der at tjene penge p\u00e5 ved at s\u00e6lge premium-abonnementer. For eksempel kan du s\u00e6lge et m\u00e5nedligt abonnement for s\u00e5 lavt som $ 10 pr. M\u00e5ned, eller du kan k\u00f8be en \u00e5rlig pakke til $ 99. Du modtager ogs\u00e5 rabatter for flere k\u00f8b.<\/p>\n<h1>Hvad skal du nu g\u00f8re?<\/h1>\n<p>Hvis du leder efter k\u00e6rlighed online, har du sikkert h\u00f8rt, at betaling for et datingside kan g\u00f8re det lettere at finde nogen, der er kompatibel. Men hvor meget koster det? Og hvad f\u00e5r du for pengene? Vi bad vores l\u00e6sere om at overveje, om det er v\u00e6rd at betale for en datingapp eller et websted. Her er hvad de havde at sige.<\/p>\n<p>Online dating formodes at v\u00e6re ligesom almindelig dating &#8211; undtagen uden det akavede ved at skulle tale med rigtige mennesker ansigt til ansigt. Og if\u00f8lge en ny unders\u00f8gelse tror de fleste, at det er sandt. Faktisk siger en ud af fire amerikanere, at de er villige til at date nogen, de m\u00f8dte online.<\/p>\n","protected":false},"excerpt":{"rendered":"<p>Online dating sites er kommet for at blive. De er en del af vores hverdag nu, uanset om vi kan lide det eller ej. Og &hellip; <\/p>\n","protected":false},"author":1,"featured_media":0,"parent":0,"menu_order":0,"comment_status":"closed","ping_status":"closed","template":"","meta":[],"yoast_head":"<!-- This site is optimized with the Yoast SEO plugin v17.7.1 - https:\/\/yoast.com\/wordpress\/plugins\/seo\/ -->\n<title>Vores guide til online dating: Hvilke apps du skal pr\u00f8ve f\u00f8rst - Loud Hookup Blog<\/title>\n<meta name=\"description\" content=\"META Beskrivelse\" \/>\n<meta name=\"robots\" content=\"index, follow, max-snippet:-1, max-image-preview:large, max-video-preview:-1\" \/>\n<link rel=\"canonical\" href=\"http:\/\/loudgrandma.com\/da\/\" \/>\n<meta property=\"og:locale\" content=\"da_DK\" \/>\n<meta property=\"og:type\" content=\"article\" \/>\n<meta property=\"og:title\" content=\"Vores guide til online dating: Hvilke apps du skal pr\u00f8ve f\u00f8rst - Loud Hookup Blog\" \/>\n<meta property=\"og:description\" content=\"META Beskrivelse\" \/>\n<meta property=\"og:url\" content=\"http:\/\/loudgrandma.com\/da\/\" \/>\n<meta property=\"og:site_name\" content=\"Loud Hookup Blog\" \/>\n<meta property=\"og:image\" content=\"http:\/\/loudgrandma.com\/wp-content\/uploads\/2022\/08\/dating-sea-1024x683.jpeg\" \/>\n<meta name=\"twitter:card\" content=\"summary_large_image\" \/>\n<meta name=\"twitter:label1\" content=\"Estimeret l\u00e6setid\" \/>\n\t<meta name=\"twitter:data1\" content=\"7 minutter\" \/>\n<script type=\"application\/ld+json\" class=\"yoast-schema-graph\">{\"@context\":\"https:\/\/schema.org\",\"@graph\":[{\"@type\":\"WebSite\",\"@id\":\"https:\/\/loudgrandma.com\/#website\",\"url\":\"https:\/\/loudgrandma.com\/\",\"name\":\"Loud Hookup Blog\",\"description\":\"Finding Dates & More\",\"potentialAction\":[{\"@type\":\"SearchAction\",\"target\":{\"@type\":\"EntryPoint\",\"urlTemplate\":\"https:\/\/loudgrandma.com\/?s={search_term_string}\"},\"query-input\":\"required name=search_term_string\"}],\"inLanguage\":\"da-DK\"},{\"@type\":\"ImageObject\",\"@id\":\"http:\/\/loudgrandma.com\/da\/#primaryimage\",\"inLanguage\":\"da-DK\",\"url\":\"http:\/\/loudgrandma.com\/wp-content\/uploads\/2022\/08\/dating-sea.jpeg\",\"contentUrl\":\"http:\/\/loudgrandma.com\/wp-content\/uploads\/2022\/08\/dating-sea.jpeg\",\"width\":1125,\"height\":750},{\"@type\":\"WebPage\",\"@id\":\"http:\/\/loudgrandma.com\/da\/#webpage\",\"url\":\"http:\/\/loudgrandma.com\/da\/\",\"name\":\"Vores guide til online dating: Hvilke apps du skal pr\\u00f8ve f\\u00f8rst - Loud Hookup Blog\",\"isPartOf\":{\"@id\":\"https:\/\/loudgrandma.com\/#website\"},\"primaryImageOfPage\":{\"@id\":\"http:\/\/loudgrandma.com\/da\/#primaryimage\"},\"datePublished\":\"2022-08-29T10:51:01+00:00\",\"dateModified\":\"2022-08-29T10:51:01+00:00\",\"description\":\"META Beskrivelse\",\"breadcrumb\":{\"@id\":\"http:\/\/loudgrandma.com\/da\/#breadcrumb\"},\"inLanguage\":\"da-DK\",\"potentialAction\":[{\"@type\":\"ReadAction\",\"target\":[\"http:\/\/loudgrandma.com\/da\/\"]}]},{\"@type\":\"BreadcrumbList\",\"@id\":\"http:\/\/loudgrandma.com\/da\/#breadcrumb\",\"itemListElement\":[{\"@type\":\"ListItem\",\"position\":1,\"name\":\"Home\",\"item\":\"http:\/\/loudgrandma.com\/da\/\"},{\"@type\":\"ListItem\",\"position\":2,\"name\":\"Vores guide til online dating: Hvilke apps du skal pr\\u00f8ve f\\u00f8rst\"}]}]}<\/script>\n<!-- \/ Yoast SEO plugin. -->","yoast_head_json":{"title":"Vores guide til online dating: Hvilke apps du skal pr\u00f8ve f\u00f8rst - Loud Hookup Blog","description":"META Beskrivelse","robots":{"index":"index","follow":"follow","max-snippet":"max-snippet:-1","max-image-preview":"max-image-preview:large","max-video-preview":"max-video-preview:-1"},"canonical":"http:\/\/loudgrandma.com\/da\/","og_locale":"da_DK","og_type":"article","og_title":"Vores guide til online dating: Hvilke apps du skal pr\u00f8ve f\u00f8rst - Loud Hookup Blog","og_description":"META Beskrivelse","og_url":"http:\/\/loudgrandma.com\/da\/","og_site_name":"Loud Hookup Blog","og_image":[{"url":"http:\/\/loudgrandma.com\/wp-content\/uploads\/2022\/08\/dating-sea-1024x683.jpeg"}],"twitter_card":"summary_large_image","twitter_misc":{"Estimeret l\u00e6setid":"7 minutter"},"schema":{"@context":"https:\/\/schema.org","@graph":[{"@type":"WebSite","@id":"https:\/\/loudgrandma.com\/#website","url":"https:\/\/loudgrandma.com\/","name":"Loud Hookup Blog","description":"Finding Dates & More","potentialAction":[{"@type":"SearchAction","target":{"@type":"EntryPoint","urlTemplate":"https:\/\/loudgrandma.com\/?s={search_term_string}"},"query-input":"required name=search_term_string"}],"inLanguage":"da-DK"},{"@type":"ImageObject","@id":"http:\/\/loudgrandma.com\/da\/#primaryimage","inLanguage":"da-DK","url":"http:\/\/loudgrandma.com\/wp-content\/uploads\/2022\/08\/dating-sea.jpeg","contentUrl":"http:\/\/loudgrandma.com\/wp-content\/uploads\/2022\/08\/dating-sea.jpeg","width":1125,"height":750},{"@type":"WebPage","@id":"http:\/\/loudgrandma.com\/da\/#webpage","url":"http:\/\/loudgrandma.com\/da\/","name":"Vores guide til online dating: Hvilke apps du skal pr\u00f8ve f\u00f8rst - Loud Hookup Blog","isPartOf":{"@id":"https:\/\/loudgrandma.com\/#website"},"primaryImageOfPage":{"@id":"http:\/\/loudgrandma.com\/da\/#primaryimage"},"datePublished":"2022-08-29T10:51:01+00:00","dateModified":"2022-08-29T10:51:01+00:00","description":"META Beskrivelse","breadcrumb":{"@id":"http:\/\/loudgrandma.com\/da\/#breadcrumb"},"inLanguage":"da-DK","potentialAction":[{"@type":"ReadAction","target":["http:\/\/loudgrandma.com\/da\/"]}]},{"@type":"BreadcrumbList","@id":"http:\/\/loudgrandma.com\/da\/#breadcrumb","itemListElement":[{"@type":"ListItem","position":1,"name":"Home","item":"http:\/\/loudgrandma.com\/da\/"},{"@type":"ListItem","position":2,"name":"Vores guide til online dating: Hvilke apps du skal pr\u00f8ve f\u00f8rst"}]}]}},"_links":{"self":[{"href":"http:\/\/loudgrandma.com\/da\/wp-json\/wp\/v2\/pages\/173"}],"collection":[{"href":"http:\/\/loudgrandma.com\/da\/wp-json\/wp\/v2\/pages"}],"about":[{"href":"http:\/\/loudgrandma.com\/da\/wp-json\/wp\/v2\/types\/page"}],"author":[{"embeddable":true,"href":"http:\/\/loudgrandma.com\/da\/wp-json\/wp\/v2\/users\/1"}],"replies":[{"embeddable":true,"href":"http:\/\/loudgrandma.com\/da\/wp-json\/wp\/v2\/comments?post=173"}],"version-history":[{"count":0,"href":"http:\/\/loudgrandma.com\/da\/wp-json\/wp\/v2\/pages\/173\/revisions"}],"wp:attachment":[{"href":"http:\/\/loudgrandma.com\/da\/wp-json\/wp\/v2\/media?parent=173"}],"curies":[{"name":"wp","href":"https:\/\/api.w.org\/{rel}","templated":true}]}}