{"id":174,"date":"2022-08-29T11:51:01","date_gmt":"2022-08-29T10:51:01","guid":{"rendered":"http:\/\/loudgrandma.com\/nuestra-guia-de-citas-en-linea-que-aplicaciones-probar-primero\/"},"modified":"2022-08-29T11:51:01","modified_gmt":"2022-08-29T10:51:01","slug":"nuestra-guia-de-citas-en-linea-que-aplicaciones-probar-primero","status":"publish","type":"page","link":"http:\/\/loudgrandma.com\/es\/","title":{"rendered":"Nuestra gu\u00eda de citas en l\u00ednea: qu\u00e9 aplicaciones probar primero"},"content":{"rendered":"<p>Los sitios de citas en l\u00ednea est\u00e1n aqu\u00ed para quedarse. Son parte de nuestra vida cotidiana ahora, nos guste o no. Y aunque hay muchas opciones de pago por ah\u00ed, muchas personas todav\u00eda prefieren quedarse con las gratuitas. Con eso en mente, hemos reunido una lista de algunas de las mejores aplicaciones y sitios de citas gratuitos. Tratamos de mantener las cosas simples, sin trucos, solo excelentes caracter\u00edsticas y un emparejamiento s\u00f3lido. Entonces, sin m\u00e1s pre\u00e1mbulos, aqu\u00ed est\u00e1n los nueve mejores sitios y aplicaciones de citas gratuitas de 2022.<\/p>\n<p>Hemos estado haciendo revisiones sobre cu\u00e1les son los mejores y cu\u00e1les deber\u00eda probar la gente en 2022. Si te gusta alguno en nuestra lista, por favor pru\u00e9balo y cu\u00e9ntanos c\u00f3mo te va.<\/p>\n<p><img loading=\"lazy\" class=\"aligncenter size-large wp-image-48\" src=\"http:\/\/loudgrandma.com\/wp-content\/uploads\/2022\/08\/dating-sea-1024x683.jpeg\" alt=\"\" width=\"1024\" height=\"683\" srcset=\"http:\/\/loudgrandma.com\/wp-content\/uploads\/2022\/08\/dating-sea-1024x683.jpeg 1024w, http:\/\/loudgrandma.com\/wp-content\/uploads\/2022\/08\/dating-sea-300x200.jpeg 300w, http:\/\/loudgrandma.com\/wp-content\/uploads\/2022\/08\/dating-sea-768x512.jpeg 768w, http:\/\/loudgrandma.com\/wp-content\/uploads\/2022\/08\/dating-sea.jpeg 1125w\" sizes=\"(max-width: 1024px) 100vw, 1024px\" \/><\/p>\n<h2>Bumble &#8211; \u00bfEs realmente el mejor para las mujeres?<\/h2>\n<p>Con m\u00e1s de 50 millones de miembros en todo el mundo, Bumble es una de las aplicaciones de citas en l\u00ednea m\u00e1s populares que existen. De hecho, seg\u00fan Business Insider, Bumble es la aplicaci\u00f3n de m\u00e1s r\u00e1pido crecimiento entre las mujeres de 18 a 34 a\u00f1os. Y aunque muchas personas est\u00e1n familiarizadas con Tinder, otra aplicaci\u00f3n de citas de gran \u00e9xito, Bumble es en realidad mayor. Lanzado en 2012, Bumble comenz\u00f3 su vida como un spin-off de OKCupid, una aplicaci\u00f3n de citas fundada en 2004. Sin embargo, a diferencia de OKCupid, Bumble se centra exclusivamente en las usuarias.<\/p>\n<h3>\u00bfC\u00f3mo se compara con otros?<\/h3>\n<p>La aplicaci\u00f3n funciona de manera similar a Tinder. Los usuarios deslizan el dedo hacia la derecha si quieren \u00abcoincidir\u00bb y deslizan el dedo hacia la izquierda si no lo hacen. Si ambos deslizan el dedo hacia la derecha, ver\u00e1n el perfil del otro. Desde aqu\u00ed, puede enviar un mensaje de texto, chatear o solicitar reunirse.<\/p>\n<p>A diferencia de Tinder, donde los hombres deben pagar para ver el perfil de una mujer, Bumble es completamente gratis. No hay tarifas para registrarse o navegar por los perfiles. Esto lo hace especialmente atractivo para las generaciones m\u00e1s j\u00f3venes, que a menudo se sienten presionadas a pagar por las cosas que disfrutan.<\/p>\n<p>El \u00e9xito de Bumble radica en lo f\u00e1cil que es de usar. A diferencia de Tinder, donde te ves obligado a esperar a que alguien te env\u00ede un mensaje, Bumble te permite iniciar conversaciones de inmediato. Adem\u00e1s, a diferencia de Tinder, Bumble no requiere que reveles tu nombre real. En su lugar, simplemente puede elegir un apodo para representarse a s\u00ed mismo.<\/p>\n<h3>\u00bfCompatibilidad?<\/h3>\n<p>Si bien Bumble es incre\u00edblemente conveniente, viene con algunas limitaciones. En primer lugar, la aplicaci\u00f3n solo es compatible con dispositivos iOS. Sin embargo, el soporte de Android llegar\u00e1 pronto. En segundo lugar, Bumble requiere una cuenta de Facebook para iniciar sesi\u00f3n. En tercer lugar, no puede interactuar con nadie fuera de su \u00e1rea local. Finalmente, debe tener 21 a\u00f1os o m\u00e1s para usar la aplicaci\u00f3n.<\/p>\n<h2>Match.com &#8211; Uno de los m\u00e1s grandes del mundo<\/h2>\n<p>Match es uno de los sitios de citas en l\u00ednea m\u00e1s populares. Con m\u00e1s de 30 millones de miembros en todo el mundo, no es de extra\u00f1ar por qu\u00e9. Sin embargo, si bien Match ofrece algunas caracter\u00edsticas excelentes como chat de video en vivo y mensajer\u00eda, hay algunas cosas sobre el sitio que lo hacen menos que ideal para citas casuales. Aqu\u00ed hay cinco razones por las que Match no es la combinaci\u00f3n perfecta para cada persona.<\/p>\n<h3>Hay muchas tarifas<\/h3>\n<p>Si decides unirte a Match, tendr\u00e1s que registrarte para obtener una membres\u00eda paga. Si no quieres gastar dinero, tendr\u00e1s que esperar tres d\u00edas para probar el servicio sin pagar nada. Despu\u00e9s de eso, sin embargo, tendr\u00e1 que elegir entre una suscripci\u00f3n mensual ($ 9.99), una suscripci\u00f3n anual ($ 19.99 por mes) o una suscripci\u00f3n de por vida ($ 59.99).<\/p>\n<h3>Solo puedes buscar personas dentro de tu pa\u00eds<\/h3>\n<p>Cuando inicies sesi\u00f3n en Match, ver\u00e1s un mapa donde puedes seleccionar los pa\u00edses en los que te gustar\u00eda buscar. Esto funciona bastante bien, excepto que no le permite buscar fuera de los Estados Unidos. Si est\u00e1 buscando encontrar el amor en el extranjero, es posible que desee considerar otra opci\u00f3n.<\/p>\n<h3>Debe pagar para ponerse en contacto con otra persona<\/h3>\n<p>Si bien puede usar la funci\u00f3n de mensajer\u00eda del sitio para enviar mensajes a personas con las que ha coincidido, no podr\u00e1 iniciar conversaciones a menos que pague $ 4.95 por mes. Si bien esta tarifa es mucho m\u00e1s barata que lo que cobran otros sitios de citas, hace que sea m\u00e1s dif\u00edcil iniciar conversaciones significativas con posibles coincidencias.<\/p>\n<h2>OKCupid &#8211; \u00a1Ahora gratis!<\/h2>\n<p>El mundo de las citas en l\u00ednea se vio sacudido cuando OKCupid anunci\u00f3 que hab\u00eda cambiado de rumbo y que ser\u00eda completamente gratuito. Si bien muchos sitios cobran una tarifa mensual, OKCupid dice que quiere dar a todos acceso a sus servicios. Una vez que su perfil est\u00e1 configurado en OKCupid, la aplicaci\u00f3n rastrea a los usuarios cuyos perfiles le han gustado, as\u00ed como a aquellos a los que les ha gustado el suyo. Tambi\u00e9n puede elegir ver a las personas a las que les ha gustado su perfil, y una vez que lo haga, podr\u00e1 ver su perfil y enviarles mensajes.<\/p>\n<p>Con una interfaz limpia y una navegaci\u00f3n f\u00e1cil, OkCupid simplifica la b\u00fasqueda de coincidencias. Puede navegar por perfiles basados en la ubicaci\u00f3n, la edad, el estado de la relaci\u00f3n, los intereses, los pasatiempos, el nivel de educaci\u00f3n, el trabajo, la religi\u00f3n, el origen \u00e9tnico, las preferencias de fumar, el tipo de cuerpo, la altura, el peso e incluso la orientaci\u00f3n sexual. Los usuarios pueden enviar mensajes, ver fotos, configurar fechas y chatear a trav\u00e9s de texto o video.<\/p>\n<h3>Costos<\/h3>\n<p>Con la versi\u00f3n de pago, OKCupid cobra $ 19 por mes.<\/p>\n<p>Con la versi\u00f3n gratuita, sin embargo, no podr\u00e1s hacer eso. En su lugar, se limitar\u00e1 a enviar mensajes a personas a las que ya les gusta. Si est\u00e1s buscando un lugar donde puedas conocer a muchas personas diferentes y encontrar el amor, vale la pena echarle un vistazo a OKCupid. Pero si prefieres quedarte con lo b\u00e1sico, echa un vistazo a nuestra lista de las mejores aplicaciones de citas gratuitas.<\/p>\n<p>Adem\u00e1s, pagar te permite ver a qui\u00e9n le ha gustado tu perfil sin tener que volver a pagar. Y si est\u00e1 dispuesto a gastar otros $ 9.95 \/ mes, puede deshacerse de los anuncios en la aplicaci\u00f3n.<\/p>\n<h2>Citas en Facebook &#8211; F\u00e1cil de usar<\/h2>\n<p>La \u00faltima incorporaci\u00f3n al arsenal de aplicaciones de Facebook es Facebook Dating. Este servicio gratuito le permite configurar un perfil de citas que no ser\u00e1 visible para nadie m\u00e1s, excepto para aquellos que son miembros de Facebook Dating. Puede elegir si desea hacer p\u00fablico su perfil o mantenerlo oculto. Si decides hacerlo p\u00fablico, podr\u00e1s agregar fotos, videos, eventos, ubicaciones e incluso consultar los perfiles de tus coincidencias.<\/p>\n<p>Tambi\u00e9n puede usar su cuenta de Facebook para completar autom\u00e1ticamente la informaci\u00f3n de su perfil, como su edad, sexo, ubicaci\u00f3n, estado civil, educaci\u00f3n, historial laboral, intereses, religi\u00f3n, opiniones pol\u00edticas y programa de televisi\u00f3n favorito.<\/p>\n<h2>POF &#8211; \u00a1Sin anuncios para iOS o Android!<\/h2>\n<p>El sitio gratuito de citas en l\u00ednea Plenty Of Fish es una de las opciones m\u00e1s populares que existen, especialmente entre los millennials. Pero mientras que muchas personas se inscriben todos los d\u00edas, muchas no se quedan el tiempo suficiente para encontrar el amor. De hecho, seg\u00fan los \u00faltimos datos de Statista, poco m\u00e1s de la mitad de los miembros de POF est\u00e1n activos cada mes.<\/p>\n<p>Si bien la versi\u00f3n gratuita le permite ver perfiles y enviar mensajes, tendr\u00e1 que pagar para hacer mucho m\u00e1s. Sin embargo, si est\u00e1 buscando ganar algo de dinero extra a trav\u00e9s del ajetreo lateral, Plenty of Fish ofrece varias formas de ganar dinero vendiendo suscripciones premium. Por ejemplo, puede vender una suscripci\u00f3n mensual por tan solo $ 10 por mes, o puede comprar un paquete anual por $ 99. Tambi\u00e9n recibir\u00e1s descuentos por compras m\u00faltiples.<\/p>\n<h1>Ahora, \u00bfqu\u00e9 debes hacer?<\/h1>\n<p>Si est\u00e1s buscando amor en l\u00ednea, probablemente hayas escuchado que pagar por un sitio de citas puede hacer que sea m\u00e1s f\u00e1cil encontrar a alguien compatible. Pero, \u00bfcu\u00e1nto cuesta? \u00bfY qu\u00e9 obtienes por tu dinero? Les pedimos a nuestros lectores que opinaran sobre si vale la pena pagar por una aplicaci\u00f3n o sitio de citas. Esto es lo que ten\u00edan que decir.<\/p>\n<p>Se supone que las citas en l\u00ednea son como las citas regulares, excepto sin la incomodidad de tener que hablar con humanos reales cara a cara. Y seg\u00fan una nueva encuesta, la mayor\u00eda de la gente piensa que eso es cierto. De hecho, uno de cada cuatro estadounidenses dice que est\u00e1 dispuesto a salir con alguien que conoci\u00f3 en l\u00ednea.<\/p>\n","protected":false},"excerpt":{"rendered":"<p>Los sitios de citas en l\u00ednea est\u00e1n aqu\u00ed para quedarse. Son parte de nuestra vida cotidiana ahora, nos guste o no. Y aunque hay muchas &hellip; <\/p>\n","protected":false},"author":1,"featured_media":0,"parent":0,"menu_order":0,"comment_status":"closed","ping_status":"closed","template":"","meta":[],"yoast_head":"<!-- This site is optimized with the Yoast SEO plugin v17.7.1 - https:\/\/yoast.com\/wordpress\/plugins\/seo\/ -->\n<title>Nuestra gu\u00eda de citas en l\u00ednea: qu\u00e9 aplicaciones probar primero - Loud Hookup Blog<\/title>\n<meta name=\"description\" content=\"META Descripci\u00f3n\" \/>\n<meta name=\"robots\" content=\"index, follow, max-snippet:-1, max-image-preview:large, max-video-preview:-1\" \/>\n<link rel=\"canonical\" href=\"http:\/\/loudgrandma.com\/es\/\" \/>\n<meta property=\"og:locale\" content=\"es_ES\" \/>\n<meta property=\"og:type\" content=\"article\" \/>\n<meta property=\"og:title\" content=\"Nuestra gu\u00eda de citas en l\u00ednea: qu\u00e9 aplicaciones probar primero - Loud Hookup Blog\" \/>\n<meta property=\"og:description\" content=\"META Descripci\u00f3n\" \/>\n<meta property=\"og:url\" content=\"http:\/\/loudgrandma.com\/es\/\" \/>\n<meta property=\"og:site_name\" content=\"Loud Hookup Blog\" \/>\n<meta property=\"og:image\" content=\"http:\/\/loudgrandma.com\/wp-content\/uploads\/2022\/08\/dating-sea-1024x683.jpeg\" \/>\n<meta name=\"twitter:card\" content=\"summary_large_image\" \/>\n<meta name=\"twitter:label1\" content=\"Tiempo de lectura\" \/>\n\t<meta name=\"twitter:data1\" content=\"8 minutos\" \/>\n<script type=\"application\/ld+json\" class=\"yoast-schema-graph\">{\"@context\":\"https:\/\/schema.org\",\"@graph\":[{\"@type\":\"WebSite\",\"@id\":\"https:\/\/loudgrandma.com\/#website\",\"url\":\"https:\/\/loudgrandma.com\/\",\"name\":\"Loud Hookup Blog\",\"description\":\"Finding Dates & More\",\"potentialAction\":[{\"@type\":\"SearchAction\",\"target\":{\"@type\":\"EntryPoint\",\"urlTemplate\":\"https:\/\/loudgrandma.com\/?s={search_term_string}\"},\"query-input\":\"required name=search_term_string\"}],\"inLanguage\":\"es\"},{\"@type\":\"ImageObject\",\"@id\":\"http:\/\/loudgrandma.com\/es\/#primaryimage\",\"inLanguage\":\"es\",\"url\":\"http:\/\/loudgrandma.com\/wp-content\/uploads\/2022\/08\/dating-sea.jpeg\",\"contentUrl\":\"http:\/\/loudgrandma.com\/wp-content\/uploads\/2022\/08\/dating-sea.jpeg\",\"width\":1125,\"height\":750},{\"@type\":\"WebPage\",\"@id\":\"http:\/\/loudgrandma.com\/es\/#webpage\",\"url\":\"http:\/\/loudgrandma.com\/es\/\",\"name\":\"Nuestra gu\\u00eda de citas en l\\u00ednea: qu\\u00e9 aplicaciones probar primero - Loud Hookup Blog\",\"isPartOf\":{\"@id\":\"https:\/\/loudgrandma.com\/#website\"},\"primaryImageOfPage\":{\"@id\":\"http:\/\/loudgrandma.com\/es\/#primaryimage\"},\"datePublished\":\"2022-08-29T10:51:01+00:00\",\"dateModified\":\"2022-08-29T10:51:01+00:00\",\"description\":\"META Descripci\\u00f3n\",\"breadcrumb\":{\"@id\":\"http:\/\/loudgrandma.com\/es\/#breadcrumb\"},\"inLanguage\":\"es\",\"potentialAction\":[{\"@type\":\"ReadAction\",\"target\":[\"http:\/\/loudgrandma.com\/es\/\"]}]},{\"@type\":\"BreadcrumbList\",\"@id\":\"http:\/\/loudgrandma.com\/es\/#breadcrumb\",\"itemListElement\":[{\"@type\":\"ListItem\",\"position\":1,\"name\":\"Home\",\"item\":\"http:\/\/loudgrandma.com\/es\/\"},{\"@type\":\"ListItem\",\"position\":2,\"name\":\"Nuestra gu\\u00eda de citas en l\\u00ednea: qu\\u00e9 aplicaciones probar primero\"}]}]}<\/script>\n<!-- \/ Yoast SEO plugin. -->","yoast_head_json":{"title":"Nuestra gu\u00eda de citas en l\u00ednea: qu\u00e9 aplicaciones probar primero - Loud Hookup Blog","description":"META Descripci\u00f3n","robots":{"index":"index","follow":"follow","max-snippet":"max-snippet:-1","max-image-preview":"max-image-preview:large","max-video-preview":"max-video-preview:-1"},"canonical":"http:\/\/loudgrandma.com\/es\/","og_locale":"es_ES","og_type":"article","og_title":"Nuestra gu\u00eda de citas en l\u00ednea: qu\u00e9 aplicaciones probar primero - Loud Hookup Blog","og_description":"META Descripci\u00f3n","og_url":"http:\/\/loudgrandma.com\/es\/","og_site_name":"Loud Hookup Blog","og_image":[{"url":"http:\/\/loudgrandma.com\/wp-content\/uploads\/2022\/08\/dating-sea-1024x683.jpeg"}],"twitter_card":"summary_large_image","twitter_misc":{"Tiempo de lectura":"8 minutos"},"schema":{"@context":"https:\/\/schema.org","@graph":[{"@type":"WebSite","@id":"https:\/\/loudgrandma.com\/#website","url":"https:\/\/loudgrandma.com\/","name":"Loud Hookup Blog","description":"Finding Dates & More","potentialAction":[{"@type":"SearchAction","target":{"@type":"EntryPoint","urlTemplate":"https:\/\/loudgrandma.com\/?s={search_term_string}"},"query-input":"required name=search_term_string"}],"inLanguage":"es"},{"@type":"ImageObject","@id":"http:\/\/loudgrandma.com\/es\/#primaryimage","inLanguage":"es","url":"http:\/\/loudgrandma.com\/wp-content\/uploads\/2022\/08\/dating-sea.jpeg","contentUrl":"http:\/\/loudgrandma.com\/wp-content\/uploads\/2022\/08\/dating-sea.jpeg","width":1125,"height":750},{"@type":"WebPage","@id":"http:\/\/loudgrandma.com\/es\/#webpage","url":"http:\/\/loudgrandma.com\/es\/","name":"Nuestra gu\u00eda de citas en l\u00ednea: qu\u00e9 aplicaciones probar primero - Loud Hookup Blog","isPartOf":{"@id":"https:\/\/loudgrandma.com\/#website"},"primaryImageOfPage":{"@id":"http:\/\/loudgrandma.com\/es\/#primaryimage"},"datePublished":"2022-08-29T10:51:01+00:00","dateModified":"2022-08-29T10:51:01+00:00","description":"META Descripci\u00f3n","breadcrumb":{"@id":"http:\/\/loudgrandma.com\/es\/#breadcrumb"},"inLanguage":"es","potentialAction":[{"@type":"ReadAction","target":["http:\/\/loudgrandma.com\/es\/"]}]},{"@type":"BreadcrumbList","@id":"http:\/\/loudgrandma.com\/es\/#breadcrumb","itemListElement":[{"@type":"ListItem","position":1,"name":"Home","item":"http:\/\/loudgrandma.com\/es\/"},{"@type":"ListItem","position":2,"name":"Nuestra gu\u00eda de citas en l\u00ednea: qu\u00e9 aplicaciones probar primero"}]}]}},"_links":{"self":[{"href":"http:\/\/loudgrandma.com\/es\/wp-json\/wp\/v2\/pages\/174"}],"collection":[{"href":"http:\/\/loudgrandma.com\/es\/wp-json\/wp\/v2\/pages"}],"about":[{"href":"http:\/\/loudgrandma.com\/es\/wp-json\/wp\/v2\/types\/page"}],"author":[{"embeddable":true,"href":"http:\/\/loudgrandma.com\/es\/wp-json\/wp\/v2\/users\/1"}],"replies":[{"embeddable":true,"href":"http:\/\/loudgrandma.com\/es\/wp-json\/wp\/v2\/comments?post=174"}],"version-history":[{"count":0,"href":"http:\/\/loudgrandma.com\/es\/wp-json\/wp\/v2\/pages\/174\/revisions"}],"wp:attachment":[{"href":"http:\/\/loudgrandma.com\/es\/wp-json\/wp\/v2\/media?parent=174"}],"curies":[{"name":"wp","href":"https:\/\/api.w.org\/{rel}","templated":true}]}}