{"id":164,"date":"2022-08-29T13:38:43","date_gmt":"2022-08-29T12:38:43","guid":{"rendered":"http:\/\/loudgrandma.com\/virheita-joita-teet-kun-seurustelet-verkossa\/"},"modified":"2022-08-29T13:38:43","modified_gmt":"2022-08-29T12:38:43","slug":"virheita-joita-teet-kun-seurustelet-verkossa","status":"publish","type":"page","link":"http:\/\/loudgrandma.com\/fi\/virheita-joita-teet-kun-seurustelet-verkossa\/","title":{"rendered":"Virheit\u00e4, joita teet, kun seurustelet verkossa"},"content":{"rendered":"<p>Aikuisten treffisivustot ovat yh\u00e4 suositumpia sinkkujen keskuudessa, jotka haluavat tavata jonkun erityisen. Mutta se, ett\u00e4 aikuisten treffisivustojen suosio kasvaa, ei v\u00e4ltt\u00e4m\u00e4tt\u00e4 tarkoita, ett\u00e4 ne ovat turvallisia.<\/p>\n<p>Aikuisten treffisivustoilla on paljon huijauksia ja v\u00e4\u00e4rennettyj\u00e4 profiileja, joten on t\u00e4rke\u00e4\u00e4 tutkia jokainen profiili perusteellisesti ennen tapaamista henkil\u00f6kohtaisesti. Etsi arvosteluja ja arvioita muilta j\u00e4senilt\u00e4 ja varmista aina, ett\u00e4 kuvat ovat todellisia. \u00c4l\u00e4 my\u00f6sk\u00e4\u00e4n koskaan l\u00e4het\u00e4 rahaa ennen kuin olet tavannut henkil\u00f6kohtaisesti.<\/p>\n<p>On my\u00f6s t\u00e4rke\u00e4\u00e4 muistaa, ett\u00e4 vaikka <a href=\"http:\/\/loudgrandma.com\/fi\/kuinka-loytaa-rakkaus-treffisovelluksilla\/\">aikuisten treffisivustot<\/a> ovat k\u00e4tevi\u00e4, ne eiv\u00e4t aina ole turvallisin vaihtoehto. Asiaan liittyy riskej\u00e4, kuten identiteettivarkauksia ja -petoksia. Joten jos p\u00e4\u00e4t\u00e4t liitty\u00e4 aikuisten treffisivustoon, ole varovainen ja valitse viisaasti.<\/p>\n<p>Kytkenn\u00e4t ovat hauskoja, helppoja ja nopeita. Mutta ne eiv\u00e4t ole aina tehokkaita. Oikein tehtyn\u00e4 kytkenn\u00e4t voivat johtaa pitk\u00e4aikaisiin suhteisiin, mutta jos etsit vain nopeaa heittoa, saatat p\u00e4\u00e4ty\u00e4 pettym\u00e4\u00e4n. N\u00e4in v\u00e4lt\u00e4t yleiset virheet ja saat itsellesi kuuman p\u00e4iv\u00e4m\u00e4\u00e4r\u00e4n.<\/p>\n<h2>Viisi pikavinkki\u00e4 &#8211; mit\u00e4 v\u00e4ltt\u00e4\u00e4<\/h2>\n<p>1. \u00c4l\u00e4 kiirehdi mihink\u00e4\u00e4n. Kytkent\u00f6jen on tarkoitus olla rentoja, joten \u00e4l\u00e4 odota tapaavasi henkil\u00f6\u00e4, joka haluaa asettua muutaman tunnin tapaamisen j\u00e4lkeen. Yrit\u00e4 sen sijaan asettaa p\u00e4iv\u00e4m\u00e4\u00e4ri\u00e4 useille viikoille tai kuukausille.<\/p>\n<p>2. Varmista, ett\u00e4 olette molemmat mukavia. Jos olet menossa sokkotreffeille, varmista, ett\u00e4 tunnet olosi tarpeeksi turvalliseksi ja itsevarmaksi puhuaksesi avoimesti seksist\u00e4. Jos olet hermostunut, kerro siit\u00e4 kumppanillesi etuk\u00e4teen.<\/p>\n<p>3. Ota asiat hitaasti. Kytkenn\u00e4t ovat yleens\u00e4 lyhytaikaisia, joten \u00e4l\u00e4 odota suhteen kehittyv\u00e4n vain muutaman p\u00e4iv\u00e4m\u00e4\u00e4r\u00e4n j\u00e4lkeen. Antakaa toisillenne tilaa kasvaa yhdess\u00e4.<\/p>\n<p>4. Jatka puhumista. Kun p\u00e4\u00e4t\u00e4t jatkaa kytkemist\u00e4, \u00e4l\u00e4 lopeta kommunikointia. Puhu kiinnostuksen kohteistasi, harrastuksistasi ja tavoitteistasi.<\/p>\n<p>5. Sinulla on realistiset odotukset. Kytkenn\u00e4t on tarkoitettu hauskanpitoon, ei sitoutumiseen. Joten jos etsit todellista suhdetta, etsi muualta.<\/p>\n<h2>Ent\u00e4 jos haluat vain rentoa seksi\u00e4?<\/h2>\n<p>Aikuisten treffisivustoista on tulossa yh\u00e4 suositumpia sinkkujen keskuudessa, jotka etsiv\u00e4t rakkautta, seksi\u00e4 ja kumppanuutta. T\u00e4m\u00e4ntyyppiset verkkosivustot tarjoavat j\u00e4senille mahdollisuuden tavata muita yhteisten etujen ja mieltymysten perusteella sen sijaan, ett\u00e4 luottaisivat pelk\u00e4st\u00e4\u00e4n fyysiseen vetovoimaan.<\/p>\n<p>Nyky\u00e4\u00e4n on saatavilla useita erityyppisi\u00e4 aikuisten treffisivustoja, mukaan lukien kapeat sivustot, valtavirran sivustot ja yleisk\u00e4ytt\u00f6iset sivustot. Niche-sivustot keskittyv\u00e4t yleens\u00e4 tiettyihin aiheisiin, kun taas valtavirran sivustot palvelevat laajempaa valikoimaa v\u00e4est\u00f6tietoja. Yleisk\u00e4ytt\u00f6iset sivustot on yleens\u00e4 suunnattu uusien ihmisten tapaamiseen ja romanssin l\u00f6yt\u00e4miseen. Riippumatta siit\u00e4, valitsetko markkinaraon vai valtavirran sivuston, on t\u00e4rke\u00e4\u00e4 muistaa, ett\u00e4 kilpailet muiden j\u00e4senten kanssa huomiosta. Varmista, ett\u00e4 profiilisi erottuu joukosta ja sis\u00e4lt\u00e4\u00e4 kuvia, jotka edustavat sinua tarkasti. Yrit\u00e4 my\u00f6s v\u00e4ltt\u00e4\u00e4 henkil\u00f6kohtaisten tietojen l\u00e4hett\u00e4mist\u00e4, jotka voivat vaarantaa turvallisuutesi. On my\u00f6s t\u00e4rke\u00e4\u00e4 ottaa huomioon, mink\u00e4 tyyppist\u00e4 suhdetta toivot rakentavasi jonkun kanssa, jonka tapaat aikuisten treffisivustolla. Joillakin sivustoilla j\u00e4senet voivat luoda profiileja, jotka kuvaavat itse\u00e4\u00e4n naimattomiksi, naimisissa oleviksi, eronneiksi tai sitoutuneeksi parisuhteeksi. Toiset edellytt\u00e4v\u00e4t, ett\u00e4 j\u00e4senet valitsevat luokan, joka ilmaisee heid\u00e4n nykyisen tilansa.<\/p>\n<h2>Turvallisuus<\/h2>\n<p>Riippumatta siit\u00e4, mink\u00e4 tyyppist\u00e4 suhdetta etsit, on aina viisasta asettaa odotuksia varhaisessa vaiheessa. Monet ihmiset tuntevat olonsa ep\u00e4mukavaksi keskustella siviilis\u00e4\u00e4dyst\u00e4\u00e4n tai aiemmista suhteistaan, joten on parasta asettaa peruss\u00e4\u00e4nn\u00f6t etuk\u00e4teen. Jos olet esimerkiksi kiinnostunut satunnaisista kytkenn\u00f6ist\u00e4, saatat sanoa, ett\u00e4 olet avoin kaikelle muulle kuin pitk\u00e4aikaisille sitoumuksille. Suojellaksesi itse\u00e4si, ole varovainen viestien suhteen, jotka n\u00e4ytt\u00e4v\u00e4t liian hyvilt\u00e4 ollakseen totta. \u00c4l\u00e4 anna henkil\u00f6kohtaisia tietoja ennen kuin olet tyytyv\u00e4inen siihen, \u00e4l\u00e4k\u00e4 koskaan l\u00e4het\u00e4 rahaa pankkisiirrolla tai lahjakorteilla. Maksa sen sijaan hyv\u00e4maineisen maksupalvelun, kuten PayPal tai Venmon, kautta.<\/p>\n","protected":false},"excerpt":{"rendered":"<p>Aikuisten treffisivustot ovat yh\u00e4 suositumpia sinkkujen keskuudessa, jotka haluavat tavata jonkun erityisen. Mutta se, ett\u00e4 aikuisten treffisivustojen suosio kasvaa, ei v\u00e4ltt\u00e4m\u00e4tt\u00e4 tarkoita, ett\u00e4 ne ovat &hellip; <\/p>\n","protected":false},"author":1,"featured_media":0,"parent":0,"menu_order":0,"comment_status":"closed","ping_status":"closed","template":"","meta":[],"yoast_head":"<!-- This site is optimized with the Yoast SEO plugin v17.7.1 - https:\/\/yoast.com\/wordpress\/plugins\/seo\/ -->\n<title>Virheit\u00e4, joita teet, kun seurustelet verkossa - Loud Hookup Blog<\/title>\n<meta name=\"robots\" content=\"index, follow, max-snippet:-1, max-image-preview:large, max-video-preview:-1\" \/>\n<link rel=\"canonical\" href=\"http:\/\/loudgrandma.com\/fi\/virheita-joita-teet-kun-seurustelet-verkossa\/\" \/>\n<meta property=\"og:locale\" content=\"fi_FI\" \/>\n<meta property=\"og:type\" content=\"article\" \/>\n<meta property=\"og:title\" content=\"Virheit\u00e4, joita teet, kun seurustelet verkossa - Loud Hookup Blog\" \/>\n<meta property=\"og:description\" content=\"Aikuisten treffisivustot ovat yh\u00e4 suositumpia sinkkujen keskuudessa, jotka haluavat tavata jonkun erityisen. Mutta se, ett\u00e4 aikuisten treffisivustojen suosio kasvaa, ei v\u00e4ltt\u00e4m\u00e4tt\u00e4 tarkoita, ett\u00e4 ne ovat &hellip;\" \/>\n<meta property=\"og:url\" content=\"http:\/\/loudgrandma.com\/fi\/virheita-joita-teet-kun-seurustelet-verkossa\/\" \/>\n<meta property=\"og:site_name\" content=\"Loud Hookup Blog\" \/>\n<meta name=\"twitter:card\" content=\"summary_large_image\" \/>\n<meta name=\"twitter:label1\" content=\"Arvioitu lukuaika\" \/>\n\t<meta name=\"twitter:data1\" content=\"3 minuuttia\" \/>\n<script type=\"application\/ld+json\" class=\"yoast-schema-graph\">{\"@context\":\"https:\/\/schema.org\",\"@graph\":[{\"@type\":\"WebSite\",\"@id\":\"https:\/\/loudgrandma.com\/#website\",\"url\":\"https:\/\/loudgrandma.com\/\",\"name\":\"Loud Hookup Blog\",\"description\":\"Finding Dates & More\",\"potentialAction\":[{\"@type\":\"SearchAction\",\"target\":{\"@type\":\"EntryPoint\",\"urlTemplate\":\"https:\/\/loudgrandma.com\/?s={search_term_string}\"},\"query-input\":\"required name=search_term_string\"}],\"inLanguage\":\"fi\"},{\"@type\":\"WebPage\",\"@id\":\"http:\/\/loudgrandma.com\/fi\/virheita-joita-teet-kun-seurustelet-verkossa\/#webpage\",\"url\":\"http:\/\/loudgrandma.com\/fi\/virheita-joita-teet-kun-seurustelet-verkossa\/\",\"name\":\"Virheit\\u00e4, joita teet, kun seurustelet verkossa - Loud Hookup Blog\",\"isPartOf\":{\"@id\":\"https:\/\/loudgrandma.com\/#website\"},\"datePublished\":\"2022-08-29T12:38:43+00:00\",\"dateModified\":\"2022-08-29T12:38:43+00:00\",\"breadcrumb\":{\"@id\":\"http:\/\/loudgrandma.com\/fi\/virheita-joita-teet-kun-seurustelet-verkossa\/#breadcrumb\"},\"inLanguage\":\"fi\",\"potentialAction\":[{\"@type\":\"ReadAction\",\"target\":[\"http:\/\/loudgrandma.com\/fi\/virheita-joita-teet-kun-seurustelet-verkossa\/\"]}]},{\"@type\":\"BreadcrumbList\",\"@id\":\"http:\/\/loudgrandma.com\/fi\/virheita-joita-teet-kun-seurustelet-verkossa\/#breadcrumb\",\"itemListElement\":[{\"@type\":\"ListItem\",\"position\":1,\"name\":\"Home\",\"item\":\"http:\/\/loudgrandma.com\/fi\/\"},{\"@type\":\"ListItem\",\"position\":2,\"name\":\"Virheit\\u00e4, joita teet, kun seurustelet verkossa\"}]}]}<\/script>\n<!-- \/ Yoast SEO plugin. -->","yoast_head_json":{"title":"Virheit\u00e4, joita teet, kun seurustelet verkossa - Loud Hookup Blog","robots":{"index":"index","follow":"follow","max-snippet":"max-snippet:-1","max-image-preview":"max-image-preview:large","max-video-preview":"max-video-preview:-1"},"canonical":"http:\/\/loudgrandma.com\/fi\/virheita-joita-teet-kun-seurustelet-verkossa\/","og_locale":"fi_FI","og_type":"article","og_title":"Virheit\u00e4, joita teet, kun seurustelet verkossa - Loud Hookup Blog","og_description":"Aikuisten treffisivustot ovat yh\u00e4 suositumpia sinkkujen keskuudessa, jotka haluavat tavata jonkun erityisen. Mutta se, ett\u00e4 aikuisten treffisivustojen suosio kasvaa, ei v\u00e4ltt\u00e4m\u00e4tt\u00e4 tarkoita, ett\u00e4 ne ovat &hellip;","og_url":"http:\/\/loudgrandma.com\/fi\/virheita-joita-teet-kun-seurustelet-verkossa\/","og_site_name":"Loud Hookup Blog","twitter_card":"summary_large_image","twitter_misc":{"Arvioitu lukuaika":"3 minuuttia"},"schema":{"@context":"https:\/\/schema.org","@graph":[{"@type":"WebSite","@id":"https:\/\/loudgrandma.com\/#website","url":"https:\/\/loudgrandma.com\/","name":"Loud Hookup Blog","description":"Finding Dates & More","potentialAction":[{"@type":"SearchAction","target":{"@type":"EntryPoint","urlTemplate":"https:\/\/loudgrandma.com\/?s={search_term_string}"},"query-input":"required name=search_term_string"}],"inLanguage":"fi"},{"@type":"WebPage","@id":"http:\/\/loudgrandma.com\/fi\/virheita-joita-teet-kun-seurustelet-verkossa\/#webpage","url":"http:\/\/loudgrandma.com\/fi\/virheita-joita-teet-kun-seurustelet-verkossa\/","name":"Virheit\u00e4, joita teet, kun seurustelet verkossa - Loud Hookup Blog","isPartOf":{"@id":"https:\/\/loudgrandma.com\/#website"},"datePublished":"2022-08-29T12:38:43+00:00","dateModified":"2022-08-29T12:38:43+00:00","breadcrumb":{"@id":"http:\/\/loudgrandma.com\/fi\/virheita-joita-teet-kun-seurustelet-verkossa\/#breadcrumb"},"inLanguage":"fi","potentialAction":[{"@type":"ReadAction","target":["http:\/\/loudgrandma.com\/fi\/virheita-joita-teet-kun-seurustelet-verkossa\/"]}]},{"@type":"BreadcrumbList","@id":"http:\/\/loudgrandma.com\/fi\/virheita-joita-teet-kun-seurustelet-verkossa\/#breadcrumb","itemListElement":[{"@type":"ListItem","position":1,"name":"Home","item":"http:\/\/loudgrandma.com\/fi\/"},{"@type":"ListItem","position":2,"name":"Virheit\u00e4, joita teet, kun seurustelet verkossa"}]}]}},"_links":{"self":[{"href":"http:\/\/loudgrandma.com\/fi\/wp-json\/wp\/v2\/pages\/164"}],"collection":[{"href":"http:\/\/loudgrandma.com\/fi\/wp-json\/wp\/v2\/pages"}],"about":[{"href":"http:\/\/loudgrandma.com\/fi\/wp-json\/wp\/v2\/types\/page"}],"author":[{"embeddable":true,"href":"http:\/\/loudgrandma.com\/fi\/wp-json\/wp\/v2\/users\/1"}],"replies":[{"embeddable":true,"href":"http:\/\/loudgrandma.com\/fi\/wp-json\/wp\/v2\/comments?post=164"}],"version-history":[{"count":0,"href":"http:\/\/loudgrandma.com\/fi\/wp-json\/wp\/v2\/pages\/164\/revisions"}],"wp:attachment":[{"href":"http:\/\/loudgrandma.com\/fi\/wp-json\/wp\/v2\/media?parent=164"}],"curies":[{"name":"wp","href":"https:\/\/api.w.org\/{rel}","templated":true}]}}