{"id":175,"date":"2022-08-29T11:51:01","date_gmt":"2022-08-29T10:51:01","guid":{"rendered":"http:\/\/loudgrandma.com\/oppaamme-online-treffailuun-mita-sovelluksia-kannattaa-kokeilla-ensin\/"},"modified":"2022-08-29T11:51:01","modified_gmt":"2022-08-29T10:51:01","slug":"oppaamme-online-treffailuun-mita-sovelluksia-kannattaa-kokeilla-ensin","status":"publish","type":"page","link":"http:\/\/loudgrandma.com\/fi\/","title":{"rendered":"Oppaamme online-treffailuun: mit\u00e4 sovelluksia kannattaa kokeilla ensin"},"content":{"rendered":"<p>Online-treffisivustot ovat tulleet j\u00e4\u00e4d\u00e4kseen. Ne ovat osa jokap\u00e4iv\u00e4ist\u00e4 el\u00e4m\u00e4\u00e4mme nyt, pidimmep\u00e4 siit\u00e4 tai emme. Ja vaikka siell\u00e4 on paljon maksullisia vaihtoehtoja, monet ihmiset haluavat silti pysy\u00e4 ilmaisissa. T\u00e4t\u00e4 silm\u00e4ll\u00e4 pit\u00e4en olemme koonneet luettelon parhaista ilmaisista treffisovelluksista ja sivustoista. Yritimme pit\u00e4\u00e4 asiat yksinkertaisina \u2013 ei temppuja, vain upeita ominaisuuksia ja vankkaa matchmakingia. Joten, ilman pitki\u00e4 puheita, t\u00e4ss\u00e4 on yhdeks\u00e4n parasta ilmaista treffisivustoa ja -sovellusta vuonna 2022.<\/p>\n<p>Olemme tehneet arvosteluja siit\u00e4, mitk\u00e4 ovat parhaita ja mit\u00e4 ihmisten pit\u00e4isi kokeilla vuonna 2022. Jos pid\u00e4t luettelostamme, kokeile heit\u00e4 ja kerro meille, miten p\u00e4rj\u00e4\u00e4t.<\/p>\n<p><img loading=\"lazy\" class=\"aligncenter size-large wp-image-48\" src=\"http:\/\/loudgrandma.com\/wp-content\/uploads\/2022\/08\/dating-sea-1024x683.jpeg\" alt=\"\" width=\"1024\" height=\"683\" srcset=\"http:\/\/loudgrandma.com\/wp-content\/uploads\/2022\/08\/dating-sea-1024x683.jpeg 1024w, http:\/\/loudgrandma.com\/wp-content\/uploads\/2022\/08\/dating-sea-300x200.jpeg 300w, http:\/\/loudgrandma.com\/wp-content\/uploads\/2022\/08\/dating-sea-768x512.jpeg 768w, http:\/\/loudgrandma.com\/wp-content\/uploads\/2022\/08\/dating-sea.jpeg 1125w\" sizes=\"(max-width: 1024px) 100vw, 1024px\" \/><\/p>\n<h2>Bumble &#8211; Onko se todella paras naisille?<\/h2>\n<p>Yli 50 miljoonalla j\u00e4senell\u00e4 ymp\u00e4ri maailmaa Bumble on yksi suosituimmista online-treffisovelluksista. Itse asiassa Business Insiderin mukaan Bumble on nopeimmin kasvava sovellus 18\u201334-vuotiaiden naisten keskuudessa. Ja vaikka monet ihmiset tuntevat Tinderin, toisen eritt\u00e4in menestyv\u00e4n treffisovelluksen, Bumble on itse asiassa vanhempi. Vuonna 2012 lanseerattu Bumble aloitti el\u00e4m\u00e4ns\u00e4 OKCupidin &#8211; vuonna 2004 perustetun treffisovelluksen &#8211; spinoffina. Toisin kuin OKCupid, Bumble keskittyy kuitenkin yksinomaan naisk\u00e4ytt\u00e4jiin.<\/p>\n<h3>Miten se vertautuu muihin?<\/h3>\n<p>Sovellus toimii samalla tavalla kuin Tinder. K\u00e4ytt\u00e4j\u00e4t pyyhk\u00e4isev\u00e4t oikealle, jos he haluavat &#8221;t\u00e4sm\u00e4ytt\u00e4\u00e4&#8221;, ja pyyhk\u00e4isev\u00e4t vasemmalle, jos eiv\u00e4t. Jos molemmat pyyhk\u00e4isev\u00e4t oikealle, n\u00e4et toistesi profiilin. T\u00e4\u00e4lt\u00e4 voit l\u00e4hett\u00e4\u00e4 tekstiviestin, chatin tai tapaamispyynn\u00f6n.<\/p>\n<p>Toisin kuin Tinder, jossa miesten on maksettava naisen profiilin katsomisesta, Bumble on t\u00e4ysin ilmainen. Rekister\u00f6itymisest\u00e4 tai profiilien selaamisesta ei perit\u00e4 maksuja. T\u00e4m\u00e4 tekee siit\u00e4 erityisen houkuttelevan nuoremmille sukupolville, jotka usein tuntevat painetta maksaa asioista, joista he nauttivat.<\/p>\n<p>Bumblen menestys piilee siin\u00e4, kuinka helppoa sit\u00e4 on k\u00e4ytt\u00e4\u00e4. Toisin kuin Tinder, jossa sinun on pakko odottaa, ett\u00e4 joku l\u00e4hett\u00e4\u00e4 sinulle viestin, Bumble antaa sinun aloittaa keskustelut v\u00e4litt\u00f6m\u00e4sti. Toisin kuin Tinder, Bumble ei my\u00f6sk\u00e4\u00e4n vaadi sinua paljastamaan oikeaa nime\u00e4si. Sen sijaan voit yksinkertaisesti valita lempinimen edustamaan itse\u00e4si.<\/p>\n<h3>Yhteensopivuus?<\/h3>\n<p>Vaikka Bumble on uskomattoman k\u00e4tev\u00e4, siihen liittyy joitain rajoituksia. Ensinn\u00e4kin sovellus on yhteensopiva vain iOS-laitteiden kanssa. Android-tuki on kuitenkin tulossa pian. Toiseksi Bumble vaatii Facebook-tilin kirjautuakseen sis\u00e4\u00e4n. Kolmanneksi, et voi olla vuorovaikutuksessa kenenk\u00e4\u00e4n kanssa paikallisen alueesi ulkopuolella. Lopuksi sinun on oltava v\u00e4hint\u00e4\u00e4n 21-vuotias, jotta voit k\u00e4ytt\u00e4\u00e4 sovellusta.<\/p>\n<h2>Match.com &#8211; Yksi maailman suurimmista<\/h2>\n<p>Match on yksi suosituimmista online-treffisivustoista. Yli 30 miljoonalla j\u00e4senell\u00e4 ymp\u00e4ri maailmaa ei ole ihme, miksi. Vaikka Match tarjoaa hienoja ominaisuuksia, kuten live-videokeskustelua ja viestej\u00e4, sivustolla on joitain asioita, jotka tekev\u00e4t siit\u00e4 v\u00e4hemm\u00e4n kuin ihanteellisen rentoon treffailuun. T\u00e4ss\u00e4 on viisi syyt\u00e4, miksi Match ei ole t\u00e4ydellinen ottelu jokaiselle henkil\u00f6lle.<\/p>\n<h3>Maksuja on paljon<\/h3>\n<p>Jos p\u00e4\u00e4t\u00e4t liitty\u00e4 Matchiin, sinun on rekister\u00f6idytt\u00e4v\u00e4 maksulliseen j\u00e4senyyteen. Jos et halua k\u00e4ytt\u00e4\u00e4 rahaa, sinun on odotettava kolme p\u00e4iv\u00e4\u00e4 kokeillaksesi palvelua maksamatta mit\u00e4\u00e4n. Sen j\u00e4lkeen sinun on kuitenkin valittava kuukausitilaus (9.99 dollaria), vuositilaus (19.99 dollaria kuukaudessa) tai elinik\u00e4inen tilaus (59.99 dollaria).<\/p>\n<h3>Voit etsi\u00e4 ihmisi\u00e4 vain maastasi<\/h3>\n<p>Kun kirjaudut Matchiin, n\u00e4et kartan, josta voit valita maat, joista haluat tehd\u00e4 hakuja. T\u00e4m\u00e4 toimii melko hyvin, paitsi ett\u00e4 se ei salli sinun etsi\u00e4 Yhdysvaltojen ulkopuolelta. Jos haluat l\u00f6yt\u00e4\u00e4 rakkautta ulkomailta, sinun kannattaa harkita toista vaihtoehtoa.<\/p>\n<h3>Sinun on maksettava ottaaksesi yhteytt\u00e4 johonkin toiseen<\/h3>\n<p>Vaikka voit k\u00e4ytt\u00e4\u00e4 sivuston viestiominaisuutta viestien l\u00e4hett\u00e4miseen ihmisille, joiden kanssa olet ollut yhteydess\u00e4, et voi aloittaa keskusteluja, ellet maksa 4.95 dollaria kuukaudessa. Vaikka t\u00e4m\u00e4 maksu on paljon halvempi kuin mit\u00e4 muut treffisivustot veloittavat, se vaikeuttaa merkityksellisten keskustelujen aloittamista mahdollisten otteluiden kanssa.<\/p>\n<h2>OKCupid &#8211; Nyt ilmainen!<\/h2>\n<p>Online-treffimaailma j\u00e4rkkyi, kun OKCupid ilmoitti muuttaneensa kurssiaan ja tulevansa t\u00e4ysin vapaaksi. Vaikka monet sivustot veloittavat kuukausimaksun, OKCupid sanoo haluavansa antaa kaikille p\u00e4\u00e4syn sen palveluihin. Kun profiilisi on m\u00e4\u00e4ritetty OKCupidiin, sovellus seuraa k\u00e4ytt\u00e4ji\u00e4, joiden profiileista olet tyk\u00e4nnyt, sek\u00e4 niit\u00e4, jotka ovat pit\u00e4neet omistasi. Voit my\u00f6s halutessasi tarkastella ihmisi\u00e4, jotka ovat tyk\u00e4nneet profiilistasi, ja kun olet tehnyt niin, voit tarkastella heid\u00e4n profiiliaan ja l\u00e4hett\u00e4\u00e4 heille viestej\u00e4.<\/p>\n<p>Puhtaan k\u00e4ytt\u00f6liittym\u00e4n ja helpon navigoinnin ansiosta OkCupid tekee otteluiden l\u00f6yt\u00e4misest\u00e4 helppoa. Voit selata profiileja sijainnin, i\u00e4n, parisuhteen tilan, kiinnostuksen kohteiden, harrastusten, koulutustason, ty\u00f6n, uskonnon, etnisen alkuper\u00e4n, tupakointimieltymysten, kehon tyypin, pituuden, painon ja jopa seksuaalisen suuntautumisen perusteella. K\u00e4ytt\u00e4j\u00e4t voivat l\u00e4hett\u00e4\u00e4 viestej\u00e4, katsella valokuvia, m\u00e4\u00e4ritt\u00e4\u00e4 p\u00e4iv\u00e4m\u00e4\u00e4ri\u00e4 ja keskustella tekstiviestill\u00e4 tai videolla.<\/p>\n<h3>Kustannukset<\/h3>\n<p>Maksullisella versiolla OKCupid veloittaa 19 dollaria kuukaudessa.<\/p>\n<p>Ilmaisella versiolla et kuitenkaan voi tehd\u00e4 sit\u00e4. Sen sijaan voit vain l\u00e4hett\u00e4\u00e4 viestej\u00e4 ihmisille, jotka jo pit\u00e4v\u00e4t sinusta. Jos etsit paikkaa, jossa voit tavata paljon erilaisia ihmisi\u00e4 ja l\u00f6yt\u00e4\u00e4 rakkautta, OKCupid on silti tutustumisen arvoinen. Mutta jos haluat mieluummin pit\u00e4\u00e4 kiinni perusasioista, tutustu parhaiden ilmaisten treffisovellusten luetteloomme.<\/p>\n<p>Lis\u00e4ksi maksaminen antaa sinun n\u00e4hd\u00e4, kuka on pit\u00e4nyt profiilistasi ilman, ett\u00e4 sinun tarvitsee maksaa uudelleen. Ja jos olet valmis k\u00e4ytt\u00e4m\u00e4\u00e4n viel\u00e4 9.95 dollaria kuukaudessa, voit p\u00e4\u00e4st\u00e4 eroon sovelluksen mainoksista.<\/p>\n<h2>Facebook Dating &#8211; Helppok\u00e4ytt\u00f6inen<\/h2>\n<p>Viimeisin lis\u00e4ys Facebookin sovellusarsenaaliin on Facebook Dating. T\u00e4m\u00e4n ilmaisen palvelun avulla voit luoda treffiprofiilin, joka ei n\u00e4y kenellek\u00e4\u00e4n muulle kuin niille, jotka ovat Facebook Datingin j\u00e4seni\u00e4. Voit valita, haluatko tehd\u00e4 profiilistasi julkisen vai pit\u00e4\u00e4k\u00f6 sen piilossa. Jos p\u00e4\u00e4t\u00e4t julkistaa sen, voit lis\u00e4t\u00e4 kuvia, videoita, tapahtumia, sijainteja ja jopa tutustua otteluidesi profiileihin.<\/p>\n<p>Voit my\u00f6s k\u00e4ytt\u00e4\u00e4 Facebook-k\u00e4ytt\u00e4j\u00e4tili\u00e4si t\u00e4ytt\u00e4\u00e4ksesi profiilitietosi automaattisesti, kuten ik\u00e4si, sukupuolesi, sijaintisi, parisuhdetilasi, koulutuksesi, ty\u00f6historiasi, kiinnostuksen kohteesi, uskontosi, poliittiset n\u00e4kemyksesi ja suosikki-TV-ohjelmasi.<\/p>\n<h2>POF &#8211; Ei mainoksia iOS: lle tai Androidille!<\/h2>\n<p>Ilmainen online-treffisivusto Plenty Of Fish on yksi suosituimmista vaihtoehdoista siell\u00e4, erityisesti milleniaalien keskuudessa. Mutta vaikka monet ihmiset ilmoittautuvat joka p\u00e4iv\u00e4, monet eiv\u00e4t pysy tarpeeksi kauan l\u00f6yt\u00e4\u00e4kseen rakkauden. Itse asiassa Statistan viimeisimpien tietojen mukaan hieman yli puolet POF:n j\u00e4senist\u00e4 on aktiivisia joka kuukausi.<\/p>\n<p>Vaikka ilmaisen version avulla voit tarkastella profiileja ja l\u00e4hett\u00e4\u00e4 viestej\u00e4, sinun on maksettava tehd\u00e4ksesi paljon muuta. Jos kuitenkin haluat ansaita ylim\u00e4\u00e4r\u00e4ist\u00e4 rahaa sivuhulinan kautta, Plenty of Fish tarjoaa useita tapoja ansaita rahaa myym\u00e4ll\u00e4 premium-tilauksia. Voit esimerkiksi myyd\u00e4 kuukausitilauksen niinkin alhaisella hinnalla kuin 10 dollaria kuukaudessa tai voit ostaa vuosipaketin hintaan 99 dollaria. Saat alennuksia my\u00f6s useista ostoksista.<\/p>\n<h1>Mit\u00e4 sinun pit\u00e4isi nyt tehd\u00e4?<\/h1>\n<p>Jos etsit rakkautta verkosta, olet todenn\u00e4k\u00f6isesti kuullut, ett\u00e4 treffisivuston maksaminen voi helpottaa yhteensopivan henkil\u00f6n l\u00f6yt\u00e4mist\u00e4. Mutta kuinka paljon se maksaa? Ja mit\u00e4 saat rahoillesi? Pyysimme lukijoitamme punnitsemaan, kannattaako treffisovelluksesta tai -sivustosta maksaa. T\u00e4ss\u00e4 on mit\u00e4 heill\u00e4 oli sanottavaa.<\/p>\n<p>Online-treffien on tarkoitus olla aivan kuin s\u00e4\u00e4nn\u00f6llinen seurustelu &#8211; paitsi ilman hankaluutta joutua puhumaan oikeiden ihmisten kanssa kasvokkain. Ja uuden tutkimuksen mukaan useimmat ihmiset ajattelevat, ett\u00e4 se on totta. Itse asiassa joka nelj\u00e4s amerikkalainen sanoo olevansa valmis seurustelemaan jonkun kanssa, jonka he tapasivat verkossa.<\/p>\n","protected":false},"excerpt":{"rendered":"<p>Online-treffisivustot ovat tulleet j\u00e4\u00e4d\u00e4kseen. Ne ovat osa jokap\u00e4iv\u00e4ist\u00e4 el\u00e4m\u00e4\u00e4mme nyt, pidimmep\u00e4 siit\u00e4 tai emme. Ja vaikka siell\u00e4 on paljon maksullisia vaihtoehtoja, monet ihmiset haluavat silti &hellip; <\/p>\n","protected":false},"author":1,"featured_media":0,"parent":0,"menu_order":0,"comment_status":"closed","ping_status":"closed","template":"","meta":[],"yoast_head":"<!-- This site is optimized with the Yoast SEO plugin v17.7.1 - https:\/\/yoast.com\/wordpress\/plugins\/seo\/ -->\n<title>Oppaamme online-treffailuun: mit\u00e4 sovelluksia kannattaa kokeilla ensin - Loud Hookup Blog<\/title>\n<meta name=\"description\" content=\"META-kuvaus\" \/>\n<meta name=\"robots\" content=\"index, follow, max-snippet:-1, max-image-preview:large, max-video-preview:-1\" \/>\n<link rel=\"canonical\" href=\"http:\/\/loudgrandma.com\/fi\/\" \/>\n<meta property=\"og:locale\" content=\"fi_FI\" \/>\n<meta property=\"og:type\" content=\"article\" \/>\n<meta property=\"og:title\" content=\"Oppaamme online-treffailuun: mit\u00e4 sovelluksia kannattaa kokeilla ensin - Loud Hookup Blog\" \/>\n<meta property=\"og:description\" content=\"META-kuvaus\" \/>\n<meta property=\"og:url\" content=\"http:\/\/loudgrandma.com\/fi\/\" \/>\n<meta property=\"og:site_name\" content=\"Loud Hookup Blog\" \/>\n<meta property=\"og:image\" content=\"http:\/\/loudgrandma.com\/wp-content\/uploads\/2022\/08\/dating-sea-1024x683.jpeg\" \/>\n<meta name=\"twitter:card\" content=\"summary_large_image\" \/>\n<meta name=\"twitter:label1\" content=\"Arvioitu lukuaika\" \/>\n\t<meta name=\"twitter:data1\" content=\"6 minuuttia\" \/>\n<script type=\"application\/ld+json\" class=\"yoast-schema-graph\">{\"@context\":\"https:\/\/schema.org\",\"@graph\":[{\"@type\":\"WebSite\",\"@id\":\"https:\/\/loudgrandma.com\/#website\",\"url\":\"https:\/\/loudgrandma.com\/\",\"name\":\"Loud Hookup Blog\",\"description\":\"Finding Dates & More\",\"potentialAction\":[{\"@type\":\"SearchAction\",\"target\":{\"@type\":\"EntryPoint\",\"urlTemplate\":\"https:\/\/loudgrandma.com\/?s={search_term_string}\"},\"query-input\":\"required name=search_term_string\"}],\"inLanguage\":\"fi\"},{\"@type\":\"ImageObject\",\"@id\":\"http:\/\/loudgrandma.com\/fi\/#primaryimage\",\"inLanguage\":\"fi\",\"url\":\"http:\/\/loudgrandma.com\/wp-content\/uploads\/2022\/08\/dating-sea.jpeg\",\"contentUrl\":\"http:\/\/loudgrandma.com\/wp-content\/uploads\/2022\/08\/dating-sea.jpeg\",\"width\":1125,\"height\":750},{\"@type\":\"WebPage\",\"@id\":\"http:\/\/loudgrandma.com\/fi\/#webpage\",\"url\":\"http:\/\/loudgrandma.com\/fi\/\",\"name\":\"Oppaamme online-treffailuun: mit\\u00e4 sovelluksia kannattaa kokeilla ensin - Loud Hookup Blog\",\"isPartOf\":{\"@id\":\"https:\/\/loudgrandma.com\/#website\"},\"primaryImageOfPage\":{\"@id\":\"http:\/\/loudgrandma.com\/fi\/#primaryimage\"},\"datePublished\":\"2022-08-29T10:51:01+00:00\",\"dateModified\":\"2022-08-29T10:51:01+00:00\",\"description\":\"META-kuvaus\",\"breadcrumb\":{\"@id\":\"http:\/\/loudgrandma.com\/fi\/#breadcrumb\"},\"inLanguage\":\"fi\",\"potentialAction\":[{\"@type\":\"ReadAction\",\"target\":[\"http:\/\/loudgrandma.com\/fi\/\"]}]},{\"@type\":\"BreadcrumbList\",\"@id\":\"http:\/\/loudgrandma.com\/fi\/#breadcrumb\",\"itemListElement\":[{\"@type\":\"ListItem\",\"position\":1,\"name\":\"Home\",\"item\":\"http:\/\/loudgrandma.com\/fi\/\"},{\"@type\":\"ListItem\",\"position\":2,\"name\":\"Oppaamme online-treffailuun: mit\\u00e4 sovelluksia kannattaa kokeilla ensin\"}]}]}<\/script>\n<!-- \/ Yoast SEO plugin. -->","yoast_head_json":{"title":"Oppaamme online-treffailuun: mit\u00e4 sovelluksia kannattaa kokeilla ensin - Loud Hookup Blog","description":"META-kuvaus","robots":{"index":"index","follow":"follow","max-snippet":"max-snippet:-1","max-image-preview":"max-image-preview:large","max-video-preview":"max-video-preview:-1"},"canonical":"http:\/\/loudgrandma.com\/fi\/","og_locale":"fi_FI","og_type":"article","og_title":"Oppaamme online-treffailuun: mit\u00e4 sovelluksia kannattaa kokeilla ensin - Loud Hookup Blog","og_description":"META-kuvaus","og_url":"http:\/\/loudgrandma.com\/fi\/","og_site_name":"Loud Hookup Blog","og_image":[{"url":"http:\/\/loudgrandma.com\/wp-content\/uploads\/2022\/08\/dating-sea-1024x683.jpeg"}],"twitter_card":"summary_large_image","twitter_misc":{"Arvioitu lukuaika":"6 minuuttia"},"schema":{"@context":"https:\/\/schema.org","@graph":[{"@type":"WebSite","@id":"https:\/\/loudgrandma.com\/#website","url":"https:\/\/loudgrandma.com\/","name":"Loud Hookup Blog","description":"Finding Dates & More","potentialAction":[{"@type":"SearchAction","target":{"@type":"EntryPoint","urlTemplate":"https:\/\/loudgrandma.com\/?s={search_term_string}"},"query-input":"required name=search_term_string"}],"inLanguage":"fi"},{"@type":"ImageObject","@id":"http:\/\/loudgrandma.com\/fi\/#primaryimage","inLanguage":"fi","url":"http:\/\/loudgrandma.com\/wp-content\/uploads\/2022\/08\/dating-sea.jpeg","contentUrl":"http:\/\/loudgrandma.com\/wp-content\/uploads\/2022\/08\/dating-sea.jpeg","width":1125,"height":750},{"@type":"WebPage","@id":"http:\/\/loudgrandma.com\/fi\/#webpage","url":"http:\/\/loudgrandma.com\/fi\/","name":"Oppaamme online-treffailuun: mit\u00e4 sovelluksia kannattaa kokeilla ensin - Loud Hookup Blog","isPartOf":{"@id":"https:\/\/loudgrandma.com\/#website"},"primaryImageOfPage":{"@id":"http:\/\/loudgrandma.com\/fi\/#primaryimage"},"datePublished":"2022-08-29T10:51:01+00:00","dateModified":"2022-08-29T10:51:01+00:00","description":"META-kuvaus","breadcrumb":{"@id":"http:\/\/loudgrandma.com\/fi\/#breadcrumb"},"inLanguage":"fi","potentialAction":[{"@type":"ReadAction","target":["http:\/\/loudgrandma.com\/fi\/"]}]},{"@type":"BreadcrumbList","@id":"http:\/\/loudgrandma.com\/fi\/#breadcrumb","itemListElement":[{"@type":"ListItem","position":1,"name":"Home","item":"http:\/\/loudgrandma.com\/fi\/"},{"@type":"ListItem","position":2,"name":"Oppaamme online-treffailuun: mit\u00e4 sovelluksia kannattaa kokeilla ensin"}]}]}},"_links":{"self":[{"href":"http:\/\/loudgrandma.com\/fi\/wp-json\/wp\/v2\/pages\/175"}],"collection":[{"href":"http:\/\/loudgrandma.com\/fi\/wp-json\/wp\/v2\/pages"}],"about":[{"href":"http:\/\/loudgrandma.com\/fi\/wp-json\/wp\/v2\/types\/page"}],"author":[{"embeddable":true,"href":"http:\/\/loudgrandma.com\/fi\/wp-json\/wp\/v2\/users\/1"}],"replies":[{"embeddable":true,"href":"http:\/\/loudgrandma.com\/fi\/wp-json\/wp\/v2\/comments?post=175"}],"version-history":[{"count":0,"href":"http:\/\/loudgrandma.com\/fi\/wp-json\/wp\/v2\/pages\/175\/revisions"}],"wp:attachment":[{"href":"http:\/\/loudgrandma.com\/fi\/wp-json\/wp\/v2\/media?parent=175"}],"curies":[{"name":"wp","href":"https:\/\/api.w.org\/{rel}","templated":true}]}}