{"id":172,"date":"2022-08-29T11:51:01","date_gmt":"2022-08-29T10:51:01","guid":{"rendered":"http:\/\/loudgrandma.com\/notre-guide-des-rencontres-en-ligne-quelles-applications-essayer-en-premier\/"},"modified":"2022-08-29T11:51:01","modified_gmt":"2022-08-29T10:51:01","slug":"notre-guide-des-rencontres-en-ligne-quelles-applications-essayer-en-premier","status":"publish","type":"page","link":"http:\/\/loudgrandma.com\/fr\/","title":{"rendered":"Notre guide des rencontres en ligne: quelles applications essayer en premier"},"content":{"rendered":"<p>Les sites de rencontres en ligne sont l\u00e0 pour rester. Ils font partie de notre vie quotidienne maintenant, que cela nous plaise ou non. Et bien qu\u2019il existe de nombreuses options payantes, beaucoup de gens pr\u00e9f\u00e8rent toujours s\u2019en tenir aux options gratuites. Dans cet esprit, nous avons dress\u00e9 une liste de certaines des meilleures applications et sites de rencontres gratuits. Nous avons essay\u00e9 de garder les choses simples &#8211; pas de gadgets, juste de superbes fonctionnalit\u00e9s et un matchmaking solide. Donc, sans plus tarder, voici les neuf meilleurs sites et applications de rencontres gratuits de 2022.<\/p>\n<p>Nous avons fait des examens sur ceux qui sont les meilleurs, et ceux que les gens devraient essayer en 2022. Si vous en aimez sur notre liste, s\u2019il vous pla\u00eet essayez-les et laissez-nous savoir comment vous vous en sortez.<\/p>\n<p><img loading=\"lazy\" class=\"aligncenter size-large wp-image-48\" src=\"http:\/\/loudgrandma.com\/wp-content\/uploads\/2022\/08\/dating-sea-1024x683.jpeg\" alt=\"\" width=\"1024\" height=\"683\" srcset=\"http:\/\/loudgrandma.com\/wp-content\/uploads\/2022\/08\/dating-sea-1024x683.jpeg 1024w, http:\/\/loudgrandma.com\/wp-content\/uploads\/2022\/08\/dating-sea-300x200.jpeg 300w, http:\/\/loudgrandma.com\/wp-content\/uploads\/2022\/08\/dating-sea-768x512.jpeg 768w, http:\/\/loudgrandma.com\/wp-content\/uploads\/2022\/08\/dating-sea.jpeg 1125w\" sizes=\"(max-width: 1024px) 100vw, 1024px\" \/><\/p>\n<h2>Bumble &#8211; Est-ce vraiment le meilleur pour les femmes?<\/h2>\n<p>Avec plus de 50 millions de membres dans le monde, Bumble est l\u2019une des applications de rencontres en ligne les plus populaires. En fait, selon Business Insider, Bumble est l\u2019application \u00e0 la croissance la plus rapide chez les femmes \u00e2g\u00e9es de 18 \u00e0 34 ans. Et alors que beaucoup de gens connaissent Tinder, une autre application de rencontres extr\u00eamement r\u00e9ussie, Bumble est en fait plus \u00e2g\u00e9. Lanc\u00e9 en 2012, Bumble a commenc\u00e9 sa vie en tant que spin-off d\u2019OKCupid &#8211; une application de rencontres fond\u00e9e en 2004. Cependant, contrairement \u00e0 OKCupid, Bumble se concentre exclusivement sur les utilisatrices.<\/p>\n<h3>Comment se compare-t-il aux autres?<\/h3>\n<p>L\u2019application fonctionne de la m\u00eame mani\u00e8re que Tinder. Les utilisateurs glissent vers la droite s\u2019ils veulent \u00ab correspondre \u00bb et vers la gauche s\u2019ils ne le font pas. Si vous balayez tous les deux vers la droite, vous verrez le profil de l\u2019autre. \u00c0 partir de l\u00e0, vous pouvez envoyer un message texte, un chat ou une demande de rencontre.<\/p>\n<p>Contrairement \u00e0 Tinder, o\u00f9 les hommes sont tenus de payer pour voir le profil d\u2019une femme, Bumble est enti\u00e8rement gratuit. Il n\u2019y a pas de frais pour s\u2019inscrire ou parcourir les profils. Cela le rend particuli\u00e8rement attrayant pour les jeunes g\u00e9n\u00e9rations, qui se sentent souvent oblig\u00e9es de payer pour des choses qu\u2019elles aiment.<\/p>\n<p>Le succ\u00e8s de Bumble r\u00e9side dans sa facilit\u00e9 d\u2019utilisation. Contrairement \u00e0 Tinder, o\u00f9 vous \u00eates oblig\u00e9 d\u2019attendre que quelqu\u2019un vous envoie un message, Bumble vous permet d\u2019entamer des conversations imm\u00e9diatement. De plus, contrairement \u00e0 Tinder, Bumble ne vous oblige pas \u00e0 r\u00e9v\u00e9ler votre vrai nom. Au lieu de cela, vous pouvez simplement choisir un surnom pour vous repr\u00e9senter.<\/p>\n<h3>Compatibilit\u00e9?<\/h3>\n<p>Bien que Bumble soit incroyablement pratique, il comporte certaines limitations. Tout d\u2019abord, l\u2019application n\u2019est compatible qu\u2019avec les appareils iOS. Le support Android arrive bient\u00f4t, cependant. Deuxi\u00e8mement, Bumble n\u00e9cessite un compte Facebook pour se connecter. Troisi\u00e8mement, vous ne pouvez pas interagir avec qui que ce soit en dehors de votre r\u00e9gion. Enfin, vous devez avoir 21 ans ou plus pour utiliser l\u2019application.<\/p>\n<h2>Match.com &#8211; L\u2019un des plus grands au monde<\/h2>\n<p>Match est l\u2019un des sites de rencontres en ligne les plus populaires. Avec plus de 30 millions de membres dans le monde, il n\u2019est pas \u00e9tonnant que ce soit pourquoi. Cependant, bien que Match offre d\u2019excellentes fonctionnalit\u00e9s telles que le chat vid\u00e9o en direct et la messagerie, certaines choses sur le site le rendent moins qu\u2019id\u00e9al pour les rencontres occasionnelles. Voici cinq raisons pour lesquelles Match n\u2019est pas le match parfait pour chaque personne.<\/p>\n<h3>Il y a beaucoup de frais<\/h3>\n<p>Si vous d\u00e9cidez de rejoindre Match, vous devrez vous inscrire \u00e0 un abonnement payant. Si vous ne voulez pas d\u00e9penser d\u2019argent, vous devrez attendre trois jours pour essayer le service sans rien payer. Apr\u00e8s cela, cependant, vous devrez choisir entre un abonnement mensuel (9,99 $), un abonnement annuel (19,99 $ par mois) ou un abonnement \u00e0 vie (59,99 $).<\/p>\n<h3>Vous ne pouvez rechercher que des personnes dans votre pays<\/h3>\n<p>Lorsque vous vous connectez \u00e0 Match, vous verrez une carte dans laquelle vous pouvez s\u00e9lectionner les pays dans lesquels vous souhaitez effectuer une recherche. Cela fonctionne plut\u00f4t bien, sauf que cela ne vous permet pas de rechercher en dehors des \u00c9tats-Unis. Si vous cherchez \u00e0 trouver l\u2019amour \u00e0 l\u2019\u00e9tranger, vous voudrez peut-\u00eatre envisager une autre option.<\/p>\n<h3>Vous devez payer pour contacter quelqu\u2019un d\u2019autre<\/h3>\n<p>Bien que vous puissiez utiliser la fonction de messagerie du site pour envoyer des messages aux personnes avec lesquelles vous avez correspondu, vous ne pourrez pas lancer de conversations \u00e0 moins de payer 4,95 $ par mois. Bien que ces frais soient beaucoup moins chers que ce que les autres sites de rencontres facturent, il est plus difficile de commencer des conversations significatives avec des correspondances potentielles.<\/p>\n<h2>OKCupid &#8211; Maintenant gratuit!<\/h2>\n<p>Le monde des rencontres en ligne a \u00e9t\u00e9 secou\u00e9 lorsque OKCupid a annonc\u00e9 qu\u2019il avait chang\u00e9 de cap et deviendrait compl\u00e8tement gratuit. Alors que de nombreux sites facturent des frais mensuels, OKCupid dit qu\u2019il veut donner \u00e0 tout le monde l\u2019acc\u00e8s \u00e0 ses services. Une fois votre profil configur\u00e9 sur OKCupid, l\u2019application suit les utilisateurs dont vous avez aim\u00e9 les profils ainsi que ceux qui ont aim\u00e9 le v\u00f4tre. Vous pouvez \u00e9galement choisir d\u2019afficher les personnes qui ont aim\u00e9 votre profil, et une fois que vous l\u2019aurez fait, vous pourrez voir leur profil et leur envoyer des messages.<\/p>\n<p>Avec une interface propre et une navigation facile, OkCupid facilite la recherche de correspondances. Vous pouvez parcourir les profils en fonction de l\u2019emplacement, de l\u2019\u00e2ge, du statut de la relation, des int\u00e9r\u00eats, des passe-temps, du niveau d\u2019\u00e9ducation, de l\u2019emploi, de la religion, de l\u2019origine ethnique, des pr\u00e9f\u00e9rences tabagiques, du type de corps, de la taille, du poids et m\u00eame de l\u2019orientation sexuelle. Les utilisateurs peuvent envoyer des messages, afficher des photos, d\u00e9finir des dates et discuter par SMS ou vid\u00e9o.<\/p>\n<h3>D\u00e9pens<\/h3>\n<p>Avec la version payante, OKCupid facture 19 $ par mois.<\/p>\n<p>Avec la version gratuite, cependant, vous ne pourrez pas le faire. Au lieu de cela, vous serez limit\u00e9 \u00e0 envoyer des messages \u00e0 des personnes qui vous aiment d\u00e9j\u00e0. Si vous cherchez un endroit o\u00f9 vous pouvez rencontrer beaucoup de gens diff\u00e9rents et trouver l\u2019amour, OKCupid vaut toujours le d\u00e9tour. Mais si vous pr\u00e9f\u00e9rez vous en tenir aux bases, consultez notre liste des meilleures applications de rencontres gratuites.<\/p>\n<p>De plus, payer vous permet de voir qui a aim\u00e9 votre profil sans avoir \u00e0 payer \u00e0 nouveau. Et si vous \u00eates pr\u00eat \u00e0 d\u00e9penser 9,95 $ \/ mois suppl\u00e9mentaires, vous pouvez vous d\u00e9barrasser des publicit\u00e9s sur l\u2019application.<\/p>\n<h2>Facebook Dating &#8211; Simple \u00e0 utiliser<\/h2>\n<p>Le dernier ajout \u00e0 l\u2019arsenal d\u2019applications de Facebook est Facebook Dating. Ce service gratuit vous permet de configurer un profil de rencontre qui ne sera visible par personne d\u2019autre, \u00e0 l\u2019exception de ceux qui sont membres de Facebook Dating. Vous pouvez choisir de rendre votre profil public ou de le garder cach\u00e9. Si vous d\u00e9cidez de le rendre public, vous pourrez ajouter des photos, des vid\u00e9os, des \u00e9v\u00e9nements, des lieux et m\u00eame consulter les profils de vos matchs.<\/p>\n<p>Vous pouvez \u00e9galement utiliser votre compte Facebook pour remplir automatiquement les informations de votre profil, telles que votre \u00e2ge, votre sexe, votre emplacement, votre statut relationnel, votre \u00e9ducation, vos ant\u00e9c\u00e9dents professionnels, vos int\u00e9r\u00eats, votre religion, vos opinions politiques et votre \u00e9mission de t\u00e9l\u00e9vision pr\u00e9f\u00e9r\u00e9e.<\/p>\n<h2>POF &#8211; Pas de publicit\u00e9 pour iOS ou Android!<\/h2>\n<p>Le site de rencontre en ligne gratuit Plenty Of Fish est l\u2019une des options les plus populaires, en particulier parmi les mill\u00e9naires. Mais alors que beaucoup de gens s\u2019inscrivent tous les jours, beaucoup ne restent pas assez longtemps pour trouver l\u2019amour. En fait, selon les derni\u00e8res donn\u00e9es de Statista, un peu plus de la moiti\u00e9 des membres du POF sont actifs chaque mois.<\/p>\n<p>Alors que la version gratuite vous permet de voir les profils et d\u2019envoyer des messages, vous devrez payer pour faire beaucoup d\u2019autres choses. Si vous cherchez \u00e0 gagner de l\u2019argent suppl\u00e9mentaire via l\u2019agitation lat\u00e9rale, cependant, Plenty of Fish offre plusieurs fa\u00e7ons de gagner de l\u2019argent en vendant des abonnements premium. Par exemple, vous pouvez vendre un abonnement mensuel pour aussi peu que 10 $ par mois, ou vous pouvez acheter un forfait annuel pour 99 $. Vous recevrez \u00e9galement des r\u00e9ductions pour plusieurs achats.<\/p>\n<h1>Maintenant, que devriez-vous faire?<\/h1>\n<p>Si vous recherchez l\u2019amour en ligne, vous avez probablement entendu dire que payer pour un site de rencontre peut faciliter la recherche de quelqu\u2019un de compatible. Mais combien cela co\u00fbte-t-il ? Et qu\u2019obtenez-vous pour votre argent? Nous avons demand\u00e9 \u00e0 nos lecteurs de se prononcer sur la question de savoir s\u2019il valait la peine de payer pour une application ou un site de rencontres. Voici ce qu\u2019ils avaient \u00e0 dire.<\/p>\n<p>Les rencontres en ligne sont cens\u00e9es \u00eatre comme les rencontres r\u00e9guli\u00e8res, sauf sans la g\u00eane d\u2019avoir \u00e0 parler \u00e0 de vrais humains en face \u00e0 face. Et selon un nouveau sondage, la plupart des gens pensent que c\u2019est vrai. En fait, un Am\u00e9ricain sur quatre dit qu\u2019il est pr\u00eat \u00e0 sortir avec quelqu\u2019un qu\u2019il a rencontr\u00e9 en ligne.<\/p>\n","protected":false},"excerpt":{"rendered":"<p>Les sites de rencontres en ligne sont l\u00e0 pour rester. Ils font partie de notre vie quotidienne maintenant, que cela nous plaise ou non. Et &hellip; <\/p>\n","protected":false},"author":1,"featured_media":0,"parent":0,"menu_order":0,"comment_status":"closed","ping_status":"closed","template":"","meta":[],"yoast_head":"<!-- This site is optimized with the Yoast SEO plugin v17.7.1 - https:\/\/yoast.com\/wordpress\/plugins\/seo\/ -->\n<title>Notre guide des rencontres en ligne: quelles applications essayer en premier - Loud Hookup Blog<\/title>\n<meta name=\"description\" content=\"META Description\" \/>\n<meta name=\"robots\" content=\"index, follow, max-snippet:-1, max-image-preview:large, max-video-preview:-1\" \/>\n<link rel=\"canonical\" href=\"http:\/\/loudgrandma.com\/fr\/\" \/>\n<meta property=\"og:locale\" content=\"fr_FR\" \/>\n<meta property=\"og:type\" content=\"article\" \/>\n<meta property=\"og:title\" content=\"Notre guide des rencontres en ligne: quelles applications essayer en premier - Loud Hookup Blog\" \/>\n<meta property=\"og:description\" content=\"META Description\" \/>\n<meta property=\"og:url\" content=\"http:\/\/loudgrandma.com\/fr\/\" \/>\n<meta property=\"og:site_name\" content=\"Loud Hookup Blog\" \/>\n<meta property=\"og:image\" content=\"http:\/\/loudgrandma.com\/wp-content\/uploads\/2022\/08\/dating-sea-1024x683.jpeg\" \/>\n<meta name=\"twitter:card\" content=\"summary_large_image\" \/>\n<meta name=\"twitter:label1\" content=\"Dur\u00e9e de lecture estim\u00e9e\" \/>\n\t<meta name=\"twitter:data1\" content=\"8 minutes\" \/>\n<script type=\"application\/ld+json\" class=\"yoast-schema-graph\">{\"@context\":\"https:\/\/schema.org\",\"@graph\":[{\"@type\":\"WebSite\",\"@id\":\"https:\/\/loudgrandma.com\/#website\",\"url\":\"https:\/\/loudgrandma.com\/\",\"name\":\"Loud Hookup Blog\",\"description\":\"Finding Dates & More\",\"potentialAction\":[{\"@type\":\"SearchAction\",\"target\":{\"@type\":\"EntryPoint\",\"urlTemplate\":\"https:\/\/loudgrandma.com\/?s={search_term_string}\"},\"query-input\":\"required name=search_term_string\"}],\"inLanguage\":\"fr-FR\"},{\"@type\":\"ImageObject\",\"@id\":\"http:\/\/loudgrandma.com\/fr\/#primaryimage\",\"inLanguage\":\"fr-FR\",\"url\":\"http:\/\/loudgrandma.com\/wp-content\/uploads\/2022\/08\/dating-sea.jpeg\",\"contentUrl\":\"http:\/\/loudgrandma.com\/wp-content\/uploads\/2022\/08\/dating-sea.jpeg\",\"width\":1125,\"height\":750},{\"@type\":\"WebPage\",\"@id\":\"http:\/\/loudgrandma.com\/fr\/#webpage\",\"url\":\"http:\/\/loudgrandma.com\/fr\/\",\"name\":\"Notre guide des rencontres en ligne: quelles applications essayer en premier - Loud Hookup Blog\",\"isPartOf\":{\"@id\":\"https:\/\/loudgrandma.com\/#website\"},\"primaryImageOfPage\":{\"@id\":\"http:\/\/loudgrandma.com\/fr\/#primaryimage\"},\"datePublished\":\"2022-08-29T10:51:01+00:00\",\"dateModified\":\"2022-08-29T10:51:01+00:00\",\"description\":\"META Description\",\"breadcrumb\":{\"@id\":\"http:\/\/loudgrandma.com\/fr\/#breadcrumb\"},\"inLanguage\":\"fr-FR\",\"potentialAction\":[{\"@type\":\"ReadAction\",\"target\":[\"http:\/\/loudgrandma.com\/fr\/\"]}]},{\"@type\":\"BreadcrumbList\",\"@id\":\"http:\/\/loudgrandma.com\/fr\/#breadcrumb\",\"itemListElement\":[{\"@type\":\"ListItem\",\"position\":1,\"name\":\"Home\",\"item\":\"http:\/\/loudgrandma.com\/fr\/\"},{\"@type\":\"ListItem\",\"position\":2,\"name\":\"Notre guide des rencontres en ligne: quelles applications essayer en premier\"}]}]}<\/script>\n<!-- \/ Yoast SEO plugin. -->","yoast_head_json":{"title":"Notre guide des rencontres en ligne: quelles applications essayer en premier - Loud Hookup Blog","description":"META Description","robots":{"index":"index","follow":"follow","max-snippet":"max-snippet:-1","max-image-preview":"max-image-preview:large","max-video-preview":"max-video-preview:-1"},"canonical":"http:\/\/loudgrandma.com\/fr\/","og_locale":"fr_FR","og_type":"article","og_title":"Notre guide des rencontres en ligne: quelles applications essayer en premier - Loud Hookup Blog","og_description":"META Description","og_url":"http:\/\/loudgrandma.com\/fr\/","og_site_name":"Loud Hookup Blog","og_image":[{"url":"http:\/\/loudgrandma.com\/wp-content\/uploads\/2022\/08\/dating-sea-1024x683.jpeg"}],"twitter_card":"summary_large_image","twitter_misc":{"Dur\u00e9e de lecture estim\u00e9e":"8 minutes"},"schema":{"@context":"https:\/\/schema.org","@graph":[{"@type":"WebSite","@id":"https:\/\/loudgrandma.com\/#website","url":"https:\/\/loudgrandma.com\/","name":"Loud Hookup Blog","description":"Finding Dates & More","potentialAction":[{"@type":"SearchAction","target":{"@type":"EntryPoint","urlTemplate":"https:\/\/loudgrandma.com\/?s={search_term_string}"},"query-input":"required name=search_term_string"}],"inLanguage":"fr-FR"},{"@type":"ImageObject","@id":"http:\/\/loudgrandma.com\/fr\/#primaryimage","inLanguage":"fr-FR","url":"http:\/\/loudgrandma.com\/wp-content\/uploads\/2022\/08\/dating-sea.jpeg","contentUrl":"http:\/\/loudgrandma.com\/wp-content\/uploads\/2022\/08\/dating-sea.jpeg","width":1125,"height":750},{"@type":"WebPage","@id":"http:\/\/loudgrandma.com\/fr\/#webpage","url":"http:\/\/loudgrandma.com\/fr\/","name":"Notre guide des rencontres en ligne: quelles applications essayer en premier - Loud Hookup Blog","isPartOf":{"@id":"https:\/\/loudgrandma.com\/#website"},"primaryImageOfPage":{"@id":"http:\/\/loudgrandma.com\/fr\/#primaryimage"},"datePublished":"2022-08-29T10:51:01+00:00","dateModified":"2022-08-29T10:51:01+00:00","description":"META Description","breadcrumb":{"@id":"http:\/\/loudgrandma.com\/fr\/#breadcrumb"},"inLanguage":"fr-FR","potentialAction":[{"@type":"ReadAction","target":["http:\/\/loudgrandma.com\/fr\/"]}]},{"@type":"BreadcrumbList","@id":"http:\/\/loudgrandma.com\/fr\/#breadcrumb","itemListElement":[{"@type":"ListItem","position":1,"name":"Home","item":"http:\/\/loudgrandma.com\/fr\/"},{"@type":"ListItem","position":2,"name":"Notre guide des rencontres en ligne: quelles applications essayer en premier"}]}]}},"_links":{"self":[{"href":"http:\/\/loudgrandma.com\/fr\/wp-json\/wp\/v2\/pages\/172"}],"collection":[{"href":"http:\/\/loudgrandma.com\/fr\/wp-json\/wp\/v2\/pages"}],"about":[{"href":"http:\/\/loudgrandma.com\/fr\/wp-json\/wp\/v2\/types\/page"}],"author":[{"embeddable":true,"href":"http:\/\/loudgrandma.com\/fr\/wp-json\/wp\/v2\/users\/1"}],"replies":[{"embeddable":true,"href":"http:\/\/loudgrandma.com\/fr\/wp-json\/wp\/v2\/comments?post=172"}],"version-history":[{"count":0,"href":"http:\/\/loudgrandma.com\/fr\/wp-json\/wp\/v2\/pages\/172\/revisions"}],"wp:attachment":[{"href":"http:\/\/loudgrandma.com\/fr\/wp-json\/wp\/v2\/media?parent=172"}],"curies":[{"name":"wp","href":"https:\/\/api.w.org\/{rel}","templated":true}]}}