{"id":182,"date":"2022-08-29T11:51:01","date_gmt":"2022-08-29T10:51:01","guid":{"rendered":"http:\/\/loudgrandma.com\/leidbeiningar-okkar-um-stefnumot-a-netinu-hvada-forrit-a-ad-profa-fyrst\/"},"modified":"2022-08-29T11:51:01","modified_gmt":"2022-08-29T10:51:01","slug":"leidbeiningar-okkar-um-stefnumot-a-netinu-hvada-forrit-a-ad-profa-fyrst","status":"publish","type":"page","link":"http:\/\/loudgrandma.com\/is\/","title":{"rendered":"Lei\u00f0beiningar okkar um stefnum\u00f3t \u00e1 netinu: Hva\u00f0a forrit \u00e1 a\u00f0 pr\u00f3fa fyrst"},"content":{"rendered":"<p>Stefnum\u00f3tas\u00ed\u00f0ur \u00e1 netinu eru komnar til a\u00f0 vera. \u00deau eru hluti af daglegu l\u00edfi okkar n\u00fana, hvort sem okkur l\u00edkar \u00fea\u00f0 betur e\u00f0a verr. Og \u00fe\u00f3 a\u00f0 \u00fea\u00f0 s\u00e9u fullt af greiddum valkostum \u00fearna \u00fati, kj\u00f3sa margir samt a\u00f0 halda sig vi\u00f0 \u00fe\u00e1 \u00f3keypis. Me\u00f0 \u00fea\u00f0 \u00ed huga h\u00f6fum vi\u00f0 sett saman lista yfir nokkur bestu \u00f3keypis stefnum\u00f3taforritin og vefs\u00ed\u00f0urnar \u00ed kring. Vi\u00f0 reyndum a\u00f0 hafa hlutina einfalda &#8211; engar brellur, bara fr\u00e1b\u00e6ra eiginleika og trausta samsv\u00f6run. Svo, \u00e1n frekari vandr\u00e6\u00f0a, h\u00e9r eru n\u00edu bestu \u00f3keypis stefnum\u00f3tas\u00ed\u00f0urnar og forritin 2022.<\/p>\n<p>Vi\u00f0 h\u00f6fum veri\u00f0 a\u00f0 gera umsagnir um hverjir eru bestir og hverjir \u00e6ttu a\u00f0 pr\u00f3fa \u00e1ri\u00f0 2022. Ef \u00fe\u00e9r l\u00edkar vel vi\u00f0 einhverja \u00e1 listanum okkar, vinsamlegast pr\u00f3fa\u00f0u \u00fe\u00e1 og l\u00e1ttu okkur vita hvernig \u00fe\u00fa kemst \u00e1fram.<\/p>\n<p><img loading=\"lazy\" class=\"aligncenter size-large wp-image-48\" src=\"http:\/\/loudgrandma.com\/wp-content\/uploads\/2022\/08\/dating-sea-1024x683.jpeg\" alt=\"\" width=\"1024\" height=\"683\" srcset=\"http:\/\/loudgrandma.com\/wp-content\/uploads\/2022\/08\/dating-sea-1024x683.jpeg 1024w, http:\/\/loudgrandma.com\/wp-content\/uploads\/2022\/08\/dating-sea-300x200.jpeg 300w, http:\/\/loudgrandma.com\/wp-content\/uploads\/2022\/08\/dating-sea-768x512.jpeg 768w, http:\/\/loudgrandma.com\/wp-content\/uploads\/2022\/08\/dating-sea.jpeg 1125w\" sizes=\"(max-width: 1024px) 100vw, 1024px\" \/><\/p>\n<h2>Bumble &#8211; Er \u00fea\u00f0 virkilega best fyrir konur?<\/h2>\n<p>Me\u00f0 yfir 50 millj\u00f3nir me\u00f0lima um allan heim er Bumble eitt vins\u00e6lasta stefnum\u00f3taforriti\u00f0 \u00e1 netinu sem til er. Reyndar, samkv\u00e6mt Business Insider, er Bumble \u00f6rt vaxandi appi\u00f0 me\u00f0al kvenna \u00e1 aldrinum 18-34 \u00e1ra. Og \u00fe\u00f3 a\u00f0 margir \u00feekki Tinder, anna\u00f0 gr\u00ed\u00f0arlega vel heppna\u00f0 stefnum\u00f3taforrit, \u00fe\u00e1 er Bumble \u00ed raun eldra. Bumble var hleypt af stokkunum \u00e1ri\u00f0 2012 og h\u00f3f l\u00edfi\u00f0 sem \u00fat\u00farsn\u00faningur OKCupid &#8211; stefnum\u00f3taforrit stofna\u00f0 \u00e1ri\u00f0 2004. Hins vegar, \u00f3l\u00edkt OKCupid, einbeitir Bumble s\u00e9r eing\u00f6ngu a\u00f0 kvenkyns notendum.<\/p>\n<h3>Hvernig er \u00fea\u00f0 \u00ed samanbur\u00f0i vi\u00f0 a\u00f0ra?<\/h3>\n<p>Appi\u00f0 virkar svipa\u00f0 og Tinder. Notendur strj\u00faka til h\u00e6gri ef \u00feeir vilja &#8222;passa&#8220; og strj\u00faka til vinstri ef \u00feeir gera \u00fea\u00f0 ekki. Ef \u00fei\u00f0 strj\u00faki\u00f0 b\u00e6\u00f0i til h\u00e6gri, sj\u00e1i\u00f0 \u00fei\u00f0 pr\u00f3f\u00edl hvors annars. H\u00e9\u00f0an er h\u00e6gt a\u00f0 senda textaskilabo\u00f0, spjall e\u00f0a bei\u00f0ni um a\u00f0 hittast.<\/p>\n<p>\u00d3l\u00edkt Tinder, \u00fear sem karlar \u00feurfa a\u00f0 borga fyrir a\u00f0 sko\u00f0a pr\u00f3f\u00edl konu, er Bumble algj\u00f6rlega \u00f3keypis. \u00dea\u00f0 eru engin gj\u00f6ld fyrir a\u00f0 skr\u00e1 \u00feig e\u00f0a sko\u00f0a pr\u00f3f\u00edla. \u00deetta gerir \u00fea\u00f0 s\u00e9rstaklega a\u00f0la\u00f0andi fyrir yngri kynsl\u00f3\u00f0ir sem finna oft fyrir \u00fer\u00fdstingi til a\u00f0 borga fyrir hluti sem \u00fe\u00e6r hafa gaman af.<\/p>\n<p>\u00c1rangur Bumble liggur \u00ed \u00fev\u00ed hversu au\u00f0velt \u00fea\u00f0 er \u00ed notkun. \u00d3l\u00edkt Tinder, \u00fear sem \u00fe\u00fa ney\u00f0ist til a\u00f0 b\u00ed\u00f0a eftir a\u00f0 einhver sendi \u00fe\u00e9r skilabo\u00f0, leyfir Bumble \u00fe\u00e9r a\u00f0 hefja samt\u00f6l strax. Einnig \u00f3l\u00edkt Tinder, \u00fe\u00e1 krefst Bumble \u00feess ekki a\u00f0 \u00fe\u00fa opinberir raunverulegt nafn \u00feitt. \u00deess \u00ed sta\u00f0 getur\u00f0u einfaldlega vali\u00f0 g\u00e6lunafn til a\u00f0 t\u00e1kna sj\u00e1lfan \u00feig.<\/p>\n<h3>Samh\u00e6fi?<\/h3>\n<p>\u00de\u00f3 a\u00f0 Bumble s\u00e9 \u00f3tr\u00falega \u00fe\u00e6gilegt, \u00fe\u00e1 fylgir \u00fev\u00ed nokkrar takmarkanir. \u00cd fyrsta lagi er forriti\u00f0 a\u00f0eins samh\u00e6ft vi\u00f0 iOS t\u00e6ki. Android stu\u00f0ningur kemur \u00fe\u00f3 flj\u00f3tlega. \u00cd \u00f6\u00f0ru lagi krefst Bumble Facebook reiknings til a\u00f0 skr\u00e1 sig inn. \u00cd \u00feri\u00f0ja lagi getur\u00f0u ekki \u00e1tt samskipti vi\u00f0 neinn utan \u00fe\u00edns sv\u00e6\u00f0is. A\u00f0 lokum ver\u00f0ur \u00fe\u00fa a\u00f0 vera 21 \u00e1rs e\u00f0a eldri til a\u00f0 nota forriti\u00f0.<\/p>\n<h2>Match.com &#8211; Eitt \u00fea\u00f0 st\u00e6rsta \u00ed heimi<\/h2>\n<p>Match er ein vins\u00e6lasta stefnum\u00f3tas\u00ed\u00f0an \u00e1 netinu. Me\u00f0 yfir 30 millj\u00f3nir me\u00f0lima um allan heim er engin fur\u00f0a hvers vegna. Hins vegar, \u00fe\u00f3 a\u00f0 Match bj\u00f3\u00f0i upp \u00e1 fr\u00e1b\u00e6ra eiginleika eins og lifandi myndspjall og skilabo\u00f0, \u00fe\u00e1 eru nokkur atri\u00f0i vi\u00f0 s\u00ed\u00f0una sem gera \u00fea\u00f0 minna en tilvali\u00f0 fyrir frj\u00e1lslegur stefnum\u00f3t. H\u00e9r eru fimm \u00e1st\u00e6\u00f0ur fyrir \u00fev\u00ed a\u00f0 Match er ekki fullkomin samsv\u00f6run fyrir hvern einasta einstakling.<\/p>\n<h3>\u00dea\u00f0 eru m\u00f6rg gj\u00f6ld<\/h3>\n<p>Ef \u00fe\u00fa \u00e1kve\u00f0ur a\u00f0 taka \u00fe\u00e1tt \u00ed Match \u00fearftu a\u00f0 skr\u00e1 \u00feig \u00ed greidda a\u00f0ild. Ef \u00fe\u00fa vilt ekki ey\u00f0a peningum \u00fearftu a\u00f0 b\u00ed\u00f0a \u00ed \u00ferj\u00e1 daga til a\u00f0 pr\u00f3fa \u00fej\u00f3nustuna \u00e1n \u00feess a\u00f0 borga neitt. Eftir \u00fea\u00f0 ver\u00f0ur \u00fe\u00fa hins vegar a\u00f0 velja \u00e1 milli m\u00e1na\u00f0arlegrar \u00e1skriftar ($ 9.99), \u00e1rlegrar \u00e1skriftar ($ 19.99 \u00e1 m\u00e1nu\u00f0i) e\u00f0a \u00e6vi\u00e1skriftar ($ 59.99).<\/p>\n<h3>\u00de\u00fa getur a\u00f0eins leita\u00f0 a\u00f0 f\u00f3lki \u00ed \u00fe\u00ednu landi<\/h3>\n<p>\u00deegar \u00fe\u00fa skr\u00e1ir \u00feig inn \u00e1 Match s\u00e9r\u00f0u kort \u00fear sem \u00fe\u00fa getur vali\u00f0 l\u00f6ndin sem \u00fe\u00fa vilt leita \u00ed. \u00deetta virkar nokku\u00f0 vel, nema \u00fea\u00f0 leyfir \u00fe\u00e9r ekki a\u00f0 leita utan Bandar\u00edkjanna. Ef \u00fe\u00fa ert a\u00f0 leita a\u00f0 \u00e1st erlendis g\u00e6tir\u00f0u vilja\u00f0 \u00edhuga annan valkost.<\/p>\n<h3>\u00de\u00fa \u00fearft a\u00f0 borga fyrir a\u00f0 hafa samband vi\u00f0 einhvern annan<\/h3>\n<p>\u00de\u00f3 a\u00f0 \u00fe\u00fa getir nota\u00f0 skilabo\u00f0aeiginleika s\u00ed\u00f0unnar til a\u00f0 senda skilabo\u00f0 til f\u00f3lks sem \u00fe\u00fa hefur passa\u00f0 vi\u00f0, muntu ekki geta hafi\u00f0 samt\u00f6l nema \u00fe\u00fa borgir $ 4.95 \u00e1 m\u00e1nu\u00f0i. \u00de\u00f3 a\u00f0 \u00feetta gjald s\u00e9 miklu \u00f3d\u00fdrara en \u00fea\u00f0 sem a\u00f0rar stefnum\u00f3tas\u00ed\u00f0ur rukka, \u00fe\u00e1 gerir \u00fea\u00f0 erfi\u00f0ara a\u00f0 hefja \u00fe\u00fd\u00f0ingarmiklar samr\u00e6\u00f0ur vi\u00f0 hugsanlega leiki.<\/p>\n<h2>OKCupid &#8211; N\u00fa \u00f3keypis!<\/h2>\n<p>Stefnum\u00f3taheimurinn \u00e1 netinu var rokka\u00f0ur \u00feegar OKCupid tilkynnti a\u00f0 hann hef\u00f0i breytt um stefnu og yr\u00f0i alveg \u00f3keypis. \u00de\u00f3 a\u00f0 margar s\u00ed\u00f0ur rukki m\u00e1na\u00f0argjald, segir OKCupid a\u00f0 \u00fea\u00f0 vilji veita \u00f6llum a\u00f0gang a\u00f0 \u00fej\u00f3nustu sinni. \u00deegar pr\u00f3f\u00edllinn \u00feinn er settur upp \u00e1 OKCupid fylgist forriti\u00f0 me\u00f0 notendum sem \u00fe\u00e9r hefur l\u00edka\u00f0 vi\u00f0 sni\u00f0in sem \u00fe\u00e9r hefur l\u00edka\u00f0 vi\u00f0 sem og \u00fe\u00e1 sem hafa l\u00edka\u00f0 vi\u00f0 \u00fe\u00edna. \u00de\u00fa getur l\u00edka vali\u00f0 a\u00f0 sko\u00f0a f\u00f3lk sem hefur l\u00edka\u00f0 vi\u00f0 pr\u00f3f\u00edlinn \u00feinn og \u00feegar \u00fe\u00fa hefur gert \u00fea\u00f0 muntu geta sko\u00f0a\u00f0 pr\u00f3f\u00edlinn \u00feeirra og sent \u00feeim skilabo\u00f0.<\/p>\n<p>Me\u00f0 hreinu vi\u00f0m\u00f3ti og au\u00f0veldu flakki gerir OkCupid \u00fea\u00f0 einfalt a\u00f0 finna samsv\u00f6run. \u00de\u00fa getur sko\u00f0a\u00f0 pr\u00f3f\u00edla eftir sta\u00f0setningu, aldri, sambandsst\u00f6\u00f0u, \u00e1hugam\u00e1lum, \u00e1hugam\u00e1lum, menntunarstigi, starfi, tr\u00faarbr\u00f6g\u00f0um, \u00fej\u00f3\u00f0erni, reykingastillingum, l\u00edkamsger\u00f0, h\u00e6\u00f0, \u00feyngd og jafnvel kynhneig\u00f0. Notendur geta sent skilabo\u00f0, sko\u00f0a\u00f0 myndir, sett upp dagsetningar og spjalla\u00f0 \u00ed gegnum texta e\u00f0a myndskei\u00f0.<\/p>\n<h3>Kostna\u00f0ur<\/h3>\n<p>Me\u00f0 greiddu \u00fatg\u00e1funni rukkar OKCupid $ 19 \u00e1 m\u00e1nu\u00f0i.<\/p>\n<p>Me\u00f0 \u00f3keypis \u00fatg\u00e1funni muntu hins vegar ekki geta gert \u00fea\u00f0. \u00deess \u00ed sta\u00f0 ver\u00f0ur \u00fe\u00fa takmarka\u00f0ur vi\u00f0 a\u00f0 senda skilabo\u00f0 til f\u00f3lks sem \u00feegar l\u00edkar vi\u00f0 \u00feig. Ef \u00fe\u00fa ert a\u00f0 leita a\u00f0 sta\u00f0 \u00fear sem \u00fe\u00fa getur hitt fullt af mismunandi f\u00f3lki og fundi\u00f0 \u00e1st, \u00fe\u00e1 er OKCupid samt \u00feess vir\u00f0i a\u00f0 sko\u00f0a. En ef \u00fe\u00fa vilt frekar halda \u00feig vi\u00f0 grunnatri\u00f0in skaltu sko\u00f0a lista okkar yfir bestu \u00f3keypis stefnum\u00f3taforritin.<\/p>\n<p>A\u00f0 auki gerir borga \u00fe\u00e9r kleift a\u00f0 sj\u00e1 hver hefur l\u00edka\u00f0 vi\u00f0 pr\u00f3f\u00edlinn \u00feinn \u00e1n \u00feess a\u00f0 \u00feurfa a\u00f0 borga aftur. Og ef \u00fe\u00fa ert tilb\u00fainn a\u00f0 ey\u00f0a \u00f6\u00f0rum $ 9.95 \u00e1 m\u00e1nu\u00f0i getur\u00f0u losna\u00f0 vi\u00f0 augl\u00fdsingar \u00ed appinu.<\/p>\n<h2>Facebook Stefnum\u00f3t &#8211; Einfalt \u00ed notkun<\/h2>\n<p>N\u00fdjasta vi\u00f0b\u00f3tin vi\u00f0 vopnab\u00far Facebook af forritum er Facebook Dating. \u00deessi \u00f3keypis \u00fej\u00f3nusta gerir \u00fe\u00e9r kleift a\u00f0 setja upp stefnum\u00f3tapr\u00f3f\u00edl sem ver\u00f0ur ekki s\u00fdnilegur neinum \u00f6\u00f0rum en \u00feeim sem eru me\u00f0limir Facebook Dating. \u00de\u00fa getur vali\u00f0 hvort \u00fe\u00fa gerir pr\u00f3f\u00edlinn \u00feinn opinberan e\u00f0a geymir hann falinn. Ef \u00fe\u00fa \u00e1kve\u00f0ur a\u00f0 gera \u00fea\u00f0 opinbert getur\u00f0u b\u00e6tt vi\u00f0 myndum, myndskei\u00f0um, vi\u00f0bur\u00f0um, st\u00f6\u00f0um og jafnvel sko\u00f0a\u00f0 pr\u00f3f\u00edla samsv\u00f6runar \u00feinna.<\/p>\n<p>\u00de\u00fa getur l\u00edka nota\u00f0 Facebook reikninginn \u00feinn til a\u00f0 fylla sj\u00e1lfkrafa \u00fat pr\u00f3f\u00edluppl\u00fdsingar \u00fe\u00ednar, svo sem aldur \u00feinn, kyn, sta\u00f0setningu, tengslast\u00f6\u00f0u, menntun, vinnus\u00f6gu, \u00e1hugam\u00e1l, tr\u00faarbr\u00f6g\u00f0, stj\u00f3rnm\u00e1lasko\u00f0anir og upp\u00e1halds sj\u00f3nvarps\u00fe\u00e1tt.<\/p>\n<h2>POF &#8211; Engar augl\u00fdsingar fyrir iOS e\u00f0a Android!<\/h2>\n<p>\u00d3keypis stefnum\u00f3tas\u00ed\u00f0an Plenty Of Fish \u00e1 netinu er einn vins\u00e6lasti kosturinn sem til er, s\u00e9rstaklega me\u00f0al \u00e1r\u00fe\u00fasunda. En \u00e1 me\u00f0an fullt af f\u00f3lki skr\u00e1ir sig \u00e1 hverjum degi eru margir ekki a\u00f0 halda sig n\u00f3gu lengi vi\u00f0 til a\u00f0 finna \u00e1stina. Reyndar, samkv\u00e6mt n\u00fdjustu g\u00f6gnum fr\u00e1 Statista, er r\u00famlega helmingur POF me\u00f0lima virkur \u00ed hverjum m\u00e1nu\u00f0i.<\/p>\n<p>\u00de\u00f3 a\u00f0 \u00f3keypis \u00fatg\u00e1fan geri \u00fe\u00e9r kleift a\u00f0 sko\u00f0a sni\u00f0 og senda skilabo\u00f0, \u00fe\u00e1 ver\u00f0ur \u00fe\u00fa a\u00f0 borga fyrir a\u00f0 gera margt anna\u00f0. Ef \u00fe\u00fa ert a\u00f0 leita a\u00f0 \u00fev\u00ed a\u00f0 gr\u00e6\u00f0a aukalega peninga \u00ed gegnum hli\u00f0ar\u00fer\u00e1na, \u00fe\u00e1 b\u00fd\u00f0ur Plenty of Fish upp \u00e1 nokkrar lei\u00f0ir til a\u00f0 vinna s\u00e9r inn peninga me\u00f0 \u00fev\u00ed a\u00f0 selja \u00farvals\u00e1skriftir. Til d\u00e6mis er h\u00e6gt a\u00f0 selja m\u00e1na\u00f0arlega \u00e1skrift fyrir allt a\u00f0 $ 10 \u00e1 m\u00e1nu\u00f0i, e\u00f0a \u00fe\u00fa g\u00e6tir keypt \u00e1rlegan pakka fyrir $ 99. \u00de\u00fa f\u00e6r\u00f0 l\u00edka afsl\u00e1tt fyrir m\u00f6rg kaup.<\/p>\n<h1>Hva\u00f0 \u00e6ttir\u00f0u n\u00fa a\u00f0 gera?<\/h1>\n<p>Ef \u00fe\u00fa ert a\u00f0 leita a\u00f0 \u00e1stinni \u00e1 netinu hefur \u00fe\u00fa sennilega heyrt a\u00f0 \u00fea\u00f0 a\u00f0 borga fyrir stefnum\u00f3tas\u00ed\u00f0u geti au\u00f0velda\u00f0 \u00fe\u00e9r a\u00f0 finna einhvern samh\u00e6fan. En hva\u00f0 kostar \u00fea\u00f0? Og hva\u00f0 f\u00e6r\u00f0u fyrir peningana \u00fe\u00edna? Vi\u00f0 b\u00e1\u00f0um lesendur okkar a\u00f0 vega a\u00f0 \u00fev\u00ed hvort \u00fea\u00f0 s\u00e9 \u00feess vir\u00f0i a\u00f0 borga fyrir stefnum\u00f3taforrit e\u00f0a s\u00ed\u00f0u. H\u00e9r er \u00fea\u00f0 sem \u00feeir h\u00f6f\u00f0u a\u00f0 segja.<\/p>\n<p>Stefnum\u00f3t \u00e1 netinu eiga a\u00f0 vera alveg eins og venjuleg stefnum\u00f3t &#8211; nema \u00e1n \u00feess a\u00f0 \u00f3\u00fe\u00e6gilegt s\u00e9 a\u00f0 \u00feurfa a\u00f0 tala vi\u00f0 alv\u00f6ru menn augliti til auglitis. Og samkv\u00e6mt n\u00fdrri k\u00f6nnun halda flestir a\u00f0 \u00fea\u00f0 s\u00e9 r\u00e9tt. Reyndar segist einn af hverjum fj\u00f3rum Bandar\u00edkjam\u00f6nnum vera tilb\u00fanir a\u00f0 fara \u00e1 stefnum\u00f3t me\u00f0 einhverjum sem \u00feeir hittu \u00e1 netinu.<\/p>\n","protected":false},"excerpt":{"rendered":"<p>Stefnum\u00f3tas\u00ed\u00f0ur \u00e1 netinu eru komnar til a\u00f0 vera. \u00deau eru hluti af daglegu l\u00edfi okkar n\u00fana, hvort sem okkur l\u00edkar \u00fea\u00f0 betur e\u00f0a verr. Og &hellip; <\/p>\n","protected":false},"author":1,"featured_media":0,"parent":0,"menu_order":0,"comment_status":"closed","ping_status":"closed","template":"","meta":[],"yoast_head":"<!-- This site is optimized with the Yoast SEO plugin v17.7.1 - https:\/\/yoast.com\/wordpress\/plugins\/seo\/ -->\n<title>Lei\u00f0beiningar okkar um stefnum\u00f3t \u00e1 netinu: Hva\u00f0a forrit \u00e1 a\u00f0 pr\u00f3fa fyrst - Loud Hookup Blog<\/title>\n<meta name=\"description\" content=\"META L\u00fdsing\" \/>\n<meta name=\"robots\" content=\"index, follow, max-snippet:-1, max-image-preview:large, max-video-preview:-1\" \/>\n<link rel=\"canonical\" href=\"http:\/\/loudgrandma.com\/is\/\" \/>\n<meta property=\"og:locale\" content=\"is_IS\" \/>\n<meta property=\"og:type\" content=\"article\" \/>\n<meta property=\"og:title\" content=\"Lei\u00f0beiningar okkar um stefnum\u00f3t \u00e1 netinu: Hva\u00f0a forrit \u00e1 a\u00f0 pr\u00f3fa fyrst - Loud Hookup Blog\" \/>\n<meta property=\"og:description\" content=\"META L\u00fdsing\" \/>\n<meta property=\"og:url\" content=\"http:\/\/loudgrandma.com\/is\/\" \/>\n<meta property=\"og:site_name\" content=\"Loud Hookup Blog\" \/>\n<meta property=\"og:image\" content=\"http:\/\/loudgrandma.com\/wp-content\/uploads\/2022\/08\/dating-sea-1024x683.jpeg\" \/>\n<meta name=\"twitter:card\" content=\"summary_large_image\" \/>\n<meta name=\"twitter:label1\" content=\"Est. reading time\" \/>\n\t<meta name=\"twitter:data1\" content=\"8 minutes\" \/>\n<script type=\"application\/ld+json\" class=\"yoast-schema-graph\">{\"@context\":\"https:\/\/schema.org\",\"@graph\":[{\"@type\":\"WebSite\",\"@id\":\"https:\/\/loudgrandma.com\/#website\",\"url\":\"https:\/\/loudgrandma.com\/\",\"name\":\"Loud Hookup Blog\",\"description\":\"Finding Dates & More\",\"potentialAction\":[{\"@type\":\"SearchAction\",\"target\":{\"@type\":\"EntryPoint\",\"urlTemplate\":\"https:\/\/loudgrandma.com\/?s={search_term_string}\"},\"query-input\":\"required name=search_term_string\"}],\"inLanguage\":\"is\"},{\"@type\":\"ImageObject\",\"@id\":\"http:\/\/loudgrandma.com\/is\/#primaryimage\",\"inLanguage\":\"is\",\"url\":\"http:\/\/loudgrandma.com\/wp-content\/uploads\/2022\/08\/dating-sea.jpeg\",\"contentUrl\":\"http:\/\/loudgrandma.com\/wp-content\/uploads\/2022\/08\/dating-sea.jpeg\",\"width\":1125,\"height\":750},{\"@type\":\"WebPage\",\"@id\":\"http:\/\/loudgrandma.com\/is\/#webpage\",\"url\":\"http:\/\/loudgrandma.com\/is\/\",\"name\":\"Lei\\u00f0beiningar okkar um stefnum\\u00f3t \\u00e1 netinu: Hva\\u00f0a forrit \\u00e1 a\\u00f0 pr\\u00f3fa fyrst - Loud Hookup Blog\",\"isPartOf\":{\"@id\":\"https:\/\/loudgrandma.com\/#website\"},\"primaryImageOfPage\":{\"@id\":\"http:\/\/loudgrandma.com\/is\/#primaryimage\"},\"datePublished\":\"2022-08-29T10:51:01+00:00\",\"dateModified\":\"2022-08-29T10:51:01+00:00\",\"description\":\"META L\\u00fdsing\",\"breadcrumb\":{\"@id\":\"http:\/\/loudgrandma.com\/is\/#breadcrumb\"},\"inLanguage\":\"is\",\"potentialAction\":[{\"@type\":\"ReadAction\",\"target\":[\"http:\/\/loudgrandma.com\/is\/\"]}]},{\"@type\":\"BreadcrumbList\",\"@id\":\"http:\/\/loudgrandma.com\/is\/#breadcrumb\",\"itemListElement\":[{\"@type\":\"ListItem\",\"position\":1,\"name\":\"Home\",\"item\":\"http:\/\/loudgrandma.com\/is\/\"},{\"@type\":\"ListItem\",\"position\":2,\"name\":\"Lei\\u00f0beiningar okkar um stefnum\\u00f3t \\u00e1 netinu: Hva\\u00f0a forrit \\u00e1 a\\u00f0 pr\\u00f3fa fyrst\"}]}]}<\/script>\n<!-- \/ Yoast SEO plugin. -->","yoast_head_json":{"title":"Lei\u00f0beiningar okkar um stefnum\u00f3t \u00e1 netinu: Hva\u00f0a forrit \u00e1 a\u00f0 pr\u00f3fa fyrst - Loud Hookup Blog","description":"META L\u00fdsing","robots":{"index":"index","follow":"follow","max-snippet":"max-snippet:-1","max-image-preview":"max-image-preview:large","max-video-preview":"max-video-preview:-1"},"canonical":"http:\/\/loudgrandma.com\/is\/","og_locale":"is_IS","og_type":"article","og_title":"Lei\u00f0beiningar okkar um stefnum\u00f3t \u00e1 netinu: Hva\u00f0a forrit \u00e1 a\u00f0 pr\u00f3fa fyrst - Loud Hookup Blog","og_description":"META L\u00fdsing","og_url":"http:\/\/loudgrandma.com\/is\/","og_site_name":"Loud Hookup Blog","og_image":[{"url":"http:\/\/loudgrandma.com\/wp-content\/uploads\/2022\/08\/dating-sea-1024x683.jpeg"}],"twitter_card":"summary_large_image","twitter_misc":{"Est. reading time":"8 minutes"},"schema":{"@context":"https:\/\/schema.org","@graph":[{"@type":"WebSite","@id":"https:\/\/loudgrandma.com\/#website","url":"https:\/\/loudgrandma.com\/","name":"Loud Hookup Blog","description":"Finding Dates & More","potentialAction":[{"@type":"SearchAction","target":{"@type":"EntryPoint","urlTemplate":"https:\/\/loudgrandma.com\/?s={search_term_string}"},"query-input":"required name=search_term_string"}],"inLanguage":"is"},{"@type":"ImageObject","@id":"http:\/\/loudgrandma.com\/is\/#primaryimage","inLanguage":"is","url":"http:\/\/loudgrandma.com\/wp-content\/uploads\/2022\/08\/dating-sea.jpeg","contentUrl":"http:\/\/loudgrandma.com\/wp-content\/uploads\/2022\/08\/dating-sea.jpeg","width":1125,"height":750},{"@type":"WebPage","@id":"http:\/\/loudgrandma.com\/is\/#webpage","url":"http:\/\/loudgrandma.com\/is\/","name":"Lei\u00f0beiningar okkar um stefnum\u00f3t \u00e1 netinu: Hva\u00f0a forrit \u00e1 a\u00f0 pr\u00f3fa fyrst - Loud Hookup Blog","isPartOf":{"@id":"https:\/\/loudgrandma.com\/#website"},"primaryImageOfPage":{"@id":"http:\/\/loudgrandma.com\/is\/#primaryimage"},"datePublished":"2022-08-29T10:51:01+00:00","dateModified":"2022-08-29T10:51:01+00:00","description":"META L\u00fdsing","breadcrumb":{"@id":"http:\/\/loudgrandma.com\/is\/#breadcrumb"},"inLanguage":"is","potentialAction":[{"@type":"ReadAction","target":["http:\/\/loudgrandma.com\/is\/"]}]},{"@type":"BreadcrumbList","@id":"http:\/\/loudgrandma.com\/is\/#breadcrumb","itemListElement":[{"@type":"ListItem","position":1,"name":"Home","item":"http:\/\/loudgrandma.com\/is\/"},{"@type":"ListItem","position":2,"name":"Lei\u00f0beiningar okkar um stefnum\u00f3t \u00e1 netinu: Hva\u00f0a forrit \u00e1 a\u00f0 pr\u00f3fa fyrst"}]}]}},"_links":{"self":[{"href":"http:\/\/loudgrandma.com\/is\/wp-json\/wp\/v2\/pages\/182"}],"collection":[{"href":"http:\/\/loudgrandma.com\/is\/wp-json\/wp\/v2\/pages"}],"about":[{"href":"http:\/\/loudgrandma.com\/is\/wp-json\/wp\/v2\/types\/page"}],"author":[{"embeddable":true,"href":"http:\/\/loudgrandma.com\/is\/wp-json\/wp\/v2\/users\/1"}],"replies":[{"embeddable":true,"href":"http:\/\/loudgrandma.com\/is\/wp-json\/wp\/v2\/comments?post=182"}],"version-history":[{"count":0,"href":"http:\/\/loudgrandma.com\/is\/wp-json\/wp\/v2\/pages\/182\/revisions"}],"wp:attachment":[{"href":"http:\/\/loudgrandma.com\/is\/wp-json\/wp\/v2\/media?parent=182"}],"curies":[{"name":"wp","href":"https:\/\/api.w.org\/{rel}","templated":true}]}}