{"id":179,"date":"2022-08-29T11:51:01","date_gmt":"2022-08-29T10:51:01","guid":{"rendered":"http:\/\/loudgrandma.com\/la-nostra-guida-agli-appuntamenti-online-quali-app-provare-per-prime\/"},"modified":"2022-08-29T11:51:01","modified_gmt":"2022-08-29T10:51:01","slug":"la-nostra-guida-agli-appuntamenti-online-quali-app-provare-per-prime","status":"publish","type":"page","link":"http:\/\/loudgrandma.com\/it\/","title":{"rendered":"La nostra guida agli appuntamenti online: quali app provare per prime"},"content":{"rendered":"<p>I siti di incontri online sono qui per restare. Fanno parte della nostra vita quotidiana ora, che ci piaccia o no. E mentre ci sono molte opzioni a pagamento l\u00e0 fuori, molte persone preferiscono ancora attenersi a quelle gratuite. Con questo in mente, abbiamo messo insieme un elenco di alcune delle migliori app e siti di incontri gratuiti in circolazione. Abbiamo cercato di mantenere le cose semplici: nessun espediente, solo grandi funzionalit\u00e0 e un solido matchmaking. Quindi, senza ulteriori indugi, ecco i nove migliori siti e app di incontri gratuiti del 2022.<\/p>\n<p>Abbiamo fatto recensioni su quali sono i migliori e quali dovrebbero provare le persone nel 2022. Se ti piace qualcuno nella nostra lista, per favore provali e facci sapere come vai avanti.<\/p>\n<p><img loading=\"lazy\" class=\"aligncenter size-large wp-image-48\" src=\"http:\/\/loudgrandma.com\/wp-content\/uploads\/2022\/08\/dating-sea-1024x683.jpeg\" alt=\"\" width=\"1024\" height=\"683\" srcset=\"http:\/\/loudgrandma.com\/wp-content\/uploads\/2022\/08\/dating-sea-1024x683.jpeg 1024w, http:\/\/loudgrandma.com\/wp-content\/uploads\/2022\/08\/dating-sea-300x200.jpeg 300w, http:\/\/loudgrandma.com\/wp-content\/uploads\/2022\/08\/dating-sea-768x512.jpeg 768w, http:\/\/loudgrandma.com\/wp-content\/uploads\/2022\/08\/dating-sea.jpeg 1125w\" sizes=\"(max-width: 1024px) 100vw, 1024px\" \/><\/p>\n<h2>Bumble &#8211; \u00c8 davvero il migliore per le donne?<\/h2>\n<p>Con oltre 50 milioni di membri in tutto il mondo, Bumble \u00e8 una delle app di appuntamenti online pi\u00f9 popolari in circolazione. Infatti, secondo Business Insider, Bumble \u00e8 l&#8217;app in pi\u00f9 rapida crescita tra le donne di et\u00e0 compresa tra 18 e 34 anni. E mentre molte persone hanno familiarit\u00e0 con Tinder, un&#8217;altra app di appuntamenti di enorme successo, Bumble \u00e8 in realt\u00e0 pi\u00f9 vecchio. Lanciato nel 2012, Bumble ha iniziato la sua vita come spin-off di OKCupid, un&#8217;app di appuntamenti fondata nel 2004. Tuttavia, a differenza di OKCupid, Bumble si concentra esclusivamente sugli utenti di sesso femminile.<\/p>\n<h3>Come si confronta con gli altri?<\/h3>\n<p>L&#8217;app funziona in modo simile a Tinder. Gli utenti scorrono verso destra se vogliono &#8220;abbinare&#8221; e scorri verso sinistra se non lo fanno. Se entrambi scorri verso destra, vedrai il profilo l&#8217;uno dell&#8217;altro. Da qui, puoi inviare un messaggio di testo, una chat o una richiesta di incontro.<\/p>\n<p>A differenza di Tinder, dove gli uomini sono tenuti a pagare per visualizzare il profilo di una donna, Bumble \u00e8 completamente gratuito. Non ci sono costi per registrarsi o sfogliare i profili. Questo lo rende particolarmente attraente per le generazioni pi\u00f9 giovani, che spesso si sentono sotto pressione per pagare per le cose che amano.<\/p>\n<p>Il successo di Bumble sta nella facilit\u00e0 d&#8217;uso. A differenza di Tinder, dove sei costretto ad aspettare che qualcuno ti invii un messaggio, Bumble ti consente di avviare immediatamente le conversazioni. Inoltre, a differenza di Tinder, Bumble non richiede di rivelare il tuo vero nome. Invece, puoi semplicemente scegliere un soprannome per rappresentare te stesso.<\/p>\n<h3>Compatibilit\u00e0?<\/h3>\n<p>Mentre Bumble \u00e8 incredibilmente conveniente, ha alcune limitazioni. Prima di tutto, l&#8217;app \u00e8 compatibile solo con i dispositivi iOS. Il supporto Android arriver\u00e0 presto, per\u00f2. In secondo luogo, Bumble richiede un account Facebook per accedere. In terzo luogo, non puoi interagire con nessuno al di fuori della tua area locale. Infine, devi avere almeno 21 anni per utilizzare l&#8217;app.<\/p>\n<h2>Match.com &#8211; Uno dei pi\u00f9 grandi al mondo<\/h2>\n<p>Match \u00e8 uno dei siti di incontri online pi\u00f9 popolari. Con oltre 30 milioni di membri in tutto il mondo, non c&#8217;\u00e8 da meravigliarsi perch\u00e9. Tuttavia, mentre Match offre alcune fantastiche funzionalit\u00e0 come la chat video dal vivo e la messaggistica, ci sono alcune cose sul sito che lo rendono meno che ideale per gli appuntamenti casuali. Ecco cinque motivi per cui Match non \u00e8 l&#8217;abbinamento perfetto per ogni singola persona.<\/p>\n<h3>Ci sono un sacco di tasse<\/h3>\n<p>Se decidi di iscriverti a Match, dovrai iscriverti a un abbonamento a pagamento. Se non vuoi spendere soldi, dovrai aspettare tre giorni per provare il servizio senza pagare nulla. Dopodich\u00e9, tuttavia, dovrai scegliere tra un abbonamento mensile ($ 9,99), un abbonamento annuale ($ 19,99 al mese) o un abbonamento a vita ($ 59,99).<\/p>\n<h3>Puoi cercare persone solo all&#8217;interno del tuo paese<\/h3>\n<p>Quando accedi a Match, vedrai una mappa in cui puoi selezionare i paesi in cui desideri cercare. Questo funziona abbastanza bene, tranne che non ti consente di cercare al di fuori degli Stati Uniti. Se stai cercando di trovare l&#8217;amore all&#8217;estero, potresti prendere in considerazione un&#8217;altra opzione.<\/p>\n<h3>Devi pagare per contattare qualcun altro<\/h3>\n<p>Mentre puoi utilizzare la funzione di messaggistica del sito per inviare messaggi alle persone con cui hai abbinato, non sarai in grado di avviare conversazioni a meno che tu non paghi $ 4.95 al mese. Mentre questa commissione \u00e8 molto pi\u00f9 economica di quella che altri siti di incontri fanno pagare, rende pi\u00f9 difficile iniziare conversazioni significative con potenziali corrispondenze.<\/p>\n<h2>OKCupid &#8211; Ora gratis!<\/h2>\n<p>Il mondo degli appuntamenti online \u00e8 stato scosso quando OKCupid ha annunciato che aveva cambiato rotta e sarebbe diventato completamente gratuito. Mentre molti siti addebitano una tariffa mensile, OKCupid afferma di voler dare a tutti l&#8217;accesso ai suoi servizi. Una volta impostato il tuo profilo su OKCupid, l&#8217;app tiene traccia degli utenti di cui ti sono piaciuti i profili e quelli a cui \u00e8 piaciuto il tuo. Puoi anche scegliere di visualizzare le persone a cui \u00e8 piaciuto il tuo profilo e, una volta fatto, sarai in grado di visualizzare il loro profilo e inviare loro messaggi.<\/p>\n<p>Con un&#8217;interfaccia pulita e una facile navigazione, OkCupid semplifica la ricerca di corrispondenze. Puoi sfogliare i profili in base a posizione, et\u00e0, stato sentimentale, interessi, hobby, livello di istruzione, lavoro, religione, etnia, preferenze di fumo, tipo di corporatura, altezza, peso e persino orientamento sessuale. Gli utenti possono inviare messaggi, visualizzare foto, impostare date e chattare tramite testo o video.<\/p>\n<h3>Costi<\/h3>\n<p>Con la versione a pagamento, OKCupid addebita $ 19 al mese.<\/p>\n<p>Con la versione gratuita, tuttavia, non sarai in grado di farlo. Invece, sarai limitato a inviare messaggi a persone a cui gi\u00e0 piaci. Se stai cercando un posto dove puoi incontrare molte persone diverse e trovare l&#8217;amore, OKCupid vale comunque la pena dare un&#8217;occhiata. Ma se preferisci attenerti alle basi, dai un&#8217;occhiata al nostro elenco delle migliori app di appuntamenti gratuite.<\/p>\n<p>Inoltre, il pagamento ti consente di vedere a chi \u00e8 piaciuto il tuo profilo senza dover pagare di nuovo. E se sei disposto a spendere altri $ 9.95 \/ mese, puoi sbarazzarti degli annunci sull&#8217;app.<\/p>\n<h2>Facebook Dating &#8211; Semplice da usare<\/h2>\n<p>L&#8217;ultima aggiunta all&#8217;arsenale di app di Facebook \u00e8 Facebook Dating. Questo servizio gratuito ti consente di impostare un profilo di appuntamenti che non sar\u00e0 visibile a nessun altro tranne quelli che sono membri di Facebook Dating. Puoi scegliere se rendere pubblico il tuo profilo o tenerlo nascosto. Se decidi di renderlo pubblico, potrai aggiungere foto, video, eventi, luoghi e persino controllare i profili delle tue partite.<\/p>\n<p>Puoi anche utilizzare il tuo account Facebook per inserire automaticamente le informazioni del tuo profilo, come et\u00e0, sesso, posizione, stato sentimentale, istruzione, storia lavorativa, interessi, religione, opinioni politiche e programmi TV preferiti.<\/p>\n<h2>POF &#8211; Nessuna pubblicit\u00e0 per iOS o Android!<\/h2>\n<p>Il sito di incontri online gratuito Plenty Of Fish \u00e8 una delle opzioni pi\u00f9 popolari l\u00e0 fuori, specialmente tra i millennial. Ma mentre molte persone si iscrivono ogni giorno, molte non rimangono abbastanza a lungo per trovare l&#8217;amore. Infatti, secondo gli ultimi dati di Statista, poco pi\u00f9 della met\u00e0 dei membri POF sono attivi ogni mese.<\/p>\n<p>Mentre la versione gratuita ti consente di visualizzare profili e inviare messaggi, dovrai pagare per fare molto altro. Se stai cercando di fare un po &#8216;di soldi extra tramite il trambusto laterale, per\u00f2, Plenty of Fish offre diversi modi per guadagnare denaro vendendo abbonamenti premium. Ad esempio, puoi vendere un abbonamento mensile a partire da $ 10 al mese oppure puoi acquistare un pacchetto annuale per $ 99. Riceverai sconti anche per acquisti multipli.<\/p>\n<h1>Ora cosa dovresti fare?<\/h1>\n<p>Se stai cercando l&#8217;amore online, probabilmente hai sentito che pagare per un sito di incontri pu\u00f2 rendere pi\u00f9 facile trovare qualcuno compatibile. Ma quanto costa? E cosa ottieni per i tuoi soldi? Abbiamo chiesto ai nostri lettori di valutare se vale la pena pagare per un&#8217;app o un sito di appuntamenti. Ecco cosa avevano da dire.<\/p>\n<p>Gli appuntamenti online dovrebbero essere proprio come gli appuntamenti regolari, tranne che senza l&#8217;imbarazzo di dover parlare con veri umani faccia a faccia. E secondo un nuovo sondaggio, la maggior parte delle persone pensa che sia vero. In effetti, un americano su quattro afferma di essere disposto a uscire con qualcuno che ha incontrato online.<\/p>\n","protected":false},"excerpt":{"rendered":"<p>I siti di incontri online sono qui per restare. Fanno parte della nostra vita quotidiana ora, che ci piaccia o no. E mentre ci sono &hellip; <\/p>\n","protected":false},"author":1,"featured_media":0,"parent":0,"menu_order":0,"comment_status":"closed","ping_status":"closed","template":"","meta":[],"yoast_head":"<!-- This site is optimized with the Yoast SEO plugin v17.7.1 - https:\/\/yoast.com\/wordpress\/plugins\/seo\/ -->\n<title>La nostra guida agli appuntamenti online: quali app provare per prime - Loud Hookup Blog<\/title>\n<meta name=\"description\" content=\"Descrizione META\" \/>\n<meta name=\"robots\" content=\"index, follow, max-snippet:-1, max-image-preview:large, max-video-preview:-1\" \/>\n<link rel=\"canonical\" href=\"http:\/\/loudgrandma.com\/it\/\" \/>\n<meta property=\"og:locale\" content=\"it_IT\" \/>\n<meta property=\"og:type\" content=\"article\" \/>\n<meta property=\"og:title\" content=\"La nostra guida agli appuntamenti online: quali app provare per prime - Loud Hookup Blog\" \/>\n<meta property=\"og:description\" content=\"Descrizione META\" \/>\n<meta property=\"og:url\" content=\"http:\/\/loudgrandma.com\/it\/\" \/>\n<meta property=\"og:site_name\" content=\"Loud Hookup Blog\" \/>\n<meta property=\"og:image\" content=\"http:\/\/loudgrandma.com\/wp-content\/uploads\/2022\/08\/dating-sea-1024x683.jpeg\" \/>\n<meta name=\"twitter:card\" content=\"summary_large_image\" \/>\n<meta name=\"twitter:label1\" content=\"Tempo di lettura stimato\" \/>\n\t<meta name=\"twitter:data1\" content=\"6 minuti\" \/>\n<script type=\"application\/ld+json\" class=\"yoast-schema-graph\">{\"@context\":\"https:\/\/schema.org\",\"@graph\":[{\"@type\":\"WebSite\",\"@id\":\"https:\/\/loudgrandma.com\/#website\",\"url\":\"https:\/\/loudgrandma.com\/\",\"name\":\"Loud Hookup Blog\",\"description\":\"Finding Dates & More\",\"potentialAction\":[{\"@type\":\"SearchAction\",\"target\":{\"@type\":\"EntryPoint\",\"urlTemplate\":\"https:\/\/loudgrandma.com\/?s={search_term_string}\"},\"query-input\":\"required name=search_term_string\"}],\"inLanguage\":\"it-IT\"},{\"@type\":\"ImageObject\",\"@id\":\"http:\/\/loudgrandma.com\/it\/#primaryimage\",\"inLanguage\":\"it-IT\",\"url\":\"http:\/\/loudgrandma.com\/wp-content\/uploads\/2022\/08\/dating-sea.jpeg\",\"contentUrl\":\"http:\/\/loudgrandma.com\/wp-content\/uploads\/2022\/08\/dating-sea.jpeg\",\"width\":1125,\"height\":750},{\"@type\":\"WebPage\",\"@id\":\"http:\/\/loudgrandma.com\/it\/#webpage\",\"url\":\"http:\/\/loudgrandma.com\/it\/\",\"name\":\"La nostra guida agli appuntamenti online: quali app provare per prime - Loud Hookup Blog\",\"isPartOf\":{\"@id\":\"https:\/\/loudgrandma.com\/#website\"},\"primaryImageOfPage\":{\"@id\":\"http:\/\/loudgrandma.com\/it\/#primaryimage\"},\"datePublished\":\"2022-08-29T10:51:01+00:00\",\"dateModified\":\"2022-08-29T10:51:01+00:00\",\"description\":\"Descrizione META\",\"breadcrumb\":{\"@id\":\"http:\/\/loudgrandma.com\/it\/#breadcrumb\"},\"inLanguage\":\"it-IT\",\"potentialAction\":[{\"@type\":\"ReadAction\",\"target\":[\"http:\/\/loudgrandma.com\/it\/\"]}]},{\"@type\":\"BreadcrumbList\",\"@id\":\"http:\/\/loudgrandma.com\/it\/#breadcrumb\",\"itemListElement\":[{\"@type\":\"ListItem\",\"position\":1,\"name\":\"Home\",\"item\":\"https:\/\/loudgrandma.com\/it\/\"},{\"@type\":\"ListItem\",\"position\":2,\"name\":\"La nostra guida agli appuntamenti online: quali app provare per prime\"}]}]}<\/script>\n<!-- \/ Yoast SEO plugin. -->","yoast_head_json":{"title":"La nostra guida agli appuntamenti online: quali app provare per prime - Loud Hookup Blog","description":"Descrizione META","robots":{"index":"index","follow":"follow","max-snippet":"max-snippet:-1","max-image-preview":"max-image-preview:large","max-video-preview":"max-video-preview:-1"},"canonical":"http:\/\/loudgrandma.com\/it\/","og_locale":"it_IT","og_type":"article","og_title":"La nostra guida agli appuntamenti online: quali app provare per prime - Loud Hookup Blog","og_description":"Descrizione META","og_url":"http:\/\/loudgrandma.com\/it\/","og_site_name":"Loud Hookup Blog","og_image":[{"url":"http:\/\/loudgrandma.com\/wp-content\/uploads\/2022\/08\/dating-sea-1024x683.jpeg"}],"twitter_card":"summary_large_image","twitter_misc":{"Tempo di lettura stimato":"6 minuti"},"schema":{"@context":"https:\/\/schema.org","@graph":[{"@type":"WebSite","@id":"https:\/\/loudgrandma.com\/#website","url":"https:\/\/loudgrandma.com\/","name":"Loud Hookup Blog","description":"Finding Dates & More","potentialAction":[{"@type":"SearchAction","target":{"@type":"EntryPoint","urlTemplate":"https:\/\/loudgrandma.com\/?s={search_term_string}"},"query-input":"required name=search_term_string"}],"inLanguage":"it-IT"},{"@type":"ImageObject","@id":"http:\/\/loudgrandma.com\/it\/#primaryimage","inLanguage":"it-IT","url":"http:\/\/loudgrandma.com\/wp-content\/uploads\/2022\/08\/dating-sea.jpeg","contentUrl":"http:\/\/loudgrandma.com\/wp-content\/uploads\/2022\/08\/dating-sea.jpeg","width":1125,"height":750},{"@type":"WebPage","@id":"http:\/\/loudgrandma.com\/it\/#webpage","url":"http:\/\/loudgrandma.com\/it\/","name":"La nostra guida agli appuntamenti online: quali app provare per prime - Loud Hookup Blog","isPartOf":{"@id":"https:\/\/loudgrandma.com\/#website"},"primaryImageOfPage":{"@id":"http:\/\/loudgrandma.com\/it\/#primaryimage"},"datePublished":"2022-08-29T10:51:01+00:00","dateModified":"2022-08-29T10:51:01+00:00","description":"Descrizione META","breadcrumb":{"@id":"http:\/\/loudgrandma.com\/it\/#breadcrumb"},"inLanguage":"it-IT","potentialAction":[{"@type":"ReadAction","target":["http:\/\/loudgrandma.com\/it\/"]}]},{"@type":"BreadcrumbList","@id":"http:\/\/loudgrandma.com\/it\/#breadcrumb","itemListElement":[{"@type":"ListItem","position":1,"name":"Home","item":"https:\/\/loudgrandma.com\/it\/"},{"@type":"ListItem","position":2,"name":"La nostra guida agli appuntamenti online: quali app provare per prime"}]}]}},"_links":{"self":[{"href":"http:\/\/loudgrandma.com\/it\/wp-json\/wp\/v2\/pages\/179"}],"collection":[{"href":"http:\/\/loudgrandma.com\/it\/wp-json\/wp\/v2\/pages"}],"about":[{"href":"http:\/\/loudgrandma.com\/it\/wp-json\/wp\/v2\/types\/page"}],"author":[{"embeddable":true,"href":"http:\/\/loudgrandma.com\/it\/wp-json\/wp\/v2\/users\/1"}],"replies":[{"embeddable":true,"href":"http:\/\/loudgrandma.com\/it\/wp-json\/wp\/v2\/comments?post=179"}],"version-history":[{"count":0,"href":"http:\/\/loudgrandma.com\/it\/wp-json\/wp\/v2\/pages\/179\/revisions"}],"wp:attachment":[{"href":"http:\/\/loudgrandma.com\/it\/wp-json\/wp\/v2\/media?parent=179"}],"curies":[{"name":"wp","href":"https:\/\/api.w.org\/{rel}","templated":true}]}}