{"id":163,"date":"2022-08-29T13:38:43","date_gmt":"2022-08-29T12:38:43","guid":{"rendered":"http:\/\/loudgrandma.com\/bledy-ktore-popelnisz-podczas-randek-online\/"},"modified":"2022-08-29T13:38:43","modified_gmt":"2022-08-29T12:38:43","slug":"bledy-ktore-popelnisz-podczas-randek-online","status":"publish","type":"page","link":"http:\/\/loudgrandma.com\/pl\/bledy-ktore-popelnisz-podczas-randek-online\/","title":{"rendered":"B\u0142\u0119dy, kt\u00f3re pope\u0142nisz podczas randek online"},"content":{"rendered":"<p>Serwisy randkowe dla doros\u0142ych staj\u0105 si\u0119 coraz bardziej popularne w\u015br\u00f3d singli, kt\u00f3rzy chc\u0105 pozna\u0107 kogo\u015b wyj\u0105tkowego. Ale tylko dlatego, \u017ce serwisy randkowe dla doros\u0142ych zyskuj\u0105 na popularno\u015bci, niekoniecznie oznacza to, \u017ce s\u0105 bezpieczne.<\/p>\n<p>Istnieje wiele oszustw i fa\u0142szywych profili na stronach randkowych dla doros\u0142ych, dlatego wa\u017cne jest, aby dok\u0142adnie zbada\u0107 ka\u017cdy profil przed spotkaniem osobistym. Poszukaj recenzji i ocen od innych cz\u0142onk\u00f3w i zawsze sprawdzaj, czy zdj\u0119cia s\u0105 prawdziwe. Nigdy te\u017c nie wysy\u0142aj pieni\u0119dzy, dop\u00f3ki nie spotkasz si\u0119 osobi\u015bcie.<\/p>\n<p>Wa\u017cne jest r\u00f3wnie\u017c, aby pami\u0119ta\u0107, \u017ce chocia\u017c <a href=\"http:\/\/loudgrandma.com\/pl\/jak-znalezc-milosc-z-aplikacjami-randkowymi\/\">serwisy randkowe dla doros\u0142ych<\/a> s\u0105 wygodne, nie zawsze s\u0105 najbezpieczniejsz\u0105 opcj\u0105. Wi\u0105\u017ce si\u0119 to z ryzykiem, w tym kradzie\u017c\u0105 to\u017csamo\u015bci i oszustwami. Tak wi\u0119c, je\u015bli zdecydujesz si\u0119 do\u0142\u0105czy\u0107 do serwisu randkowego dla doros\u0142ych, b\u0105d\u017a ostro\u017cny i wybieraj m\u0105drze.<\/p>\n<p>Pod\u0142\u0105czenia s\u0105 zabawne, \u0142atwe i szybkie. Ale nie zawsze s\u0105 skuteczne. Kiedy zrobisz to dobrze, po\u0142\u0105czenia mog\u0105 prowadzi\u0107 do d\u0142ugotrwa\u0142ych relacji, ale je\u015bli szukasz tylko szybkiego flingu, mo\u017cesz sko\u0144czy\u0107 rozczarowany. Oto jak unikn\u0105\u0107 typowych b\u0142\u0119d\u00f3w i wyl\u0105dowa\u0107 na gor\u0105cej randce.<\/p>\n<h2>Pi\u0119\u0107 szybkich wskaz\u00f3wek &#8211; czego unika\u0107<\/h2>\n<p>1. Nie spiesz si\u0119 z niczym. Pod\u0142\u0105czenia maj\u0105 by\u0107 przypadkowe, wi\u0119c nie spodziewaj si\u0119 spotka\u0107 kogo\u015b, kto chce si\u0119 ustatkowa\u0107 po spotkaniu na kilka godzin. Zamiast tego spr\u00f3buj ustawi\u0107 daty na kilka tygodni lub miesi\u0119cy.<\/p>\n<p>2. Upewnij si\u0119, \u017ce oboje czujecie si\u0119 komfortowo. Je\u015bli wybierasz si\u0119 na randk\u0119 w ciemno, upewnij si\u0119, \u017ce czujesz si\u0119 wystarczaj\u0105co bezpiecznie i pewnie, aby otwarcie rozmawia\u0107 o seksie. Je\u015bli jeste\u015b zdenerwowany, powiedz o tym swojemu partnerowi z g\u00f3ry.<\/p>\n<p>3. R\u00f3b rzeczy powoli. Po\u0142\u0105czenia s\u0105 zwykle kr\u00f3tkotrwa\u0142e, wi\u0119c nie oczekuj, \u017ce zwi\u0105zek rozwinie si\u0119 ju\u017c po kilku randkach. Dajcie sobie nawzajem przestrze\u0144 do wsp\u00f3lnego rozwoju.<\/p>\n<p>4. Rozmawiaj dalej. Gdy zdecydujesz si\u0119 na po\u0142\u0105czenie, nie przestawaj si\u0119 komunikowa\u0107. Porozmawiaj o swoich zainteresowaniach, hobby i celach.<\/p>\n<p>5. Miej realistyczne oczekiwania. Pod\u0142\u0105czenia s\u0105 przeznaczone do zabawy, a nie zaanga\u017cowania. Wi\u0119c je\u015bli szukasz prawdziwego zwi\u0105zku, poszukaj gdzie indziej.<\/p>\n<h2>A co, je\u015bli chcesz tylko przypadkowego seksu?<\/h2>\n<p>Serwisy randkowe dla doros\u0142ych staj\u0105 si\u0119 coraz bardziej popularne w\u015br\u00f3d singli, kt\u00f3rzy szukaj\u0105 mi\u0142o\u015bci, seksu i towarzystwa. Tego typu strony internetowe oferuj\u0105 cz\u0142onkom mo\u017cliwo\u015b\u0107 poznania innych w oparciu o wzajemne zainteresowania i preferencje, zamiast polega\u0107 wy\u0142\u0105cznie na atrakcyjno\u015bci fizycznej.<\/p>\n<p>Obecnie dost\u0119pnych jest kilka r\u00f3\u017cnych rodzaj\u00f3w serwis\u00f3w randkowych dla doros\u0142ych, w tym witryny niszowe, witryny g\u0142\u00f3wnego nurtu i witryny og\u00f3lnego przeznaczenia. Witryny niszowe koncentruj\u0105 si\u0119 na konkretnych tematach, podczas gdy witryny g\u0142\u00f3wnego nurtu zaspokajaj\u0105 szerszy zakres danych demograficznych. Witryny og\u00f3lnego przeznaczenia s\u0105 zwykle nastawione na poznawanie nowych ludzi i znajdowanie romansu. Niezale\u017cnie od tego, czy wybierzesz niszow\u0105, czy mainstreamow\u0105 witryn\u0119, wa\u017cne jest, aby pami\u0119ta\u0107, \u017ce konkurujesz z innymi cz\u0142onkami o uwag\u0119. Upewnij si\u0119, \u017ce Tw\u00f3j profil wyr\u00f3\u017cnia si\u0119 z t\u0142umu i zawiera zdj\u0119cia, kt\u00f3re dok\u0142adnie ci\u0119 przedstawiaj\u0105. Staraj si\u0119 r\u00f3wnie\u017c unika\u0107 publikowania danych osobowych, kt\u00f3re mog\u0142yby zagrozi\u0107 Twojemu bezpiecze\u0144stwu. Wa\u017cne jest r\u00f3wnie\u017c, aby wzi\u0105\u0107 pod uwag\u0119 rodzaj relacji, kt\u00f3r\u0105 masz nadziej\u0119 zbudowa\u0107 z kim\u015b, kogo spotykasz na portalu randkowym dla doros\u0142ych. Niekt\u00f3re witryny umo\u017cliwiaj\u0105 cz\u0142onkom tworzenie profili, kt\u00f3re opisuj\u0105 ich jako samotnych, \u017conatych, rozwiedzionych lub b\u0119d\u0105cych w zaanga\u017cowanym zwi\u0105zku. Inne wymagaj\u0105 od cz\u0142onk\u00f3w wybrania kategorii, aby wskaza\u0107 ich aktualny status.<\/p>\n<h2>Bezpiecze\u0144stwo<\/h2>\n<p>Niezale\u017cnie od rodzaju relacji, kt\u00f3rej szukasz, zawsze m\u0105drze jest wcze\u015bnie ustali\u0107 oczekiwania. Wiele os\u00f3b czuje si\u0119 nieswojo, omawiaj\u0105c sw\u00f3j stan cywilny lub przesz\u0142e zwi\u0105zki, dlatego najlepiej jest z g\u00f3ry ustali\u0107 podstawowe zasady. Na przyk\u0142ad, je\u015bli jeste\u015b zainteresowany przypadkowymi po\u0142\u0105czeniami, mo\u017cesz powiedzie\u0107, \u017ce jeste\u015b otwarty na wszystko opr\u00f3cz d\u0142ugoterminowych zobowi\u0105za\u0144. Aby si\u0119 chroni\u0107, uwa\u017caj na wiadomo\u015bci, kt\u00f3re wydaj\u0105 si\u0119 zbyt pi\u0119kne, aby mog\u0142y by\u0107 prawdziwe. Nie podawaj danych osobowych, dop\u00f3ki nie poczujesz si\u0119 komfortowo, i nigdy nie wysy\u0142aj pieni\u0119dzy przelewem bankowym lub kartami podarunkowymi. Zamiast tego zap\u0142a\u0107 za po\u015brednictwem renomowanej us\u0142ugi p\u0142atniczej, takiej jak PayPal lub Venmo.<\/p>\n","protected":false},"excerpt":{"rendered":"<p>Serwisy randkowe dla doros\u0142ych staj\u0105 si\u0119 coraz bardziej popularne w\u015br\u00f3d singli, kt\u00f3rzy chc\u0105 pozna\u0107 kogo\u015b wyj\u0105tkowego. Ale tylko dlatego, \u017ce serwisy randkowe dla doros\u0142ych zyskuj\u0105 &hellip; <\/p>\n","protected":false},"author":1,"featured_media":0,"parent":0,"menu_order":0,"comment_status":"closed","ping_status":"closed","template":"","meta":[],"yoast_head":"<!-- This site is optimized with the Yoast SEO plugin v17.7.1 - https:\/\/yoast.com\/wordpress\/plugins\/seo\/ -->\n<title>B\u0142\u0119dy, kt\u00f3re pope\u0142nisz podczas randek online - Loud Hookup Blog<\/title>\n<meta name=\"robots\" content=\"index, follow, max-snippet:-1, max-image-preview:large, max-video-preview:-1\" \/>\n<link rel=\"canonical\" href=\"http:\/\/loudgrandma.com\/pl\/bledy-ktore-popelnisz-podczas-randek-online\/\" \/>\n<meta property=\"og:locale\" content=\"pl_PL\" \/>\n<meta property=\"og:type\" content=\"article\" \/>\n<meta property=\"og:title\" content=\"B\u0142\u0119dy, kt\u00f3re pope\u0142nisz podczas randek online - Loud Hookup Blog\" \/>\n<meta property=\"og:description\" content=\"Serwisy randkowe dla doros\u0142ych staj\u0105 si\u0119 coraz bardziej popularne w\u015br\u00f3d singli, kt\u00f3rzy chc\u0105 pozna\u0107 kogo\u015b wyj\u0105tkowego. Ale tylko dlatego, \u017ce serwisy randkowe dla doros\u0142ych zyskuj\u0105 &hellip;\" \/>\n<meta property=\"og:url\" content=\"http:\/\/loudgrandma.com\/pl\/bledy-ktore-popelnisz-podczas-randek-online\/\" \/>\n<meta property=\"og:site_name\" content=\"Loud Hookup Blog\" \/>\n<meta name=\"twitter:card\" content=\"summary_large_image\" \/>\n<meta name=\"twitter:label1\" content=\"Szacowany czas czytania\" \/>\n\t<meta name=\"twitter:data1\" content=\"4 minuty\" \/>\n<script type=\"application\/ld+json\" class=\"yoast-schema-graph\">{\"@context\":\"https:\/\/schema.org\",\"@graph\":[{\"@type\":\"WebSite\",\"@id\":\"https:\/\/loudgrandma.com\/#website\",\"url\":\"https:\/\/loudgrandma.com\/\",\"name\":\"Loud Hookup Blog\",\"description\":\"Finding Dates & More\",\"potentialAction\":[{\"@type\":\"SearchAction\",\"target\":{\"@type\":\"EntryPoint\",\"urlTemplate\":\"https:\/\/loudgrandma.com\/?s={search_term_string}\"},\"query-input\":\"required name=search_term_string\"}],\"inLanguage\":\"pl-PL\"},{\"@type\":\"WebPage\",\"@id\":\"http:\/\/loudgrandma.com\/pl\/bledy-ktore-popelnisz-podczas-randek-online\/#webpage\",\"url\":\"http:\/\/loudgrandma.com\/pl\/bledy-ktore-popelnisz-podczas-randek-online\/\",\"name\":\"B\\u0142\\u0119dy, kt\\u00f3re pope\\u0142nisz podczas randek online - Loud Hookup Blog\",\"isPartOf\":{\"@id\":\"https:\/\/loudgrandma.com\/#website\"},\"datePublished\":\"2022-08-29T12:38:43+00:00\",\"dateModified\":\"2022-08-29T12:38:43+00:00\",\"breadcrumb\":{\"@id\":\"http:\/\/loudgrandma.com\/pl\/bledy-ktore-popelnisz-podczas-randek-online\/#breadcrumb\"},\"inLanguage\":\"pl-PL\",\"potentialAction\":[{\"@type\":\"ReadAction\",\"target\":[\"http:\/\/loudgrandma.com\/pl\/bledy-ktore-popelnisz-podczas-randek-online\/\"]}]},{\"@type\":\"BreadcrumbList\",\"@id\":\"http:\/\/loudgrandma.com\/pl\/bledy-ktore-popelnisz-podczas-randek-online\/#breadcrumb\",\"itemListElement\":[{\"@type\":\"ListItem\",\"position\":1,\"name\":\"Home\",\"item\":\"http:\/\/loudgrandma.com\/pl\/\"},{\"@type\":\"ListItem\",\"position\":2,\"name\":\"B\\u0142\\u0119dy, kt\\u00f3re pope\\u0142nisz podczas randek online\"}]}]}<\/script>\n<!-- \/ Yoast SEO plugin. -->","yoast_head_json":{"title":"B\u0142\u0119dy, kt\u00f3re pope\u0142nisz podczas randek online - Loud Hookup Blog","robots":{"index":"index","follow":"follow","max-snippet":"max-snippet:-1","max-image-preview":"max-image-preview:large","max-video-preview":"max-video-preview:-1"},"canonical":"http:\/\/loudgrandma.com\/pl\/bledy-ktore-popelnisz-podczas-randek-online\/","og_locale":"pl_PL","og_type":"article","og_title":"B\u0142\u0119dy, kt\u00f3re pope\u0142nisz podczas randek online - Loud Hookup Blog","og_description":"Serwisy randkowe dla doros\u0142ych staj\u0105 si\u0119 coraz bardziej popularne w\u015br\u00f3d singli, kt\u00f3rzy chc\u0105 pozna\u0107 kogo\u015b wyj\u0105tkowego. Ale tylko dlatego, \u017ce serwisy randkowe dla doros\u0142ych zyskuj\u0105 &hellip;","og_url":"http:\/\/loudgrandma.com\/pl\/bledy-ktore-popelnisz-podczas-randek-online\/","og_site_name":"Loud Hookup Blog","twitter_card":"summary_large_image","twitter_misc":{"Szacowany czas czytania":"4 minuty"},"schema":{"@context":"https:\/\/schema.org","@graph":[{"@type":"WebSite","@id":"https:\/\/loudgrandma.com\/#website","url":"https:\/\/loudgrandma.com\/","name":"Loud Hookup Blog","description":"Finding Dates & More","potentialAction":[{"@type":"SearchAction","target":{"@type":"EntryPoint","urlTemplate":"https:\/\/loudgrandma.com\/?s={search_term_string}"},"query-input":"required name=search_term_string"}],"inLanguage":"pl-PL"},{"@type":"WebPage","@id":"http:\/\/loudgrandma.com\/pl\/bledy-ktore-popelnisz-podczas-randek-online\/#webpage","url":"http:\/\/loudgrandma.com\/pl\/bledy-ktore-popelnisz-podczas-randek-online\/","name":"B\u0142\u0119dy, kt\u00f3re pope\u0142nisz podczas randek online - Loud Hookup Blog","isPartOf":{"@id":"https:\/\/loudgrandma.com\/#website"},"datePublished":"2022-08-29T12:38:43+00:00","dateModified":"2022-08-29T12:38:43+00:00","breadcrumb":{"@id":"http:\/\/loudgrandma.com\/pl\/bledy-ktore-popelnisz-podczas-randek-online\/#breadcrumb"},"inLanguage":"pl-PL","potentialAction":[{"@type":"ReadAction","target":["http:\/\/loudgrandma.com\/pl\/bledy-ktore-popelnisz-podczas-randek-online\/"]}]},{"@type":"BreadcrumbList","@id":"http:\/\/loudgrandma.com\/pl\/bledy-ktore-popelnisz-podczas-randek-online\/#breadcrumb","itemListElement":[{"@type":"ListItem","position":1,"name":"Home","item":"http:\/\/loudgrandma.com\/pl\/"},{"@type":"ListItem","position":2,"name":"B\u0142\u0119dy, kt\u00f3re pope\u0142nisz podczas randek online"}]}]}},"_links":{"self":[{"href":"http:\/\/loudgrandma.com\/pl\/wp-json\/wp\/v2\/pages\/163"}],"collection":[{"href":"http:\/\/loudgrandma.com\/pl\/wp-json\/wp\/v2\/pages"}],"about":[{"href":"http:\/\/loudgrandma.com\/pl\/wp-json\/wp\/v2\/types\/page"}],"author":[{"embeddable":true,"href":"http:\/\/loudgrandma.com\/pl\/wp-json\/wp\/v2\/users\/1"}],"replies":[{"embeddable":true,"href":"http:\/\/loudgrandma.com\/pl\/wp-json\/wp\/v2\/comments?post=163"}],"version-history":[{"count":0,"href":"http:\/\/loudgrandma.com\/pl\/wp-json\/wp\/v2\/pages\/163\/revisions"}],"wp:attachment":[{"href":"http:\/\/loudgrandma.com\/pl\/wp-json\/wp\/v2\/media?parent=163"}],"curies":[{"name":"wp","href":"https:\/\/api.w.org\/{rel}","templated":true}]}}