{"id":165,"date":"2022-08-29T13:38:43","date_gmt":"2022-08-29T12:38:43","guid":{"rendered":"http:\/\/loudgrandma.com\/erros-que-vai-cometer-ao-namorar-online\/"},"modified":"2022-08-29T13:38:43","modified_gmt":"2022-08-29T12:38:43","slug":"erros-que-vai-cometer-ao-namorar-online","status":"publish","type":"page","link":"http:\/\/loudgrandma.com\/pt-pt\/erros-que-vai-cometer-ao-namorar-online\/","title":{"rendered":"Erros que vai cometer ao namorar online"},"content":{"rendered":"<p>Sites de encontros para adultos est\u00e3o a tornar-se cada vez mais populares entre os solteiros que querem conhecer algu\u00e9m especial. Mas s\u00f3 porque sites de encontros adultos est\u00e3o crescendo em popularidade n\u00e3o significa necessariamente que eles est\u00e3o seguros.<\/p>\n<p>H\u00e1 muitos esquemas e perfis falsos em sites de encontros para adultos, por isso \u00e9 importante pesquisar cada perfil cuidadosamente antes de se encontrar pessoalmente. Procure coment\u00e1rios e classifica\u00e7\u00f5es de outros membros, e verifique sempre se as fotos s\u00e3o reais. Al\u00e9m disso, nunca mande dinheiro at\u00e9 se conhecer pessoalmente.<\/p>\n<p>Tamb\u00e9m \u00e9 importante lembrar que, embora <a href=\"http:\/\/loudgrandma.com\/pt-pt\/como-encontrar-o-amor-com-aplicativos-de-namoro\/\">os sites de namoro para adultos<\/a> sejam convenientes, nem sempre s\u00e3o a op\u00e7\u00e3o mais segura. H\u00e1 riscos envolvidos, incluindo roubo de identidade e fraude. Por isso, se decidires juntar-te a um site de encontros para adultos, tem cuidado e escolhe sabiamente.<\/p>\n<p>Encontros s\u00e3o divertidos, f\u00e1ceis e r\u00e1pidos. Mas nem sempre s\u00e3o eficazes. Quando bem feito, os encontros podem levar a relacionamentos a longo prazo, mas se estiveres apenas \u00e0 procura de uma aventura r\u00e1pida, ent\u00e3o podes acabar desapontado. Aqui est\u00e1 como evitar erros comuns e conseguir um encontro quente.<\/p>\n<h2>Cinco dicas r\u00e1pidas &#8211; O que evitar<\/h2>\n<p>1. N\u00e3o se precipite. Os encontros s\u00e3o para ser casuais, por isso n\u00e3o esperes conhecer algu\u00e9m que queira assentar depois de te encontrares por umas horas. Em vez disso, tente marcar datas ao longo de v\u00e1rias semanas ou meses.<\/p>\n<p>2. Certifique-se de que ambos est\u00e3o confort\u00e1veis. Se vais a um encontro \u00e0s cegas, certifica-te de que te sentes segura e confiante o suficiente para falar abertamente sobre sexo. Se est\u00e1 nervoso, diga ao seu parceiro.<\/p>\n<p>3. Leve as coisas devagar. Os encontros costumam ser de curta dura\u00e7\u00e3o, por isso n\u00e3o esperes que uma rela\u00e7\u00e3o se desenvolva depois de apenas alguns encontros. Dar um ao outro espa\u00e7o para crescer juntos.<\/p>\n<p>4. Continua a falar. Assim que decidires fazer uma liga\u00e7\u00e3o, n\u00e3o pares de comunicar. Fale sobre os seus interesses, passatempos e objetivos.<\/p>\n<p>5. Ter expectativas realistas. Os encontros s\u00e3o para divers\u00e3o, n\u00e3o para compromissos. Por isso, se est\u00e1s \u00e0 procura de uma rela\u00e7\u00e3o a s\u00e9rio, procura outro lado.<\/p>\n<h2>E se quiser sexo casual?<\/h2>\n<p>Sites de namoro para adultos est\u00e3o a tornar-se cada vez mais populares entre os solteiros que procuram amor, sexo e companheirismo. Este tipo de websites oferecem aos membros a oportunidade de conhecer outros com base em interesses e prefer\u00eancias m\u00fatuas, em vez de dependerem apenas da atra\u00e7\u00e3o f\u00edsica.<\/p>\n<p>Existem v\u00e1rios tipos diferentes de sites de namoro para adultos dispon\u00edveis hoje em dia, incluindo sites de nicho, sites mainstream e sites de finalidade geral. Os sites de nicho tendem a focar-se em t\u00f3picos espec\u00edficos, enquanto os sites mainstream atendem a uma ampla gama de demografia. Os sites de prop\u00f3sito geral s\u00e3o geralmente orientados para conhecer novas pessoas e encontrar romance. Independentemente de escolher um nicho ou um site mainstream, \u00e9 importante lembrar que est\u00e1 a competir contra outros membros para chamar a aten\u00e7\u00e3o. Certifique-se de que o seu perfil se destaca da multid\u00e3o e inclui fotos que se representam com precis\u00e3o. Al\u00e9m disso, tente evitar a publica\u00e7\u00e3o de detalhes pessoais que possam comprometer a sua seguran\u00e7a. Tamb\u00e9m \u00e9 importante considerar o tipo de relacionamento que espera construir com algu\u00e9m que conhece num site de encontros para adultos. Alguns sites permitem que os membros criem perfis que se descrevem como solteiros, casados, divorciados ou numa rela\u00e7\u00e3o comprometida. Outros exigem que os membros selecionem uma categoria para indicar o seu estado atual.<\/p>\n<h2>Seguran\u00e7a<\/h2>\n<p>Independentemente do tipo de relacionamento que procura, \u00e9 sempre sensato definir expectativas cedo. Muitas pessoas sentem-se desconfort\u00e1veis a discutir o seu estado civil ou relacionamentos passados, por isso \u00e9 melhor estabelecer regras b\u00e1sicas. Por exemplo, se estiver interessado em encontros casuais, pode dizer que est\u00e1 aberto a qualquer coisa, exceto compromissos a longo prazo. Para se proteger, desconfie de mensagens que parecem boas demais para serem verdade. N\u00e3o d\u00ea informa\u00e7\u00f5es pessoais at\u00e9 que se sinta confort\u00e1vel a faz\u00ea-lo, e nunca envie dinheiro atrav\u00e9s de transfer\u00eancia banc\u00e1ria ou cart\u00f5es oferta. Em vez disso, pague atrav\u00e9s de um servi\u00e7o de pagamento respeit\u00e1vel como PayPal ou Venmo.<\/p>\n","protected":false},"excerpt":{"rendered":"<p>Sites de encontros para adultos est\u00e3o a tornar-se cada vez mais populares entre os solteiros que querem conhecer algu\u00e9m especial. Mas s\u00f3 porque sites de &hellip; <\/p>\n","protected":false},"author":1,"featured_media":0,"parent":0,"menu_order":0,"comment_status":"closed","ping_status":"closed","template":"","meta":[],"yoast_head":"<!-- This site is optimized with the Yoast SEO plugin v17.7.1 - https:\/\/yoast.com\/wordpress\/plugins\/seo\/ -->\n<title>Erros que vai cometer ao namorar online - Loud Hookup Blog<\/title>\n<meta name=\"robots\" content=\"index, follow, max-snippet:-1, max-image-preview:large, max-video-preview:-1\" \/>\n<link rel=\"canonical\" href=\"http:\/\/loudgrandma.com\/pt-pt\/erros-que-vai-cometer-ao-namorar-online\/\" \/>\n<meta property=\"og:locale\" content=\"pt_PT\" \/>\n<meta property=\"og:type\" content=\"article\" \/>\n<meta property=\"og:title\" content=\"Erros que vai cometer ao namorar online - Loud Hookup Blog\" \/>\n<meta property=\"og:description\" content=\"Sites de encontros para adultos est\u00e3o a tornar-se cada vez mais populares entre os solteiros que querem conhecer algu\u00e9m especial. Mas s\u00f3 porque sites de &hellip;\" \/>\n<meta property=\"og:url\" content=\"http:\/\/loudgrandma.com\/pt-pt\/erros-que-vai-cometer-ao-namorar-online\/\" \/>\n<meta property=\"og:site_name\" content=\"Loud Hookup Blog\" \/>\n<meta name=\"twitter:card\" content=\"summary_large_image\" \/>\n<meta name=\"twitter:label1\" content=\"Tempo estimado de leitura\" \/>\n\t<meta name=\"twitter:data1\" content=\"4 minutos\" \/>\n<script type=\"application\/ld+json\" class=\"yoast-schema-graph\">{\"@context\":\"https:\/\/schema.org\",\"@graph\":[{\"@type\":\"WebSite\",\"@id\":\"https:\/\/loudgrandma.com\/#website\",\"url\":\"https:\/\/loudgrandma.com\/\",\"name\":\"Loud Hookup Blog\",\"description\":\"Finding Dates & More\",\"potentialAction\":[{\"@type\":\"SearchAction\",\"target\":{\"@type\":\"EntryPoint\",\"urlTemplate\":\"https:\/\/loudgrandma.com\/?s={search_term_string}\"},\"query-input\":\"required name=search_term_string\"}],\"inLanguage\":\"pt-PT\"},{\"@type\":\"WebPage\",\"@id\":\"http:\/\/loudgrandma.com\/pt-pt\/erros-que-vai-cometer-ao-namorar-online\/#webpage\",\"url\":\"http:\/\/loudgrandma.com\/pt-pt\/erros-que-vai-cometer-ao-namorar-online\/\",\"name\":\"Erros que vai cometer ao namorar online - Loud Hookup Blog\",\"isPartOf\":{\"@id\":\"https:\/\/loudgrandma.com\/#website\"},\"datePublished\":\"2022-08-29T12:38:43+00:00\",\"dateModified\":\"2022-08-29T12:38:43+00:00\",\"breadcrumb\":{\"@id\":\"http:\/\/loudgrandma.com\/pt-pt\/erros-que-vai-cometer-ao-namorar-online\/#breadcrumb\"},\"inLanguage\":\"pt-PT\",\"potentialAction\":[{\"@type\":\"ReadAction\",\"target\":[\"http:\/\/loudgrandma.com\/pt-pt\/erros-que-vai-cometer-ao-namorar-online\/\"]}]},{\"@type\":\"BreadcrumbList\",\"@id\":\"http:\/\/loudgrandma.com\/pt-pt\/erros-que-vai-cometer-ao-namorar-online\/#breadcrumb\",\"itemListElement\":[{\"@type\":\"ListItem\",\"position\":1,\"name\":\"Home\",\"item\":\"https:\/\/loudgrandma.com\/pt-pt\/\"},{\"@type\":\"ListItem\",\"position\":2,\"name\":\"Erros que vai cometer ao namorar online\"}]}]}<\/script>\n<!-- \/ Yoast SEO plugin. -->","yoast_head_json":{"title":"Erros que vai cometer ao namorar online - Loud Hookup Blog","robots":{"index":"index","follow":"follow","max-snippet":"max-snippet:-1","max-image-preview":"max-image-preview:large","max-video-preview":"max-video-preview:-1"},"canonical":"http:\/\/loudgrandma.com\/pt-pt\/erros-que-vai-cometer-ao-namorar-online\/","og_locale":"pt_PT","og_type":"article","og_title":"Erros que vai cometer ao namorar online - Loud Hookup Blog","og_description":"Sites de encontros para adultos est\u00e3o a tornar-se cada vez mais populares entre os solteiros que querem conhecer algu\u00e9m especial. Mas s\u00f3 porque sites de &hellip;","og_url":"http:\/\/loudgrandma.com\/pt-pt\/erros-que-vai-cometer-ao-namorar-online\/","og_site_name":"Loud Hookup Blog","twitter_card":"summary_large_image","twitter_misc":{"Tempo estimado de leitura":"4 minutos"},"schema":{"@context":"https:\/\/schema.org","@graph":[{"@type":"WebSite","@id":"https:\/\/loudgrandma.com\/#website","url":"https:\/\/loudgrandma.com\/","name":"Loud Hookup Blog","description":"Finding Dates & More","potentialAction":[{"@type":"SearchAction","target":{"@type":"EntryPoint","urlTemplate":"https:\/\/loudgrandma.com\/?s={search_term_string}"},"query-input":"required name=search_term_string"}],"inLanguage":"pt-PT"},{"@type":"WebPage","@id":"http:\/\/loudgrandma.com\/pt-pt\/erros-que-vai-cometer-ao-namorar-online\/#webpage","url":"http:\/\/loudgrandma.com\/pt-pt\/erros-que-vai-cometer-ao-namorar-online\/","name":"Erros que vai cometer ao namorar online - Loud Hookup Blog","isPartOf":{"@id":"https:\/\/loudgrandma.com\/#website"},"datePublished":"2022-08-29T12:38:43+00:00","dateModified":"2022-08-29T12:38:43+00:00","breadcrumb":{"@id":"http:\/\/loudgrandma.com\/pt-pt\/erros-que-vai-cometer-ao-namorar-online\/#breadcrumb"},"inLanguage":"pt-PT","potentialAction":[{"@type":"ReadAction","target":["http:\/\/loudgrandma.com\/pt-pt\/erros-que-vai-cometer-ao-namorar-online\/"]}]},{"@type":"BreadcrumbList","@id":"http:\/\/loudgrandma.com\/pt-pt\/erros-que-vai-cometer-ao-namorar-online\/#breadcrumb","itemListElement":[{"@type":"ListItem","position":1,"name":"Home","item":"https:\/\/loudgrandma.com\/pt-pt\/"},{"@type":"ListItem","position":2,"name":"Erros que vai cometer ao namorar online"}]}]}},"_links":{"self":[{"href":"http:\/\/loudgrandma.com\/pt-pt\/wp-json\/wp\/v2\/pages\/165"}],"collection":[{"href":"http:\/\/loudgrandma.com\/pt-pt\/wp-json\/wp\/v2\/pages"}],"about":[{"href":"http:\/\/loudgrandma.com\/pt-pt\/wp-json\/wp\/v2\/types\/page"}],"author":[{"embeddable":true,"href":"http:\/\/loudgrandma.com\/pt-pt\/wp-json\/wp\/v2\/users\/1"}],"replies":[{"embeddable":true,"href":"http:\/\/loudgrandma.com\/pt-pt\/wp-json\/wp\/v2\/comments?post=165"}],"version-history":[{"count":0,"href":"http:\/\/loudgrandma.com\/pt-pt\/wp-json\/wp\/v2\/pages\/165\/revisions"}],"wp:attachment":[{"href":"http:\/\/loudgrandma.com\/pt-pt\/wp-json\/wp\/v2\/media?parent=165"}],"curies":[{"name":"wp","href":"https:\/\/api.w.org\/{rel}","templated":true}]}}