{"id":168,"date":"2022-08-29T13:38:43","date_gmt":"2022-08-29T12:38:43","guid":{"rendered":"http:\/\/loudgrandma.com\/misstag-du-kommer-att-gora-nar-du-dejtar-online\/"},"modified":"2022-08-29T13:38:43","modified_gmt":"2022-08-29T12:38:43","slug":"misstag-du-kommer-att-gora-nar-du-dejtar-online","status":"publish","type":"page","link":"http:\/\/loudgrandma.com\/sv\/misstag-du-kommer-att-gora-nar-du-dejtar-online\/","title":{"rendered":"Misstag du kommer att g\u00f6ra n\u00e4r du dejtar online"},"content":{"rendered":"<p>Dejtingsajter f\u00f6r vuxna blir allt popul\u00e4rare bland singlar som vill tr\u00e4ffa n\u00e5gon speciell. Men bara f\u00f6r att dejtingsajter f\u00f6r vuxna v\u00e4xer i popularitet betyder det inte n\u00f6dv\u00e4ndigtvis att de \u00e4r s\u00e4kra.<\/p>\n<p>Det finns gott om bedr\u00e4gerier och falska profiler p\u00e5 dejtingsajter f\u00f6r vuxna, s\u00e5 det \u00e4r viktigt att unders\u00f6ka varje profil noggrant innan du tr\u00e4ffas personligen. Leta efter recensioner och betyg fr\u00e5n andra medlemmar och kontrollera alltid att bilderna \u00e4r riktiga. Skicka ocks\u00e5 aldrig pengar f\u00f6rr\u00e4n du har tr\u00e4ffats personligen.<\/p>\n<p>Det \u00e4r ocks\u00e5 viktigt att komma ih\u00e5g att \u00e4ven om <a href=\"http:\/\/loudgrandma.com\/sv\/hur-man-hittar-karlek-med-dejtingsappar\/\">dejtingsajter f\u00f6r vuxna<\/a> \u00e4r praktiska, \u00e4r de inte alltid det s\u00e4kraste alternativet. Det finns risker, inklusive identitetsst\u00f6ld och bedr\u00e4geri. S\u00e5 om du best\u00e4mmer dig f\u00f6r att g\u00e5 med p\u00e5 en dejtingsajt f\u00f6r vuxna, var f\u00f6rsiktig och v\u00e4lj klokt.<\/p>\n<p>Anslutningar \u00e4r roliga, enkla och snabba. Men de \u00e4r inte alltid effektiva. N\u00e4r det g\u00f6rs r\u00e4tt kan anslutningar leda till l\u00e5ngsiktiga relationer, men om du bara letar efter en snabb fling kan du bli besviken. S\u00e5 h\u00e4r undviker du vanliga misstag och landar dig sj\u00e4lv en het dejt.<\/p>\n<h2>Fem snabba tips &#8211; vad du ska undvika<\/h2>\n<p>1. Rusa inte in i n\u00e5gonting. Anslutningar \u00e4r avsedda att vara avslappnade, s\u00e5 f\u00f6rv\u00e4nta dig inte att tr\u00e4ffa n\u00e5gon som vill sl\u00e5 sig ner efter att ha tr\u00e4ffats i n\u00e5gra timmar. F\u00f6rs\u00f6k ist\u00e4llet att st\u00e4lla in datum under flera veckor eller m\u00e5nader.<\/p>\n<p>2. Se till att ni b\u00e5da \u00e4r bekv\u00e4ma. Om du g\u00e5r p\u00e5 en blind date, se till att du k\u00e4nner dig trygg och s\u00e4ker nog att prata \u00f6ppet om sex. Om du \u00e4r nerv\u00f6s, ber\u00e4tta f\u00f6r din partner i f\u00f6rv\u00e4g.<\/p>\n<p>3. Ta saker l\u00e5ngsamt. Anslutningar \u00e4r vanligtvis kortlivade, s\u00e5 f\u00f6rv\u00e4nta dig inte att ett f\u00f6rh\u00e5llande utvecklas efter bara ett par datum. Ge varandra utrymme att v\u00e4xa tillsammans.<\/p>\n<p>4. Forts\u00e4tt prata. N\u00e4r du v\u00e4l har best\u00e4mt dig f\u00f6r att driva en anslutning, sluta inte kommunicera. Prata om dina intressen, hobbyer och m\u00e5l.<\/p>\n<p>5. Ha realistiska f\u00f6rv\u00e4ntningar. Anslutningar \u00e4r avsedda f\u00f6r skojs skull, inte engagemang. S\u00e5 om du letar efter ett riktigt f\u00f6rh\u00e5llande, leta n\u00e5gon annanstans.<\/p>\n<h2>Vad s\u00e4gs om du bara vill ha avslappnad sex?<\/h2>\n<p>Dejtingsajter f\u00f6r vuxna blir allt popul\u00e4rare bland singlar som letar efter k\u00e4rlek, sex och s\u00e4llskap. Dessa typer av webbplatser erbjuder medlemmarna m\u00f6jlighet att tr\u00e4ffa andra baserat p\u00e5 \u00f6msesidiga intressen och preferenser, snarare \u00e4n att enbart f\u00f6rlita sig p\u00e5 fysisk attraktion.<\/p>\n<p>Det finns flera olika typer av dejtingsajter f\u00f6r vuxna tillg\u00e4ngliga idag, inklusive nischwebbplatser, vanliga webbplatser och webbplatser f\u00f6r allm\u00e4nna \u00e4ndam\u00e5l. Nischwebbplatser tenderar att fokusera p\u00e5 specifika \u00e4mnen, medan vanliga webbplatser tillgodoser ett bredare utbud av demografi. Allm\u00e4nna webbplatser \u00e4r vanligtvis inriktade p\u00e5 att tr\u00e4ffa nya m\u00e4nniskor och hitta romantik. Oavsett om du v\u00e4ljer en nisch eller vanlig webbplats \u00e4r det viktigt att komma ih\u00e5g att du t\u00e4vlar mot andra medlemmar om uppm\u00e4rksamhet. Se till att din profil sticker ut fr\u00e5n m\u00e4ngden och inneh\u00e5ller foton som exakt representerar dig sj\u00e4lv. F\u00f6rs\u00f6k ocks\u00e5 att undvika att publicera personuppgifter som kan \u00e4ventyra din s\u00e4kerhet. Det \u00e4r ocks\u00e5 viktigt att \u00f6verv\u00e4ga vilken typ av relation du hoppas kunna bygga med n\u00e5gon du tr\u00e4ffar p\u00e5 en dejtingsajt f\u00f6r vuxna. Vissa webbplatser till\u00e5ter medlemmar att skapa profiler som beskriver sig sj\u00e4lva som ensamst\u00e5ende, gifta, skilda eller i ett engagerat f\u00f6rh\u00e5llande. Andra kr\u00e4ver att medlemmar v\u00e4ljer en kategori f\u00f6r att ange sin aktuella status.<\/p>\n<h2>S\u00e4kerhet<\/h2>\n<p>Oavsett vilken typ av relation du s\u00f6ker \u00e4r det alltid klokt att s\u00e4tta f\u00f6rv\u00e4ntningar tidigt. M\u00e5nga k\u00e4nner sig obekv\u00e4ma med att diskutera sitt civilst\u00e5nd eller tidigare relationer, s\u00e5 det \u00e4r b\u00e4st att fastst\u00e4lla grundregler i f\u00f6rv\u00e4g. Om du till exempel \u00e4r intresserad av tillf\u00e4lliga anslutningar kan du s\u00e4ga att du \u00e4r \u00f6ppen f\u00f6r allt utom l\u00e5ngsiktiga \u00e5taganden. F\u00f6r att skydda dig sj\u00e4lv, var f\u00f6rsiktig med meddelanden som verkar f\u00f6r bra f\u00f6r att vara sanna. L\u00e4mna inte ut personlig information f\u00f6rr\u00e4n du \u00e4r bekv\u00e4m med att g\u00f6ra det och skicka aldrig pengar via bank\u00f6verf\u00f6ring eller presentkort. Betala ist\u00e4llet via en ansedd betaltj\u00e4nst som PayPal eller Venmo.<\/p>\n","protected":false},"excerpt":{"rendered":"<p>Dejtingsajter f\u00f6r vuxna blir allt popul\u00e4rare bland singlar som vill tr\u00e4ffa n\u00e5gon speciell. Men bara f\u00f6r att dejtingsajter f\u00f6r vuxna v\u00e4xer i popularitet betyder det &hellip; <\/p>\n","protected":false},"author":1,"featured_media":0,"parent":0,"menu_order":0,"comment_status":"closed","ping_status":"closed","template":"","meta":[],"yoast_head":"<!-- This site is optimized with the Yoast SEO plugin v17.7.1 - https:\/\/yoast.com\/wordpress\/plugins\/seo\/ -->\n<title>Misstag du kommer att g\u00f6ra n\u00e4r du dejtar online - Loud Hookup Blog<\/title>\n<meta name=\"robots\" content=\"index, follow, max-snippet:-1, max-image-preview:large, max-video-preview:-1\" \/>\n<link rel=\"canonical\" href=\"http:\/\/loudgrandma.com\/sv\/misstag-du-kommer-att-gora-nar-du-dejtar-online\/\" \/>\n<meta property=\"og:locale\" content=\"sv_SE\" \/>\n<meta property=\"og:type\" content=\"article\" \/>\n<meta property=\"og:title\" content=\"Misstag du kommer att g\u00f6ra n\u00e4r du dejtar online - Loud Hookup Blog\" \/>\n<meta property=\"og:description\" content=\"Dejtingsajter f\u00f6r vuxna blir allt popul\u00e4rare bland singlar som vill tr\u00e4ffa n\u00e5gon speciell. Men bara f\u00f6r att dejtingsajter f\u00f6r vuxna v\u00e4xer i popularitet betyder det &hellip;\" \/>\n<meta property=\"og:url\" content=\"http:\/\/loudgrandma.com\/sv\/misstag-du-kommer-att-gora-nar-du-dejtar-online\/\" \/>\n<meta property=\"og:site_name\" content=\"Loud Hookup Blog\" \/>\n<meta name=\"twitter:card\" content=\"summary_large_image\" \/>\n<meta name=\"twitter:label1\" content=\"Ber\u00e4knad l\u00e4stid\" \/>\n\t<meta name=\"twitter:data1\" content=\"4 minuter\" \/>\n<script type=\"application\/ld+json\" class=\"yoast-schema-graph\">{\"@context\":\"https:\/\/schema.org\",\"@graph\":[{\"@type\":\"WebSite\",\"@id\":\"https:\/\/loudgrandma.com\/#website\",\"url\":\"https:\/\/loudgrandma.com\/\",\"name\":\"Loud Hookup Blog\",\"description\":\"Finding Dates & More\",\"potentialAction\":[{\"@type\":\"SearchAction\",\"target\":{\"@type\":\"EntryPoint\",\"urlTemplate\":\"https:\/\/loudgrandma.com\/?s={search_term_string}\"},\"query-input\":\"required name=search_term_string\"}],\"inLanguage\":\"sv-SE\"},{\"@type\":\"WebPage\",\"@id\":\"http:\/\/loudgrandma.com\/sv\/misstag-du-kommer-att-gora-nar-du-dejtar-online\/#webpage\",\"url\":\"http:\/\/loudgrandma.com\/sv\/misstag-du-kommer-att-gora-nar-du-dejtar-online\/\",\"name\":\"Misstag du kommer att g\\u00f6ra n\\u00e4r du dejtar online - Loud Hookup Blog\",\"isPartOf\":{\"@id\":\"https:\/\/loudgrandma.com\/#website\"},\"datePublished\":\"2022-08-29T12:38:43+00:00\",\"dateModified\":\"2022-08-29T12:38:43+00:00\",\"breadcrumb\":{\"@id\":\"http:\/\/loudgrandma.com\/sv\/misstag-du-kommer-att-gora-nar-du-dejtar-online\/#breadcrumb\"},\"inLanguage\":\"sv-SE\",\"potentialAction\":[{\"@type\":\"ReadAction\",\"target\":[\"http:\/\/loudgrandma.com\/sv\/misstag-du-kommer-att-gora-nar-du-dejtar-online\/\"]}]},{\"@type\":\"BreadcrumbList\",\"@id\":\"http:\/\/loudgrandma.com\/sv\/misstag-du-kommer-att-gora-nar-du-dejtar-online\/#breadcrumb\",\"itemListElement\":[{\"@type\":\"ListItem\",\"position\":1,\"name\":\"Home\",\"item\":\"http:\/\/loudgrandma.com\/sv\/\"},{\"@type\":\"ListItem\",\"position\":2,\"name\":\"Misstag du kommer att g\\u00f6ra n\\u00e4r du dejtar online\"}]}]}<\/script>\n<!-- \/ Yoast SEO plugin. -->","yoast_head_json":{"title":"Misstag du kommer att g\u00f6ra n\u00e4r du dejtar online - Loud Hookup Blog","robots":{"index":"index","follow":"follow","max-snippet":"max-snippet:-1","max-image-preview":"max-image-preview:large","max-video-preview":"max-video-preview:-1"},"canonical":"http:\/\/loudgrandma.com\/sv\/misstag-du-kommer-att-gora-nar-du-dejtar-online\/","og_locale":"sv_SE","og_type":"article","og_title":"Misstag du kommer att g\u00f6ra n\u00e4r du dejtar online - Loud Hookup Blog","og_description":"Dejtingsajter f\u00f6r vuxna blir allt popul\u00e4rare bland singlar som vill tr\u00e4ffa n\u00e5gon speciell. Men bara f\u00f6r att dejtingsajter f\u00f6r vuxna v\u00e4xer i popularitet betyder det &hellip;","og_url":"http:\/\/loudgrandma.com\/sv\/misstag-du-kommer-att-gora-nar-du-dejtar-online\/","og_site_name":"Loud Hookup Blog","twitter_card":"summary_large_image","twitter_misc":{"Ber\u00e4knad l\u00e4stid":"4 minuter"},"schema":{"@context":"https:\/\/schema.org","@graph":[{"@type":"WebSite","@id":"https:\/\/loudgrandma.com\/#website","url":"https:\/\/loudgrandma.com\/","name":"Loud Hookup Blog","description":"Finding Dates & More","potentialAction":[{"@type":"SearchAction","target":{"@type":"EntryPoint","urlTemplate":"https:\/\/loudgrandma.com\/?s={search_term_string}"},"query-input":"required name=search_term_string"}],"inLanguage":"sv-SE"},{"@type":"WebPage","@id":"http:\/\/loudgrandma.com\/sv\/misstag-du-kommer-att-gora-nar-du-dejtar-online\/#webpage","url":"http:\/\/loudgrandma.com\/sv\/misstag-du-kommer-att-gora-nar-du-dejtar-online\/","name":"Misstag du kommer att g\u00f6ra n\u00e4r du dejtar online - Loud Hookup Blog","isPartOf":{"@id":"https:\/\/loudgrandma.com\/#website"},"datePublished":"2022-08-29T12:38:43+00:00","dateModified":"2022-08-29T12:38:43+00:00","breadcrumb":{"@id":"http:\/\/loudgrandma.com\/sv\/misstag-du-kommer-att-gora-nar-du-dejtar-online\/#breadcrumb"},"inLanguage":"sv-SE","potentialAction":[{"@type":"ReadAction","target":["http:\/\/loudgrandma.com\/sv\/misstag-du-kommer-att-gora-nar-du-dejtar-online\/"]}]},{"@type":"BreadcrumbList","@id":"http:\/\/loudgrandma.com\/sv\/misstag-du-kommer-att-gora-nar-du-dejtar-online\/#breadcrumb","itemListElement":[{"@type":"ListItem","position":1,"name":"Home","item":"http:\/\/loudgrandma.com\/sv\/"},{"@type":"ListItem","position":2,"name":"Misstag du kommer att g\u00f6ra n\u00e4r du dejtar online"}]}]}},"_links":{"self":[{"href":"http:\/\/loudgrandma.com\/sv\/wp-json\/wp\/v2\/pages\/168"}],"collection":[{"href":"http:\/\/loudgrandma.com\/sv\/wp-json\/wp\/v2\/pages"}],"about":[{"href":"http:\/\/loudgrandma.com\/sv\/wp-json\/wp\/v2\/types\/page"}],"author":[{"embeddable":true,"href":"http:\/\/loudgrandma.com\/sv\/wp-json\/wp\/v2\/users\/1"}],"replies":[{"embeddable":true,"href":"http:\/\/loudgrandma.com\/sv\/wp-json\/wp\/v2\/comments?post=168"}],"version-history":[{"count":0,"href":"http:\/\/loudgrandma.com\/sv\/wp-json\/wp\/v2\/pages\/168\/revisions"}],"wp:attachment":[{"href":"http:\/\/loudgrandma.com\/sv\/wp-json\/wp\/v2\/media?parent=168"}],"curies":[{"name":"wp","href":"https:\/\/api.w.org\/{rel}","templated":true}]}}