{"id":177,"date":"2022-08-29T11:51:01","date_gmt":"2022-08-29T10:51:01","guid":{"rendered":"http:\/\/loudgrandma.com\/unser-leitfaden-fuer-online-dating-welche-apps-sie-zuerst-ausprobieren-sollten\/"},"modified":"2022-08-29T11:51:01","modified_gmt":"2022-08-29T10:51:01","slug":"unser-leitfaden-fuer-online-dating-welche-apps-sie-zuerst-ausprobieren-sollten","status":"publish","type":"page","link":"https:\/\/loudgrandma.com\/de\/","title":{"rendered":"Unser Leitfaden f\u00fcr Online-Dating: Welche Apps Sie zuerst ausprobieren sollten"},"content":{"rendered":"<p>Online-Dating-Sites sind hier, um zu bleiben. Sie sind jetzt Teil unseres t\u00e4glichen Lebens, ob es uns gef\u00e4llt oder nicht. Und w\u00e4hrend es viele bezahlte Optionen gibt, ziehen es viele Leute immer noch vor, bei den kostenlosen zu bleiben. In diesem Sinne haben wir eine Liste mit einigen der besten kostenlosen Dating-Apps und -Websites zusammengestellt. Wir haben versucht, die Dinge einfach zu halten &#8211; keine Gimmicks, nur gro\u00dfartige Funktionen und solides Matchmaking. Also, ohne weitere Umschweife, hier sind die neun besten kostenlosen Dating-Sites und Apps von 2022.<\/p>\n<p>Wir haben Reviews dar\u00fcber gemacht, welche die besten sind und welche die Leute im Jahr 2022 ausprobieren sollten. Wenn Ihnen welche auf unserer Liste gefallen, probieren Sie sie bitte aus und lassen Sie uns wissen, wie es Ihnen geht.<\/p>\n<p><img loading=\"lazy\" class=\"aligncenter size-large wp-image-48\" src=\"http:\/\/loudgrandma.com\/wp-content\/uploads\/2022\/08\/dating-sea-1024x683.jpeg\" alt=\"\" width=\"1024\" height=\"683\" srcset=\"https:\/\/loudgrandma.com\/wp-content\/uploads\/2022\/08\/dating-sea-1024x683.jpeg 1024w, https:\/\/loudgrandma.com\/wp-content\/uploads\/2022\/08\/dating-sea-300x200.jpeg 300w, https:\/\/loudgrandma.com\/wp-content\/uploads\/2022\/08\/dating-sea-768x512.jpeg 768w, https:\/\/loudgrandma.com\/wp-content\/uploads\/2022\/08\/dating-sea.jpeg 1125w\" sizes=\"(max-width: 1024px) 100vw, 1024px\" \/><\/p>\n<h2>Bumble &#8211; Ist es wirklich das Beste f\u00fcr Frauen?<\/h2>\n<p>Mit \u00fcber 50 Millionen Mitgliedern weltweit ist Bumble eine der beliebtesten Online-Dating-Apps. Laut Business Insider ist Bumble die am schnellsten wachsende App bei Frauen im Alter von 18 bis 34 Jahren. Und w\u00e4hrend viele Leute mit Tinder, einer anderen sehr erfolgreichen Dating-App, vertraut sind, ist Bumble tats\u00e4chlich \u00e4lter. Bumble wurde 2012 ins Leben gerufen und begann sein Leben als Spin-off von OKCupid &#8211; einer Dating-App, die 2004 gegr\u00fcndet wurde. Im Gegensatz zu OKCupid konzentriert sich Bumble jedoch ausschlie\u00dflich auf weibliche Nutzer.<\/p>\n<h3>Wie ist es im Vergleich zu anderen?<\/h3>\n<p>Die App funktioniert \u00e4hnlich wie Tinder. Benutzer wischen nach rechts, wenn sie &#8222;\u00fcbereinstimmen&#8220; m\u00f6chten, und wischen nach links, wenn sie dies nicht tun. Wenn Sie beide nach rechts wischen, sehen Sie das Profil des anderen. Von hier aus k\u00f6nnen Sie eine Textnachricht, einen Chat oder eine Anfrage zum Treffen senden.<\/p>\n<p>Im Gegensatz zu Tinder, wo M\u00e4nner bezahlen m\u00fcssen, um das Profil einer Frau anzuzeigen, ist Bumble v\u00f6llig kostenlos. Es fallen keine Geb\u00fchren an, um sich anzumelden oder Profile zu durchsuchen. Dies macht es besonders attraktiv f\u00fcr j\u00fcngere Generationen, die sich oft unter Druck gesetzt f\u00fchlen, f\u00fcr Dinge zu bezahlen, die ihnen Spa\u00df machen.<\/p>\n<p>Der Erfolg von Bumble liegt darin, wie einfach es zu bedienen ist. Im Gegensatz zu Tinder, wo Sie gezwungen sind, darauf zu warten, dass Ihnen jemand eine Nachricht sendet, k\u00f6nnen Sie mit Bumble sofort Gespr\u00e4che beginnen. Im Gegensatz zu Tinder verlangt Bumble auch nicht, dass Sie Ihren richtigen Namen preisgeben. Stattdessen k\u00f6nnen Sie einfach einen Spitznamen w\u00e4hlen, um sich selbst zu repr\u00e4sentieren.<\/p>\n<h3>Kompatibilit\u00e4t?<\/h3>\n<p>W\u00e4hrend Bumble unglaublich praktisch ist, hat es einige Einschr\u00e4nkungen. Zun\u00e4chst einmal ist die App nur mit iOS-Ger\u00e4ten kompatibel. Android-Unterst\u00fctzung kommt jedoch bald. Zweitens ben\u00f6tigt Bumble ein Facebook-Konto, um sich anzumelden. Drittens k\u00f6nnen Sie mit niemandem au\u00dferhalb Ihrer Region interagieren. Schlie\u00dflich m\u00fcssen Sie mindestens 21 Jahre alt sein, um die App nutzen zu k\u00f6nnen.<\/p>\n<h2>Match.com &#8211; Einer der gr\u00f6\u00dften der Welt<\/h2>\n<p>Match ist eine der beliebtesten Online-Dating-Sites. Mit \u00fcber 30 Millionen Mitgliedern weltweit ist es kein Wunder, warum. W\u00e4hrend Match jedoch einige gro\u00dfartige Funktionen wie Live-Video-Chat und Messaging bietet, gibt es einige Dinge auf der Website, die sie f\u00fcr Casual Dating weniger als ideal machen. Hier sind f\u00fcnf Gr\u00fcnde, warum Match nicht die perfekte \u00dcbereinstimmung f\u00fcr jede einzelne Person ist.<\/p>\n<h3>Es gibt viele Geb\u00fchren<\/h3>\n<p>Wenn Sie sich entscheiden, Match beizutreten, m\u00fcssen Sie sich f\u00fcr eine kostenpflichtige Mitgliedschaft anmelden. Wenn Sie kein Geld ausgeben m\u00f6chten, m\u00fcssen Sie drei Tage warten, um den Service auszuprobieren, ohne etwas zu bezahlen. Danach m\u00fcssen Sie sich jedoch zwischen einem monatlichen Abonnement (9,99 USD), einem Jahresabonnement (19,99 USD pro Monat) oder einem lebenslangen Abonnement (59,99 USD) entscheiden.<\/p>\n<h3>Sie k\u00f6nnen nur nach Personen in Ihrem Land suchen<\/h3>\n<p>Wenn Sie sich bei Match anmelden, sehen Sie eine Karte, auf der Sie die L\u00e4nder ausw\u00e4hlen k\u00f6nnen, in denen Sie suchen m\u00f6chten. Dies funktioniert ziemlich gut, au\u00dfer dass Sie nicht au\u00dferhalb der Vereinigten Staaten suchen k\u00f6nnen. Wenn Sie auf der Suche nach Liebe im Ausland sind, sollten Sie eine andere Option in Betracht ziehen.<\/p>\n<h3>Sie m\u00fcssen bezahlen, um jemand anderen zu kontaktieren<\/h3>\n<p>W\u00e4hrend Sie die Messaging-Funktion der Website verwenden k\u00f6nnen, um Nachrichten an Personen zu senden, mit denen Sie zusammengearbeitet haben, k\u00f6nnen Sie keine Unterhaltungen initiieren, es sei denn, Sie zahlen 4,95 USD pro Monat. W\u00e4hrend diese Geb\u00fchr viel billiger ist als das, was andere Dating-Sites berechnen, macht sie es schwieriger, sinnvolle Gespr\u00e4che mit potenziellen \u00dcbereinstimmungen zu beginnen.<\/p>\n<h2>OKCupid &#8211; Jetzt kostenlos!<\/h2>\n<p>Die Online-Dating-Welt wurde ersch\u00fcttert, als OKCupid ank\u00fcndigte, dass es den Kurs ge\u00e4ndert habe und v\u00f6llig frei werden w\u00fcrde. W\u00e4hrend viele Websites eine monatliche Geb\u00fchr erheben, sagt OKCupid, dass es jedem Zugang zu seinen Diensten geben m\u00f6chte. Sobald Ihr Profil auf OKCupid eingerichtet ist, verfolgt die App Benutzer, deren Profile Sie gemocht haben, sowie diejenigen, die Ihre geliked haben. Sie k\u00f6nnen auch Personen anzeigen, die Ihr Profil mit &#8222;Gef\u00e4llt mir&#8220; markiert haben, und sobald Sie dies getan haben, k\u00f6nnen Sie ihr Profil anzeigen und ihnen Nachrichten senden.<\/p>\n<p>Mit einer sauberen Benutzeroberfl\u00e4che und einer einfachen Navigation macht OkCupid das Auffinden von \u00dcbereinstimmungen einfach. Sie k\u00f6nnen Profile nach Standort, Alter, Beziehungsstatus, Interessen, Hobbys, Bildungsniveau, Job, Religion, ethnischer Zugeh\u00f6rigkeit, Raucherpr\u00e4ferenzen, K\u00f6rpertyp, Gr\u00f6\u00dfe, Gewicht und sogar sexueller Orientierung durchsuchen. Benutzer k\u00f6nnen Nachrichten senden, Fotos anzeigen, Termine einrichten und per Text oder Video chatten.<\/p>\n<h3>Kosten<\/h3>\n<p>Mit der kostenpflichtigen Version berechnet OKCupid $ 19 pro Monat.<\/p>\n<p>Mit der kostenlosen Version k\u00f6nnen Sie dies jedoch nicht tun. Stattdessen sind Sie darauf beschr\u00e4nkt, Nachrichten an Personen zu senden, die Sie bereits m\u00f6gen. Wenn Sie nach einem Ort suchen, an dem Sie viele verschiedene Menschen treffen und Liebe finden k\u00f6nnen, ist OKCupid immer noch einen Besuch wert. Aber wenn Sie lieber bei den Grundlagen bleiben m\u00f6chten, schauen Sie sich unsere Liste der besten kostenlosen Dating-Apps an.<\/p>\n<p>Dar\u00fcber hinaus k\u00f6nnen Sie durch das Bezahlen sehen, wer Ihr Profil mit &#8222;Gef\u00e4llt mir&#8220; markiert hat, ohne erneut bezahlen zu m\u00fcssen. Und wenn Sie bereit sind, weitere $ 9.95 \/ Monat auszugeben, k\u00f6nnen Sie Anzeigen in der App loswerden.<\/p>\n<h2>Facebook Dating &#8211; Einfach zu bedienen<\/h2>\n<p>Die neueste Erg\u00e4nzung des Facebook-Arsenals an Apps ist Facebook Dating. Mit diesem kostenlosen Service k\u00f6nnen Sie ein Dating-Profil einrichten, das f\u00fcr niemanden au\u00dfer f\u00fcr diejenigen, die Mitglieder von Facebook Dating sind, sichtbar ist. Sie k\u00f6nnen w\u00e4hlen, ob Sie Ihr Profil \u00f6ffentlich machen oder versteckt halten m\u00f6chten. Wenn Sie sich entscheiden, es \u00f6ffentlich zu machen, k\u00f6nnen Sie Fotos, Videos, Veranstaltungen, Orte hinzuf\u00fcgen und sogar die Profile Ihrer \u00dcbereinstimmungen \u00fcberpr\u00fcfen.<\/p>\n<p>Sie k\u00f6nnen Ihr Facebook-Konto auch verwenden, um automatisch Ihre Profilinformationen wie Alter, Geschlecht, Standort, Beziehungsstatus, Ausbildung, Arbeitsverlauf, Interessen, Religion, politische Ansichten und Lieblingsfernsehsendung einzugeben.<\/p>\n<h2>POF &#8211; Keine Werbung f\u00fcr iOS oder Android!<\/h2>\n<p>Die kostenlose Online-Dating-Site Plenty Of Fish ist eine der beliebtesten Optionen, insbesondere bei Millennials. Aber w\u00e4hrend sich viele Leute jeden Tag anmelden, bleiben viele nicht lange genug, um Liebe zu finden. Tats\u00e4chlich ist nach den neuesten Daten von Statista etwas mehr als die H\u00e4lfte der POF-Mitglieder jeden Monat aktiv.<\/p>\n<p>W\u00e4hrend die kostenlose Version es Ihnen erm\u00f6glicht, Profile anzuzeigen und Nachrichten zu senden, m\u00fcssen Sie bezahlen, um viel anderes zu tun. Wenn Sie jedoch \u00fcber die Nebenbesch\u00e4ftigung etwas mehr Geld verdienen m\u00f6chten, bietet Plenty of Fish mehrere M\u00f6glichkeiten, durch den Verkauf von Premium-Abonnements Geld zu verdienen. Sie k\u00f6nnen beispielsweise ein monatliches Abonnement f\u00fcr nur 10 US-Dollar pro Monat verkaufen, oder Sie k\u00f6nnen ein Jahrespaket f\u00fcr 99 US-Dollar kaufen. Sie erhalten auch Rabatte f\u00fcr mehrere Eink\u00e4ufe.<\/p>\n<h1>Was sollten Sie nun tun?<\/h1>\n<p>Wenn Sie online nach Liebe suchen, haben Sie wahrscheinlich geh\u00f6rt, dass das Bezahlen f\u00fcr eine Dating-Site es einfacher machen kann, jemanden zu finden, der kompatibel ist. Aber wie viel kostet es? Und was bekommst du f\u00fcr dein Geld? Wir haben unsere Leser gebeten, abzuw\u00e4gen, ob es sich lohnt, f\u00fcr eine Dating-App oder -Website zu bezahlen. Hier ist, was sie zu sagen hatten.<\/p>\n<p>Online-Dating soll genau wie normales Dating sein &#8211; nur ohne die Unbeholfenheit, mit echten Menschen von Angesicht zu Angesicht sprechen zu m\u00fcssen. Und laut einer neuen Umfrage denken die meisten Menschen, dass das wahr ist. Tats\u00e4chlich sagt jeder vierte Amerikaner, dass er bereit ist, jemanden zu daten, den er online getroffen hat.<\/p>\n","protected":false},"excerpt":{"rendered":"<p>Online-Dating-Sites sind hier, um zu bleiben. Sie sind jetzt Teil unseres t\u00e4glichen Lebens, ob es uns gef\u00e4llt oder nicht. Und w\u00e4hrend es viele bezahlte Optionen &hellip; <\/p>\n","protected":false},"author":1,"featured_media":0,"parent":0,"menu_order":0,"comment_status":"closed","ping_status":"closed","template":"","meta":[],"yoast_head":"<!-- This site is optimized with the Yoast SEO plugin v17.7.1 - https:\/\/yoast.com\/wordpress\/plugins\/seo\/ -->\n<title>Unser Leitfaden f\u00fcr Online-Dating: Welche Apps Sie zuerst ausprobieren sollten - Loud Hookup Blog<\/title>\n<meta name=\"description\" content=\"META Beschreibung\" \/>\n<meta name=\"robots\" content=\"index, follow, max-snippet:-1, max-image-preview:large, max-video-preview:-1\" \/>\n<link rel=\"canonical\" href=\"https:\/\/loudgrandma.com\/de\/\" \/>\n<meta property=\"og:locale\" content=\"de_DE\" \/>\n<meta property=\"og:type\" content=\"article\" \/>\n<meta property=\"og:title\" content=\"Unser Leitfaden f\u00fcr Online-Dating: Welche Apps Sie zuerst ausprobieren sollten - Loud Hookup Blog\" \/>\n<meta property=\"og:description\" content=\"META Beschreibung\" \/>\n<meta property=\"og:url\" content=\"https:\/\/loudgrandma.com\/de\/\" \/>\n<meta property=\"og:site_name\" content=\"Loud Hookup Blog\" \/>\n<meta property=\"og:image\" content=\"http:\/\/loudgrandma.com\/wp-content\/uploads\/2022\/08\/dating-sea-1024x683.jpeg\" \/>\n<meta name=\"twitter:card\" content=\"summary_large_image\" \/>\n<meta name=\"twitter:label1\" content=\"Gesch\u00e4tzte Lesezeit\" \/>\n\t<meta name=\"twitter:data1\" content=\"7\u00a0Minuten\" \/>\n<script type=\"application\/ld+json\" class=\"yoast-schema-graph\">{\"@context\":\"https:\/\/schema.org\",\"@graph\":[{\"@type\":\"WebSite\",\"@id\":\"https:\/\/loudgrandma.com\/#website\",\"url\":\"https:\/\/loudgrandma.com\/\",\"name\":\"Loud Hookup Blog\",\"description\":\"Finding Dates & More\",\"potentialAction\":[{\"@type\":\"SearchAction\",\"target\":{\"@type\":\"EntryPoint\",\"urlTemplate\":\"https:\/\/loudgrandma.com\/?s={search_term_string}\"},\"query-input\":\"required name=search_term_string\"}],\"inLanguage\":\"de\"},{\"@type\":\"ImageObject\",\"@id\":\"https:\/\/loudgrandma.com\/de\/#primaryimage\",\"inLanguage\":\"de\",\"url\":\"http:\/\/loudgrandma.com\/wp-content\/uploads\/2022\/08\/dating-sea-1024x683.jpeg\",\"contentUrl\":\"http:\/\/loudgrandma.com\/wp-content\/uploads\/2022\/08\/dating-sea-1024x683.jpeg\"},{\"@type\":\"WebPage\",\"@id\":\"https:\/\/loudgrandma.com\/de\/#webpage\",\"url\":\"https:\/\/loudgrandma.com\/de\/\",\"name\":\"Unser Leitfaden f\\u00fcr Online-Dating: Welche Apps Sie zuerst ausprobieren sollten - Loud Hookup Blog\",\"isPartOf\":{\"@id\":\"https:\/\/loudgrandma.com\/#website\"},\"primaryImageOfPage\":{\"@id\":\"https:\/\/loudgrandma.com\/de\/#primaryimage\"},\"datePublished\":\"2022-08-29T10:51:01+00:00\",\"dateModified\":\"2022-08-29T10:51:01+00:00\",\"description\":\"META Beschreibung\",\"breadcrumb\":{\"@id\":\"https:\/\/loudgrandma.com\/de\/#breadcrumb\"},\"inLanguage\":\"de\",\"potentialAction\":[{\"@type\":\"ReadAction\",\"target\":[\"https:\/\/loudgrandma.com\/de\/\"]}]},{\"@type\":\"BreadcrumbList\",\"@id\":\"https:\/\/loudgrandma.com\/de\/#breadcrumb\",\"itemListElement\":[{\"@type\":\"ListItem\",\"position\":1,\"name\":\"Home\",\"item\":\"https:\/\/loudgrandma.com\/de\/\"},{\"@type\":\"ListItem\",\"position\":2,\"name\":\"Unser Leitfaden f\\u00fcr Online-Dating: Welche Apps Sie zuerst ausprobieren sollten\"}]}]}<\/script>\n<!-- \/ Yoast SEO plugin. -->","yoast_head_json":{"title":"Unser Leitfaden f\u00fcr Online-Dating: Welche Apps Sie zuerst ausprobieren sollten - Loud Hookup Blog","description":"META Beschreibung","robots":{"index":"index","follow":"follow","max-snippet":"max-snippet:-1","max-image-preview":"max-image-preview:large","max-video-preview":"max-video-preview:-1"},"canonical":"https:\/\/loudgrandma.com\/de\/","og_locale":"de_DE","og_type":"article","og_title":"Unser Leitfaden f\u00fcr Online-Dating: Welche Apps Sie zuerst ausprobieren sollten - Loud Hookup Blog","og_description":"META Beschreibung","og_url":"https:\/\/loudgrandma.com\/de\/","og_site_name":"Loud Hookup Blog","og_image":[{"url":"http:\/\/loudgrandma.com\/wp-content\/uploads\/2022\/08\/dating-sea-1024x683.jpeg"}],"twitter_card":"summary_large_image","twitter_misc":{"Gesch\u00e4tzte Lesezeit":"7\u00a0Minuten"},"schema":{"@context":"https:\/\/schema.org","@graph":[{"@type":"WebSite","@id":"https:\/\/loudgrandma.com\/#website","url":"https:\/\/loudgrandma.com\/","name":"Loud Hookup Blog","description":"Finding Dates & More","potentialAction":[{"@type":"SearchAction","target":{"@type":"EntryPoint","urlTemplate":"https:\/\/loudgrandma.com\/?s={search_term_string}"},"query-input":"required name=search_term_string"}],"inLanguage":"de"},{"@type":"ImageObject","@id":"https:\/\/loudgrandma.com\/de\/#primaryimage","inLanguage":"de","url":"http:\/\/loudgrandma.com\/wp-content\/uploads\/2022\/08\/dating-sea-1024x683.jpeg","contentUrl":"http:\/\/loudgrandma.com\/wp-content\/uploads\/2022\/08\/dating-sea-1024x683.jpeg"},{"@type":"WebPage","@id":"https:\/\/loudgrandma.com\/de\/#webpage","url":"https:\/\/loudgrandma.com\/de\/","name":"Unser Leitfaden f\u00fcr Online-Dating: Welche Apps Sie zuerst ausprobieren sollten - Loud Hookup Blog","isPartOf":{"@id":"https:\/\/loudgrandma.com\/#website"},"primaryImageOfPage":{"@id":"https:\/\/loudgrandma.com\/de\/#primaryimage"},"datePublished":"2022-08-29T10:51:01+00:00","dateModified":"2022-08-29T10:51:01+00:00","description":"META Beschreibung","breadcrumb":{"@id":"https:\/\/loudgrandma.com\/de\/#breadcrumb"},"inLanguage":"de","potentialAction":[{"@type":"ReadAction","target":["https:\/\/loudgrandma.com\/de\/"]}]},{"@type":"BreadcrumbList","@id":"https:\/\/loudgrandma.com\/de\/#breadcrumb","itemListElement":[{"@type":"ListItem","position":1,"name":"Home","item":"https:\/\/loudgrandma.com\/de\/"},{"@type":"ListItem","position":2,"name":"Unser Leitfaden f\u00fcr Online-Dating: Welche Apps Sie zuerst ausprobieren sollten"}]}]}},"_links":{"self":[{"href":"https:\/\/loudgrandma.com\/de\/wp-json\/wp\/v2\/pages\/177"}],"collection":[{"href":"https:\/\/loudgrandma.com\/de\/wp-json\/wp\/v2\/pages"}],"about":[{"href":"https:\/\/loudgrandma.com\/de\/wp-json\/wp\/v2\/types\/page"}],"author":[{"embeddable":true,"href":"https:\/\/loudgrandma.com\/de\/wp-json\/wp\/v2\/users\/1"}],"replies":[{"embeddable":true,"href":"https:\/\/loudgrandma.com\/de\/wp-json\/wp\/v2\/comments?post=177"}],"version-history":[{"count":0,"href":"https:\/\/loudgrandma.com\/de\/wp-json\/wp\/v2\/pages\/177\/revisions"}],"wp:attachment":[{"href":"https:\/\/loudgrandma.com\/de\/wp-json\/wp\/v2\/media?parent=177"}],"curies":[{"name":"wp","href":"https:\/\/api.w.org\/{rel}","templated":true}]}}