{"id":162,"date":"2022-08-29T13:38:43","date_gmt":"2022-08-29T12:38:43","guid":{"rendered":"http:\/\/loudgrandma.com\/errores-que-cometeras-al-salir-en-linea\/"},"modified":"2022-08-29T13:38:43","modified_gmt":"2022-08-29T12:38:43","slug":"errores-que-cometeras-al-salir-en-linea","status":"publish","type":"page","link":"https:\/\/loudgrandma.com\/es\/errores-que-cometeras-al-salir-en-linea\/","title":{"rendered":"Errores que cometer\u00e1s al salir en l\u00ednea"},"content":{"rendered":"<p>Los sitios de citas para adultos se est\u00e1n volviendo cada vez m\u00e1s populares entre los solteros que quieren conocer a alguien especial. Pero solo porque los sitios de citas para adultos est\u00e9n creciendo en popularidad no significa necesariamente que sean seguros.<\/p>\n<p>Hay muchas estafas y perfiles falsos en sitios de citas para adultos, por lo que es importante investigar cada perfil a fondo antes de reunirse en persona. Busque rese\u00f1as y calificaciones de otros miembros, y siempre verifique que las fotos sean reales. Adem\u00e1s, nunca env\u00edes dinero hasta que te hayas conocido en persona.<\/p>\n<p>Tambi\u00e9n es importante recordar que, si bien los <a href=\"http:\/\/loudgrandma.com\/es\/como-encontrar-el-amor-con-aplicaciones-de-citas\/\">sitios de citas para adultos son convenientes<\/a> , no siempre son la opci\u00f3n m\u00e1s segura. Hay riesgos involucrados, incluyendo el robo de identidad y el fraude. Por lo tanto, si decide unirse a un sitio de citas para adultos, tenga cuidado y elija sabiamente.<\/p>\n<p>Las conexiones son divertidas, f\u00e1ciles y r\u00e1pidas. Pero no siempre son efectivos. Cuando se hace bien, las conexiones pueden conducir a relaciones a largo plazo, pero si solo est\u00e1 buscando una aventura r\u00e1pida, entonces podr\u00eda terminar decepcionado. A continuaci\u00f3n, le indicamos c\u00f3mo evitar errores comunes y conseguir una cita caliente.<\/p>\n<h2>Cinco consejos r\u00e1pidos &#8211; Qu\u00e9 evitar<\/h2>\n<p>1. No te apresures en nada. Las conexiones est\u00e1n destinadas a ser casuales, as\u00ed que no esperes conocer a alguien que quiera establecerse despu\u00e9s de reunirte durante unas horas. En su lugar, intente establecer fechas durante varias semanas o meses.<\/p>\n<p>2. Aseg\u00farate de que ambos est\u00e9n c\u00f3modos. Si vas a tener una cita a ciegas, aseg\u00farate de sentirte lo suficientemente seguro y seguro como para hablar abiertamente sobre el sexo. Si est\u00e1s nervioso, d\u00edselo a tu pareja por adelantado.<\/p>\n<p>3. T\u00f3mate las cosas con calma. Las conexiones suelen ser de corta duraci\u00f3n, as\u00ed que no esperes que una relaci\u00f3n se desarrolle despu\u00e9s de solo un par de citas. Dense espacio el uno al otro para crecer juntos.<\/p>\n<p>4. Sigue hablando. Una vez que decidas buscar una conexi\u00f3n, no dejes de comunicarte. Hable sobre sus intereses, pasatiempos y metas.<\/p>\n<p>5. Tener expectativas realistas. Las conexiones est\u00e1n destinadas a la diversi\u00f3n, no al compromiso. As\u00ed que si est\u00e1s buscando una relaci\u00f3n real, busca en otra parte.<\/p>\n<h2>\u00bfQu\u00e9 pasa si solo quieres sexo casual?<\/h2>\n<p>Los sitios de citas para adultos se est\u00e1n volviendo cada vez m\u00e1s populares entre los solteros que buscan amor, sexo y compa\u00f1\u00eda. Estos tipos de sitios web ofrecen a los miembros la oportunidad de conocer a otros en funci\u00f3n de intereses y preferencias mutuas, en lugar de depender \u00fanicamente de la atracci\u00f3n f\u00edsica.<\/p>\n<p>Hay varios tipos diferentes de sitios web de citas para adultos disponibles en la actualidad, incluidos sitios de nicho, sitios principales y sitios de prop\u00f3sito general. Los sitios de nicho tienden a centrarse en temas espec\u00edficos, mientras que los sitios convencionales atienden a una gama m\u00e1s amplia de datos demogr\u00e1ficos. Los sitios de prop\u00f3sito general generalmente est\u00e1n orientados a conocer gente nueva y encontrar romance. Independientemente de si elige un nicho o un sitio principal, es importante recordar que est\u00e1 compitiendo contra otros miembros por la atenci\u00f3n. Aseg\u00farese de que su perfil se destaque entre la multitud e incluya fotos que lo representen con precisi\u00f3n. Adem\u00e1s, trate de evitar publicar datos personales que puedan comprometer su seguridad. Tambi\u00e9n es importante considerar el tipo de relaci\u00f3n que esperas construir con alguien que conoces en un sitio de citas para adultos. Algunos sitios permiten a los miembros crear perfiles que se describen a s\u00ed mismos como solteros, casados, divorciados o en una relaci\u00f3n comprometida. Otros requieren que los miembros seleccionen una categor\u00eda para indicar su estado actual.<\/p>\n<h2>Seguridad<\/h2>\n<p>Independientemente del tipo de relaci\u00f3n que busque, siempre es aconsejable establecer expectativas desde el principio. Muchas personas se sienten inc\u00f3modas discutiendo su estado civil o relaciones pasadas, por lo que es mejor establecer reglas b\u00e1sicas por adelantado. Por ejemplo, si est\u00e1 interesado en conexiones casuales, podr\u00eda decir que est\u00e1 abierto a cualquier cosa, excepto a compromisos a largo plazo. Para protegerse, tenga cuidado con los mensajes que parecen demasiado buenos para ser verdad. No proporcione informaci\u00f3n personal hasta que se sienta c\u00f3modo haci\u00e9ndolo, y nunca env\u00ede dinero a trav\u00e9s de transferencia bancaria o tarjetas de regalo. En su lugar, pague a trav\u00e9s de un servicio de pago de buena reputaci\u00f3n como PayPal o Venmo.<\/p>\n","protected":false},"excerpt":{"rendered":"<p>Los sitios de citas para adultos se est\u00e1n volviendo cada vez m\u00e1s populares entre los solteros que quieren conocer a alguien especial. Pero solo porque &hellip; <\/p>\n","protected":false},"author":1,"featured_media":0,"parent":0,"menu_order":0,"comment_status":"closed","ping_status":"closed","template":"","meta":[],"yoast_head":"<!-- This site is optimized with the Yoast SEO plugin v17.7.1 - https:\/\/yoast.com\/wordpress\/plugins\/seo\/ -->\n<title>Errores que cometer\u00e1s al salir en l\u00ednea - Loud Hookup Blog<\/title>\n<meta name=\"robots\" content=\"index, follow, max-snippet:-1, max-image-preview:large, max-video-preview:-1\" \/>\n<link rel=\"canonical\" href=\"https:\/\/loudgrandma.com\/es\/errores-que-cometeras-al-salir-en-linea\/\" \/>\n<meta property=\"og:locale\" content=\"es_ES\" \/>\n<meta property=\"og:type\" content=\"article\" \/>\n<meta property=\"og:title\" content=\"Errores que cometer\u00e1s al salir en l\u00ednea - Loud Hookup Blog\" \/>\n<meta property=\"og:description\" content=\"Los sitios de citas para adultos se est\u00e1n volviendo cada vez m\u00e1s populares entre los solteros que quieren conocer a alguien especial. Pero solo porque &hellip;\" \/>\n<meta property=\"og:url\" content=\"https:\/\/loudgrandma.com\/es\/errores-que-cometeras-al-salir-en-linea\/\" \/>\n<meta property=\"og:site_name\" content=\"Loud Hookup Blog\" \/>\n<meta name=\"twitter:card\" content=\"summary_large_image\" \/>\n<meta name=\"twitter:label1\" content=\"Tiempo de lectura\" \/>\n\t<meta name=\"twitter:data1\" content=\"4 minutos\" \/>\n<script type=\"application\/ld+json\" class=\"yoast-schema-graph\">{\"@context\":\"https:\/\/schema.org\",\"@graph\":[{\"@type\":\"WebSite\",\"@id\":\"https:\/\/loudgrandma.com\/#website\",\"url\":\"https:\/\/loudgrandma.com\/\",\"name\":\"Loud Hookup Blog\",\"description\":\"Finding Dates & More\",\"potentialAction\":[{\"@type\":\"SearchAction\",\"target\":{\"@type\":\"EntryPoint\",\"urlTemplate\":\"https:\/\/loudgrandma.com\/?s={search_term_string}\"},\"query-input\":\"required name=search_term_string\"}],\"inLanguage\":\"es\"},{\"@type\":\"WebPage\",\"@id\":\"https:\/\/loudgrandma.com\/es\/errores-que-cometeras-al-salir-en-linea\/#webpage\",\"url\":\"https:\/\/loudgrandma.com\/es\/errores-que-cometeras-al-salir-en-linea\/\",\"name\":\"Errores que cometer\\u00e1s al salir en l\\u00ednea - Loud Hookup Blog\",\"isPartOf\":{\"@id\":\"https:\/\/loudgrandma.com\/#website\"},\"datePublished\":\"2022-08-29T12:38:43+00:00\",\"dateModified\":\"2022-08-29T12:38:43+00:00\",\"breadcrumb\":{\"@id\":\"https:\/\/loudgrandma.com\/es\/errores-que-cometeras-al-salir-en-linea\/#breadcrumb\"},\"inLanguage\":\"es\",\"potentialAction\":[{\"@type\":\"ReadAction\",\"target\":[\"https:\/\/loudgrandma.com\/es\/errores-que-cometeras-al-salir-en-linea\/\"]}]},{\"@type\":\"BreadcrumbList\",\"@id\":\"https:\/\/loudgrandma.com\/es\/errores-que-cometeras-al-salir-en-linea\/#breadcrumb\",\"itemListElement\":[{\"@type\":\"ListItem\",\"position\":1,\"name\":\"Home\",\"item\":\"https:\/\/loudgrandma.com\/es\/\"},{\"@type\":\"ListItem\",\"position\":2,\"name\":\"Errores que cometer\\u00e1s al salir en l\\u00ednea\"}]}]}<\/script>\n<!-- \/ Yoast SEO plugin. -->","yoast_head_json":{"title":"Errores que cometer\u00e1s al salir en l\u00ednea - Loud Hookup Blog","robots":{"index":"index","follow":"follow","max-snippet":"max-snippet:-1","max-image-preview":"max-image-preview:large","max-video-preview":"max-video-preview:-1"},"canonical":"https:\/\/loudgrandma.com\/es\/errores-que-cometeras-al-salir-en-linea\/","og_locale":"es_ES","og_type":"article","og_title":"Errores que cometer\u00e1s al salir en l\u00ednea - Loud Hookup Blog","og_description":"Los sitios de citas para adultos se est\u00e1n volviendo cada vez m\u00e1s populares entre los solteros que quieren conocer a alguien especial. Pero solo porque &hellip;","og_url":"https:\/\/loudgrandma.com\/es\/errores-que-cometeras-al-salir-en-linea\/","og_site_name":"Loud Hookup Blog","twitter_card":"summary_large_image","twitter_misc":{"Tiempo de lectura":"4 minutos"},"schema":{"@context":"https:\/\/schema.org","@graph":[{"@type":"WebSite","@id":"https:\/\/loudgrandma.com\/#website","url":"https:\/\/loudgrandma.com\/","name":"Loud Hookup Blog","description":"Finding Dates & More","potentialAction":[{"@type":"SearchAction","target":{"@type":"EntryPoint","urlTemplate":"https:\/\/loudgrandma.com\/?s={search_term_string}"},"query-input":"required name=search_term_string"}],"inLanguage":"es"},{"@type":"WebPage","@id":"https:\/\/loudgrandma.com\/es\/errores-que-cometeras-al-salir-en-linea\/#webpage","url":"https:\/\/loudgrandma.com\/es\/errores-que-cometeras-al-salir-en-linea\/","name":"Errores que cometer\u00e1s al salir en l\u00ednea - Loud Hookup Blog","isPartOf":{"@id":"https:\/\/loudgrandma.com\/#website"},"datePublished":"2022-08-29T12:38:43+00:00","dateModified":"2022-08-29T12:38:43+00:00","breadcrumb":{"@id":"https:\/\/loudgrandma.com\/es\/errores-que-cometeras-al-salir-en-linea\/#breadcrumb"},"inLanguage":"es","potentialAction":[{"@type":"ReadAction","target":["https:\/\/loudgrandma.com\/es\/errores-que-cometeras-al-salir-en-linea\/"]}]},{"@type":"BreadcrumbList","@id":"https:\/\/loudgrandma.com\/es\/errores-que-cometeras-al-salir-en-linea\/#breadcrumb","itemListElement":[{"@type":"ListItem","position":1,"name":"Home","item":"https:\/\/loudgrandma.com\/es\/"},{"@type":"ListItem","position":2,"name":"Errores que cometer\u00e1s al salir en l\u00ednea"}]}]}},"_links":{"self":[{"href":"https:\/\/loudgrandma.com\/es\/wp-json\/wp\/v2\/pages\/162"}],"collection":[{"href":"https:\/\/loudgrandma.com\/es\/wp-json\/wp\/v2\/pages"}],"about":[{"href":"https:\/\/loudgrandma.com\/es\/wp-json\/wp\/v2\/types\/page"}],"author":[{"embeddable":true,"href":"https:\/\/loudgrandma.com\/es\/wp-json\/wp\/v2\/users\/1"}],"replies":[{"embeddable":true,"href":"https:\/\/loudgrandma.com\/es\/wp-json\/wp\/v2\/comments?post=162"}],"version-history":[{"count":0,"href":"https:\/\/loudgrandma.com\/es\/wp-json\/wp\/v2\/pages\/162\/revisions"}],"wp:attachment":[{"href":"https:\/\/loudgrandma.com\/es\/wp-json\/wp\/v2\/media?parent=162"}],"curies":[{"name":"wp","href":"https:\/\/api.w.org\/{rel}","templated":true}]}}