{"id":166,"date":"2022-08-29T13:38:43","date_gmt":"2022-08-29T12:38:43","guid":{"rendered":"http:\/\/loudgrandma.com\/mistok-sem-thu-munt-gera-thegar-thu-deitar-a-netinu\/"},"modified":"2022-08-29T13:38:43","modified_gmt":"2022-08-29T12:38:43","slug":"mistok-sem-thu-munt-gera-thegar-thu-deitar-a-netinu","status":"publish","type":"page","link":"https:\/\/loudgrandma.com\/is\/mistok-sem-thu-munt-gera-thegar-thu-deitar-a-netinu\/","title":{"rendered":"Mist\u00f6k sem \u00fe\u00fa munt gera \u00feegar \u00fe\u00fa deitar \u00e1 netinu"},"content":{"rendered":"<p>Stefnum\u00f3tas\u00ed\u00f0ur fullor\u00f0inna ver\u00f0a s\u00edfellt vins\u00e6lli me\u00f0al einhleypra sem vilja hitta einhvern s\u00e9rstakan. En \u00fe\u00f3 a\u00f0 stefnum\u00f3tas\u00ed\u00f0ur fullor\u00f0inna s\u00e9u a\u00f0 aukast \u00ed vins\u00e6ldum \u00fe\u00fd\u00f0ir \u00fea\u00f0 ekki endilega a\u00f0 \u00fe\u00e6r s\u00e9u \u00f6ruggar.<\/p>\n<p>\u00dea\u00f0 er n\u00f3g af svindli og f\u00f6lsu\u00f0um pr\u00f3f\u00edlum \u00e1 stefnum\u00f3tas\u00ed\u00f0um fullor\u00f0inna, svo \u00fea\u00f0 er mikilv\u00e6gt a\u00f0 rannsaka hvern pr\u00f3f\u00edl vandlega \u00e1\u00f0ur en \u00fe\u00fa hittir pers\u00f3nulega. Leita\u00f0u a\u00f0 ums\u00f6gnum og einkunnagj\u00f6f fr\u00e1 \u00f6\u00f0rum me\u00f0limum og sta\u00f0festu alltaf a\u00f0 myndirnar s\u00e9u raunverulegar. Einnig skaltu aldrei senda peninga fyrr en \u00fe\u00fa hefur hist \u00ed eigin pers\u00f3nu.<\/p>\n<p>\u00dea\u00f0 er l\u00edka mikilv\u00e6gt a\u00f0 muna a\u00f0 \u00fe\u00f3 a\u00f0 <a href=\"http:\/\/loudgrandma.com\/is\/hvernig-a-ad-finna-ast-med-stefnumotaforritum\/\">stefnum\u00f3tas\u00ed\u00f0ur fyrir fullor\u00f0na<\/a> s\u00e9u \u00fe\u00e6gilegar eru \u00fe\u00e6r ekki alltaf \u00f6ruggasti kosturinn. \u00dea\u00f0 er \u00e1h\u00e6tta f\u00f3lgin \u00ed \u00fev\u00ed, \u00fear \u00e1 me\u00f0al pers\u00f3nu\u00fej\u00f3fna\u00f0ur og svik. Svo, ef \u00fe\u00fa \u00e1kve\u00f0ur a\u00f0 taka \u00fe\u00e1tt \u00ed stefnum\u00f3tas\u00ed\u00f0u fyrir fullor\u00f0na, vertu vark\u00e1r og veldu skynsamlega.<\/p>\n<p>Kr\u00f3kar eru skemmtilegir, au\u00f0veldir og flj\u00f3tir. En \u00fe\u00e6r eru ekki alltaf \u00e1rangursr\u00edkar. \u00deegar \u00fea\u00f0 er gert r\u00e9tt geta tengingar leitt til langt\u00edmasambanda, en ef \u00fe\u00fa ert bara a\u00f0 leita a\u00f0 sn\u00f6ggu flingi, \u00fe\u00e1 g\u00e6tir\u00f0u or\u00f0i\u00f0 fyrir vonbrig\u00f0um. Svona \u00e1 a\u00f0 for\u00f0ast algeng mist\u00f6k og lenda \u00ed heitu stefnum\u00f3ti.<\/p>\n<h2>Fimm flj\u00f3tleg r\u00e1\u00f0 &#8211; hva\u00f0 \u00e1 a\u00f0 for\u00f0ast<\/h2>\n<p>1. Ekki fl\u00fdta \u00fe\u00e9r \u00ed neitt. Kr\u00f3kalei\u00f0ir eiga a\u00f0 vera frj\u00e1lslegar, svo ekki b\u00faast vi\u00f0 a\u00f0 hitta einhvern sem vill setjast a\u00f0 eftir fund \u00ed nokkrar klukkustundir. Reyndu \u00feess \u00ed sta\u00f0 a\u00f0 setja upp dagsetningar yfir nokkrar vikur e\u00f0a m\u00e1nu\u00f0i.<\/p>\n<p>2. Gakktu \u00far skugga um a\u00f0 \u00fe\u00e9r l\u00ed\u00f0i b\u00e1\u00f0um vel. Ef \u00fe\u00fa ert a\u00f0 fara \u00e1 blind stefnum\u00f3t skaltu ganga \u00far skugga um a\u00f0 \u00fe\u00e9r finnist \u00fe\u00fa vera n\u00f3gu \u00f6ruggur og \u00f6ruggur til a\u00f0 tala opinsk\u00e1tt um kynl\u00edf. Ef \u00fe\u00fa ert kv\u00ed\u00f0in skaltu segja maka \u00fe\u00ednum fr\u00e1 \u00fev\u00ed fyrirfram.<\/p>\n<p>3. Taktu hlutunum h\u00e6gt. Kr\u00f3kar eru venjulega skamml\u00edfir, svo ekki b\u00faast vi\u00f0 a\u00f0 samband myndist eftir a\u00f0eins nokkur stefnum\u00f3t. Gef\u00f0u hvort \u00f6\u00f0ru svigr\u00fam til a\u00f0 vaxa saman.<\/p>\n<p>4. Haltu \u00e1fram a\u00f0 tala. \u00deegar \u00fe\u00fa hefur \u00e1kve\u00f0i\u00f0 a\u00f0 stunda tengingu skaltu ekki h\u00e6tta samskiptum. Tala\u00f0u um \u00e1hugam\u00e1l \u00fe\u00edn, \u00e1hugam\u00e1l og markmi\u00f0.<\/p>\n<p>5. Hafa raunh\u00e6far v\u00e6ntingar. Kr\u00f3kar eru \u00e6tla\u00f0ir til skemmtunar, ekki skuldbindingar. Svo ef \u00fe\u00fa ert a\u00f0 leita a\u00f0 raunverulegu sambandi skaltu leita anna\u00f0.<\/p>\n<h2>Hva\u00f0 me\u00f0 ef \u00fe\u00fa vilt bara frj\u00e1lslegt kynl\u00edf?<\/h2>\n<p>Stefnum\u00f3tas\u00ed\u00f0ur fullor\u00f0inna ver\u00f0a s\u00edfellt vins\u00e6lli me\u00f0al einhleypra sem eru a\u00f0 leita a\u00f0 \u00e1st, kynl\u00edfi og f\u00e9lagsskap. \u00deessar tegundir vefs\u00ed\u00f0na bj\u00f3\u00f0a me\u00f0limum t\u00e6kif\u00e6ri til a\u00f0 hitta a\u00f0ra \u00fat fr\u00e1 gagnkv\u00e6mum hagsmunum og \u00f3skum, frekar en a\u00f0 rei\u00f0a sig eing\u00f6ngu \u00e1 l\u00edkamlegt a\u00f0dr\u00e1ttarafl.<\/p>\n<p>\u00dea\u00f0 eru nokkrar mismunandi ger\u00f0ir af stefnum\u00f3tas\u00ed\u00f0um fullor\u00f0inna \u00ed bo\u00f0i \u00ed dag, \u00fear \u00e1 me\u00f0al sesss\u00ed\u00f0ur, almennar s\u00ed\u00f0ur og almennar tilgangss\u00ed\u00f0ur. Veggskotss\u00ed\u00f0ur hafa tilhneigingu til a\u00f0 einbeita s\u00e9r a\u00f0 s\u00e9rst\u00f6kum efnum, en almennar s\u00ed\u00f0ur koma til m\u00f3ts vi\u00f0 fj\u00f6lbreyttari l\u00fd\u00f0fr\u00e6\u00f0i. Almennar tilgangss\u00ed\u00f0ur eru venjulega mi\u00f0a\u00f0ar a\u00f0 \u00fev\u00ed a\u00f0 hitta n\u00fdtt f\u00f3lk og finna r\u00f3mant\u00edk. \u00d3h\u00e1\u00f0 \u00fev\u00ed hvort \u00fe\u00fa velur sess e\u00f0a almenna s\u00ed\u00f0u, \u00fe\u00e1 er mikilv\u00e6gt a\u00f0 muna a\u00f0 \u00fe\u00fa ert a\u00f0 keppa vi\u00f0 a\u00f0ra me\u00f0limi um athygli. Gakktu \u00far skugga um a\u00f0 pr\u00f3f\u00edllinn \u00feinn standi upp \u00far h\u00f3pnum og innihaldi myndir sem t\u00e1kna \u00feig n\u00e1kv\u00e6mlega. Reyndu einnig a\u00f0 for\u00f0ast a\u00f0 birta pers\u00f3nulegar uppl\u00fdsingar sem g\u00e6tu ska\u00f0a\u00f0 \u00f6ryggi \u00feitt. \u00dea\u00f0 er l\u00edka mikilv\u00e6gt a\u00f0 huga a\u00f0 \u00fev\u00ed hvers konar samband \u00fe\u00fa vonast til a\u00f0 byggja upp vi\u00f0 einhvern sem \u00fe\u00fa hittir \u00e1 stefnum\u00f3tas\u00ed\u00f0u fyrir fullor\u00f0na. Sumar s\u00ed\u00f0ur gera me\u00f0limum kleift a\u00f0 b\u00faa til sni\u00f0 sem l\u00fdsa s\u00e9r sem einhleypum, giftum, fr\u00e1skildum e\u00f0a \u00ed skuldbundnu sambandi. A\u00f0rir krefjast \u00feess a\u00f0 me\u00f0limir velji flokk til a\u00f0 gefa til kynna n\u00faverandi st\u00f6\u00f0u s\u00edna.<\/p>\n<h2>\u00d6ryggi<\/h2>\n<p>Burts\u00e9\u00f0 fr\u00e1 \u00fev\u00ed hvers konar samband \u00fe\u00fa leitar a\u00f0 er alltaf skynsamlegt a\u00f0 setja v\u00e6ntingar snemma. M\u00f6rgum finnst \u00f3\u00fe\u00e6gilegt a\u00f0 r\u00e6\u00f0a hj\u00faskaparst\u00f6\u00f0u s\u00edna e\u00f0a fyrri samb\u00f6nd og \u00fev\u00ed er best a\u00f0 setja grunnreglur fyrirfram. Til d\u00e6mis, ef \u00fe\u00fa hefur \u00e1huga \u00e1 frj\u00e1lslegum tengingum, g\u00e6tir\u00f0u sagt a\u00f0 \u00fe\u00fa s\u00e9rt opinn fyrir \u00f6llu nema langt\u00edmaskuldbindingum. Til a\u00f0 vernda \u00feig, vertu \u00e1 var\u00f0bergi gagnvart skilabo\u00f0um sem vir\u00f0ast of g\u00f3\u00f0 til a\u00f0 vera s\u00f6nn. Ekki gefa upp pers\u00f3nulegar uppl\u00fdsingar fyrr en \u00fe\u00e9r l\u00ed\u00f0ur vel me\u00f0 \u00fea\u00f0 og sendu aldrei peninga me\u00f0 millif\u00e6rslu e\u00f0a gjafakortum. \u00cd sta\u00f0inn skaltu grei\u00f0a \u00ed gegnum virta grei\u00f0slu\u00fej\u00f3nustu eins og PayPal e\u00f0a Venmo.<\/p>\n","protected":false},"excerpt":{"rendered":"<p>Stefnum\u00f3tas\u00ed\u00f0ur fullor\u00f0inna ver\u00f0a s\u00edfellt vins\u00e6lli me\u00f0al einhleypra sem vilja hitta einhvern s\u00e9rstakan. En \u00fe\u00f3 a\u00f0 stefnum\u00f3tas\u00ed\u00f0ur fullor\u00f0inna s\u00e9u a\u00f0 aukast \u00ed vins\u00e6ldum \u00fe\u00fd\u00f0ir \u00fea\u00f0 ekki &hellip; <\/p>\n","protected":false},"author":1,"featured_media":0,"parent":0,"menu_order":0,"comment_status":"closed","ping_status":"closed","template":"","meta":[],"yoast_head":"<!-- This site is optimized with the Yoast SEO plugin v17.7.1 - https:\/\/yoast.com\/wordpress\/plugins\/seo\/ -->\n<title>Mist\u00f6k sem \u00fe\u00fa munt gera \u00feegar \u00fe\u00fa deitar \u00e1 netinu - Loud Hookup Blog<\/title>\n<meta name=\"robots\" content=\"index, follow, max-snippet:-1, max-image-preview:large, max-video-preview:-1\" \/>\n<link rel=\"canonical\" href=\"https:\/\/loudgrandma.com\/is\/mistok-sem-thu-munt-gera-thegar-thu-deitar-a-netinu\/\" \/>\n<meta property=\"og:locale\" content=\"is_IS\" \/>\n<meta property=\"og:type\" content=\"article\" \/>\n<meta property=\"og:title\" content=\"Mist\u00f6k sem \u00fe\u00fa munt gera \u00feegar \u00fe\u00fa deitar \u00e1 netinu - Loud Hookup Blog\" \/>\n<meta property=\"og:description\" content=\"Stefnum\u00f3tas\u00ed\u00f0ur fullor\u00f0inna ver\u00f0a s\u00edfellt vins\u00e6lli me\u00f0al einhleypra sem vilja hitta einhvern s\u00e9rstakan. En \u00fe\u00f3 a\u00f0 stefnum\u00f3tas\u00ed\u00f0ur fullor\u00f0inna s\u00e9u a\u00f0 aukast \u00ed vins\u00e6ldum \u00fe\u00fd\u00f0ir \u00fea\u00f0 ekki &hellip;\" \/>\n<meta property=\"og:url\" content=\"https:\/\/loudgrandma.com\/is\/mistok-sem-thu-munt-gera-thegar-thu-deitar-a-netinu\/\" \/>\n<meta property=\"og:site_name\" content=\"Loud Hookup Blog\" \/>\n<meta name=\"twitter:card\" content=\"summary_large_image\" \/>\n<meta name=\"twitter:label1\" content=\"Est. reading time\" \/>\n\t<meta name=\"twitter:data1\" content=\"4 minutes\" \/>\n<script type=\"application\/ld+json\" class=\"yoast-schema-graph\">{\"@context\":\"https:\/\/schema.org\",\"@graph\":[{\"@type\":\"WebSite\",\"@id\":\"https:\/\/loudgrandma.com\/#website\",\"url\":\"https:\/\/loudgrandma.com\/\",\"name\":\"Loud Hookup Blog\",\"description\":\"Finding Dates & More\",\"potentialAction\":[{\"@type\":\"SearchAction\",\"target\":{\"@type\":\"EntryPoint\",\"urlTemplate\":\"https:\/\/loudgrandma.com\/?s={search_term_string}\"},\"query-input\":\"required name=search_term_string\"}],\"inLanguage\":\"is\"},{\"@type\":\"WebPage\",\"@id\":\"https:\/\/loudgrandma.com\/is\/mistok-sem-thu-munt-gera-thegar-thu-deitar-a-netinu\/#webpage\",\"url\":\"https:\/\/loudgrandma.com\/is\/mistok-sem-thu-munt-gera-thegar-thu-deitar-a-netinu\/\",\"name\":\"Mist\\u00f6k sem \\u00fe\\u00fa munt gera \\u00feegar \\u00fe\\u00fa deitar \\u00e1 netinu - Loud Hookup Blog\",\"isPartOf\":{\"@id\":\"https:\/\/loudgrandma.com\/#website\"},\"datePublished\":\"2022-08-29T12:38:43+00:00\",\"dateModified\":\"2022-08-29T12:38:43+00:00\",\"breadcrumb\":{\"@id\":\"https:\/\/loudgrandma.com\/is\/mistok-sem-thu-munt-gera-thegar-thu-deitar-a-netinu\/#breadcrumb\"},\"inLanguage\":\"is\",\"potentialAction\":[{\"@type\":\"ReadAction\",\"target\":[\"https:\/\/loudgrandma.com\/is\/mistok-sem-thu-munt-gera-thegar-thu-deitar-a-netinu\/\"]}]},{\"@type\":\"BreadcrumbList\",\"@id\":\"https:\/\/loudgrandma.com\/is\/mistok-sem-thu-munt-gera-thegar-thu-deitar-a-netinu\/#breadcrumb\",\"itemListElement\":[{\"@type\":\"ListItem\",\"position\":1,\"name\":\"Home\",\"item\":\"https:\/\/loudgrandma.com\/is\/\"},{\"@type\":\"ListItem\",\"position\":2,\"name\":\"Mist\\u00f6k sem \\u00fe\\u00fa munt gera \\u00feegar \\u00fe\\u00fa deitar \\u00e1 netinu\"}]}]}<\/script>\n<!-- \/ Yoast SEO plugin. -->","yoast_head_json":{"title":"Mist\u00f6k sem \u00fe\u00fa munt gera \u00feegar \u00fe\u00fa deitar \u00e1 netinu - Loud Hookup Blog","robots":{"index":"index","follow":"follow","max-snippet":"max-snippet:-1","max-image-preview":"max-image-preview:large","max-video-preview":"max-video-preview:-1"},"canonical":"https:\/\/loudgrandma.com\/is\/mistok-sem-thu-munt-gera-thegar-thu-deitar-a-netinu\/","og_locale":"is_IS","og_type":"article","og_title":"Mist\u00f6k sem \u00fe\u00fa munt gera \u00feegar \u00fe\u00fa deitar \u00e1 netinu - Loud Hookup Blog","og_description":"Stefnum\u00f3tas\u00ed\u00f0ur fullor\u00f0inna ver\u00f0a s\u00edfellt vins\u00e6lli me\u00f0al einhleypra sem vilja hitta einhvern s\u00e9rstakan. En \u00fe\u00f3 a\u00f0 stefnum\u00f3tas\u00ed\u00f0ur fullor\u00f0inna s\u00e9u a\u00f0 aukast \u00ed vins\u00e6ldum \u00fe\u00fd\u00f0ir \u00fea\u00f0 ekki &hellip;","og_url":"https:\/\/loudgrandma.com\/is\/mistok-sem-thu-munt-gera-thegar-thu-deitar-a-netinu\/","og_site_name":"Loud Hookup Blog","twitter_card":"summary_large_image","twitter_misc":{"Est. reading time":"4 minutes"},"schema":{"@context":"https:\/\/schema.org","@graph":[{"@type":"WebSite","@id":"https:\/\/loudgrandma.com\/#website","url":"https:\/\/loudgrandma.com\/","name":"Loud Hookup Blog","description":"Finding Dates & More","potentialAction":[{"@type":"SearchAction","target":{"@type":"EntryPoint","urlTemplate":"https:\/\/loudgrandma.com\/?s={search_term_string}"},"query-input":"required name=search_term_string"}],"inLanguage":"is"},{"@type":"WebPage","@id":"https:\/\/loudgrandma.com\/is\/mistok-sem-thu-munt-gera-thegar-thu-deitar-a-netinu\/#webpage","url":"https:\/\/loudgrandma.com\/is\/mistok-sem-thu-munt-gera-thegar-thu-deitar-a-netinu\/","name":"Mist\u00f6k sem \u00fe\u00fa munt gera \u00feegar \u00fe\u00fa deitar \u00e1 netinu - Loud Hookup Blog","isPartOf":{"@id":"https:\/\/loudgrandma.com\/#website"},"datePublished":"2022-08-29T12:38:43+00:00","dateModified":"2022-08-29T12:38:43+00:00","breadcrumb":{"@id":"https:\/\/loudgrandma.com\/is\/mistok-sem-thu-munt-gera-thegar-thu-deitar-a-netinu\/#breadcrumb"},"inLanguage":"is","potentialAction":[{"@type":"ReadAction","target":["https:\/\/loudgrandma.com\/is\/mistok-sem-thu-munt-gera-thegar-thu-deitar-a-netinu\/"]}]},{"@type":"BreadcrumbList","@id":"https:\/\/loudgrandma.com\/is\/mistok-sem-thu-munt-gera-thegar-thu-deitar-a-netinu\/#breadcrumb","itemListElement":[{"@type":"ListItem","position":1,"name":"Home","item":"https:\/\/loudgrandma.com\/is\/"},{"@type":"ListItem","position":2,"name":"Mist\u00f6k sem \u00fe\u00fa munt gera \u00feegar \u00fe\u00fa deitar \u00e1 netinu"}]}]}},"_links":{"self":[{"href":"https:\/\/loudgrandma.com\/is\/wp-json\/wp\/v2\/pages\/166"}],"collection":[{"href":"https:\/\/loudgrandma.com\/is\/wp-json\/wp\/v2\/pages"}],"about":[{"href":"https:\/\/loudgrandma.com\/is\/wp-json\/wp\/v2\/types\/page"}],"author":[{"embeddable":true,"href":"https:\/\/loudgrandma.com\/is\/wp-json\/wp\/v2\/users\/1"}],"replies":[{"embeddable":true,"href":"https:\/\/loudgrandma.com\/is\/wp-json\/wp\/v2\/comments?post=166"}],"version-history":[{"count":0,"href":"https:\/\/loudgrandma.com\/is\/wp-json\/wp\/v2\/pages\/166\/revisions"}],"wp:attachment":[{"href":"https:\/\/loudgrandma.com\/is\/wp-json\/wp\/v2\/media?parent=166"}],"curies":[{"name":"wp","href":"https:\/\/api.w.org\/{rel}","templated":true}]}}