{"id":186,"date":"2022-08-29T11:51:01","date_gmt":"2022-08-29T10:51:01","guid":{"rendered":"http:\/\/loudgrandma.com\/nasz-przewodnik-po-randkach-online-ktore-aplikacje-wyprobowac-najpierw\/"},"modified":"2022-10-17T14:28:39","modified_gmt":"2022-10-17T13:28:39","slug":"nasz-przewodnik-po-randkach-online-ktore-aplikacje-wyprobowac-najpierw","status":"publish","type":"page","link":"https:\/\/loudgrandma.com\/pl\/","title":{"rendered":"Nasz przewodnik po randkach online: kt\u00f3re aplikacje wypr\u00f3bowa\u0107 najpierw"},"content":{"rendered":"<p>Internetowe serwisy randkowe s\u0105 tutaj, aby pozosta\u0107. S\u0105 teraz cz\u0119\u015bci\u0105 naszego codziennego \u017cycia, czy nam si\u0119 to podoba, czy nie. I chocia\u017c istnieje wiele p\u0142atnych opcji, wiele os\u00f3b nadal woli trzyma\u0107 si\u0119 tych darmowych. Maj\u0105c to na uwadze, przygotowali\u015bmy list\u0119 jednych z najlepszych darmowych aplikacji i witryn randkowych. Starali\u015bmy si\u0119 zachowa\u0107 <a href=\"https:\/\/www.no-strings-attached-sex.com\/pl\/starsze-kobiety-szukajace-seksu\/\">starsze kobiety seks<\/a> prostot\u0119 &#8211; bez sztuczek, tylko \u015bwietne funkcje i solidny matchmaking. Tak wi\u0119c, bez zb\u0119dnych ceregieli, oto dziewi\u0119\u0107 najlepszych darmowych serwis\u00f3w randkowych i aplikacji 2022 roku.<\/p>\n<p>Robili\u015bmy recenzje, kt\u00f3re z nich s\u0105 najlepsze, a kt\u00f3re ludzie powinni wypr\u00f3bowa\u0107 w 2022 roku. Je\u015bli podoba Ci si\u0119 kto\u015b z naszej listy, spr\u00f3buj i daj nam zna\u0107, jak sobie radzisz.<\/p>\n<p><img loading=\"lazy\" class=\"aligncenter size-large wp-image-48\" src=\"http:\/\/loudgrandma.com\/wp-content\/uploads\/2022\/08\/dating-sea-1024x683.jpeg\" alt=\"\" width=\"1024\" height=\"683\" srcset=\"https:\/\/loudgrandma.com\/wp-content\/uploads\/2022\/08\/dating-sea-1024x683.jpeg 1024w, https:\/\/loudgrandma.com\/wp-content\/uploads\/2022\/08\/dating-sea-300x200.jpeg 300w, https:\/\/loudgrandma.com\/wp-content\/uploads\/2022\/08\/dating-sea-768x512.jpeg 768w, https:\/\/loudgrandma.com\/wp-content\/uploads\/2022\/08\/dating-sea.jpeg 1125w\" sizes=\"(max-width: 1024px) 100vw, 1024px\" \/><\/p>\n<h2>Bumble &#8211; czy to naprawd\u0119 najlepsze dla kobiet?<\/h2>\n<p>Z ponad 50 milionami cz\u0142onk\u00f3w na ca\u0142ym \u015bwiecie, Bumble jest jedn\u0105 z najpopularniejszych aplikacji randkowych online. W rzeczywisto\u015bci, wed\u0142ug Business Insider, Bumble jest najszybciej rozwijaj\u0105c\u0105 si\u0119 aplikacj\u0105 w\u015br\u00f3d kobiet w wieku 18-34 lat. I chocia\u017c wiele os\u00f3b zna Tindera, inn\u0105 niezwykle udan\u0105 aplikacj\u0119 randkow\u0105, Bumble jest w rzeczywisto\u015bci starszy. Uruchomiony w 2012 roku, Bumble rozpocz\u0105\u0142 \u017cycie jako spinoff OKCupid &#8211; aplikacji randkowej za\u0142o\u017conej w 2004 roku. Jednak w przeciwie\u0144stwie do OKCupid, Bumble koncentruje si\u0119 wy\u0142\u0105cznie na kobietach.<\/p>\n<h3>Jak wypada na tle innych?<\/h3>\n<p>Aplikacja dzia\u0142a podobnie do Tindera. U\u017cytkownicy szybko przesuwaj\u0105 palcem <a href=\"http:\/\/www.anonymous-sex-chat.com\/pl\/\">seks chat<\/a> w prawo, je\u015bli chc\u0105 &#8222;dopasowa\u0107&#8221;, i szybko w lewo, je\u015bli tego nie robi\u0105. Je\u015bli oboje przesuniecie palcem w prawo, zobaczycie nawzajem sw\u00f3j profil. W tym miejscu mo\u017cesz wys\u0142a\u0107 wiadomo\u015b\u0107 tekstow\u0105, czat lub poprosi\u0107 o spotkanie.<\/p>\n<p>W przeciwie\u0144stwie do Tindera, gdzie m\u0119\u017cczy\u017ani s\u0105 zobowi\u0105zani do zap\u0142aty, aby zobaczy\u0107 profil kobiety, Bumble jest ca\u0142kowicie darmowy. Nie ma \u017cadnych op\u0142at za rejestracj\u0119 lub przegl\u0105danie profili. To sprawia, \u017ce jest szczeg\u00f3lnie atrakcyjny dla m\u0142odszych pokole\u0144, kt\u00f3re cz\u0119sto czuj\u0105 si\u0119 zmuszone do p\u0142acenia za rzeczy, kt\u00f3re lubi\u0105.<\/p>\n<p>Sukces Bumble polega na tym, jak \u0142atwy jest w u\u017cyciu. W przeciwie\u0144stwie do Tindera, gdzie jeste\u015b zmuszony czeka\u0107, a\u017c kto\u015b wy\u015ble ci wiadomo\u015b\u0107, Bumble pozwala natychmiast rozpocz\u0105\u0107 rozmowy. R\u00f3wnie\u017c w przeciwie\u0144stwie do Tindera, Bumble nie wymaga od ciebie ujawnienia twojego prawdziwego imienia. Zamiast tego mo\u017cesz po prostu wybra\u0107 pseudonim, aby reprezentowa\u0107 siebie.<\/p>\n<h3>Zgodno\u015b\u0107?<\/h3>\n<p>Chocia\u017c Bumble jest niezwykle wygodny, ma pewne ograniczenia. Po pierwsze, aplikacja jest kompatybilna tylko z urz\u0105dzeniami z systemem iOS. Wsparcie dla Androida pojawi si\u0119 jednak wkr\u00f3tce. Po drugie, Bumble wymaga konta na Facebooku, aby si\u0119 zalogowa\u0107. Po trzecie, nie mo\u017cesz wchodzi\u0107 w interakcje z nikim spoza swojej okolicy. Wreszcie, musisz mie\u0107 uko\u0144czone 21 lat, aby korzysta\u0107 z aplikacji.<\/p>\n<h2>Match.com &#8211; jeden z najwi\u0119kszych na \u015bwiecie<\/h2>\n<p>Match to jeden z najpopularniejszych internetowych serwis\u00f3w randkowych. Z ponad 30 milionami <a href=\"https:\/\/www.pornchatsites.net\/hr\/\">porno chat<\/a> cz\u0142onk\u00f3w na ca\u0142ym \u015bwiecie, nic dziwnego, dlaczego. Jednak\u017ce, podczas gdy Match oferuje kilka \u015bwietnych funkcji, takich jak czat wideo na \u017cywo i wiadomo\u015bci, istniej\u0105 pewne rzeczy na temat witryny, kt\u00f3re sprawiaj\u0105, \u017ce nie jest idealna do przypadkowych randek. Oto pi\u0119\u0107 powod\u00f3w, dla kt\u00f3rych Match nie jest idealnym rozwi\u0105zaniem dla ka\u017cdej osoby.<\/p>\n<h3>Istnieje wiele op\u0142at<\/h3>\n<p>Je\u015bli zdecydujesz si\u0119 do\u0142\u0105czy\u0107 do Match, musisz zarejestrowa\u0107 si\u0119 w p\u0142atnym cz\u0142onkostwie. Je\u015bli nie chcesz wydawa\u0107 pieni\u0119dzy, musisz poczeka\u0107 trzy dni, aby wypr\u00f3bowa\u0107 us\u0142ug\u0119, nie p\u0142ac\u0105c nic. Nast\u0119pnie jednak b\u0119dziesz musia\u0142 wybra\u0107 mi\u0119dzy miesi\u0119czn\u0105 subskrypcj\u0105 (9,99 USD), roczn\u0105 subskrypcj\u0105 (19,99 USD miesi\u0119cznie) lub do\u017cywotni\u0105 subskrypcj\u0105 (59,99 USD).<\/p>\n<h3>Mo\u017cesz wyszukiwa\u0107 tylko osoby w swoim kraju<\/h3>\n<p>Po zalogowaniu si\u0119 do Match zobaczysz map\u0119, na kt\u00f3rej mo\u017cesz wybra\u0107 kraje, w kt\u00f3rych chcesz wyszukiwa\u0107. Dzia\u0142a to ca\u0142kiem nie\u017ale, z wyj\u0105tkiem tego, \u017ce nie pozwala na wyszukiwanie poza Stanami Zjednoczonymi. Je\u015bli szukasz mi\u0142o\u015bci za granic\u0105, mo\u017cesz rozwa\u017cy\u0107 inn\u0105 opcj\u0119.<\/p>\n<h3>Musisz zap\u0142aci\u0107, aby skontaktowa\u0107 si\u0119 z kim\u015b innym<\/h3>\n<p>Chocia\u017c mo\u017cesz korzysta\u0107 z funkcji przesy\u0142ania wiadomo\u015bci w witrynie, aby wysy\u0142a\u0107 wiadomo\u015bci do os\u00f3b, z kt\u00f3rymi si\u0119 dopasowa\u0142e\u015b, nie b\u0119dziesz m\u00f3g\u0142 inicjowa\u0107 rozm\u00f3w, chyba \u017ce zap\u0142acisz 4,95 USD miesi\u0119cznie. Chocia\u017c op\u0142ata ta jest znacznie ta\u0144sza ni\u017c inne serwisy randkowe, utrudnia rozpocz\u0119cie znacz\u0105cych rozm\u00f3w z potencjalnymi dopasowaniami.<\/p>\n<h2>OKCupid &#8211; Teraz za darmo!<\/h2>\n<p>\u015awiat randek internetowych zosta\u0142 wstrz\u0105\u015bni\u0119ty, gdy OKCupid og\u0142osi\u0142, \u017ce zmieni\u0142 kurs i stanie si\u0119 ca\u0142kowicie darmowy. Podczas gdy wiele witryn pobiera miesi\u0119czn\u0105 op\u0142at\u0119, OKCupid m\u00f3wi, \u017ce chce da\u0107 wszystkim dost\u0119p do swoich us\u0142ug. Po skonfigurowaniu profilu na OKCupid aplikacja \u015bledzi u\u017cytkownik\u00f3w, kt\u00f3rych profile ci si\u0119 podoba\u0142y, a tak\u017ce tych, kt\u00f3rzy polubili Twoje. Mo\u017cesz tak\u017ce wy\u015bwietli\u0107 osoby, kt\u00f3re polubi\u0142y Tw\u00f3j profil, a gdy to zrobisz, b\u0119dziesz m\u00f3g\u0142 wy\u015bwietli\u0107 ich profil i wysy\u0142a\u0107 im wiadomo\u015bci.<\/p>\n<p>Dzi\u0119ki przejrzystemu interfejsowi i \u0142atwej nawigacji OkCupid u\u0142atwia znajdowanie dopasowa\u0144. Mo\u017cesz przegl\u0105da\u0107 profile na podstawie lokalizacji, wieku, statusu zwi\u0105zku, zainteresowa\u0144, hobby, poziomu wykszta\u0142cenia, pracy, religii, pochodzenia etnicznego, preferencji dotycz\u0105cych palenia, typu cia\u0142a, wzrostu, wagi, a nawet orientacji seksualnej. U\u017cytkownicy mog\u0105 wysy\u0142a\u0107 wiadomo\u015bci, przegl\u0105da\u0107 zdj\u0119cia, konfigurowa\u0107 daty i czatowa\u0107 za pomoc\u0105 tekstu lub wideo.<\/p>\n<h3>Koszty<\/h3>\n<p>W wersji p\u0142atnej OKCupid pobiera 19 USD miesi\u0119cznie.<\/p>\n<p>Jednak w wersji darmowej nie b\u0119dziesz w stanie tego zrobi\u0107. Zamiast tego b\u0119dziesz ograniczony do wysy\u0142ania wiadomo\u015bci do os\u00f3b, kt\u00f3re ju\u017c Ci\u0119 lubi\u0105. Je\u015bli szukasz miejsca, w kt\u00f3rym mo\u017cesz spotka\u0107 wielu r\u00f3\u017cnych ludzi i znale\u017a\u0107 mi\u0142o\u015b\u0107, OKCupid jest nadal wart sprawdzenia. Ale je\u015bli wolisz trzyma\u0107 si\u0119 podstaw, sprawd\u017a nasz\u0105 list\u0119 najlepszych darmowych aplikacji randkowych.<\/p>\n<p>Ponadto p\u0142acenie pozwala zobaczy\u0107, kto polubi\u0142 Tw\u00f3j profil bez konieczno\u015bci ponownego p\u0142acenia. A je\u015bli chcesz wyda\u0107 kolejne 9,95 USD \/ miesi\u0105c, mo\u017cesz pozby\u0107 si\u0119 reklam w aplikacji.<\/p>\n<h2>Randki na Facebooku &#8211; proste w u\u017cyciu<\/h2>\n<p>Najnowszym dodatkiem do arsena\u0142u aplikacji Facebooka s\u0105 Facebook Dating. Ta bezp\u0142atna us\u0142uga umo\u017cliwia skonfigurowanie profilu randkowego, kt\u00f3ry nie b\u0119dzie widoczny dla nikogo innego, z wyj\u0105tkiem tych, kt\u00f3rzy s\u0105 cz\u0142onkami Facebook Dating. Mo\u017cesz wybra\u0107, czy chcesz upubliczni\u0107 sw\u00f3j profil, czy go ukry\u0107. Je\u015bli zdecydujesz si\u0119 go upubliczni\u0107, b\u0119dziesz m\u00f3g\u0142 dodawa\u0107 zdj\u0119cia, filmy, wydarzenia, lokalizacje, a nawet sprawdza\u0107 profile swoich dopasowa\u0144.<\/p>\n<p>Mo\u017cesz r\u00f3wnie\u017c u\u017cy\u0107 swojego konta na Facebooku, aby automatycznie wype\u0142ni\u0107 informacje profilowe, takie jak wiek, p\u0142e\u0107, lokalizacja, status zwi\u0105zku, wykszta\u0142cenie, historia pracy, zainteresowania, religia, pogl\u0105dy polityczne i ulubiony program telewizyjny.<\/p>\n<h2>POF &#8211; Brak reklam na iOS lub Androida!<\/h2>\n<p>Darmowy internetowy serwis randkowy Plenty Of Fish jest jedn\u0105 z najpopularniejszych opcji, szczeg\u00f3lnie w\u015br\u00f3d millenials\u00f3w. Ale podczas gdy wiele os\u00f3b zapisuje si\u0119 ka\u017cdego dnia, wielu nie trzyma si\u0119 wystarczaj\u0105co d\u0142ugo, aby znale\u017a\u0107 mi\u0142o\u015b\u0107. W rzeczywisto\u015bci, wed\u0142ug najnowszych danych Statista, nieco ponad po\u0142owa cz\u0142onk\u00f3w POF jest aktywna ka\u017cdego miesi\u0105ca.<\/p>\n<p>Podczas gdy darmowa wersja pozwala przegl\u0105da\u0107 profile i wysy\u0142a\u0107 wiadomo\u015bci, b\u0119dziesz musia\u0142 zap\u0142aci\u0107, aby zrobi\u0107 wiele innych. Je\u015bli jednak chcesz zarobi\u0107 dodatkow\u0105 got\u00f3wk\u0119 za po\u015brednictwem pobocznego zgie\u0142ku, Plenty of Fish oferuje kilka sposob\u00f3w zarabiania pieni\u0119dzy poprzez sprzeda\u017c subskrypcji premium. Na przyk\u0142ad mo\u017cesz sprzeda\u0107 miesi\u0119czn\u0105 subskrypcj\u0119 ju\u017c za 10 USD miesi\u0119cznie lub mo\u017cesz kupi\u0107 roczny pakiet za 99 USD. Otrzymasz r\u00f3wnie\u017c zni\u017cki na wiele zakup\u00f3w.<\/p>\n<h1>Co teraz powiniene\u015b zrobi\u0107?<\/h1>\n<p>Je\u015bli szukasz mi\u0142o\u015bci online, prawdopodobnie s\u0142ysza\u0142e\u015b, \u017ce p\u0142acenie za serwis randkowy mo\u017ce u\u0142atwi\u0107 znalezienie kogo\u015b kompatybilnego. Ale ile to kosztuje? A co dostajesz za swoje pieni\u0105dze? Poprosili\u015bmy naszych czytelnik\u00f3w, aby zastanowili si\u0119, czy warto p\u0142aci\u0107 za aplikacj\u0119 randkow\u0105 lub witryn\u0119. Oto, co mieli do powiedzenia.<\/p>\n<p>Randki online maj\u0105 by\u0107 jak regularne randki &#8211; z wyj\u0105tkiem niezr\u0119czno\u015bci zwi\u0105zanej z konieczno\u015bci\u0105 rozmawiania z prawdziwymi lud\u017ami twarz\u0105 w twarz. Wed\u0142ug nowego sonda\u017cu wi\u0119kszo\u015b\u0107 ludzi uwa\u017ca, \u017ce to prawda. W rzeczywisto\u015bci jeden na czterech Amerykan\u00f3w twierdzi, \u017ce jest got\u00f3w um\u00f3wi\u0107 si\u0119 z kim\u015b, kogo pozna\u0142 online.<\/p>\n","protected":false},"excerpt":{"rendered":"<p>Internetowe serwisy randkowe s\u0105 tutaj, aby pozosta\u0107. S\u0105 teraz cz\u0119\u015bci\u0105 naszego codziennego \u017cycia, czy nam si\u0119 to podoba, czy nie. I chocia\u017c istnieje wiele p\u0142atnych &hellip; <\/p>\n","protected":false},"author":1,"featured_media":0,"parent":0,"menu_order":0,"comment_status":"closed","ping_status":"closed","template":"","meta":[],"yoast_head":"<!-- This site is optimized with the Yoast SEO plugin v17.7.1 - https:\/\/yoast.com\/wordpress\/plugins\/seo\/ -->\n<title>Nasz przewodnik po randkach online: kt\u00f3re aplikacje wypr\u00f3bowa\u0107 najpierw - Loud Hookup Blog<\/title>\n<meta name=\"description\" content=\"Opis META\" \/>\n<meta name=\"robots\" content=\"index, follow, max-snippet:-1, max-image-preview:large, max-video-preview:-1\" \/>\n<link rel=\"canonical\" href=\"https:\/\/loudgrandma.com\/pl\/\" \/>\n<meta property=\"og:locale\" content=\"pl_PL\" \/>\n<meta property=\"og:type\" content=\"article\" \/>\n<meta property=\"og:title\" content=\"Nasz przewodnik po randkach online: kt\u00f3re aplikacje wypr\u00f3bowa\u0107 najpierw - Loud Hookup Blog\" \/>\n<meta property=\"og:description\" content=\"Opis META\" \/>\n<meta property=\"og:url\" content=\"https:\/\/loudgrandma.com\/pl\/\" \/>\n<meta property=\"og:site_name\" content=\"Loud Hookup Blog\" \/>\n<meta property=\"article:modified_time\" content=\"2022-10-17T13:28:39+00:00\" \/>\n<meta property=\"og:image\" content=\"http:\/\/loudgrandma.com\/wp-content\/uploads\/2022\/08\/dating-sea-1024x683.jpeg\" \/>\n<meta name=\"twitter:card\" content=\"summary_large_image\" \/>\n<meta name=\"twitter:label1\" content=\"Szacowany czas czytania\" \/>\n\t<meta name=\"twitter:data1\" content=\"7 minut\" \/>\n<script type=\"application\/ld+json\" class=\"yoast-schema-graph\">{\"@context\":\"https:\/\/schema.org\",\"@graph\":[{\"@type\":\"WebSite\",\"@id\":\"http:\/\/loudgrandma.com\/#website\",\"url\":\"http:\/\/loudgrandma.com\/\",\"name\":\"Loud Hookup Blog\",\"description\":\"Finding Dates & More\",\"potentialAction\":[{\"@type\":\"SearchAction\",\"target\":{\"@type\":\"EntryPoint\",\"urlTemplate\":\"http:\/\/loudgrandma.com\/?s={search_term_string}\"},\"query-input\":\"required name=search_term_string\"}],\"inLanguage\":\"pl-PL\"},{\"@type\":\"ImageObject\",\"@id\":\"https:\/\/loudgrandma.com\/pl\/#primaryimage\",\"inLanguage\":\"pl-PL\",\"url\":\"http:\/\/loudgrandma.com\/wp-content\/uploads\/2022\/08\/dating-sea-1024x683.jpeg\",\"contentUrl\":\"http:\/\/loudgrandma.com\/wp-content\/uploads\/2022\/08\/dating-sea-1024x683.jpeg\"},{\"@type\":\"WebPage\",\"@id\":\"https:\/\/loudgrandma.com\/pl\/#webpage\",\"url\":\"https:\/\/loudgrandma.com\/pl\/\",\"name\":\"Nasz przewodnik po randkach online: kt\\u00f3re aplikacje wypr\\u00f3bowa\\u0107 najpierw - Loud Hookup Blog\",\"isPartOf\":{\"@id\":\"http:\/\/loudgrandma.com\/#website\"},\"primaryImageOfPage\":{\"@id\":\"https:\/\/loudgrandma.com\/pl\/#primaryimage\"},\"datePublished\":\"2022-08-29T10:51:01+00:00\",\"dateModified\":\"2022-10-17T13:28:39+00:00\",\"description\":\"Opis META\",\"breadcrumb\":{\"@id\":\"https:\/\/loudgrandma.com\/pl\/#breadcrumb\"},\"inLanguage\":\"pl-PL\",\"potentialAction\":[{\"@type\":\"ReadAction\",\"target\":[\"https:\/\/loudgrandma.com\/pl\/\"]}]},{\"@type\":\"BreadcrumbList\",\"@id\":\"https:\/\/loudgrandma.com\/pl\/#breadcrumb\",\"itemListElement\":[{\"@type\":\"ListItem\",\"position\":1,\"name\":\"Home\",\"item\":\"https:\/\/loudgrandma.com\/pl\/\"},{\"@type\":\"ListItem\",\"position\":2,\"name\":\"Nasz przewodnik po randkach online: kt\\u00f3re aplikacje wypr\\u00f3bowa\\u0107 najpierw\"}]}]}<\/script>\n<!-- \/ Yoast SEO plugin. -->","yoast_head_json":{"title":"Nasz przewodnik po randkach online: kt\u00f3re aplikacje wypr\u00f3bowa\u0107 najpierw - Loud Hookup Blog","description":"Opis META","robots":{"index":"index","follow":"follow","max-snippet":"max-snippet:-1","max-image-preview":"max-image-preview:large","max-video-preview":"max-video-preview:-1"},"canonical":"https:\/\/loudgrandma.com\/pl\/","og_locale":"pl_PL","og_type":"article","og_title":"Nasz przewodnik po randkach online: kt\u00f3re aplikacje wypr\u00f3bowa\u0107 najpierw - Loud Hookup Blog","og_description":"Opis META","og_url":"https:\/\/loudgrandma.com\/pl\/","og_site_name":"Loud Hookup Blog","article_modified_time":"2022-10-17T13:28:39+00:00","og_image":[{"url":"http:\/\/loudgrandma.com\/wp-content\/uploads\/2022\/08\/dating-sea-1024x683.jpeg"}],"twitter_card":"summary_large_image","twitter_misc":{"Szacowany czas czytania":"7 minut"},"schema":{"@context":"https:\/\/schema.org","@graph":[{"@type":"WebSite","@id":"http:\/\/loudgrandma.com\/#website","url":"http:\/\/loudgrandma.com\/","name":"Loud Hookup Blog","description":"Finding Dates & More","potentialAction":[{"@type":"SearchAction","target":{"@type":"EntryPoint","urlTemplate":"http:\/\/loudgrandma.com\/?s={search_term_string}"},"query-input":"required name=search_term_string"}],"inLanguage":"pl-PL"},{"@type":"ImageObject","@id":"https:\/\/loudgrandma.com\/pl\/#primaryimage","inLanguage":"pl-PL","url":"http:\/\/loudgrandma.com\/wp-content\/uploads\/2022\/08\/dating-sea-1024x683.jpeg","contentUrl":"http:\/\/loudgrandma.com\/wp-content\/uploads\/2022\/08\/dating-sea-1024x683.jpeg"},{"@type":"WebPage","@id":"https:\/\/loudgrandma.com\/pl\/#webpage","url":"https:\/\/loudgrandma.com\/pl\/","name":"Nasz przewodnik po randkach online: kt\u00f3re aplikacje wypr\u00f3bowa\u0107 najpierw - Loud Hookup Blog","isPartOf":{"@id":"http:\/\/loudgrandma.com\/#website"},"primaryImageOfPage":{"@id":"https:\/\/loudgrandma.com\/pl\/#primaryimage"},"datePublished":"2022-08-29T10:51:01+00:00","dateModified":"2022-10-17T13:28:39+00:00","description":"Opis META","breadcrumb":{"@id":"https:\/\/loudgrandma.com\/pl\/#breadcrumb"},"inLanguage":"pl-PL","potentialAction":[{"@type":"ReadAction","target":["https:\/\/loudgrandma.com\/pl\/"]}]},{"@type":"BreadcrumbList","@id":"https:\/\/loudgrandma.com\/pl\/#breadcrumb","itemListElement":[{"@type":"ListItem","position":1,"name":"Home","item":"https:\/\/loudgrandma.com\/pl\/"},{"@type":"ListItem","position":2,"name":"Nasz przewodnik po randkach online: kt\u00f3re aplikacje wypr\u00f3bowa\u0107 najpierw"}]}]}},"_links":{"self":[{"href":"https:\/\/loudgrandma.com\/pl\/wp-json\/wp\/v2\/pages\/186"}],"collection":[{"href":"https:\/\/loudgrandma.com\/pl\/wp-json\/wp\/v2\/pages"}],"about":[{"href":"https:\/\/loudgrandma.com\/pl\/wp-json\/wp\/v2\/types\/page"}],"author":[{"embeddable":true,"href":"https:\/\/loudgrandma.com\/pl\/wp-json\/wp\/v2\/users\/1"}],"replies":[{"embeddable":true,"href":"https:\/\/loudgrandma.com\/pl\/wp-json\/wp\/v2\/comments?post=186"}],"version-history":[{"count":1,"href":"https:\/\/loudgrandma.com\/pl\/wp-json\/wp\/v2\/pages\/186\/revisions"}],"predecessor-version":[{"id":265,"href":"https:\/\/loudgrandma.com\/pl\/wp-json\/wp\/v2\/pages\/186\/revisions\/265"}],"wp:attachment":[{"href":"https:\/\/loudgrandma.com\/pl\/wp-json\/wp\/v2\/media?parent=186"}],"curies":[{"name":"wp","href":"https:\/\/api.w.org\/{rel}","templated":true}]}}