{"id":187,"date":"2022-08-29T11:51:01","date_gmt":"2022-08-29T10:51:01","guid":{"rendered":"http:\/\/loudgrandma.com\/nosso-guia-para-encontros-online-quais-aplicativos-para-experimentar-primeiro\/"},"modified":"2022-10-17T14:01:13","modified_gmt":"2022-10-17T13:01:13","slug":"nosso-guia-para-encontros-online-quais-aplicativos-para-experimentar-primeiro","status":"publish","type":"page","link":"https:\/\/loudgrandma.com\/pt-pt\/","title":{"rendered":"Nosso guia para encontros online: quais aplicativos para experimentar primeiro"},"content":{"rendered":"<p>Sites de encontros online est\u00e3o aqui para ficar. Fazem parte do nosso dia-a-dia agora, quer gostemos quer n\u00e3o. E apesar de haver muitas op\u00e7\u00f5es pagas l\u00e1 fora, muitas pessoas ainda preferem ficar com as gratuitas. Com isso em mente, reunimos uma lista de algumas das melhores aplica\u00e7\u00f5es e sites de encontros gratuitos ao redor. Tent\u00e1mos manter as coisas simples &#8211; sem truques, apenas grandes caracter\u00edsticas e combina\u00e7\u00f5es s\u00f3lidas. Assim, sem mais demoras, aqui est\u00e3o os nove melhores sites de encontros gratuitos e aplicativos de 2022.<\/p>\n<p>Temos feito cr\u00edticas sobre quais s\u00e3o as melhores, e quais as que as pessoas devem tentar em 2022. Se gosta de alguma na nossa lista, por favor, d\u00ea-lhes uma tentativa e diga-nos como se sai.<\/p>\n<p><img loading=\"lazy\" class=\"aligncenter size-large wp-image-48\" src=\"http:\/\/loudgrandma.com\/wp-content\/uploads\/2022\/08\/dating-sea-1024x683.jpeg\" alt=\"\" width=\"1024\" height=\"683\" srcset=\"https:\/\/loudgrandma.com\/wp-content\/uploads\/2022\/08\/dating-sea-1024x683.jpeg 1024w, https:\/\/loudgrandma.com\/wp-content\/uploads\/2022\/08\/dating-sea-300x200.jpeg 300w, https:\/\/loudgrandma.com\/wp-content\/uploads\/2022\/08\/dating-sea-768x512.jpeg 768w, https:\/\/loudgrandma.com\/wp-content\/uploads\/2022\/08\/dating-sea.jpeg 1125w\" sizes=\"(max-width: 1024px) 100vw, 1024px\" \/><\/p>\n<h2>Bumble &#8211; \u00c9 realmente o melhor para as mulheres?<\/h2>\n<p>Com mais de 50 milh\u00f5es de membros em todo o mundo, o Bumble \u00e9 uma das aplica\u00e7\u00f5es de encontros online mais populares por a\u00ed. De facto, de acordo com o Business Insider, o Bumble \u00e9 a aplica\u00e7\u00e3o que mais cresce entre as mulheres entre os 18 e os 34 anos. E enquanto muitas pessoas est\u00e3o familiarizadas com o Tinder, outra aplica\u00e7\u00e3o de encontros de enorme sucesso, o Bumble \u00e9 na verdade mais <a href=\"http:\/\/www.sites-de-sexo.com\/sites-para-encontros-sexuais\/\">sites para encontros sexuais<\/a> velho. Lan\u00e7ado em 2012, Bumble come\u00e7ou a vida como um spinoff da OKCupid &#8211; uma app de encontros fundada em 2004. No entanto, ao contr\u00e1rio do OKCupid, o Bumble foca-se exclusivamente em utilizadores femininos.<\/p>\n<h3>Como se compara com os outros?<\/h3>\n<p>A aplica\u00e7\u00e3o funciona da mesma forma que o Tinder. Os utilizadores passam \u00e0 direita se quiserem &#8220;combinar&#8221;, e passam para a esquerda se n\u00e3o o fizerem. Se ambos roubarem direito, ver\u00e3o o perfil um do outro. A partir daqui, pode enviar uma mensagem de texto, conversar ou solicitar um encontro.<\/p>\n<p>Ao contr\u00e1rio do Tinder, onde os homens s\u00e3o obrigados a pagar para ver o perfil de uma mulher, o Bumble \u00e9 completamente livre. N\u00e3o h\u00e1 taxas para se inscrever ou navegar nos perfis. Isto torna-o especialmente atraente para as gera\u00e7\u00f5es mais novas, que muitas vezes se sentem pressionadas a pagar por coisas de que gostam.<\/p>\n<p>O sucesso do Bumble reside no qu\u00e3o f\u00e1cil \u00e9 ser usado. Ao contr\u00e1rio do Tinder, onde \u00e9s for\u00e7ado a esperar que algu\u00e9m te envie mensagens, o Bumble deixa-te come\u00e7ar as conversas imediatamente. Ao contr\u00e1rio do Tinder, o Bumble n\u00e3o exige que reveles o teu nome verdadeiro. Em vez disso, pode simplesmente escolher um apelido para se representar a si mesmo.<\/p>\n<h3>Compatibilidade?<\/h3>\n<p>Embora Bumble seja incrivelmente conveniente, vem com algumas limita\u00e7\u00f5es. Em primeiro lugar <a href=\"http:\/\/www.sites-de-sexo.com\/site-de-relacionamento-que-nao-precisa-de-email\/\">sites de relacionamento que n\u00e3o precisa fazer cadastro<\/a>, a aplica\u00e7\u00e3o \u00e9 apenas compat\u00edvel com dispositivos iOS. No entanto, o suporte android est\u00e1 para breve. Segundo, o Bumble requer uma conta no Facebook para fazer login. Terceiro, n\u00e3o pode interagir com ningu\u00e9m fora da sua \u00e1rea local. Por fim, deve ter 21 anos ou mais para utilizar a app.<\/p>\n<h2>Match.com &#8211; Um dos maiores do mundo<\/h2>\n<p>Match \u00e9 um dos sites de encontros online mais populares. Com mais de 30 milh\u00f5es de membros em todo o mundo, n\u00e3o \u00e9 de admirar o porqu\u00ea. No entanto, embora o Match ofere\u00e7a algumas funcionalidades fant\u00e1sticas como chat de v\u00eddeo ao vivo e mensagens, existem algumas coisas sobre o site que o tornam menos do que ideal para encontros casuais. Aqui est\u00e3o cinco raz\u00f5es pelas quais o Match n\u00e3o \u00e9 o par perfeito para cada pessoa.<\/p>\n<h3>H\u00e1 um monte de taxas<\/h3>\n<p>Se decidir juntar-se ao Match, ter\u00e1 de se inscrever para uma ades\u00e3o paga. Se n\u00e3o quer gastar dinheiro, ter\u00e1 de esperar tr\u00eas dias para experimentar o servi\u00e7o sem pagar nada. Depois disso, no entanto, ter\u00e1 de escolher entre uma subscri\u00e7\u00e3o mensal ($9,99), uma subscri\u00e7\u00e3o anual ($19,99 por m\u00eas), ou uma subscri\u00e7\u00e3o vital\u00edcia ($59,99).<\/p>\n<h3>S\u00f3 pode pesquisar pessoas dentro do seu pa\u00eds<\/h3>\n<p>Ao iniciar sess\u00e3o no Match, ver\u00e1 um mapa onde pode selecionar os pa\u00edses que pretende pesquisar no seu interior. Isto funciona muito bem, s\u00f3 que n\u00e3o te permite procurar fora dos Estados Unidos. Se procura encontrar o amor no exterior, talvez queira considerar outra op\u00e7\u00e3o.<\/p>\n<h3>Precisa pagar para contactar outra pessoa.<\/h3>\n<p>Embora possa utilizar a funcionalidade de mensagens do site para enviar mensagens a pessoas com quem se juntou, n\u00e3o poder\u00e1 iniciar conversas a menos que pague $4,95 por m\u00eas. Embora esta taxa seja muito mais barata do que o que outros sites de namoro cobram, torna-se mais dif\u00edcil iniciar conversas significativas com potenciais f\u00f3sforos.<\/p>\n<h2>OKCupid &#8211; Agora Gr\u00e1tis!<\/h2>\n<p>O mundo dos encontros online foi abalado quando a OKCupid anunciou <a href=\"https:\/\/www.sites-de-encontros.com\/namoro-online-totalmente-gratuito\/\">site de relacionamento totalmente gratuito<\/a> que tinha mudado de rumo e que se tornaria completamente livre. Apesar de muitos sites cobrarem uma mensalidade, a OKCupid diz que quer dar a todos o acesso aos seus servi\u00e7os. Uma vez que o seu perfil \u00e9 configurado no OKCupid, a aplica\u00e7\u00e3o rastreia os utilizadores cujos perfis voc\u00ea gostou, bem como aqueles que gostaram do seu. Tamb\u00e9m pode optar por ver pessoas que gostaram do seu perfil, e assim que o fizer, poder\u00e1 ver o seu perfil e enviar-lhes mensagens.<\/p>\n<p>Com uma interface limpa e f\u00e1cil navega\u00e7\u00e3o, okCupid torna simples encontrar f\u00f3sforos. Voc\u00ea pode navegar perfis com base na localiza\u00e7\u00e3o, idade, estado da rela\u00e7\u00e3o, interesses, passatempos, n\u00edvel de educa\u00e7\u00e3o, trabalho, religi\u00e3o, etnia, prefer\u00eancias de tabagismo, tipo de corpo, altura, peso e at\u00e9 orienta\u00e7\u00e3o sexual. Os utilizadores podem enviar mensagens, ver fotos, configurar datas e conversar por texto ou v\u00eddeo.<\/p>\n<h3>Custos<\/h3>\n<p>Com a vers\u00e3o paga, a OKCupid cobra $19 por m\u00eas.<\/p>\n<p>Com a vers\u00e3o gratuita, no entanto, n\u00e3o poder\u00e1s faz\u00ea-lo. Em vez disso, limitar-se-\u00e1 a enviar mensagens a pessoas que j\u00e1 gostam de si. Se voc\u00ea est\u00e1 procurando um lugar onde voc\u00ea pode conhecer muitas pessoas diferentes e encontrar o amor, OKCupid ainda vale a pena verificar. Mas se preferir ficar com o b\u00e1sico, confira a nossa lista das melhores aplica\u00e7\u00f5es de encontros gr\u00e1tis.<\/p>\n<p>Al\u00e9m disso, pagar permite-lhe ver quem gostou do seu perfil sem ter de pagar novamente. E se estiver disposto a gastar mais $9,95\/m\u00eas, pode livrar-se dos an\u00fancios na aplica\u00e7\u00e3o.<\/p>\n<h2>Data\u00e7\u00e3o do Facebook &#8211; Simples De Usar<\/h2>\n<p>A mais recente adi\u00e7\u00e3o ao arsenal de aplica\u00e7\u00f5es do Facebook \u00e9 o Facebook Dating. Este servi\u00e7o gratuito permite-lhe configurar um perfil de namoro que n\u00e3o ser\u00e1 vis\u00edvel para mais ningu\u00e9m, exceto para aqueles que s\u00e3o membros do Facebook Dating. Pode escolher entre tornar o seu perfil p\u00fablico ou mant\u00ea-lo escondido. Se decidir torn\u00e1-lo p\u00fablico, poder\u00e1 adicionar fotos, v\u00eddeos, eventos, locais e at\u00e9 mesmo consultar os perfis dos seus jogos.<\/p>\n<p>Tamb\u00e9m pode utilizar a sua conta de Facebook para preencher automaticamente as informa\u00e7\u00f5es do seu perfil, tais como a sua idade, sexo, localiza\u00e7\u00e3o, estado de relacionamento, educa\u00e7\u00e3o, hist\u00f3rico de trabalho, interesses, religi\u00e3o, opini\u00f5es pol\u00edticas e programas de TV favoritos.<\/p>\n<h2>POF &#8211; Sem an\u00fancios para iOS ou Android!<\/h2>\n<p>O site de encontros online plenty of fish \u00e9 uma das op\u00e7\u00f5es mais populares l\u00e1 fora, especialmente entre os millennials. Mas enquanto muitas pessoas se inscrevem todos os dias, muitas n\u00e3o ficam o tempo suficiente para encontrar o amor. De facto, de acordo com os dados mais recentes da Statista, pouco mais de metade dos membros do POF est\u00e3o ativos todos os meses.<\/p>\n<p>Enquanto a vers\u00e3o gratuita permite visualizar perfis e enviar mensagens, ter\u00e1 de pagar para fazer muito mais. Se voc\u00ea est\u00e1 procurando ganhar algum dinheiro extra atrav\u00e9s da agita\u00e7\u00e3o lateral, no entanto, Plenty of Fish oferece v\u00e1rias maneiras de ganhar dinheiro vendendo subscri\u00e7\u00f5es premium. Por exemplo, pode vender uma subscri\u00e7\u00e3o mensal por at\u00e9 $10 por m\u00eas, ou pode comprar um pacote anual por $99. Tamb\u00e9m receber\u00e1 descontos para v\u00e1rias compras.<\/p>\n<h1>Agora, o que deve fazer?<\/h1>\n<p>Se procura amor online, provavelmente j\u00e1 ouviu dizer que pagar por um site de encontros pode tornar mais f\u00e1cil encontrar algu\u00e9m compat\u00edvel. Mas quanto custa? E o que ganha pelo seu dinheiro? Pedimos aos nossos leitores que ponderassem se vale a pena pagar por uma aplica\u00e7\u00e3o de encontros ou site. Eis o que tinham a dizer.<\/p>\n<p>Namoro online \u00e9 suposto ser como namoro regular &#8211; exceto sem o embara\u00e7o de ter que falar com humanos reais cara a cara. E de acordo com uma nova pesquisa, a maioria das pessoas pensa que \u00e9 verdade. Na verdade, um em cada quatro americanos diz que est\u00e1 disposto a namorar com algu\u00e9m que conheceu online.<\/p>\n","protected":false},"excerpt":{"rendered":"<p>Sites de encontros online est\u00e3o aqui para ficar. Fazem parte do nosso dia-a-dia agora, quer gostemos quer n\u00e3o. E apesar de haver muitas op\u00e7\u00f5es pagas &hellip; <\/p>\n","protected":false},"author":1,"featured_media":0,"parent":0,"menu_order":0,"comment_status":"closed","ping_status":"closed","template":"","meta":[],"yoast_head":"<!-- This site is optimized with the Yoast SEO plugin v17.7.1 - https:\/\/yoast.com\/wordpress\/plugins\/seo\/ -->\n<title>Nosso guia para encontros online: quais aplicativos para experimentar primeiro - Loud Hookup Blog<\/title>\n<meta name=\"description\" content=\"Descri\u00e7\u00e3o DA META\" \/>\n<meta name=\"robots\" content=\"index, follow, max-snippet:-1, max-image-preview:large, max-video-preview:-1\" \/>\n<link rel=\"canonical\" href=\"https:\/\/loudgrandma.com\/pt-pt\/\" \/>\n<meta property=\"og:locale\" content=\"pt_PT\" \/>\n<meta property=\"og:type\" content=\"article\" \/>\n<meta property=\"og:title\" content=\"Nosso guia para encontros online: quais aplicativos para experimentar primeiro - Loud Hookup Blog\" \/>\n<meta property=\"og:description\" content=\"Descri\u00e7\u00e3o DA META\" \/>\n<meta property=\"og:url\" content=\"https:\/\/loudgrandma.com\/pt-pt\/\" \/>\n<meta property=\"og:site_name\" content=\"Loud Hookup Blog\" \/>\n<meta property=\"article:modified_time\" content=\"2022-10-17T13:01:13+00:00\" \/>\n<meta property=\"og:image\" content=\"http:\/\/loudgrandma.com\/wp-content\/uploads\/2022\/08\/dating-sea-1024x683.jpeg\" \/>\n<meta name=\"twitter:card\" content=\"summary_large_image\" \/>\n<meta name=\"twitter:label1\" content=\"Tempo estimado de leitura\" \/>\n\t<meta name=\"twitter:data1\" content=\"7 minutos\" \/>\n<script type=\"application\/ld+json\" class=\"yoast-schema-graph\">{\"@context\":\"https:\/\/schema.org\",\"@graph\":[{\"@type\":\"WebSite\",\"@id\":\"https:\/\/loudgrandma.com\/#website\",\"url\":\"https:\/\/loudgrandma.com\/\",\"name\":\"Loud Hookup Blog\",\"description\":\"Finding Dates & More\",\"potentialAction\":[{\"@type\":\"SearchAction\",\"target\":{\"@type\":\"EntryPoint\",\"urlTemplate\":\"https:\/\/loudgrandma.com\/?s={search_term_string}\"},\"query-input\":\"required name=search_term_string\"}],\"inLanguage\":\"pt-PT\"},{\"@type\":\"ImageObject\",\"@id\":\"https:\/\/loudgrandma.com\/pt-pt\/#primaryimage\",\"inLanguage\":\"pt-PT\",\"url\":\"http:\/\/loudgrandma.com\/wp-content\/uploads\/2022\/08\/dating-sea-1024x683.jpeg\",\"contentUrl\":\"http:\/\/loudgrandma.com\/wp-content\/uploads\/2022\/08\/dating-sea-1024x683.jpeg\"},{\"@type\":\"WebPage\",\"@id\":\"https:\/\/loudgrandma.com\/pt-pt\/#webpage\",\"url\":\"https:\/\/loudgrandma.com\/pt-pt\/\",\"name\":\"Nosso guia para encontros online: quais aplicativos para experimentar primeiro - Loud Hookup Blog\",\"isPartOf\":{\"@id\":\"https:\/\/loudgrandma.com\/#website\"},\"primaryImageOfPage\":{\"@id\":\"https:\/\/loudgrandma.com\/pt-pt\/#primaryimage\"},\"datePublished\":\"2022-08-29T10:51:01+00:00\",\"dateModified\":\"2022-10-17T13:01:13+00:00\",\"description\":\"Descri\\u00e7\\u00e3o DA META\",\"breadcrumb\":{\"@id\":\"https:\/\/loudgrandma.com\/pt-pt\/#breadcrumb\"},\"inLanguage\":\"pt-PT\",\"potentialAction\":[{\"@type\":\"ReadAction\",\"target\":[\"https:\/\/loudgrandma.com\/pt-pt\/\"]}]},{\"@type\":\"BreadcrumbList\",\"@id\":\"https:\/\/loudgrandma.com\/pt-pt\/#breadcrumb\",\"itemListElement\":[{\"@type\":\"ListItem\",\"position\":1,\"name\":\"Home\",\"item\":\"https:\/\/loudgrandma.com\/pt-pt\/\"},{\"@type\":\"ListItem\",\"position\":2,\"name\":\"Nosso guia para encontros online: quais aplicativos para experimentar primeiro\"}]}]}<\/script>\n<!-- \/ Yoast SEO plugin. -->","yoast_head_json":{"title":"Nosso guia para encontros online: quais aplicativos para experimentar primeiro - Loud Hookup Blog","description":"Descri\u00e7\u00e3o DA META","robots":{"index":"index","follow":"follow","max-snippet":"max-snippet:-1","max-image-preview":"max-image-preview:large","max-video-preview":"max-video-preview:-1"},"canonical":"https:\/\/loudgrandma.com\/pt-pt\/","og_locale":"pt_PT","og_type":"article","og_title":"Nosso guia para encontros online: quais aplicativos para experimentar primeiro - Loud Hookup Blog","og_description":"Descri\u00e7\u00e3o DA META","og_url":"https:\/\/loudgrandma.com\/pt-pt\/","og_site_name":"Loud Hookup Blog","article_modified_time":"2022-10-17T13:01:13+00:00","og_image":[{"url":"http:\/\/loudgrandma.com\/wp-content\/uploads\/2022\/08\/dating-sea-1024x683.jpeg"}],"twitter_card":"summary_large_image","twitter_misc":{"Tempo estimado de leitura":"7 minutos"},"schema":{"@context":"https:\/\/schema.org","@graph":[{"@type":"WebSite","@id":"https:\/\/loudgrandma.com\/#website","url":"https:\/\/loudgrandma.com\/","name":"Loud Hookup Blog","description":"Finding Dates & More","potentialAction":[{"@type":"SearchAction","target":{"@type":"EntryPoint","urlTemplate":"https:\/\/loudgrandma.com\/?s={search_term_string}"},"query-input":"required name=search_term_string"}],"inLanguage":"pt-PT"},{"@type":"ImageObject","@id":"https:\/\/loudgrandma.com\/pt-pt\/#primaryimage","inLanguage":"pt-PT","url":"http:\/\/loudgrandma.com\/wp-content\/uploads\/2022\/08\/dating-sea-1024x683.jpeg","contentUrl":"http:\/\/loudgrandma.com\/wp-content\/uploads\/2022\/08\/dating-sea-1024x683.jpeg"},{"@type":"WebPage","@id":"https:\/\/loudgrandma.com\/pt-pt\/#webpage","url":"https:\/\/loudgrandma.com\/pt-pt\/","name":"Nosso guia para encontros online: quais aplicativos para experimentar primeiro - Loud Hookup Blog","isPartOf":{"@id":"https:\/\/loudgrandma.com\/#website"},"primaryImageOfPage":{"@id":"https:\/\/loudgrandma.com\/pt-pt\/#primaryimage"},"datePublished":"2022-08-29T10:51:01+00:00","dateModified":"2022-10-17T13:01:13+00:00","description":"Descri\u00e7\u00e3o DA META","breadcrumb":{"@id":"https:\/\/loudgrandma.com\/pt-pt\/#breadcrumb"},"inLanguage":"pt-PT","potentialAction":[{"@type":"ReadAction","target":["https:\/\/loudgrandma.com\/pt-pt\/"]}]},{"@type":"BreadcrumbList","@id":"https:\/\/loudgrandma.com\/pt-pt\/#breadcrumb","itemListElement":[{"@type":"ListItem","position":1,"name":"Home","item":"https:\/\/loudgrandma.com\/pt-pt\/"},{"@type":"ListItem","position":2,"name":"Nosso guia para encontros online: quais aplicativos para experimentar primeiro"}]}]}},"_links":{"self":[{"href":"https:\/\/loudgrandma.com\/pt-pt\/wp-json\/wp\/v2\/pages\/187"}],"collection":[{"href":"https:\/\/loudgrandma.com\/pt-pt\/wp-json\/wp\/v2\/pages"}],"about":[{"href":"https:\/\/loudgrandma.com\/pt-pt\/wp-json\/wp\/v2\/types\/page"}],"author":[{"embeddable":true,"href":"https:\/\/loudgrandma.com\/pt-pt\/wp-json\/wp\/v2\/users\/1"}],"replies":[{"embeddable":true,"href":"https:\/\/loudgrandma.com\/pt-pt\/wp-json\/wp\/v2\/comments?post=187"}],"version-history":[{"count":1,"href":"https:\/\/loudgrandma.com\/pt-pt\/wp-json\/wp\/v2\/pages\/187\/revisions"}],"predecessor-version":[{"id":260,"href":"https:\/\/loudgrandma.com\/pt-pt\/wp-json\/wp\/v2\/pages\/187\/revisions\/260"}],"wp:attachment":[{"href":"https:\/\/loudgrandma.com\/pt-pt\/wp-json\/wp\/v2\/media?parent=187"}],"curies":[{"name":"wp","href":"https:\/\/api.w.org\/{rel}","templated":true}]}}