{"id":183,"date":"2022-08-29T11:51:01","date_gmt":"2022-08-29T10:51:01","guid":{"rendered":"http:\/\/loudgrandma.com\/var-guide-till-online-dating-vilka-appar-att-prova-forst\/"},"modified":"2022-08-29T11:51:01","modified_gmt":"2022-08-29T10:51:01","slug":"var-guide-till-online-dating-vilka-appar-att-prova-forst","status":"publish","type":"page","link":"https:\/\/loudgrandma.com\/sv\/","title":{"rendered":"V\u00e5r guide till online dating: Vilka appar att prova f\u00f6rst"},"content":{"rendered":"<p>N\u00e4tdejtingsajter \u00e4r h\u00e4r f\u00f6r att stanna. De \u00e4r en del av v\u00e5r vardag nu, vare sig vi vill det eller inte. Och \u00e4ven om det finns gott om betalda alternativ d\u00e4r ute, f\u00f6redrar m\u00e5nga fortfarande att h\u00e5lla fast vid de gratis. Med det i \u00e5tanke har vi sammanst\u00e4llt en lista \u00f6ver n\u00e5gra av de b\u00e4sta gratis dejtingsapparna och webbplatserna runt. Vi f\u00f6rs\u00f6kte h\u00e5lla det enkelt &#8211; inga gimmicks, bara fantastiska funktioner och solid matchmaking. S\u00e5, utan vidare, h\u00e4r \u00e4r de nio b\u00e4sta gratis dejtingsajterna och apparna 2022.<\/p>\n<p>Vi har gjort recensioner om vilka som \u00e4r b\u00e4st och vilka som ska f\u00f6rs\u00f6ka 2022. Om du gillar n\u00e5gon p\u00e5 v\u00e5r lista, v\u00e4nligen prova dem och l\u00e5t oss veta hur du g\u00e5r vidare.<\/p>\n<p><img loading=\"lazy\" class=\"aligncenter size-large wp-image-48\" src=\"http:\/\/loudgrandma.com\/wp-content\/uploads\/2022\/08\/dating-sea-1024x683.jpeg\" alt=\"\" width=\"1024\" height=\"683\" srcset=\"https:\/\/loudgrandma.com\/wp-content\/uploads\/2022\/08\/dating-sea-1024x683.jpeg 1024w, https:\/\/loudgrandma.com\/wp-content\/uploads\/2022\/08\/dating-sea-300x200.jpeg 300w, https:\/\/loudgrandma.com\/wp-content\/uploads\/2022\/08\/dating-sea-768x512.jpeg 768w, https:\/\/loudgrandma.com\/wp-content\/uploads\/2022\/08\/dating-sea.jpeg 1125w\" sizes=\"(max-width: 1024px) 100vw, 1024px\" \/><\/p>\n<h2>Bumble &#8211; \u00c4r det verkligen det b\u00e4sta f\u00f6r kvinnor?<\/h2>\n<p>Med \u00f6ver 50 miljoner medlemmar \u00f6ver hela v\u00e4rlden \u00e4r Bumble en av de mest popul\u00e4ra dejtingapparna online d\u00e4r ute. Faktum \u00e4r att enligt Business Insider \u00e4r Bumble den snabbast v\u00e4xande appen bland kvinnor i \u00e5ldern 18\u201334 \u00e5r. Och medan m\u00e5nga m\u00e4nniskor \u00e4r bekanta med Tinder, en annan enormt framg\u00e5ngsrik dejtingsapp, \u00e4r Bumble faktiskt \u00e4ldre. Bumble lanserades 2012 och b\u00f6rjade livet som en spinoff av OKCupid &#8211; en dejtingsapp som grundades 2004. Men till skillnad fr\u00e5n OKCupid fokuserar Bumble uteslutande p\u00e5 kvinnliga anv\u00e4ndare.<\/p>\n<h3>Hur j\u00e4mf\u00f6r det sig med andra?<\/h3>\n<p>Appen fungerar p\u00e5 samma s\u00e4tt som Tinder. Anv\u00e4ndare sveper \u00e5t h\u00f6ger om de vill &#8221;matcha&#8221; och sveper \u00e5t v\u00e4nster om de inte g\u00f6r det. Om ni b\u00e5da sveper \u00e5t h\u00f6ger ser ni varandras profil. H\u00e4rifr\u00e5n kan du skicka ett textmeddelande, chatta eller beg\u00e4ra att tr\u00e4ffas.<\/p>\n<p>Till skillnad fr\u00e5n Tinder, d\u00e4r m\u00e4n m\u00e5ste betala f\u00f6r att se en kvinnas profil, \u00e4r Bumble helt gratis. Det finns inga avgifter f\u00f6r att registrera dig eller bl\u00e4ddra bland profiler. Detta g\u00f6r det s\u00e4rskilt attraktivt f\u00f6r yngre generationer, som ofta k\u00e4nner sig pressade att betala f\u00f6r saker de tycker om.<\/p>\n<p>Bumbles framg\u00e5ng ligger i hur l\u00e4tt det \u00e4r att anv\u00e4nda. Till skillnad fr\u00e5n Tinder, d\u00e4r du tvingas v\u00e4nta p\u00e5 att n\u00e5gon ska skicka meddelanden till dig, l\u00e5ter Bumble dig starta konversationer omedelbart. Till skillnad fr\u00e5n Tinder kr\u00e4ver Bumble inte att du avsl\u00f6jar ditt riktiga namn. Ist\u00e4llet kan du helt enkelt v\u00e4lja ett smeknamn f\u00f6r att representera dig sj\u00e4lv.<\/p>\n<h3>Kompatibilitet?<\/h3>\n<p>\u00c4ven om Bumble \u00e4r otroligt bekv\u00e4mt, kommer det med vissa begr\u00e4nsningar. F\u00f6rst och fr\u00e4mst \u00e4r appen endast kompatibel med iOS-enheter. Android-st\u00f6d kommer dock snart. F\u00f6r det andra kr\u00e4ver Bumble ett Facebook-konto f\u00f6r att logga in. F\u00f6r det tredje kan du inte interagera med n\u00e5gon utanf\u00f6r ditt lokala omr\u00e5de. Slutligen m\u00e5ste du vara 21 \u00e5r eller \u00e4ldre f\u00f6r att anv\u00e4nda appen.<\/p>\n<h2>Match.com &#8211; En av de st\u00f6rsta i v\u00e4rlden<\/h2>\n<p>Match \u00e4r en av de mest popul\u00e4ra dejtingsajterna online. Med \u00f6ver 30 miljoner medlemmar v\u00e4rlden \u00f6ver \u00e4r det inte konstigt varf\u00f6r. Men medan Match erbjuder n\u00e5gra fantastiska funktioner som live videochatt och meddelanden, finns det n\u00e5gra saker med webbplatsen som g\u00f6r den mindre \u00e4n idealisk f\u00f6r avslappnad dejting. H\u00e4r \u00e4r fem anledningar till varf\u00f6r Match inte \u00e4r den perfekta matchningen f\u00f6r varje enskild person.<\/p>\n<h3>Det finns m\u00e5nga avgifter<\/h3>\n<p>Om du best\u00e4mmer dig f\u00f6r att g\u00e5 med i Match m\u00e5ste du registrera dig f\u00f6r ett betalt medlemskap. Om du inte vill spendera pengar m\u00e5ste du v\u00e4nta tre dagar f\u00f6r att prova tj\u00e4nsten utan att betala n\u00e5got. Efter det m\u00e5ste du dock v\u00e4lja mellan en m\u00e5nadsprenumeration ($ 9.99), en \u00e5rlig prenumeration ($ 19.99 per m\u00e5nad) eller en livstidsprenumeration ($ 59.99).<\/p>\n<h3>Du kan bara s\u00f6ka efter personer i ditt land<\/h3>\n<p>N\u00e4r du loggar in p\u00e5 Match ser du en karta d\u00e4r du kan v\u00e4lja de l\u00e4nder du vill s\u00f6ka inom. Detta fungerar ganska bra, f\u00f6rutom att det inte till\u00e5ter dig att s\u00f6ka utanf\u00f6r USA. Om du vill hitta k\u00e4rlek utomlands kanske du vill \u00f6verv\u00e4ga ett annat alternativ.<\/p>\n<h3>Du m\u00e5ste betala f\u00f6r att kontakta n\u00e5gon annan<\/h3>\n<p>Medan du kan anv\u00e4nda webbplatsens meddelandefunktion f\u00f6r att skicka meddelanden till personer du har matchat med, kommer du inte att kunna initiera konversationer om du inte betalar $ 4.95 per m\u00e5nad. \u00c4ven om denna avgift \u00e4r mycket billigare \u00e4n vad andra dejtingsajter tar ut, g\u00f6r det det sv\u00e5rare att starta meningsfulla konversationer med potentiella matchningar.<\/p>\n<h2>OKCupid &#8211; Nu gratis!<\/h2>\n<p>Online-datingv\u00e4rlden skakades n\u00e4r OKCupid meddelade att den hade \u00e4ndrat kurs och skulle bli helt gratis. Medan m\u00e5nga webbplatser tar ut en m\u00e5nadsavgift, s\u00e4ger OKCupid att de vill ge alla tillg\u00e5ng till sina tj\u00e4nster. N\u00e4r din profil har konfigurerats p\u00e5 OKCupid sp\u00e5rar appen anv\u00e4ndare vars profiler du har gillat s\u00e5v\u00e4l som de som har gillat din. Du kan ocks\u00e5 v\u00e4lja att visa personer som har gillat din profil, och n\u00e4r du g\u00f6r det kan du se deras profil och skicka meddelanden till dem.<\/p>\n<p>Med ett rent gr\u00e4nssnitt och enkel navigering g\u00f6r OkCupid det enkelt att hitta matchningar. Du kan bl\u00e4ddra bland profiler baserat p\u00e5 plats, \u00e5lder, relationsstatus, intressen, hobbyer, utbildningsniv\u00e5, jobb, religion, etnicitet, r\u00f6kpreferenser, kroppstyp, l\u00e4ngd, vikt och till och med sexuell l\u00e4ggning. Anv\u00e4ndare kan skicka meddelanden, visa foton, st\u00e4lla in datum och chatta via text eller video.<\/p>\n<h3>Kostnader<\/h3>\n<p>Med den betalda versionen debiterar OKCupid $ 19 per m\u00e5nad.<\/p>\n<p>Med gratisversionen kommer du dock inte att kunna g\u00f6ra det. Ist\u00e4llet \u00e4r du begr\u00e4nsad till att skicka meddelanden till personer som redan gillar dig. Om du letar efter en plats d\u00e4r du kan tr\u00e4ffa m\u00e5nga olika m\u00e4nniskor och hitta k\u00e4rlek \u00e4r OKCupid fortfarande v\u00e4rt att kolla in. Men om du hellre vill h\u00e5lla dig till grunderna, kolla in v\u00e5r lista \u00f6ver de b\u00e4sta gratis dejtingsapparna.<\/p>\n<p>Dessutom kan du betala f\u00f6r att se vem som har gillat din profil utan att beh\u00f6va betala igen. Och om du \u00e4r villig att spendera ytterligare $ 9.95 \/ m\u00e5nad kan du bli av med annonser i appen.<\/p>\n<h2>Facebook Dating &#8211; enkel att anv\u00e4nda<\/h2>\n<p>Det senaste tillskottet till Facebooks arsenal av appar \u00e4r Facebook Dating. Denna gratistj\u00e4nst l\u00e5ter dig st\u00e4lla in en dejtingsprofil som inte kommer att vara synlig f\u00f6r n\u00e5gon annan \u00e4n de som \u00e4r medlemmar i Facebook Dating. Du kan v\u00e4lja om du vill g\u00f6ra din profil offentlig eller h\u00e5lla den dold. Om du best\u00e4mmer dig f\u00f6r att g\u00f6ra det offentligt kan du l\u00e4gga till foton, videor, evenemang, platser och till och med kolla in dina matchningars profiler.<\/p>\n<p>Du kan ocks\u00e5 anv\u00e4nda ditt Facebook-konto f\u00f6r att automatiskt fylla i din profilinformation, till exempel din \u00e5lder, k\u00f6n, plats, relationsstatus, utbildning, arbetshistorik, intressen, religion, politiska \u00e5sikter och favorit-tv-program.<\/p>\n<h2>POF &#8211; Inga annonser f\u00f6r iOS eller Android!<\/h2>\n<p>Den gratis online-datingsidan Plenty Of Fish \u00e4r ett av de mest popul\u00e4ra alternativen d\u00e4r ute, s\u00e4rskilt bland \u00e5rtusenden. Men medan m\u00e5nga m\u00e4nniskor registrerar sig varje dag, stannar m\u00e5nga inte kvar tillr\u00e4ckligt l\u00e4nge f\u00f6r att hitta k\u00e4rleken. Faktum \u00e4r att enligt de senaste uppgifterna fr\u00e5n Statista \u00e4r drygt h\u00e4lften av POF-medlemmarna aktiva varje m\u00e5nad.<\/p>\n<p>Medan gratisversionen l\u00e5ter dig visa profiler och skicka meddelanden m\u00e5ste du betala f\u00f6r att g\u00f6ra mycket annat. Om du vill tj\u00e4na lite extra pengar via sidojobbet erbjuder Plenty of Fish dock flera s\u00e4tt att tj\u00e4na pengar genom att s\u00e4lja premiumabonnemang. Du kan till exempel s\u00e4lja en m\u00e5nadsprenumeration f\u00f6r s\u00e5 l\u00e5gt som $ 10 per m\u00e5nad, eller s\u00e5 kan du k\u00f6pa ett \u00e5rligt paket f\u00f6r $ 99. Du f\u00e5r ocks\u00e5 rabatter f\u00f6r flera k\u00f6p.<\/p>\n<h1>Vad ska du nu g\u00f6ra?<\/h1>\n<p>Om du letar efter k\u00e4rlek online har du f\u00f6rmodligen h\u00f6rt att betala f\u00f6r en dejtingsajt kan g\u00f6ra det l\u00e4ttare att hitta n\u00e5gon kompatibel. Men hur mycket kostar det? Och vad f\u00e5r du f\u00f6r pengarna? Vi bad v\u00e5ra l\u00e4sare att v\u00e4ga in om det \u00e4r v\u00e4rt att betala f\u00f6r en dejtingapp eller webbplats. H\u00e4r \u00e4r vad de hade att s\u00e4ga.<\/p>\n<p>Online dating ska vara precis som vanlig dejting- f\u00f6rutom utan besv\u00e4rligheten att beh\u00f6va prata med riktiga m\u00e4nniskor ansikte mot ansikte. Och enligt en ny unders\u00f6kning tror de flesta att det \u00e4r sant. Faktum \u00e4r att en av fyra amerikaner s\u00e4ger att de \u00e4r villiga att tr\u00e4ffa n\u00e5gon de tr\u00e4ffat online.<\/p>\n","protected":false},"excerpt":{"rendered":"<p>N\u00e4tdejtingsajter \u00e4r h\u00e4r f\u00f6r att stanna. De \u00e4r en del av v\u00e5r vardag nu, vare sig vi vill det eller inte. Och \u00e4ven om det &hellip; <\/p>\n","protected":false},"author":1,"featured_media":0,"parent":0,"menu_order":0,"comment_status":"closed","ping_status":"closed","template":"","meta":[],"yoast_head":"<!-- This site is optimized with the Yoast SEO plugin v17.7.1 - https:\/\/yoast.com\/wordpress\/plugins\/seo\/ -->\n<title>V\u00e5r guide till online dating: Vilka appar att prova f\u00f6rst - Loud Hookup Blog<\/title>\n<meta name=\"description\" content=\"META Beskrivning\" \/>\n<meta name=\"robots\" content=\"index, follow, max-snippet:-1, max-image-preview:large, max-video-preview:-1\" \/>\n<link rel=\"canonical\" href=\"https:\/\/loudgrandma.com\/sv\/\" \/>\n<meta property=\"og:locale\" content=\"sv_SE\" \/>\n<meta property=\"og:type\" content=\"article\" \/>\n<meta property=\"og:title\" content=\"V\u00e5r guide till online dating: Vilka appar att prova f\u00f6rst - Loud Hookup Blog\" \/>\n<meta property=\"og:description\" content=\"META Beskrivning\" \/>\n<meta property=\"og:url\" content=\"https:\/\/loudgrandma.com\/sv\/\" \/>\n<meta property=\"og:site_name\" content=\"Loud Hookup Blog\" \/>\n<meta property=\"og:image\" content=\"http:\/\/loudgrandma.com\/wp-content\/uploads\/2022\/08\/dating-sea-1024x683.jpeg\" \/>\n<meta name=\"twitter:card\" content=\"summary_large_image\" \/>\n<meta name=\"twitter:label1\" content=\"Ber\u00e4knad l\u00e4stid\" \/>\n\t<meta name=\"twitter:data1\" content=\"8 minuter\" \/>\n<script type=\"application\/ld+json\" class=\"yoast-schema-graph\">{\"@context\":\"https:\/\/schema.org\",\"@graph\":[{\"@type\":\"WebSite\",\"@id\":\"https:\/\/loudgrandma.com\/#website\",\"url\":\"https:\/\/loudgrandma.com\/\",\"name\":\"Loud Hookup Blog\",\"description\":\"Finding Dates & More\",\"potentialAction\":[{\"@type\":\"SearchAction\",\"target\":{\"@type\":\"EntryPoint\",\"urlTemplate\":\"https:\/\/loudgrandma.com\/?s={search_term_string}\"},\"query-input\":\"required name=search_term_string\"}],\"inLanguage\":\"sv-SE\"},{\"@type\":\"ImageObject\",\"@id\":\"https:\/\/loudgrandma.com\/sv\/#primaryimage\",\"inLanguage\":\"sv-SE\",\"url\":\"http:\/\/loudgrandma.com\/wp-content\/uploads\/2022\/08\/dating-sea-1024x683.jpeg\",\"contentUrl\":\"http:\/\/loudgrandma.com\/wp-content\/uploads\/2022\/08\/dating-sea-1024x683.jpeg\"},{\"@type\":\"WebPage\",\"@id\":\"https:\/\/loudgrandma.com\/sv\/#webpage\",\"url\":\"https:\/\/loudgrandma.com\/sv\/\",\"name\":\"V\\u00e5r guide till online dating: Vilka appar att prova f\\u00f6rst - Loud Hookup Blog\",\"isPartOf\":{\"@id\":\"https:\/\/loudgrandma.com\/#website\"},\"primaryImageOfPage\":{\"@id\":\"https:\/\/loudgrandma.com\/sv\/#primaryimage\"},\"datePublished\":\"2022-08-29T10:51:01+00:00\",\"dateModified\":\"2022-08-29T10:51:01+00:00\",\"description\":\"META Beskrivning\",\"breadcrumb\":{\"@id\":\"https:\/\/loudgrandma.com\/sv\/#breadcrumb\"},\"inLanguage\":\"sv-SE\",\"potentialAction\":[{\"@type\":\"ReadAction\",\"target\":[\"https:\/\/loudgrandma.com\/sv\/\"]}]},{\"@type\":\"BreadcrumbList\",\"@id\":\"https:\/\/loudgrandma.com\/sv\/#breadcrumb\",\"itemListElement\":[{\"@type\":\"ListItem\",\"position\":1,\"name\":\"Home\",\"item\":\"http:\/\/loudgrandma.com\/sv\/\"},{\"@type\":\"ListItem\",\"position\":2,\"name\":\"V\\u00e5r guide till online dating: Vilka appar att prova f\\u00f6rst\"}]}]}<\/script>\n<!-- \/ Yoast SEO plugin. -->","yoast_head_json":{"title":"V\u00e5r guide till online dating: Vilka appar att prova f\u00f6rst - Loud Hookup Blog","description":"META Beskrivning","robots":{"index":"index","follow":"follow","max-snippet":"max-snippet:-1","max-image-preview":"max-image-preview:large","max-video-preview":"max-video-preview:-1"},"canonical":"https:\/\/loudgrandma.com\/sv\/","og_locale":"sv_SE","og_type":"article","og_title":"V\u00e5r guide till online dating: Vilka appar att prova f\u00f6rst - Loud Hookup Blog","og_description":"META Beskrivning","og_url":"https:\/\/loudgrandma.com\/sv\/","og_site_name":"Loud Hookup Blog","og_image":[{"url":"http:\/\/loudgrandma.com\/wp-content\/uploads\/2022\/08\/dating-sea-1024x683.jpeg"}],"twitter_card":"summary_large_image","twitter_misc":{"Ber\u00e4knad l\u00e4stid":"8 minuter"},"schema":{"@context":"https:\/\/schema.org","@graph":[{"@type":"WebSite","@id":"https:\/\/loudgrandma.com\/#website","url":"https:\/\/loudgrandma.com\/","name":"Loud Hookup Blog","description":"Finding Dates & More","potentialAction":[{"@type":"SearchAction","target":{"@type":"EntryPoint","urlTemplate":"https:\/\/loudgrandma.com\/?s={search_term_string}"},"query-input":"required name=search_term_string"}],"inLanguage":"sv-SE"},{"@type":"ImageObject","@id":"https:\/\/loudgrandma.com\/sv\/#primaryimage","inLanguage":"sv-SE","url":"http:\/\/loudgrandma.com\/wp-content\/uploads\/2022\/08\/dating-sea-1024x683.jpeg","contentUrl":"http:\/\/loudgrandma.com\/wp-content\/uploads\/2022\/08\/dating-sea-1024x683.jpeg"},{"@type":"WebPage","@id":"https:\/\/loudgrandma.com\/sv\/#webpage","url":"https:\/\/loudgrandma.com\/sv\/","name":"V\u00e5r guide till online dating: Vilka appar att prova f\u00f6rst - Loud Hookup Blog","isPartOf":{"@id":"https:\/\/loudgrandma.com\/#website"},"primaryImageOfPage":{"@id":"https:\/\/loudgrandma.com\/sv\/#primaryimage"},"datePublished":"2022-08-29T10:51:01+00:00","dateModified":"2022-08-29T10:51:01+00:00","description":"META Beskrivning","breadcrumb":{"@id":"https:\/\/loudgrandma.com\/sv\/#breadcrumb"},"inLanguage":"sv-SE","potentialAction":[{"@type":"ReadAction","target":["https:\/\/loudgrandma.com\/sv\/"]}]},{"@type":"BreadcrumbList","@id":"https:\/\/loudgrandma.com\/sv\/#breadcrumb","itemListElement":[{"@type":"ListItem","position":1,"name":"Home","item":"http:\/\/loudgrandma.com\/sv\/"},{"@type":"ListItem","position":2,"name":"V\u00e5r guide till online dating: Vilka appar att prova f\u00f6rst"}]}]}},"_links":{"self":[{"href":"https:\/\/loudgrandma.com\/sv\/wp-json\/wp\/v2\/pages\/183"}],"collection":[{"href":"https:\/\/loudgrandma.com\/sv\/wp-json\/wp\/v2\/pages"}],"about":[{"href":"https:\/\/loudgrandma.com\/sv\/wp-json\/wp\/v2\/types\/page"}],"author":[{"embeddable":true,"href":"https:\/\/loudgrandma.com\/sv\/wp-json\/wp\/v2\/users\/1"}],"replies":[{"embeddable":true,"href":"https:\/\/loudgrandma.com\/sv\/wp-json\/wp\/v2\/comments?post=183"}],"version-history":[{"count":0,"href":"https:\/\/loudgrandma.com\/sv\/wp-json\/wp\/v2\/pages\/183\/revisions"}],"wp:attachment":[{"href":"https:\/\/loudgrandma.com\/sv\/wp-json\/wp\/v2\/media?parent=183"}],"curies":[{"name":"wp","href":"https:\/\/api.w.org\/{rel}","templated":true}]}}